{"id":137,"date":"2023-01-03T11:32:33","date_gmt":"2023-01-03T10:32:33","guid":{"rendered":"https:\/\/www.hall32.fr\/ecole\/?page_id=137"},"modified":"2026-04-03T10:52:15","modified_gmt":"2026-04-03T08:52:15","slug":"entreprises","status":"publish","type":"page","link":"https:\/\/www.hall32.fr\/ecole\/entreprises\/","title":{"rendered":"Entreprises partenaires"},"content":{"rendered":"<!-- START OF : Composant : block-periscope-theme-section-composant-espace.php -->\n<div class=\"espace \ud83d\ude80 mb-7 mb-lg-14\"><\/div>\n<!-- END OF : Composant : block-periscope-theme-section-composant-espace.php -->\n\n\n<!-- START OF : Composant : block-periscope-theme-section-composant-introduction.php -->\n<div class=\"espace \ud83d\ude80 mb-7 mb-lg-14 introduction\" data-aos=\"fade-up\">\n\t<div class=\"container\">\n\t\t\t\t<h2 class=\"h2 text-center\">Rejoignez-nous<\/h2>\n\t\t\t\t\t\t<p class=\"lead text-center\">Que vous souhaitiez accueillir un alternant, encourager l\u2019\u00e9volution de l\u2019industrie sur notre territoire, ou que vous ayez des besoins de recrutement, les axes de collaborations sont nombreux.<\/p>\n\t\t\t<\/div>\n<\/div>\n<!-- END OF : Composant : block-periscope-theme-section-composant-introduction.php -->\n\n\n<!-- START OF : Composant : block-periscope-theme-section-composant-slider-info-cles.php -->\n<div>\n    <div class=\"slider-infoscles splide text-center text-lg-start\" role=\"group\">\n\t<div class=\"splide__track\">\n\t\t<div class=\"splide__list\">\n\t\t\t\t\t\t<div class=\"splide__slide py-7 py-lg-0 bg-info text-white\">\n\t\t\t\t<div class=\"container h-100\">\n\t\t\t\t\t<div class=\"row align-items-center h-100\">\n\t\t\t\t\t\t\t\t\t\t\t\t<div class=\"col-lg-5 offset-lg-1\">\n                            <div class=\"h1 text-white slider-infoscles__title text-center\">Adapt\u00e9es \u00e0 vos besoins<\/div>\n                        <\/div>\n\t\t\t\t\t\t\t\t\t\t\t\t\t\t\t\t\t\t<div class=\"col-lg-6 slider-infoscles__text\">Former des talents aux m\u00e9tiers de l\u2019industrie pour r\u00e9pondre aux besoins des industriels, telle est la vocation de Hall 32 depuis 2019. Les entreprises sont ainsi pr\u00e9cieuses pour nos apprenant(e)s car elles leur permettent d\u2019\u00eatre au plus proche des besoins et des comp\u00e9tences \u00e0 d\u00e9velopper pour demain. Pouvoir se former \u00e0 leurs c\u00f4t\u00e9s, en prise direct avec tous les aspects op\u00e9rationnels du\/des m\u00e9tiers est donc au c\u0153ur de notre enseignement : l\u2019apprentissage par le Faire.\r\n<\/div>\n\t\t\t\t\t\t\t\t\t\t\t<\/div>\n\t\t\t\t<\/div>\n\t\t\t<\/div>\n\t\t\t\t\t\t<div class=\"splide__slide py-7 py-lg-0 bg-warning text-dark\">\n\t\t\t\t<div class=\"container h-100\">\n\t\t\t\t\t<div class=\"row align-items-center h-100\">\n\t\t\t\t\t\t\t\t\t\t\t\t<div class=\"col-lg-5 offset-lg-1\">\n                            <div class=\"h1 text-dark slider-infoscles__title text-center\">Ancr\u00e9es dans votre r\u00e9alit\u00e9<\/div>\n                        <\/div>\n\t\t\t\t\t\t\t\t\t\t\t\t\t\t\t\t\t\t<div class=\"col-lg-6 slider-infoscles__text\">Hall 32 a pour ambition de proposer une meilleure ad\u00e9quation entre les offres de formation et les besoins des entreprises industrielles. Enti\u00e8rement personnalis\u00e9, chaque parcours permet de r\u00e9pondre aux attentes d\u2019une certification retenue, aux attentes des entreprises d\u2019accueil et \u00e0 celles de l\u2019apprenant en formation.\r\n<\/div>\n\t\t\t\t\t\t\t\t\t\t\t<\/div>\n\t\t\t\t<\/div>\n\t\t\t<\/div>\n\t\t\t\t\t\t<div class=\"splide__slide py-7 py-lg-0 bg-info text-white\">\n\t\t\t\t<div class=\"container h-100\">\n\t\t\t\t\t<div class=\"row align-items-center h-100\">\n\t\t\t\t\t\t\t\t\t\t\t\t<div class=\"col-lg-5 offset-lg-1\">\n                            <div class=\"h1 text-white slider-infoscles__title text-center\">Valoriser vos m\u00e9tiers<\/div>\n                        <\/div>\n\t\t\t\t\t\t\t\t\t\t\t\t\t\t\t\t\t\t<div class=\"col-lg-6 slider-infoscles__text\">Hall 32 est le lieu vitrine des m\u00e9tiers de l\u2019industrie. Vous pouvez organiser avec nous tout \u00e9v\u00e9nement destin\u00e9 \u00e0 la d\u00e9couverte de vos m\u00e9tiers, ou actions de recrutement \u00e0 destination de nos \u00e9tudiants. Retours d\u2019exp\u00e9rience, sessions de jobs datings, rencontres th\u00e9matiques, workshops techniques ou conf\u00e9rences, les occasions sont nombreuses pour identifier de futurs collaborateurs et d\u00e9velopper votre marque employeur.\r\n<\/div>\n\t\t\t\t\t\t\t\t\t\t\t<\/div>\n\t\t\t\t<\/div>\n\t\t\t<\/div>\n\t\t\t\t\t<\/div>\n\t<\/div>\n<\/div>\n\n<\/div>\n<!-- END OF : Composant : block-periscope-theme-section-composant-slider-info-cles.php -->\n\n\n<!-- START OF : Composant : block-periscope-theme-section-composant-lanceur-2-col-slider.php -->\n<div class=\"espace \ud83d\ude80 bg-slider-two-columns pt-7 pb-3 pt-lg-14 pb-lg-14\">\n    <div class=\"d-flex justify-content-center align-items-center mb-lg-12\">\n    \t\t<h2 class=\"h2 text-center\">\u00catre partenaire de Hall 32, c\u2019est quoi ?<\/h2>\n\t\t        <\/div>\n    \t<div class=\"slider-two-columns splide position-relative mx-2 mx-lg-0\" role=\"group\">\n\t<div class=\"splide__track\">\n\t\t<div class=\"splide__list\">\n\t\t\t\t\t\t<div class=\"splide__slide mb-4 mb-lg-0\">\n\t\t\t\t<div class=\"card-metier position-relative d-flex card-metier--large card-metier--info\">\n\t\t<div class=\"card-metier__img position-absolute w-100 h-100\">\n\t\t<img decoding=\"async\" class=\"w-100 h-100 of-cover op-center\" src=\"https:\/\/www.hall32.fr\/ecole\/wp-content\/uploads\/sites\/2\/2025\/10\/5L3A9994.jpg\" alt=\"Apprenants en maintenance sur le plateau technique de hall 32\"\n\t\t\tloading=\"lazy\" \/>\n\t<\/div>\n\t\t<div class=\"card-metier__body position-relative mt-auto mt-lg-0 pt-lg-12 pb-4 pb-lg-5 d-lg-flex flex-column align-items-start\">\n\t\t\t\t<div class=\"mb-auto\">\n\t\t\t<div class=\"h3\">Recruter des talents<\/div>\n\t\t<\/div>\n\t\t\t\t\t\t<p class=\"text-white my-3\">Peu importe vos besoins nous vous proposons des solutions adapt\u00e9es pour trouver votre futur collaborateur et collaboratrice.<\/p>\n\t\t\t\t\t\t<a \thref=\"\/ecole\/nous-contacter\/demande-de-partenariat-entreprise\/\"\n\t\t\ttarget=\"\" \n\t\t\tclass=\"btn btn-light\"\n\t\t\tdata-gtm =\"\"\n\t\t\tdata-name=\"\">\n\t\t\tJe cherche un talent\t\t<\/a>\n\t\t\t<\/div>\n<\/div>\n\t\t\t<\/div>\n\t\t\t\t\t\t<div class=\"splide__slide mb-4 mb-lg-0\">\n\t\t\t\t<div class=\"card-metier position-relative d-flex card-metier--large card-metier--danger\">\n\t\t<div class=\"card-metier__img position-absolute w-100 h-100\">\n\t\t<img decoding=\"async\" class=\"w-100 h-100 of-cover op-center\" src=\"https:\/\/www.hall32.fr\/ecole\/wp-content\/uploads\/sites\/2\/2025\/10\/5N5A2839.jpg\" alt=\"Apprenants en bts \u00e0 hall 32 avec un formateur en maintenance\"\n\t\t\tloading=\"lazy\" \/>\n\t<\/div>\n\t\t<div class=\"card-metier__body position-relative mt-auto mt-lg-0 pt-lg-12 pb-4 pb-lg-5 d-lg-flex flex-column align-items-start\">\n\t\t\t\t<div class=\"mb-auto\">\n\t\t\t<div class=\"h3\">Valoriser vos m\u00e9tiers<\/div>\n\t\t<\/div>\n\t\t\t\t\t\t<p class=\"text-white my-3\">Conf\u00e9rences m\u00e9tiers, jobs dating, visite ou mentoring, nous co-organisons des \u00e9v\u00e9nements.<\/p>\n\t\t\t\t\t\t<a \thref=\"\/ecole\/entreprises\/devenir-partenaire\/\"\n\t\t\ttarget=\"\" \n\t\t\tclass=\"btn btn-light\"\n\t\t\tdata-gtm =\"\"\n\t\t\tdata-name=\"\">\n\t\t\tJe d\u00e9couvre les opportunit\u00e9s\t\t<\/a>\n\t\t\t<\/div>\n<\/div>\n\t\t\t<\/div>\n\t\t\t\t\t\t<div class=\"splide__slide mb-4 mb-lg-0\">\n\t\t\t\t<div class=\"card-metier position-relative d-flex card-metier--large card-metier--success\">\n\t\t<div class=\"card-metier__img position-absolute w-100 h-100\">\n\t\t<img decoding=\"async\" class=\"w-100 h-100 of-cover op-center\" src=\"https:\/\/www.hall32.fr\/ecole\/wp-content\/uploads\/sites\/2\/2025\/10\/5L3A9986.jpg\" alt=\"Apprenants en bac pro \u00e0 hall 32 avec un formateur en m\u00e9canique\"\n\t\t\tloading=\"lazy\" \/>\n\t<\/div>\n\t\t<div class=\"card-metier__body position-relative mt-auto mt-lg-0 pt-lg-12 pb-4 pb-lg-5 d-lg-flex flex-column align-items-start\">\n\t\t\t\t<div class=\"mb-auto\">\n\t\t\t<div class=\"h3\">Transmettre vos comp\u00e9tences<\/div>\n\t\t<\/div>\n\t\t\t\t\t\t<p class=\"text-white my-3\">Qu\u2019il s\u2019agisse d\u2019un projet d\u2019\u00e9tudes ou de cas pratiques, vous pouvez participer \u00e0 l\u2019\u00e9volution des programmes p\u00e9dagogiques.<\/p>\n\t\t\t\t\t\t<a \thref=\"https:\/\/www.hall32.fr\/ecole\/mecenat-et-dons\/\"\n\t\t\ttarget=\"\" \n\t\t\tclass=\"btn btn-light\"\n\t\t\tdata-gtm =\"\"\n\t\t\tdata-name=\"\">\n\t\t\tJe deviens m\u00e9c\u00e8ne\t\t<\/a>\n\t\t\t<\/div>\n<\/div>\n\t\t\t<\/div>\n\t\t\t\t\t\t<div class=\"splide__slide mb-4 mb-lg-0\">\n\t\t\t\t<div class=\"card-metier position-relative d-flex card-metier--large card-metier--info\">\n\t\t<div class=\"card-metier__img position-absolute w-100 h-100\">\n\t\t<img decoding=\"async\" class=\"w-100 h-100 of-cover op-center\" src=\"https:\/\/www.hall32.fr\/ecole\/wp-content\/uploads\/sites\/2\/2025\/10\/5L3A0107.jpg\" alt=\"Apprenants en bac pro \u00e0 hall 32 avec un formateur en pilotage de ligne\"\n\t\t\tloading=\"lazy\" \/>\n\t<\/div>\n\t\t<div class=\"card-metier__body position-relative mt-auto mt-lg-0 pt-lg-12 pb-4 pb-lg-5 d-lg-flex flex-column align-items-start\">\n\t\t\t\t<div class=\"mb-auto\">\n\t\t\t<div class=\"h3\">Devenir formateur<\/div>\n\t\t<\/div>\n\t\t\t\t\t\t<p class=\"text-white my-3\">Partageons notre passion de la transmission aupr\u00e8s de nos apprenants. <\/p>\n\t\t\t\t\t\t<a \thref=\"\/ecole\/recrutement\/\"\n\t\t\ttarget=\"\" \n\t\t\tclass=\"btn btn-light\"\n\t\t\tdata-gtm =\"\"\n\t\t\tdata-name=\"\">\n\t\t\tNous rejoindre\t\t<\/a>\n\t\t\t<\/div>\n<\/div>\n\t\t\t<\/div>\n\t\t\t\t\t<\/div>\n\t<\/div>\n\t<div class=\"splide__arrows splide__arrows--ltr d-none d-lg-block\">\n\t\t<button class=\"btn p-0 rounded-circle splide__arrow splide__arrow--prev\" type=\"button\" aria-label=\"Aller \u00e0 la diapositive pr\u00e9c\u00e9dente\" aria-controls=\"splide01-track\">\n\t\t\t<svg xmlns=\"http:\/\/www.w3.org\/2000\/svg\" width=\"54.579\" height=\"38.838\" viewBox=\"0 0 54.579 38.838\">\n\t\t\t\t<g transform=\"translate(54.579 37.419) rotate(180)\">\n\t\t\t\t\t<path d=\"M7.5,18H60.08\" transform=\"translate(-7.5 0)\" fill=\"none\" stroke=\"#1c1c1c\" stroke-linejoin=\"round\" stroke-width=\"4\"><\/path>\n\t\t\t\t\t<path d=\"M18,7.5l18.116,18L18,43.5\" transform=\"translate(16.463 -7.5)\" fill=\"none\" stroke=\"#1c1c1c\" stroke-linejoin=\"round\" stroke-width=\"4\"><\/path>\n\t\t\t\t<\/g>\n\t\t\t<\/svg>\n\t\t<\/button>\n\t\t<button class=\"btn p-0 rounded-circle splide__arrow splide__arrow--next\" type=\"button\" aria-label=\"Aller \u00e0 la diapositive suivante\" aria-controls=\"splide01-track\">\n\t\t\t<svg xmlns=\"http:\/\/www.w3.org\/2000\/svg\" width=\"54.579\" height=\"38.838\" viewBox=\"0 0 54.579 38.838\">\n\t\t\t\t<g transform=\"translate(0 1.419)\">\n\t\t\t\t\t<path d=\"M7.5,18H60.08\" transform=\"translate(-7.5 0)\" fill=\"none\" stroke=\"#1c1c1c\" stroke-linejoin=\"round\" stroke-width=\"4\"><\/path>\n\t\t\t\t\t<path d=\"M18,7.5l18.116,18L18,43.5\" transform=\"translate(16.463 -7.5)\" fill=\"none\" stroke=\"#1c1c1c\" stroke-linejoin=\"round\" stroke-width=\"4\"><\/path>\n\t\t\t\t<\/g>\n\t\t\t<\/svg>\n\t\t<\/button>\n\t<\/div>\n<\/div>\n<\/div>\n<!-- END OF : Composant : block-periscope-theme-section-composant-lanceur-2-col-slider.php -->\n\n\n<!-- START OF : Composant : block-periscope-theme-section-composant-chiffres.php -->\n\t\n<div class=\"bg-section-chiffres-cles bg-white\" data-aos=\"fade-in\">\n\t<div class=\"container\">\n\t\t<div class=\"chiffres-cles text-center pt-7 pb-3 pt-lg-14 pb-lg-14\">\n\t\t\t<div class=\"row\">\n\t\t\t\t\t\t\t\t<div class=\"col-lg-4 mb-4 mb-lg-0\">\n\t\t\t\t\t\t\t\t\t\t<div class=\"h1 lh-1 mb-1\">\n\t\t\t\t\t\t<span class=\"value\" data-akhi=\"80\">0<\/span>\n\t\t\t\t\t\t\t\t\t\t\t\t<\/div>\n\t\t\t\t\t\t\t\t\t\t<p class=\"fs-18 fs-lg-20\">entreprises accompagnent nos apprenants<\/p>\n\t\t\t\t<\/div>\n\t\t\t\t\t\t\t\t<div class=\"col-lg-4 mb-4 mb-lg-0\">\n\t\t\t\t\t\t\t\t\t\t<div class=\"h1 lh-1 mb-1\">\n\t\t\t\t\t\t<span class=\"value\" data-akhi=\"214\">0<\/span>\n\t\t\t\t\t\t\t\t\t\t\t\t<\/div>\n\t\t\t\t\t\t\t\t\t\t<p class=\"fs-18 fs-lg-20\">apprenants, filles et gar\u00e7ons, se forment cette ann\u00e9e<\/p>\n\t\t\t\t<\/div>\n\t\t\t\t\t\t\t\t<div class=\"col-lg-4 mb-4 mb-lg-0\">\n\t\t\t\t\t\t\t\t\t\t<div class=\"h1 lh-1 mb-1\">\n\t\t\t\t\t\t<span class=\"value\" data-akhi=\"93\">0<\/span>\n\t\t\t\t\t\t\t%\t\t\t\t\t<\/div>\n\t\t\t\t\t\t\t\t\t\t<p class=\"fs-18 fs-lg-20\">de r\u00e9ussite aux examens<\/p>\n\t\t\t\t<\/div>\n\t\t\t\t\t\t\t<\/div>\n\t\t<\/div>\n\t<\/div>\n<\/div>\n\n\t\n<!-- END OF : Composant : block-periscope-theme-section-composant-chiffres.php -->\n\n\n<!-- START OF : Composant : block-periscope-theme-section-composant-bloc-cta.php -->\n<div class=\"overflow-hidden\">\n\t\t<div class=\"row g-0 flex-row-reverse\">\n\t\t\t\t<div class=\"col-sm-6\">\n\t\t\t<div class=\"carre-img h-100\">\n\t<picture>\n\t\t<img decoding=\"async\" src=\"https:\/\/www.hall32.fr\/ecole\/wp-content\/uploads\/sites\/2\/2025\/10\/5L3A0008.jpg\" alt=\"Apprenants en usinage sur le plateau technique de hall 32\" width=\"443\" height=\"443\" alt=\"\" class=\"w-100 h-100 of-cover op-center\" loading=\"lazy\" \/>\n\t<\/picture>\n<\/div>\n\t\t<\/div>\n\t\t<div class=\"col-sm-6\">\n\t\t\t<div class=\"carre h-100 px-2 py-7 p-md-7 p-lg-14 h-100 text-start d-flex flex-column align-items-start justify-content-center bg-primary\">\n\t<div data-aos=\"fade-left\">\n\t\t<h3 class=\"h2\">Vous \u00eates une entreprise et vous avez des questions ?<\/h3>\n\t\t<p class=\"fs-18 fs-lg-20\">Depuis la cr\u00e9ation de Hall 32, nous sommes au plus proche des entreprises. Nous impliquons les entreprises du choix des formations \u00e0 la vie \u00e9tudiante. Retrouvez toutes r\u00e9ponses les plus fr\u00e9quemment pos\u00e9es sur Hall 32 et les entreprises.<br \/>\r\n<\/p>\n\t\t\t\t<a href=\"https:\/\/www.hall32.fr\/ecole\/toutes-nos-faqs\/\" title=\"Voir la FAQ\" target=\"\" class=\"btn btn-dark\" data-gtm=\"\" data-name=\"\">Voir la FAQ<\/a>\n\t\t\t<\/div>\n<\/div>\n\t\t<\/div>\n\t\t\t\t<\/div>\n<\/div>\n<!-- END OF : Composant : block-periscope-theme-section-composant-bloc-cta.php -->\n\n\n<!-- START OF : Composant : block-periscope-theme-section-composant-bannieres-auto.php -->\n<div class=\"espace \ud83d\ude80 bg-defilement-auto py-5 py-lg-14\">\n\t<div class=\"\">\n\t\t<div class=\"HLN-2 defilement-auto overflow-hidden fw-bold text-uppercase position-relative w-100 d-flex flex-row\" style=\"--pause-on-hover: paused; --pause-on-click: paused;\">\n\t\t\t<div class=\"defilement-auto__links d-flex flex-row align-items-center\" style=\"--play:running; --direction:normal; --duration:20s; --delay:0s; --iteration-count:infinite;\">\n\t\t\t\t\t\t\t\t<span class=\"defilement-auto__dot ps-2 ps-lg-11\">.<\/span>\t\n\t\t\t\t<a href=\"\/ecole\/formations\/\" target=\"\" class=\"defilement-auto__item d-flex text-dark ps-2 ps-lg-11 text-decoration-none text-decoration-hover-underline\">Formations<\/a>\n\t\t\t\t\t\t\t\t<span class=\"defilement-auto__dot ps-2 ps-lg-11\">.<\/span>\t\n\t\t\t\t<a href=\"\/ecole\/formations\/nos-bac-pro\/\" target=\"\" class=\"defilement-auto__item d-flex text-dark ps-2 ps-lg-11 text-decoration-none text-decoration-hover-underline\">Bac Pro<\/a>\n\t\t\t\t\t\t\t\t<span class=\"defilement-auto__dot ps-2 ps-lg-11\">.<\/span>\t\n\t\t\t\t<a href=\"\/ecole\/formations\/nos-bts\/\" target=\"\" class=\"defilement-auto__item d-flex text-dark ps-2 ps-lg-11 text-decoration-none text-decoration-hover-underline\">BTS<\/a>\n\t\t\t\t\t\t\t\t<span class=\"defilement-auto__dot ps-2 ps-lg-11\">.<\/span>\t\n\t\t\t\t<a href=\"\/ecole\/formations\/etudier-en-alternance\/\" target=\"\" class=\"defilement-auto__item d-flex text-dark ps-2 ps-lg-11 text-decoration-none text-decoration-hover-underline\">Alternance<\/a>\n\t\t\t\t\t\t\t\t<span class=\"defilement-auto__dot ps-2 ps-lg-11\">.<\/span>\t\n\t\t\t\t<a href=\"\/ecole\/a-propos\/\" target=\"\" class=\"defilement-auto__item d-flex text-dark ps-2 ps-lg-11 text-decoration-none text-decoration-hover-underline\">Industrie<\/a>\n\t\t\t\t            <\/div>\n\t\t\t<div class=\"defilement-auto__links d-flex flex-row align-items-center\" style=\"--play:running; --direction:normal; --duration:20s; --delay:0s; --iteration-count:infinite;\">\n\t\t\t\t\t\t\t\t<span class=\"defilement-auto__dot ps-2 ps-lg-11\">.<\/span>\t\n\t\t\t\t<a href=\"\/ecole\/formations\/\" target=\"\" class=\"defilement-auto__item d-flex text-dark ps-2 ps-lg-11 text-decoration-none text-decoration-hover-underline\">Formations<\/a>\n\t\t\t\t\t\t\t\t<span class=\"defilement-auto__dot ps-2 ps-lg-11\">.<\/span>\t\n\t\t\t\t<a href=\"\/ecole\/formations\/nos-bac-pro\/\" target=\"\" class=\"defilement-auto__item d-flex text-dark ps-2 ps-lg-11 text-decoration-none text-decoration-hover-underline\">Bac Pro<\/a>\n\t\t\t\t\t\t\t\t<span class=\"defilement-auto__dot ps-2 ps-lg-11\">.<\/span>\t\n\t\t\t\t<a href=\"\/ecole\/formations\/nos-bts\/\" target=\"\" class=\"defilement-auto__item d-flex text-dark ps-2 ps-lg-11 text-decoration-none text-decoration-hover-underline\">BTS<\/a>\n\t\t\t\t\t\t\t\t<span class=\"defilement-auto__dot ps-2 ps-lg-11\">.<\/span>\t\n\t\t\t\t<a href=\"\/ecole\/formations\/etudier-en-alternance\/\" target=\"\" class=\"defilement-auto__item d-flex text-dark ps-2 ps-lg-11 text-decoration-none text-decoration-hover-underline\">Alternance<\/a>\n\t\t\t\t\t\t\t\t<span class=\"defilement-auto__dot ps-2 ps-lg-11\">.<\/span>\t\n\t\t\t\t<a href=\"\/ecole\/a-propos\/\" target=\"\" class=\"defilement-auto__item d-flex text-dark ps-2 ps-lg-11 text-decoration-none text-decoration-hover-underline\">Industrie<\/a>\n\t\t\t\t\t\t\t<\/div>\n\t\t<\/div>\n\t<\/div>\n<\/div>\n<!-- END OF : Composant : block-periscope-theme-section-composant-bannieres-auto.php -->\n\n\n<!-- START OF : Composant : block-periscope-theme-section-composant-espace.php -->\n<div class=\"espace \ud83d\ude80 mb-7 mb-lg-14\"><\/div>\n<!-- END OF : Composant : block-periscope-theme-section-composant-espace.php -->\n","protected":false},"excerpt":{"rendered":"<p>R\u00e9pondre aux besoins des industriels par une formation d\u2019excellence <\/p>\n","protected":false},"author":1,"featured_media":4298,"parent":0,"menu_order":0,"comment_status":"closed","ping_status":"closed","template":"template-carrefour-niv1.php","meta":{"_acf_changed":false,"footnotes":""},"class_list":["post-137","page","type-page","status-publish","has-post-thumbnail","hentry"],"acf":[],"yoast_head":"<!-- This site is optimized with the Yoast SEO plugin v25.9 - https:\/\/yoast.com\/wordpress\/plugins\/seo\/ -->\n<title>Entreprises et partenariats avec le centre de formation Hall32<\/title>\n<meta name=\"description\" content=\"Hall32 est une plateforme au service des entreprises et de leurs salari\u00e9s pour acqu\u00e9rir les pratiques et les comp\u00e9tences de l\u2019industrie moderne.\" \/>\n<meta name=\"robots\" content=\"index, follow, max-snippet:-1, max-image-preview:large, max-video-preview:-1\" \/>\n<link rel=\"canonical\" href=\"https:\/\/www.hall32.fr\/ecole\/entreprises\/\" \/>\n<meta property=\"og:locale\" content=\"fr_FR\" \/>\n<meta property=\"og:type\" content=\"article\" \/>\n<meta property=\"og:title\" content=\"Entreprises et partenariats avec le centre de formation Hall32\" \/>\n<meta property=\"og:description\" content=\"Hall32 est une plateforme au service des entreprises et de leurs salari\u00e9s pour acqu\u00e9rir les pratiques et les comp\u00e9tences de l\u2019industrie moderne.\" \/>\n<meta property=\"og:url\" content=\"https:\/\/www.hall32.fr\/ecole\/entreprises\/\" \/>\n<meta property=\"og:site_name\" content=\"Ecole\" \/>\n<meta property=\"article:modified_time\" content=\"2026-04-03T08:52:15+00:00\" \/>\n<meta property=\"og:image\" content=\"https:\/\/www.hall32.fr\/ecole\/wp-content\/uploads\/sites\/2\/2025\/10\/5N5A8656.jpg\" \/>\n\t<meta property=\"og:image:width\" content=\"2048\" \/>\n\t<meta property=\"og:image:height\" content=\"1365\" \/>\n\t<meta property=\"og:image:type\" content=\"image\/jpeg\" \/>\n<meta name=\"twitter:card\" content=\"summary_large_image\" \/>\n<meta name=\"twitter:label1\" content=\"Dur\u00e9e de lecture estim\u00e9e\" \/>\n\t<meta name=\"twitter:data1\" content=\"1 minute\" \/>\n<script type=\"application\/ld+json\" class=\"yoast-schema-graph\">{\"@context\":\"https:\/\/schema.org\",\"@graph\":[{\"@type\":\"WebPage\",\"@id\":\"https:\/\/www.hall32.fr\/ecole\/entreprises\/\",\"url\":\"https:\/\/www.hall32.fr\/ecole\/entreprises\/\",\"name\":\"Entreprises et partenariats avec le centre de formation Hall32\",\"isPartOf\":{\"@id\":\"https:\/\/www.hall32.fr\/ecole\/#website\"},\"primaryImageOfPage\":{\"@id\":\"https:\/\/www.hall32.fr\/ecole\/entreprises\/#primaryimage\"},\"image\":{\"@id\":\"https:\/\/www.hall32.fr\/ecole\/entreprises\/#primaryimage\"},\"thumbnailUrl\":\"https:\/\/www.hall32.fr\/ecole\/wp-content\/uploads\/sites\/2\/2025\/10\/5N5A8656.jpg\",\"datePublished\":\"2023-01-03T10:32:33+00:00\",\"dateModified\":\"2026-04-03T08:52:15+00:00\",\"description\":\"Hall32 est une plateforme au service des entreprises et de leurs salari\u00e9s pour acqu\u00e9rir les pratiques et les comp\u00e9tences de l\u2019industrie moderne.\",\"breadcrumb\":{\"@id\":\"https:\/\/www.hall32.fr\/ecole\/entreprises\/#breadcrumb\"},\"inLanguage\":\"fr-FR\",\"potentialAction\":[{\"@type\":\"ReadAction\",\"target\":[\"https:\/\/www.hall32.fr\/ecole\/entreprises\/\"]}]},{\"@type\":\"ImageObject\",\"inLanguage\":\"fr-FR\",\"@id\":\"https:\/\/www.hall32.fr\/ecole\/entreprises\/#primaryimage\",\"url\":\"https:\/\/www.hall32.fr\/ecole\/wp-content\/uploads\/sites\/2\/2025\/10\/5N5A8656.jpg\",\"contentUrl\":\"https:\/\/www.hall32.fr\/ecole\/wp-content\/uploads\/sites\/2\/2025\/10\/5N5A8656.jpg\",\"width\":2048,\"height\":1365,\"caption\":\"porte ouvertes de hall 32 sur le plateau technique\"},{\"@type\":\"BreadcrumbList\",\"@id\":\"https:\/\/www.hall32.fr\/ecole\/entreprises\/#breadcrumb\",\"itemListElement\":[{\"@type\":\"ListItem\",\"position\":1,\"name\":\"Accueil\",\"item\":\"https:\/\/www.hall32.fr\/ecole\/\"},{\"@type\":\"ListItem\",\"position\":2,\"name\":\"Entreprises partenaires\"}]},{\"@type\":\"WebSite\",\"@id\":\"https:\/\/www.hall32.fr\/ecole\/#website\",\"url\":\"https:\/\/www.hall32.fr\/ecole\/\",\"name\":\"Ecole\",\"description\":\"\",\"potentialAction\":[{\"@type\":\"SearchAction\",\"target\":{\"@type\":\"EntryPoint\",\"urlTemplate\":\"https:\/\/www.hall32.fr\/ecole\/?s={search_term_string}\"},\"query-input\":{\"@type\":\"PropertyValueSpecification\",\"valueRequired\":true,\"valueName\":\"search_term_string\"}}],\"inLanguage\":\"fr-FR\"}]}<\/script>\n<!-- \/ Yoast SEO plugin. -->","yoast_head_json":{"title":"Entreprises et partenariats avec le centre de formation Hall32","description":"Hall32 est une plateforme au service des entreprises et de leurs salari\u00e9s pour acqu\u00e9rir les pratiques et les comp\u00e9tences de l\u2019industrie moderne.","robots":{"index":"index","follow":"follow","max-snippet":"max-snippet:-1","max-image-preview":"max-image-preview:large","max-video-preview":"max-video-preview:-1"},"canonical":"https:\/\/www.hall32.fr\/ecole\/entreprises\/","og_locale":"fr_FR","og_type":"article","og_title":"Entreprises et partenariats avec le centre de formation Hall32","og_description":"Hall32 est une plateforme au service des entreprises et de leurs salari\u00e9s pour acqu\u00e9rir les pratiques et les comp\u00e9tences de l\u2019industrie moderne.","og_url":"https:\/\/www.hall32.fr\/ecole\/entreprises\/","og_site_name":"Ecole","article_modified_time":"2026-04-03T08:52:15+00:00","og_image":[{"width":2048,"height":1365,"url":"https:\/\/www.hall32.fr\/ecole\/wp-content\/uploads\/sites\/2\/2025\/10\/5N5A8656.jpg","type":"image\/jpeg"}],"twitter_card":"summary_large_image","twitter_misc":{"Dur\u00e9e de lecture estim\u00e9e":"1 minute"},"schema":{"@context":"https:\/\/schema.org","@graph":[{"@type":"WebPage","@id":"https:\/\/www.hall32.fr\/ecole\/entreprises\/","url":"https:\/\/www.hall32.fr\/ecole\/entreprises\/","name":"Entreprises et partenariats avec le centre de formation Hall32","isPartOf":{"@id":"https:\/\/www.hall32.fr\/ecole\/#website"},"primaryImageOfPage":{"@id":"https:\/\/www.hall32.fr\/ecole\/entreprises\/#primaryimage"},"image":{"@id":"https:\/\/www.hall32.fr\/ecole\/entreprises\/#primaryimage"},"thumbnailUrl":"https:\/\/www.hall32.fr\/ecole\/wp-content\/uploads\/sites\/2\/2025\/10\/5N5A8656.jpg","datePublished":"2023-01-03T10:32:33+00:00","dateModified":"2026-04-03T08:52:15+00:00","description":"Hall32 est une plateforme au service des entreprises et de leurs salari\u00e9s pour acqu\u00e9rir les pratiques et les comp\u00e9tences de l\u2019industrie moderne.","breadcrumb":{"@id":"https:\/\/www.hall32.fr\/ecole\/entreprises\/#breadcrumb"},"inLanguage":"fr-FR","potentialAction":[{"@type":"ReadAction","target":["https:\/\/www.hall32.fr\/ecole\/entreprises\/"]}]},{"@type":"ImageObject","inLanguage":"fr-FR","@id":"https:\/\/www.hall32.fr\/ecole\/entreprises\/#primaryimage","url":"https:\/\/www.hall32.fr\/ecole\/wp-content\/uploads\/sites\/2\/2025\/10\/5N5A8656.jpg","contentUrl":"https:\/\/www.hall32.fr\/ecole\/wp-content\/uploads\/sites\/2\/2025\/10\/5N5A8656.jpg","width":2048,"height":1365,"caption":"porte ouvertes de hall 32 sur le plateau technique"},{"@type":"BreadcrumbList","@id":"https:\/\/www.hall32.fr\/ecole\/entreprises\/#breadcrumb","itemListElement":[{"@type":"ListItem","position":1,"name":"Accueil","item":"https:\/\/www.hall32.fr\/ecole\/"},{"@type":"ListItem","position":2,"name":"Entreprises partenaires"}]},{"@type":"WebSite","@id":"https:\/\/www.hall32.fr\/ecole\/#website","url":"https:\/\/www.hall32.fr\/ecole\/","name":"Ecole","description":"","potentialAction":[{"@type":"SearchAction","target":{"@type":"EntryPoint","urlTemplate":"https:\/\/www.hall32.fr\/ecole\/?s={search_term_string}"},"query-input":{"@type":"PropertyValueSpecification","valueRequired":true,"valueName":"search_term_string"}}],"inLanguage":"fr-FR"}]}},"_links":{"self":[{"href":"https:\/\/www.hall32.fr\/ecole\/wp-json\/wp\/v2\/pages\/137","targetHints":{"allow":["GET"]}}],"collection":[{"href":"https:\/\/www.hall32.fr\/ecole\/wp-json\/wp\/v2\/pages"}],"about":[{"href":"https:\/\/www.hall32.fr\/ecole\/wp-json\/wp\/v2\/types\/page"}],"author":[{"embeddable":true,"href":"https:\/\/www.hall32.fr\/ecole\/wp-json\/wp\/v2\/users\/1"}],"replies":[{"embeddable":true,"href":"https:\/\/www.hall32.fr\/ecole\/wp-json\/wp\/v2\/comments?post=137"}],"version-history":[{"count":3,"href":"https:\/\/www.hall32.fr\/ecole\/wp-json\/wp\/v2\/pages\/137\/revisions"}],"predecessor-version":[{"id":4432,"href":"https:\/\/www.hall32.fr\/ecole\/wp-json\/wp\/v2\/pages\/137\/revisions\/4432"}],"wp:featuredmedia":[{"embeddable":true,"href":"https:\/\/www.hall32.fr\/ecole\/wp-json\/wp\/v2\/media\/4298"}],"wp:attachment":[{"href":"https:\/\/www.hall32.fr\/ecole\/wp-json\/wp\/v2\/media?parent=137"}],"curies":[{"name":"wp","href":"https:\/\/api.w.org\/{rel}","templated":true}]}}