{"id":144,"date":"2023-01-03T11:32:47","date_gmt":"2023-01-03T10:32:47","guid":{"rendered":"https:\/\/www.hall32.fr\/ecole\/?page_id=144"},"modified":"2025-10-14T10:55:39","modified_gmt":"2025-10-14T08:55:39","slug":"nous-contacter","status":"publish","type":"page","link":"https:\/\/www.hall32.fr\/ecole\/nous-contacter\/","title":{"rendered":"Nous contacter"},"content":{"rendered":"<!-- START OF : Composant : block-periscope-theme-section-composant-contact-liens.php -->\n<div class=\"espace \ud83d\ude80 overflow-hidden\">\n\t<div class=\"row g-0\">\n\t\t<div class=\"col-sm-6\">\n\t\t\t\t\t\t<div class=\"carre-contact px-2 py-7 p-md-7 p-lg-14 h-100 text-start d-flex flex-column align-items-start justify-content-center bg-primary\">\n\t<div data-aos=\"fade-left\">\n\t\t\t\t<h3 class=\"h2\">Un renseignement, une question ?<\/h3>\n\t\t\t\t\t\t<p class=\"fs-18 fs-lg-20\">Nous aurons toujours une r\u00e9ponse \u00e0 apporter \u00e0 votre besoin.<\/p>\n\t\t\t\t<ul class=\"list-reset fw-bold fs-24\">\n\t\t    \t\t\t<li class=\"d-flex mb-4\">\n\t\t\t\t<span class=\"carre-contact__icon\">\n\t\t\t\t\t<svg xmlns=\"http:\/\/www.w3.org\/2000\/svg\" width=\"16.8\" height=\"24\" viewBox=\"0 0 16.8 24\">\n\t\t\t\t\t\t<path id=\"ico-location-on\" d=\"M15.9,3a8.394,8.394,0,0,0-8.4,8.4c0,6.3,8.4,15.6,8.4,15.6s8.4-9.3,8.4-15.6A8.394,8.394,0,0,0,15.9,3Zm0,11.4a3,3,0,1,1,3-3A3,3,0,0,1,15.9,14.4Z\" transform=\"translate(-7.5 -3)\" fill=\"#1c1c1c\"><\/path>\n\t\t\t\t\t<\/svg>\n\t\t\t\t<\/span>\n\t\t\t\t<span>32 Rue du Clos Four, 63100 Clermont-Ferrand<\/span>\n\t\t\t<\/li>\n\t\t    \t\t    \t\t\t<li class=\"d-flex mb-4\">\n\t\t\t\t<span class=\"carre-contact__icon\">\n\t\t\t\t\t<svg xmlns=\"http:\/\/www.w3.org\/2000\/svg\" width=\"21.791\" height=\"24\" viewBox=\"0 0 21.791 24\">\n\t\t\t\t\t\t<path id=\"ico-phonelink-ring\" d=\"M22.745,8.809,21.655,9.9a5,5,0,0,1,0,7.091l1.091,1.091a6.277,6.277,0,0,0,0-9.273ZM20.455,11.1l-1.091,1.091a2.128,2.128,0,0,1,0,2.509l1.091,1.091a3.292,3.292,0,0,0,0-4.691ZM16.091,1.5H5.182A2.188,2.188,0,0,0,3,3.682V23.318A2.188,2.188,0,0,0,5.182,25.5H16.091a2.188,2.188,0,0,0,2.182-2.182V3.682A2.188,2.188,0,0,0,16.091,1.5Zm0,20.727H5.182V4.773H16.091Z\" transform=\"translate(-3 -1.5)\" fill=\"#1c1c1c\"><\/path>\n\t\t\t\t\t<\/svg>\n\t\t\t\t<\/span>\n\t\t\t\t<a href=\"tel:04 15 81 00 30\" class=\"text-decoration-underline\">04 15 81 00 30<\/a>\n\t\t\t<\/li>\n\t\t    \t\t    \t\t\t<li class=\"d-flex\">\n\t\t\t\t<span class=\"carre-contact__icon\">\n\t\t\t\t\t<svg xmlns=\"http:\/\/www.w3.org\/2000\/svg\" width=\"20.8\" height=\"16.343\" viewBox=\"0 0 20.8 16.343\">\n\t\t\t\t\t\t<path id=\"ico-md-mail\" d=\"M21.069,5.625H4.231A1.987,1.987,0,0,0,2.25,7.606V19.987a1.987,1.987,0,0,0,1.981,1.981H21.069a1.987,1.987,0,0,0,1.981-1.981V7.606A1.987,1.987,0,0,0,21.069,5.625Zm-.248,4.21L12.65,15.282,4.479,9.835V7.854L12.65,13.3l8.171-5.448Z\" transform=\"translate(-2.25 -5.625)\" fill=\"#1c1c1c\"><\/path>\n\t\t\t\t\t<\/svg>\n\t\t\t\t<\/span>\n\t\t\t\t<a href=\"mailto:contact@hall32.fr\" class=\"text-decoration-underline\">contact@hall32.fr<\/a>\n\t\t\t<\/li>\n\t\t    \t\t<\/ul>\n\t<\/div>\n<\/div>\n\t\t<\/div>\n\t\t\t\t<div class=\"col-sm-6\">\n\t\t\t\t\t\t<div class=\"carre-list px-2 py-7 p-lg-10 pb-lg-9 h-100\">\n\t<div data-aos=\"fade-right\">\n\t\t\t\t<div class=\"mb-4 fs-lg-20\">\n\t\t\t<a href=\"\/ecole\/nous-contacter\/candidature-hall-32\/\" target=\"\" class=\"faq-item rounded-4 p-3 pe-4 d-flex justify-content-between\">\n    Candidater \u00e0 une formation H32    <svg class=\"flex-shrink-0 position-relative ms-1\" xmlns=\"http:\/\/www.w3.org\/2000\/svg\" width=\"21\" height=\"15.386\" viewBox=\"0 0 21 15.386\">\n        <g transform=\"translate(-1064 -29.307)\">\n            <g transform=\"translate(296 30)\">\n                <g transform=\"translate(769.975)\">\n                    <path id=\"Trac\u00e9_1\" data-name=\"Trac\u00e9 1\" d=\"M7.5,18h20\" transform=\"translate(-9.475 -11)\" fill=\"none\" stroke=\"#1c1c1c\" stroke-linejoin=\"round\" stroke-width=\"2\"><\/path>\n                    <path id=\"Trac\u00e9_2\" data-name=\"Trac\u00e9 2\" d=\"M18,7.5l6.728,7L18,21.5\" transform=\"translate(-6.703 -7.5)\" fill=\"none\" stroke=\"#1c1c1c\" stroke-linejoin=\"round\" stroke-width=\"2\"><\/path>\n                <\/g>\n            <\/g>\n        <\/g>\n    <\/svg>\n<\/a>\t\t<\/div>\n\t\t\t\t<div class=\"mb-4 fs-lg-20\">\n\t\t\t<a href=\"\/ecole\/nous-contacter\/demande-de-stage-de-decouverte-ou-immersion\/\" target=\"\" class=\"faq-item rounded-4 p-3 pe-4 d-flex justify-content-between\">\n    Formuler une demande de stage de d\u00e9couverte ou immersion    <svg class=\"flex-shrink-0 position-relative ms-1\" xmlns=\"http:\/\/www.w3.org\/2000\/svg\" width=\"21\" height=\"15.386\" viewBox=\"0 0 21 15.386\">\n        <g transform=\"translate(-1064 -29.307)\">\n            <g transform=\"translate(296 30)\">\n                <g transform=\"translate(769.975)\">\n                    <path id=\"Trac\u00e9_1\" data-name=\"Trac\u00e9 1\" d=\"M7.5,18h20\" transform=\"translate(-9.475 -11)\" fill=\"none\" stroke=\"#1c1c1c\" stroke-linejoin=\"round\" stroke-width=\"2\"><\/path>\n                    <path id=\"Trac\u00e9_2\" data-name=\"Trac\u00e9 2\" d=\"M18,7.5l6.728,7L18,21.5\" transform=\"translate(-6.703 -7.5)\" fill=\"none\" stroke=\"#1c1c1c\" stroke-linejoin=\"round\" stroke-width=\"2\"><\/path>\n                <\/g>\n            <\/g>\n        <\/g>\n    <\/svg>\n<\/a>\t\t<\/div>\n\t\t\t\t<div class=\"mb-4 fs-lg-20\">\n\t\t\t<a href=\"\/ecole\/nous-contacter\/obtenir-des-informations\/\" target=\"\" class=\"faq-item rounded-4 p-3 pe-4 d-flex justify-content-between\">\n    Obtenir des informations    <svg class=\"flex-shrink-0 position-relative ms-1\" xmlns=\"http:\/\/www.w3.org\/2000\/svg\" width=\"21\" height=\"15.386\" viewBox=\"0 0 21 15.386\">\n        <g transform=\"translate(-1064 -29.307)\">\n            <g transform=\"translate(296 30)\">\n                <g transform=\"translate(769.975)\">\n                    <path id=\"Trac\u00e9_1\" data-name=\"Trac\u00e9 1\" d=\"M7.5,18h20\" transform=\"translate(-9.475 -11)\" fill=\"none\" stroke=\"#1c1c1c\" stroke-linejoin=\"round\" stroke-width=\"2\"><\/path>\n                    <path id=\"Trac\u00e9_2\" data-name=\"Trac\u00e9 2\" d=\"M18,7.5l6.728,7L18,21.5\" transform=\"translate(-6.703 -7.5)\" fill=\"none\" stroke=\"#1c1c1c\" stroke-linejoin=\"round\" stroke-width=\"2\"><\/path>\n                <\/g>\n            <\/g>\n        <\/g>\n    <\/svg>\n<\/a>\t\t<\/div>\n\t\t\t\t<div class=\"mb-4 fs-lg-20\">\n\t\t\t<a href=\"\/ecole\/nous-contacter\/devenir-formateur\/\" target=\"\" class=\"faq-item rounded-4 p-3 pe-4 d-flex justify-content-between\">\n    D\u00e9poser une candidature (formateur)    <svg class=\"flex-shrink-0 position-relative ms-1\" xmlns=\"http:\/\/www.w3.org\/2000\/svg\" width=\"21\" height=\"15.386\" viewBox=\"0 0 21 15.386\">\n        <g transform=\"translate(-1064 -29.307)\">\n            <g transform=\"translate(296 30)\">\n                <g transform=\"translate(769.975)\">\n                    <path id=\"Trac\u00e9_1\" data-name=\"Trac\u00e9 1\" d=\"M7.5,18h20\" transform=\"translate(-9.475 -11)\" fill=\"none\" stroke=\"#1c1c1c\" stroke-linejoin=\"round\" stroke-width=\"2\"><\/path>\n                    <path id=\"Trac\u00e9_2\" data-name=\"Trac\u00e9 2\" d=\"M18,7.5l6.728,7L18,21.5\" transform=\"translate(-6.703 -7.5)\" fill=\"none\" stroke=\"#1c1c1c\" stroke-linejoin=\"round\" stroke-width=\"2\"><\/path>\n                <\/g>\n            <\/g>\n        <\/g>\n    <\/svg>\n<\/a>\t\t<\/div>\n\t\t\t\t<div class=\"mb-4 fs-lg-20\">\n\t\t\t<a href=\"\/ecole\/nous-contacter\/demande-de-partenariat-entreprise\/\" target=\"\" class=\"faq-item rounded-4 p-3 pe-4 d-flex justify-content-between\">\n    Demander un partenariat entreprise    <svg class=\"flex-shrink-0 position-relative ms-1\" xmlns=\"http:\/\/www.w3.org\/2000\/svg\" width=\"21\" height=\"15.386\" viewBox=\"0 0 21 15.386\">\n        <g transform=\"translate(-1064 -29.307)\">\n            <g transform=\"translate(296 30)\">\n                <g transform=\"translate(769.975)\">\n                    <path id=\"Trac\u00e9_1\" data-name=\"Trac\u00e9 1\" d=\"M7.5,18h20\" transform=\"translate(-9.475 -11)\" fill=\"none\" stroke=\"#1c1c1c\" stroke-linejoin=\"round\" stroke-width=\"2\"><\/path>\n                    <path id=\"Trac\u00e9_2\" data-name=\"Trac\u00e9 2\" d=\"M18,7.5l6.728,7L18,21.5\" transform=\"translate(-6.703 -7.5)\" fill=\"none\" stroke=\"#1c1c1c\" stroke-linejoin=\"round\" stroke-width=\"2\"><\/path>\n                <\/g>\n            <\/g>\n        <\/g>\n    <\/svg>\n<\/a>\t\t<\/div>\n\t\t\t\t<div class=\"mb-4 fs-lg-20\">\n\t\t\t<a href=\"\/ecole\/nous-contacter\/demande-de-visite-scolaire\/\" target=\"\" class=\"faq-item rounded-4 p-3 pe-4 d-flex justify-content-between\">\n    Faire une demande de visite scolaire    <svg class=\"flex-shrink-0 position-relative ms-1\" xmlns=\"http:\/\/www.w3.org\/2000\/svg\" width=\"21\" height=\"15.386\" viewBox=\"0 0 21 15.386\">\n        <g transform=\"translate(-1064 -29.307)\">\n            <g transform=\"translate(296 30)\">\n                <g transform=\"translate(769.975)\">\n                    <path id=\"Trac\u00e9_1\" data-name=\"Trac\u00e9 1\" d=\"M7.5,18h20\" transform=\"translate(-9.475 -11)\" fill=\"none\" stroke=\"#1c1c1c\" stroke-linejoin=\"round\" stroke-width=\"2\"><\/path>\n                    <path id=\"Trac\u00e9_2\" data-name=\"Trac\u00e9 2\" d=\"M18,7.5l6.728,7L18,21.5\" transform=\"translate(-6.703 -7.5)\" fill=\"none\" stroke=\"#1c1c1c\" stroke-linejoin=\"round\" stroke-width=\"2\"><\/path>\n                <\/g>\n            <\/g>\n        <\/g>\n    <\/svg>\n<\/a>\t\t<\/div>\n\t\t\t<\/div>\n<\/div>\n\t\t<\/div>\n\t\t\t<\/div>\n<\/div>\n\n<!-- END OF : Composant : block-periscope-theme-section-composant-contact-liens.php -->\n\n\n<!-- START OF : Composant : block-periscope-theme-section-composant-image-map.php -->\n<div class=\"espace \ud83d\ude80 overflow-hidden\">\n\t\t<img decoding=\"async\" src=\"https:\/\/www.hall32.fr\/ecole\/wp-content\/uploads\/sites\/2\/2023\/01\/map-desktop.jpg\" alt=\"\" class=\"d-none d-md-block w-100\" loading=\"lazy\">\n\t\t\t<img decoding=\"async\" src=\"https:\/\/www.hall32.fr\/ecole\/wp-content\/uploads\/sites\/2\/2023\/01\/map.jpg\" alt=\"\" class=\"d-md-none w-100\" loading=\"lazy\">\n\t<\/div>\n<!-- END OF : Composant : block-periscope-theme-section-composant-image-map.php -->\n\n\n<!-- START OF : Composant : block-periscope-theme-section-composant-bloc-cta.php -->\n<div class=\"overflow-hidden\">\n\t\t<div class=\"row g-0 \">\n\t\t\t\t<div class=\"col-sm-6\">\n\t\t\t<div class=\"carre-img h-100\">\n\t<picture>\n\t\t<img decoding=\"async\" src=\"https:\/\/www.hall32.fr\/ecole\/wp-content\/uploads\/sites\/2\/2025\/10\/5L3A9985.jpg\" alt=\"Apprenants en maintenance sur le plateau technique de hall 32\" width=\"443\" height=\"443\" alt=\"\" class=\"w-100 h-100 of-cover op-center\" loading=\"lazy\" \/>\n\t<\/picture>\n<\/div>\n\t\t<\/div>\n\t\t<div class=\"col-sm-6\">\n\t\t\t<div class=\"carre h-100 px-2 py-7 p-md-7 p-lg-14 h-100 text-start d-flex flex-column align-items-start justify-content-center bg-warning\">\n\t<div data-aos=\"fade-left\">\n\t\t<h3 class=\"h2\">Foire Aux Questions<\/h3>\n\t\t<p class=\"fs-18 fs-lg-20\">Tout l&rsquo;essentiel de Hall 32 est dans notre FAQ.<br \/>\r\nBonne lecture !<\/p>\n\t\t\t\t<a href=\"\/ecole\/toutes-nos-faqs\/\" title=\"D\u00e9couvrir\" target=\"\" class=\"btn btn-dark\" data-gtm=\"\" data-name=\"\">D\u00e9couvrir<\/a>\n\t\t\t<\/div>\n<\/div>\n\t\t<\/div>\n\t\t\t\t<\/div>\n<\/div>\n<!-- END OF : Composant : block-periscope-theme-section-composant-bloc-cta.php -->\n\n\n<!-- START OF : Composant : block-periscope-theme-section-composant-espace.php -->\n<div class=\"espace \ud83d\ude80 mb-7 mb-lg-14\"><\/div>\n<!-- END OF : Composant : block-periscope-theme-section-composant-espace.php -->\n","protected":false},"excerpt":{"rendered":"<p>Besoin d&rsquo;informations ? Contactez-nous !<\/p>\n","protected":false},"author":1,"featured_media":1551,"parent":0,"menu_order":0,"comment_status":"closed","ping_status":"closed","template":"template-carrefour-niv1.php","meta":{"_acf_changed":false,"footnotes":""},"class_list":["post-144","page","type-page","status-publish","has-post-thumbnail","hentry"],"acf":[],"yoast_head":"<!-- This site is optimized with the Yoast SEO plugin v25.9 - https:\/\/yoast.com\/wordpress\/plugins\/seo\/ -->\n<title>Contacter Hall32<\/title>\n<meta name=\"description\" content=\"Retrouvez toutes les informations pour contacter Hall32 par t\u00e9l\u00e9phone ou via notre formulaire de contact.\" \/>\n<meta name=\"robots\" content=\"index, follow, max-snippet:-1, max-image-preview:large, max-video-preview:-1\" \/>\n<link rel=\"canonical\" href=\"https:\/\/www.hall32.fr\/ecole\/nous-contacter\/\" \/>\n<meta property=\"og:locale\" content=\"fr_FR\" \/>\n<meta property=\"og:type\" content=\"article\" \/>\n<meta property=\"og:title\" content=\"Contacter Hall32\" \/>\n<meta property=\"og:description\" content=\"Retrouvez toutes les informations pour contacter Hall32 par t\u00e9l\u00e9phone ou via notre formulaire de contact.\" \/>\n<meta property=\"og:url\" content=\"https:\/\/www.hall32.fr\/ecole\/nous-contacter\/\" \/>\n<meta property=\"og:site_name\" content=\"Ecole\" \/>\n<meta property=\"article:modified_time\" content=\"2025-10-14T08:55:39+00:00\" \/>\n<meta property=\"og:image\" content=\"https:\/\/www.hall32.fr\/ecole\/wp-content\/uploads\/sites\/2\/2023\/01\/MicrosoftTeams-image-10.jpg\" \/>\n\t<meta property=\"og:image:width\" content=\"1440\" \/>\n\t<meta property=\"og:image:height\" content=\"639\" \/>\n\t<meta property=\"og:image:type\" content=\"image\/jpeg\" \/>\n<meta name=\"twitter:card\" content=\"summary_large_image\" \/>\n<meta name=\"twitter:label1\" content=\"Dur\u00e9e de lecture estim\u00e9e\" \/>\n\t<meta name=\"twitter:data1\" content=\"1 minute\" \/>\n<script type=\"application\/ld+json\" class=\"yoast-schema-graph\">{\"@context\":\"https:\/\/schema.org\",\"@graph\":[{\"@type\":\"WebPage\",\"@id\":\"https:\/\/www.hall32.fr\/ecole\/nous-contacter\/\",\"url\":\"https:\/\/www.hall32.fr\/ecole\/nous-contacter\/\",\"name\":\"Contacter Hall32\",\"isPartOf\":{\"@id\":\"https:\/\/www.hall32.fr\/ecole\/#website\"},\"primaryImageOfPage\":{\"@id\":\"https:\/\/www.hall32.fr\/ecole\/nous-contacter\/#primaryimage\"},\"image\":{\"@id\":\"https:\/\/www.hall32.fr\/ecole\/nous-contacter\/#primaryimage\"},\"thumbnailUrl\":\"https:\/\/www.hall32.fr\/ecole\/wp-content\/uploads\/sites\/2\/2023\/01\/MicrosoftTeams-image-10.jpg\",\"datePublished\":\"2023-01-03T10:32:47+00:00\",\"dateModified\":\"2025-10-14T08:55:39+00:00\",\"description\":\"Retrouvez toutes les informations pour contacter Hall32 par t\u00e9l\u00e9phone ou via notre formulaire de contact.\",\"breadcrumb\":{\"@id\":\"https:\/\/www.hall32.fr\/ecole\/nous-contacter\/#breadcrumb\"},\"inLanguage\":\"fr-FR\",\"potentialAction\":[{\"@type\":\"ReadAction\",\"target\":[\"https:\/\/www.hall32.fr\/ecole\/nous-contacter\/\"]}]},{\"@type\":\"ImageObject\",\"inLanguage\":\"fr-FR\",\"@id\":\"https:\/\/www.hall32.fr\/ecole\/nous-contacter\/#primaryimage\",\"url\":\"https:\/\/www.hall32.fr\/ecole\/wp-content\/uploads\/sites\/2\/2023\/01\/MicrosoftTeams-image-10.jpg\",\"contentUrl\":\"https:\/\/www.hall32.fr\/ecole\/wp-content\/uploads\/sites\/2\/2023\/01\/MicrosoftTeams-image-10.jpg\",\"width\":1440,\"height\":639},{\"@type\":\"BreadcrumbList\",\"@id\":\"https:\/\/www.hall32.fr\/ecole\/nous-contacter\/#breadcrumb\",\"itemListElement\":[{\"@type\":\"ListItem\",\"position\":1,\"name\":\"Accueil\",\"item\":\"https:\/\/www.hall32.fr\/ecole\/\"},{\"@type\":\"ListItem\",\"position\":2,\"name\":\"Nous contacter\"}]},{\"@type\":\"WebSite\",\"@id\":\"https:\/\/www.hall32.fr\/ecole\/#website\",\"url\":\"https:\/\/www.hall32.fr\/ecole\/\",\"name\":\"Ecole\",\"description\":\"\",\"potentialAction\":[{\"@type\":\"SearchAction\",\"target\":{\"@type\":\"EntryPoint\",\"urlTemplate\":\"https:\/\/www.hall32.fr\/ecole\/?s={search_term_string}\"},\"query-input\":{\"@type\":\"PropertyValueSpecification\",\"valueRequired\":true,\"valueName\":\"search_term_string\"}}],\"inLanguage\":\"fr-FR\"}]}<\/script>\n<!-- \/ Yoast SEO plugin. -->","yoast_head_json":{"title":"Contacter Hall32","description":"Retrouvez toutes les informations pour contacter Hall32 par t\u00e9l\u00e9phone ou via notre formulaire de contact.","robots":{"index":"index","follow":"follow","max-snippet":"max-snippet:-1","max-image-preview":"max-image-preview:large","max-video-preview":"max-video-preview:-1"},"canonical":"https:\/\/www.hall32.fr\/ecole\/nous-contacter\/","og_locale":"fr_FR","og_type":"article","og_title":"Contacter Hall32","og_description":"Retrouvez toutes les informations pour contacter Hall32 par t\u00e9l\u00e9phone ou via notre formulaire de contact.","og_url":"https:\/\/www.hall32.fr\/ecole\/nous-contacter\/","og_site_name":"Ecole","article_modified_time":"2025-10-14T08:55:39+00:00","og_image":[{"width":1440,"height":639,"url":"https:\/\/www.hall32.fr\/ecole\/wp-content\/uploads\/sites\/2\/2023\/01\/MicrosoftTeams-image-10.jpg","type":"image\/jpeg"}],"twitter_card":"summary_large_image","twitter_misc":{"Dur\u00e9e de lecture estim\u00e9e":"1 minute"},"schema":{"@context":"https:\/\/schema.org","@graph":[{"@type":"WebPage","@id":"https:\/\/www.hall32.fr\/ecole\/nous-contacter\/","url":"https:\/\/www.hall32.fr\/ecole\/nous-contacter\/","name":"Contacter Hall32","isPartOf":{"@id":"https:\/\/www.hall32.fr\/ecole\/#website"},"primaryImageOfPage":{"@id":"https:\/\/www.hall32.fr\/ecole\/nous-contacter\/#primaryimage"},"image":{"@id":"https:\/\/www.hall32.fr\/ecole\/nous-contacter\/#primaryimage"},"thumbnailUrl":"https:\/\/www.hall32.fr\/ecole\/wp-content\/uploads\/sites\/2\/2023\/01\/MicrosoftTeams-image-10.jpg","datePublished":"2023-01-03T10:32:47+00:00","dateModified":"2025-10-14T08:55:39+00:00","description":"Retrouvez toutes les informations pour contacter Hall32 par t\u00e9l\u00e9phone ou via notre formulaire de contact.","breadcrumb":{"@id":"https:\/\/www.hall32.fr\/ecole\/nous-contacter\/#breadcrumb"},"inLanguage":"fr-FR","potentialAction":[{"@type":"ReadAction","target":["https:\/\/www.hall32.fr\/ecole\/nous-contacter\/"]}]},{"@type":"ImageObject","inLanguage":"fr-FR","@id":"https:\/\/www.hall32.fr\/ecole\/nous-contacter\/#primaryimage","url":"https:\/\/www.hall32.fr\/ecole\/wp-content\/uploads\/sites\/2\/2023\/01\/MicrosoftTeams-image-10.jpg","contentUrl":"https:\/\/www.hall32.fr\/ecole\/wp-content\/uploads\/sites\/2\/2023\/01\/MicrosoftTeams-image-10.jpg","width":1440,"height":639},{"@type":"BreadcrumbList","@id":"https:\/\/www.hall32.fr\/ecole\/nous-contacter\/#breadcrumb","itemListElement":[{"@type":"ListItem","position":1,"name":"Accueil","item":"https:\/\/www.hall32.fr\/ecole\/"},{"@type":"ListItem","position":2,"name":"Nous contacter"}]},{"@type":"WebSite","@id":"https:\/\/www.hall32.fr\/ecole\/#website","url":"https:\/\/www.hall32.fr\/ecole\/","name":"Ecole","description":"","potentialAction":[{"@type":"SearchAction","target":{"@type":"EntryPoint","urlTemplate":"https:\/\/www.hall32.fr\/ecole\/?s={search_term_string}"},"query-input":{"@type":"PropertyValueSpecification","valueRequired":true,"valueName":"search_term_string"}}],"inLanguage":"fr-FR"}]}},"_links":{"self":[{"href":"https:\/\/www.hall32.fr\/ecole\/wp-json\/wp\/v2\/pages\/144","targetHints":{"allow":["GET"]}}],"collection":[{"href":"https:\/\/www.hall32.fr\/ecole\/wp-json\/wp\/v2\/pages"}],"about":[{"href":"https:\/\/www.hall32.fr\/ecole\/wp-json\/wp\/v2\/types\/page"}],"author":[{"embeddable":true,"href":"https:\/\/www.hall32.fr\/ecole\/wp-json\/wp\/v2\/users\/1"}],"replies":[{"embeddable":true,"href":"https:\/\/www.hall32.fr\/ecole\/wp-json\/wp\/v2\/comments?post=144"}],"version-history":[{"count":3,"href":"https:\/\/www.hall32.fr\/ecole\/wp-json\/wp\/v2\/pages\/144\/revisions"}],"predecessor-version":[{"id":4303,"href":"https:\/\/www.hall32.fr\/ecole\/wp-json\/wp\/v2\/pages\/144\/revisions\/4303"}],"wp:featuredmedia":[{"embeddable":true,"href":"https:\/\/www.hall32.fr\/ecole\/wp-json\/wp\/v2\/media\/1551"}],"wp:attachment":[{"href":"https:\/\/www.hall32.fr\/ecole\/wp-json\/wp\/v2\/media?parent=144"}],"curies":[{"name":"wp","href":"https:\/\/api.w.org\/{rel}","templated":true}]}}