{"id":150,"date":"2023-01-03T11:33:17","date_gmt":"2023-01-03T10:33:17","guid":{"rendered":"https:\/\/www.hall32.fr\/ecole\/?page_id=150"},"modified":"2023-05-16T14:15:33","modified_gmt":"2023-05-16T12:15:33","slug":"agenda","status":"publish","type":"page","link":"https:\/\/www.hall32.fr\/ecole\/actus-et-agenda\/agenda\/","title":{"rendered":"Agenda"},"content":{"rendered":"<!-- START OF : Composant : block-periscope-theme-section-composant-bloc-cta.php -->\n<div class=\"overflow-hidden\">\n\t\t<div class=\"row g-0 \">\n\t\t\n\t\t<div class=\"col-sm-6\">\n\t\t\t\t\t<div class=\"carre h-100 px-2 py-7 p-md-7 p-lg-14 h-100 text-start d-flex flex-column align-items-start justify-content-center bg-warning\">\n\t<div data-aos=\"fade-left\">\n\t\t<h3 class=\"h2\">Rejoignez notre \u00e9cosyst\u00e8me<\/h3>\n\t\t<p class=\"fs-18 fs-lg-20\">Vous souhaitez devenir l\u2019un de nos partenaires et rejoindre notre \u00e9cosyst\u00e8me ?<br \/>\r\nAccueillez un ou une alternante, rejoignez-nous en tant que m\u00e9c\u00e8ne ou adh\u00e9rez \u00e0 notre association 2ARAMI&#8230; <br \/>\r\nPrenez contact avec nous et faisons connaissance !<br \/>\r\n<\/p>\n\t\t\t\t<a href=\"\/ecole\/entreprises\/devenir-partenaire\/\" title=\"Discuter avec nous\" target=\"\" class=\"btn btn-dark\" data-gtm=\"lanceurscarrefouractu\" data-name=\"Ou nous rencontrer\">Discuter avec nous<\/a>\n\t\t\t<\/div>\n<\/div>\n\t\t<\/div>\n\t\t\t\t\t\n\t\t<div class=\"col-sm-6\">\n\t\t\t\t\t<div class=\"carre h-100 px-2 py-7 p-md-7 p-lg-14 h-100 text-start d-flex flex-column align-items-start justify-content-center bg-light\">\n\t<div data-aos=\"fade-left\">\n\t\t<h3 class=\"h2\">Explorez le lieu totem de l&#039;industrie en mouvement !<\/h3>\n\t\t<p class=\"fs-18 fs-lg-20\">Que vous souhaitiez d\u00e9couvrir le centre, notre m\u00e9thode p\u00e9dagogique et tous les engagements que nous d\u00e9fendons ;<br \/>\r\nQue vous souhaitez organisez une visite technique de nos ateliers industriels de formation pour vous inspirez ;<br \/>\r\nQue vous souhaitiez simplement participer \u00e0 l&rsquo;un de nos \u00e9v\u00e9nements ;<br \/>\r\nNous vous assurons des rencontres et des r\u00e9cits inspirants. <\/p>\n\t\t\t\t<a href=\"\/ecole\/nous-contacter\/\" title=\"L\u2019approche\" target=\"\" class=\"btn btn-dark\" data-gtm=\"lanceurscarrefouractu\" data-name=\"Demander une visite\">L\u2019approche<\/a>\n\t\t\t<\/div>\n<\/div>\n\t\t<\/div>\n\t\t\t\t\t\t\t\t<\/div>\n<\/div>\n<!-- END OF : Composant : block-periscope-theme-section-composant-bloc-cta.php -->\n\n\n<!-- START OF : Composant : block-periscope-theme-section-composant-espace.php -->\n<div class=\"espace \ud83d\ude80 mb-7 mb-lg-14\"><\/div>\n<!-- END OF : Composant : block-periscope-theme-section-composant-espace.php -->\n","protected":false},"excerpt":{"rendered":"","protected":false},"author":1,"featured_media":0,"parent":468,"menu_order":2,"comment_status":"closed","ping_status":"closed","template":"template-agenda.php","meta":{"_acf_changed":false,"footnotes":""},"class_list":["post-150","page","type-page","status-publish","hentry"],"acf":[],"yoast_head":"<!-- This site is optimized with the Yoast SEO plugin v25.9 - https:\/\/yoast.com\/wordpress\/plugins\/seo\/ -->\n<title>Agenda - Ecole<\/title>\n<meta name=\"robots\" content=\"index, follow, max-snippet:-1, max-image-preview:large, max-video-preview:-1\" \/>\n<link rel=\"canonical\" href=\"https:\/\/www.hall32.fr\/ecole\/actus-et-agenda\/agenda\/\" \/>\n<meta property=\"og:locale\" content=\"fr_FR\" \/>\n<meta property=\"og:type\" content=\"article\" \/>\n<meta property=\"og:title\" content=\"Agenda - Ecole\" \/>\n<meta property=\"og:url\" content=\"https:\/\/www.hall32.fr\/ecole\/actus-et-agenda\/agenda\/\" \/>\n<meta property=\"og:site_name\" content=\"Ecole\" \/>\n<meta property=\"article:modified_time\" content=\"2023-05-16T12:15:33+00:00\" \/>\n<meta name=\"twitter:card\" content=\"summary_large_image\" \/>\n<script type=\"application\/ld+json\" class=\"yoast-schema-graph\">{\"@context\":\"https:\/\/schema.org\",\"@graph\":[{\"@type\":\"WebPage\",\"@id\":\"https:\/\/www.hall32.fr\/ecole\/actus-et-agenda\/agenda\/\",\"url\":\"https:\/\/www.hall32.fr\/ecole\/actus-et-agenda\/agenda\/\",\"name\":\"Agenda - Ecole\",\"isPartOf\":{\"@id\":\"https:\/\/www.hall32.fr\/ecole\/#website\"},\"datePublished\":\"2023-01-03T10:33:17+00:00\",\"dateModified\":\"2023-05-16T12:15:33+00:00\",\"breadcrumb\":{\"@id\":\"https:\/\/www.hall32.fr\/ecole\/actus-et-agenda\/agenda\/#breadcrumb\"},\"inLanguage\":\"fr-FR\",\"potentialAction\":[{\"@type\":\"ReadAction\",\"target\":[\"https:\/\/www.hall32.fr\/ecole\/actus-et-agenda\/agenda\/\"]}]},{\"@type\":\"BreadcrumbList\",\"@id\":\"https:\/\/www.hall32.fr\/ecole\/actus-et-agenda\/agenda\/#breadcrumb\",\"itemListElement\":[{\"@type\":\"ListItem\",\"position\":1,\"name\":\"Accueil\",\"item\":\"https:\/\/www.hall32.fr\/ecole\/\"},{\"@type\":\"ListItem\",\"position\":2,\"name\":\"Actus et agenda\",\"item\":\"https:\/\/www.hall32.fr\/ecole\/actus-et-agenda\/\"},{\"@type\":\"ListItem\",\"position\":3,\"name\":\"Agenda\"}]},{\"@type\":\"WebSite\",\"@id\":\"https:\/\/www.hall32.fr\/ecole\/#website\",\"url\":\"https:\/\/www.hall32.fr\/ecole\/\",\"name\":\"Ecole\",\"description\":\"\",\"potentialAction\":[{\"@type\":\"SearchAction\",\"target\":{\"@type\":\"EntryPoint\",\"urlTemplate\":\"https:\/\/www.hall32.fr\/ecole\/?s={search_term_string}\"},\"query-input\":{\"@type\":\"PropertyValueSpecification\",\"valueRequired\":true,\"valueName\":\"search_term_string\"}}],\"inLanguage\":\"fr-FR\"}]}<\/script>\n<!-- \/ Yoast SEO plugin. -->","yoast_head_json":{"title":"Agenda - Ecole","robots":{"index":"index","follow":"follow","max-snippet":"max-snippet:-1","max-image-preview":"max-image-preview:large","max-video-preview":"max-video-preview:-1"},"canonical":"https:\/\/www.hall32.fr\/ecole\/actus-et-agenda\/agenda\/","og_locale":"fr_FR","og_type":"article","og_title":"Agenda - Ecole","og_url":"https:\/\/www.hall32.fr\/ecole\/actus-et-agenda\/agenda\/","og_site_name":"Ecole","article_modified_time":"2023-05-16T12:15:33+00:00","twitter_card":"summary_large_image","schema":{"@context":"https:\/\/schema.org","@graph":[{"@type":"WebPage","@id":"https:\/\/www.hall32.fr\/ecole\/actus-et-agenda\/agenda\/","url":"https:\/\/www.hall32.fr\/ecole\/actus-et-agenda\/agenda\/","name":"Agenda - Ecole","isPartOf":{"@id":"https:\/\/www.hall32.fr\/ecole\/#website"},"datePublished":"2023-01-03T10:33:17+00:00","dateModified":"2023-05-16T12:15:33+00:00","breadcrumb":{"@id":"https:\/\/www.hall32.fr\/ecole\/actus-et-agenda\/agenda\/#breadcrumb"},"inLanguage":"fr-FR","potentialAction":[{"@type":"ReadAction","target":["https:\/\/www.hall32.fr\/ecole\/actus-et-agenda\/agenda\/"]}]},{"@type":"BreadcrumbList","@id":"https:\/\/www.hall32.fr\/ecole\/actus-et-agenda\/agenda\/#breadcrumb","itemListElement":[{"@type":"ListItem","position":1,"name":"Accueil","item":"https:\/\/www.hall32.fr\/ecole\/"},{"@type":"ListItem","position":2,"name":"Actus et agenda","item":"https:\/\/www.hall32.fr\/ecole\/actus-et-agenda\/"},{"@type":"ListItem","position":3,"name":"Agenda"}]},{"@type":"WebSite","@id":"https:\/\/www.hall32.fr\/ecole\/#website","url":"https:\/\/www.hall32.fr\/ecole\/","name":"Ecole","description":"","potentialAction":[{"@type":"SearchAction","target":{"@type":"EntryPoint","urlTemplate":"https:\/\/www.hall32.fr\/ecole\/?s={search_term_string}"},"query-input":{"@type":"PropertyValueSpecification","valueRequired":true,"valueName":"search_term_string"}}],"inLanguage":"fr-FR"}]}},"_links":{"self":[{"href":"https:\/\/www.hall32.fr\/ecole\/wp-json\/wp\/v2\/pages\/150","targetHints":{"allow":["GET"]}}],"collection":[{"href":"https:\/\/www.hall32.fr\/ecole\/wp-json\/wp\/v2\/pages"}],"about":[{"href":"https:\/\/www.hall32.fr\/ecole\/wp-json\/wp\/v2\/types\/page"}],"author":[{"embeddable":true,"href":"https:\/\/www.hall32.fr\/ecole\/wp-json\/wp\/v2\/users\/1"}],"replies":[{"embeddable":true,"href":"https:\/\/www.hall32.fr\/ecole\/wp-json\/wp\/v2\/comments?post=150"}],"version-history":[{"count":2,"href":"https:\/\/www.hall32.fr\/ecole\/wp-json\/wp\/v2\/pages\/150\/revisions"}],"predecessor-version":[{"id":3223,"href":"https:\/\/www.hall32.fr\/ecole\/wp-json\/wp\/v2\/pages\/150\/revisions\/3223"}],"up":[{"embeddable":true,"href":"https:\/\/www.hall32.fr\/ecole\/wp-json\/wp\/v2\/pages\/468"}],"wp:attachment":[{"href":"https:\/\/www.hall32.fr\/ecole\/wp-json\/wp\/v2\/media?parent=150"}],"curies":[{"name":"wp","href":"https:\/\/api.w.org\/{rel}","templated":true}]}}