{"id":154,"date":"2023-01-03T11:33:51","date_gmt":"2023-01-03T10:33:51","guid":{"rendered":"https:\/\/www.hall32.fr\/ecole\/?page_id=154"},"modified":"2025-10-14T09:52:48","modified_gmt":"2025-10-14T07:52:48","slug":"lapproche","status":"publish","type":"page","link":"https:\/\/www.hall32.fr\/ecole\/a-propos\/lapproche\/","title":{"rendered":"L&rsquo;approche"},"content":{"rendered":"<!-- START OF : Composant : block-periscope-theme-section-composant-espace.php -->\n<div class=\"espace \ud83d\ude80 mb-7 mb-lg-14\"><\/div>\n<!-- END OF : Composant : block-periscope-theme-section-composant-espace.php -->\n\n\n<!-- START OF : Composant : block-periscope-theme-section-composant-two-columns.php -->\n<div class=\"espace \ud83d\ude80 mb-7 mb-lg-14\">\n\t<div class=\"container\">\n\t\t<div class=\"row\">\n\t\t\t<div class=\"col-lg-10 offset-lg-1\">\n\t\t\t\t<div class=\"two-columns row  overflow-hidden\">\n\t<div class=\"col-lg-6 order-last order-lg-first\" data-aos=\"fade-right\">\n\t\t\t\t<h2 class=\"h2 text-info\">La m\u00e9thode Hall 32<\/h2>\n\t\t\t\t\t\t<p>Notre m\u00e9thode est simple. Elle mise sur l\u2019apprentissage, en apprenant au plus proche des professionnels.\r\nDe quoi assurer \u00e0 tous les apprenant(e)s de se former \u00e0 tous les aspects op\u00e9rationnels des m\u00e9tiers de l&#039;industrie et de d\u00e9velopper les comp\u00e9tences essentielles \u00e0 leur apprentissage en entreprise, puis \u00e0 l\u2019exercice de leur m\u00e9tier.\r\nChaque jour nos apprenants essaient, se trompent, essaient \u00e0 nouveau, s&#039;am\u00e9liorent, et le font en toute s\u00e9curit\u00e9. Entour\u00e9s de notre \u00e9quipe p\u00e9dagogique, ils \u00e9voluent en confiance, pour que tous se r\u00e9v\u00e8lent dans l\u2019industrie de demain.\r\n<\/p>\n\t\t\t\t\t\t<a href=\"\/ecole\/a-propos\/se-former-a-hall32\/\" target=\"\" class=\"btn btn-dark\">Je me forme \u00e0 Hall 32<\/a>\n\t\t\t<\/div>\n\t\t<div class=\"col-lg-6 mb-4 mb-lg-0\" data-aos=\"fade-left\">\n\t\t<picture class=\"d-block ratio ratio-1x1\">\n\t\t\t<img decoding=\"async\" src=\"https:\/\/www.hall32.fr\/ecole\/wp-content\/uploads\/sites\/2\/2025\/10\/5L3A0078.jpg\" width=\"443\" height=\"443\" alt=\"\" \/>\n\t\t<\/picture>\n\t\t<p class=\"pt-1 two-columns__legend image__legend\"><\/p>\n\t<\/div>\n\t<\/div>\t\t\t<\/div>\n\t\t<\/div>\n\t<\/div>\n<\/div>\n<!-- END OF : Composant : block-periscope-theme-section-composant-two-columns.php -->\n\n\n<!-- START OF : Composant : block-periscope-theme-section-composant-bloc-cta.php -->\n<div class=\"overflow-hidden\">\n\t\t<div class=\"row g-0 \">\n\t\t\t\t<div class=\"col-sm-6\">\n\t\t\t<div class=\"carre-img h-100\">\n\t<picture>\n\t\t<img decoding=\"async\" src=\"https:\/\/www.hall32.fr\/ecole\/wp-content\/uploads\/sites\/2\/2023\/02\/notre-pedagogie-de-formation.jpg\" alt=\"Frederic LAGENTE, Directeur de la Formation Initiale et Continue\" width=\"443\" height=\"443\" alt=\"\" class=\"w-100 h-100 of-cover op-center\" loading=\"lazy\" \/>\n\t<\/picture>\n<\/div>\n\t\t<\/div>\n\t\t<div class=\"col-sm-6\">\n\t\t\t<div class=\"carre h-100 px-2 py-7 p-md-7 p-lg-14 h-100 text-start d-flex flex-column align-items-start justify-content-center bg-primary\">\n\t<div data-aos=\"fade-left\">\n\t\t<h3 class=\"h2\">Quelle est notre p\u00e9dagogie de formation ?<\/h3>\n\t\t<p class=\"fs-18 fs-lg-20\">Personnalis\u00e9e, concr\u00e8te, technique, mais aussi comportementale, et en mode projet.<br \/>\r\nLa m\u00e9thode de notre centre de formation et d\u2019apprentissage mise sur des situations en conditions r\u00e9elles, des projets en groupe ou individuels et des cours g\u00e9n\u00e9raux. Chacune de nos formations assure un d\u00e9veloppement global des comp\u00e9tences.<br \/>\r\nCar c\u2019est cela dont nous parlons aujourd\u2019hui, former les jeunes aux comp\u00e9tences de demain.<br \/>\r\n<br \/>\r\n<\/p>\n\t\t\t\t<a href=\"\/ecole\/nous-contacter\/\" title=\"Nous contacter\" target=\"\" class=\"btn btn-dark\" data-gtm=\"\" data-name=\"\">Nous contacter<\/a>\n\t\t\t<\/div>\n<\/div>\n\t\t<\/div>\n\t\t\t\t<\/div>\n<\/div>\n<!-- END OF : Composant : block-periscope-theme-section-composant-bloc-cta.php -->\n\n\n<!-- START OF : Composant : block-periscope-theme-section-composant-text-highlight.php -->\n<div class=\"bg-info\" data-aos=\"fade-up\">\n    <div class=\"container\">\n        <div class=\"text-highlight pt-7 pb-7 pt-lg-12 pb-lg-12 fs-18 fs-lg-20\">\n            <div class=\"row\">\n                <div class=\"col-lg-1 mb-3 mb-lg-0\">\n                    <div class=\"text-highlight__hachure\"><\/div>\n                <\/div>\n                <div class=\"col-lg-10\">\n                    <p>Ateliers de coaching et mentorat entre \u00e9l\u00e8ves, conf\u00e9rences sur des th\u00e9matiques hard ou soft skills, favoriser l&#039;esprit d&#039;\u00e9quipe au travers d&#039;organisation d&#039;\u00e9v\u00e9nements ou de projets collectifs, nous souhaitons former au del\u00e0 de bons professionnels de l&#039;industrie, des citoyens qui ont le sens de l&#039;engagement.<\/p>\n                <\/div>\n            <\/div>\n        <\/div>\n    <\/div>\n<\/div>\n<!-- END OF : Composant : block-periscope-theme-section-composant-text-highlight.php -->\n\n\n<!-- START OF : Composant : block-periscope-theme-section-composant-espace.php -->\n<div class=\"espace \ud83d\ude80 mb-7 mb-lg-14\"><\/div>\n<!-- END OF : Composant : block-periscope-theme-section-composant-espace.php -->\n\n\n<!-- START OF : Composant : block-periscope-theme-section-composant-intertitre.php -->\n\n<div class=\"espace \ud83d\ude80\" data-aos=\"fade-up\">\n\t<div class=\"container\">\n\t\t<h3 class=\"h3 text-danger\">Des parcours de formation personnalis\u00e9s<\/h3>\n\t<\/div>\n<\/div>\n<!-- END OF : Composant : block-periscope-theme-section-composant-intertitre.php -->\n\n\n<div class=\"espace \ud83d\ude80 mb-7 mb-lg-7 \" data-aos=\"fade-up\">\n        <div class=\"container\">\n<p class=\"has-medium-font-size\">Pour garantir l\u2019excellence de notre enseignement, nos classes se composent de 16 apprenants uniquement. Les cours techniques eux, sont dispens\u00e9s en demi groupes. Ce format en petits groupes, nous permet d\u2019adapter et de personnaliser notre formation industrielle \u00e0 chaque apprenant(e), pour lesquel(le)s chaque parcours est unique. <\/p>\n <\/div>\n        <\/div>\n\n<!-- START OF : Composant : block-periscope-theme-section-composant-intertitre.php -->\n\n<div class=\"espace \ud83d\ude80\" data-aos=\"fade-up\">\n\t<div class=\"container\">\n\t\t<h3 class=\"h3 text-success\">L\u2019apprentissage, pourquoi \u00ab FAIRE \u00bb ?<\/h3>\n\t<\/div>\n<\/div>\n<!-- END OF : Composant : block-periscope-theme-section-composant-intertitre.php -->\n\n\n<div class=\"espace \ud83d\ude80 mb-7 mb-lg-7 \" data-aos=\"fade-up\">\n        <div class=\"container\">\n<p class=\"has-medium-font-size\">Par conviction ! Nous sommes convaincus qu\u2019apprendre par le \u00ab&nbsp;Faire&nbsp;\u00bb favorise le plaisir d\u2019apprendre. <br>Formation aux savoir-faire, partage d\u2019un regard neuf sur l\u2019industrie&#8230;&nbsp;Au fil de leur parcours, les apprenants se forment en d\u00e9couvrant les outils, les techniques, les technologies et les gestes de leurs formateurs. Tous experts m\u00e9tiers dans l&rsquo;industrie, ils leur transmettent le plaisir, l&rsquo;envie d\u2019apprendre \u00e0 apprendre et le plaisir de \u00ab&nbsp;Faire&nbsp;\u00bb. Parce que c\u2019est l\u2019opportunit\u00e9 pour les jeunes de trouver leur voie dans des m\u00e9tiers passions et d\u2019excellence, et autant d\u2019entreprises qui trouvent les comp\u00e9tences dont elles ont besoin aujourd\u2019hui pour leur d\u00e9veloppement.<\/p>\n <\/div>\n        <\/div>\n\n<!-- START OF : Composant : block-periscope-theme-section-composant-two-columns.php -->\n<div class=\"espace \ud83d\ude80 mb-7 mb-lg-14\">\n\t<div class=\"container\">\n\t\t<div class=\"row\">\n\t\t\t<div class=\"col-lg-10 offset-lg-1\">\n\t\t\t\t<div class=\"two-columns row flex-row-reverse overflow-hidden\">\n\t<div class=\"col-lg-6 order-last order-lg-first\" data-aos=\"fade-right\">\n\t\t\t\t<h2 class=\"h2 text-info\">Apprendre les codes de l&#039;industrie<\/h2>\n\t\t\t\t\t\t<p>Si nous transmettons nos savoir-faire, nous savons que les comp\u00e9tences techniques ne suffisent pas \u00e0 d\u00e9crocher un premier emploi. Savoir, savoir-faire, savoir-\u00eatre sont aujourd\u2019hui indissociables. La m\u00e9thode Hall 32 englobe aussi les comp\u00e9tences humaines recherch\u00e9es sur le march\u00e9 du travail.\r\nNous formons des jeunes, des talents, mais aussi des citoyens et leur donnons, au-del\u00e0 des outils dont ils ont besoin, les codes de l\u2019entreprise.\r\n<\/p>\n\t\t\t\t\t<\/div>\n\t\t<div class=\"col-lg-6 mb-4 mb-lg-0\" data-aos=\"fade-left\">\n\t\t<picture class=\"d-block ratio ratio-1x1\">\n\t\t\t<img decoding=\"async\" src=\"https:\/\/www.hall32.fr\/ecole\/wp-content\/uploads\/sites\/2\/2025\/10\/5L3A9994.jpg\" width=\"443\" height=\"443\" alt=\"\" \/>\n\t\t<\/picture>\n\t\t<p class=\"pt-1 two-columns__legend image__legend\"><\/p>\n\t<\/div>\n\t<\/div>\t\t\t<\/div>\n\t\t<\/div>\n\t<\/div>\n<\/div>\n<!-- END OF : Composant : block-periscope-theme-section-composant-two-columns.php -->\n\n\n<!-- START OF : Composant : block-periscope-theme-section-composant-intertitre.php -->\n\n<div class=\"espace \ud83d\ude80\" data-aos=\"fade-up\">\n\t<div class=\"container\">\n\t\t<h3 class=\"h3 text-danger\">Le mode projet, central dans notre approche<\/h3>\n\t<\/div>\n<\/div>\n<!-- END OF : Composant : block-periscope-theme-section-composant-intertitre.php -->\n\n\n<div class=\"espace \ud83d\ude80 mb-7 mb-lg-7 \" data-aos=\"fade-up\">\n        <div class=\"container\">\n<p>Travailler en \u00e9quipe et en transversalit\u00e9 est un atout gagnant pour les jeunes.&nbsp;Parce qu\u2019en entreprise, tous les collaborateurs ne ma\u00eetrisent pas les m\u00eames comp\u00e9tences, chacune de nos formations int\u00e8gre une initiative p\u00e9dagogique en mode projet pour que nos alternants apprennent \u00e0 travailler ensemble. Partager les points de vue, se donner des missions, d\u00e9cider ensemble des actions \u00e0 mener\u2026<br>Chaque personne du groupe participe et toutes mobilisent leurs comp\u00e9tences pour faire avancer le projet.<\/p>\n <\/div>\n        <\/div>\n\n<!-- START OF : Composant : block-periscope-theme-section-composant-bloc-cta.php -->\n<div class=\"overflow-hidden\">\n\t\t<div class=\"row g-0 \">\n\t\t\t\t<div class=\"col-sm-6\">\n\t\t\t<div class=\"carre-img h-100\">\n\t<picture>\n\t\t<img decoding=\"async\" src=\"https:\/\/www.hall32.fr\/ecole\/wp-content\/uploads\/sites\/2\/2025\/10\/5N5A8638.jpg\" alt=\"porte ouvertes de hall 32 sur le plateau technique\" width=\"443\" height=\"443\" alt=\"\" class=\"w-100 h-100 of-cover op-center\" loading=\"lazy\" \/>\n\t<\/picture>\n<\/div>\n\t\t<\/div>\n\t\t<div class=\"col-sm-6\">\n\t\t\t<div class=\"carre h-100 px-2 py-7 p-md-7 p-lg-14 h-100 text-start d-flex flex-column align-items-start justify-content-center bg-light\">\n\t<div data-aos=\"fade-left\">\n\t\t<h3 class=\"h2\">Pr\u00eat pour notre rencontre ?<\/h3>\n\t\t<p class=\"fs-18 fs-lg-20\">Journ\u00e9e Portes Ouvertes, conf\u00e9rences, retours d\u2019exp\u00e9riences, job dating\u2026  Les occasions ne manquent pas pour que tu trouves ta voie dans l\u2019industrie. Formateurs, apprenants et entreprises te partageront leur quotidien. <br \/>\r\nDes visages et des stories passionnantes sur l\u2019industrie !<\/p>\n\t\t\t\t<a href=\"\/ecole\/actus-et-agenda\/agenda\/\" title=\"RENDEZ-VOUS \u00c0 NOTRE JPO\" target=\"\" class=\"btn btn-dark\" data-gtm=\"\" data-name=\"\">RENDEZ-VOUS \u00c0 NOTRE JPO<\/a>\n\t\t\t<\/div>\n<\/div>\n\t\t<\/div>\n\t\t\t\t<\/div>\n<\/div>\n<!-- END OF : Composant : block-periscope-theme-section-composant-bloc-cta.php -->\n\n\n<!-- START OF : Composant : block-periscope-theme-section-composant-espace.php -->\n<div class=\"espace \ud83d\ude80 mb-7 mb-lg-14\"><\/div>\n<!-- END OF : Composant : block-periscope-theme-section-composant-espace.php -->\n","protected":false},"excerpt":{"rendered":"<p>Un centre de formation ancr\u00e9 dans la r\u00e9alit\u00e9<\/p>\n","protected":false},"author":1,"featured_media":0,"parent":620,"menu_order":1,"comment_status":"closed","ping_status":"closed","template":"","meta":{"_acf_changed":false,"footnotes":""},"class_list":["post-154","page","type-page","status-publish","hentry"],"acf":[],"yoast_head":"<!-- This site is optimized with the Yoast SEO plugin v25.9 - https:\/\/yoast.com\/wordpress\/plugins\/seo\/ -->\n<title>Centre de formation des m\u00e9tiers de l&#039;industrie Hall32<\/title>\n<meta name=\"description\" content=\"Le centre de formation des m\u00e9tiers de l\u2019industrie Hall32 affirme sa raison d\u2019\u00eatre en mettant au service de tous (entreprises, formateurs et apprenants ), des outils innovants adapt\u00e9s aux diff\u00e9rents besoins.\" \/>\n<meta name=\"robots\" content=\"index, follow, max-snippet:-1, max-image-preview:large, max-video-preview:-1\" \/>\n<link rel=\"canonical\" href=\"https:\/\/www.hall32.fr\/ecole\/a-propos\/lapproche\/\" \/>\n<meta property=\"og:locale\" content=\"fr_FR\" \/>\n<meta property=\"og:type\" content=\"article\" \/>\n<meta property=\"og:title\" content=\"Centre de formation des m\u00e9tiers de l&#039;industrie Hall32\" \/>\n<meta property=\"og:description\" content=\"Le centre de formation des m\u00e9tiers de l\u2019industrie Hall32 affirme sa raison d\u2019\u00eatre en mettant au service de tous (entreprises, formateurs et apprenants ), des outils innovants adapt\u00e9s aux diff\u00e9rents besoins.\" \/>\n<meta property=\"og:url\" content=\"https:\/\/www.hall32.fr\/ecole\/a-propos\/lapproche\/\" \/>\n<meta property=\"og:site_name\" content=\"Ecole\" \/>\n<meta property=\"article:modified_time\" content=\"2025-10-14T07:52:48+00:00\" \/>\n<meta name=\"twitter:card\" content=\"summary_large_image\" \/>\n<meta name=\"twitter:label1\" content=\"Dur\u00e9e de lecture estim\u00e9e\" \/>\n\t<meta name=\"twitter:data1\" content=\"2 minutes\" \/>\n<script type=\"application\/ld+json\" class=\"yoast-schema-graph\">{\"@context\":\"https:\/\/schema.org\",\"@graph\":[{\"@type\":\"WebPage\",\"@id\":\"https:\/\/www.hall32.fr\/ecole\/a-propos\/lapproche\/\",\"url\":\"https:\/\/www.hall32.fr\/ecole\/a-propos\/lapproche\/\",\"name\":\"Centre de formation des m\u00e9tiers de l'industrie Hall32\",\"isPartOf\":{\"@id\":\"https:\/\/www.hall32.fr\/ecole\/#website\"},\"datePublished\":\"2023-01-03T10:33:51+00:00\",\"dateModified\":\"2025-10-14T07:52:48+00:00\",\"description\":\"Le centre de formation des m\u00e9tiers de l\u2019industrie Hall32 affirme sa raison d\u2019\u00eatre en mettant au service de tous (entreprises, formateurs et apprenants ), des outils innovants adapt\u00e9s aux diff\u00e9rents besoins.\",\"breadcrumb\":{\"@id\":\"https:\/\/www.hall32.fr\/ecole\/a-propos\/lapproche\/#breadcrumb\"},\"inLanguage\":\"fr-FR\",\"potentialAction\":[{\"@type\":\"ReadAction\",\"target\":[\"https:\/\/www.hall32.fr\/ecole\/a-propos\/lapproche\/\"]}]},{\"@type\":\"BreadcrumbList\",\"@id\":\"https:\/\/www.hall32.fr\/ecole\/a-propos\/lapproche\/#breadcrumb\",\"itemListElement\":[{\"@type\":\"ListItem\",\"position\":1,\"name\":\"Accueil\",\"item\":\"https:\/\/www.hall32.fr\/ecole\/\"},{\"@type\":\"ListItem\",\"position\":2,\"name\":\"A propos\",\"item\":\"https:\/\/www.hall32.fr\/ecole\/a-propos\/\"},{\"@type\":\"ListItem\",\"position\":3,\"name\":\"L&rsquo;approche\"}]},{\"@type\":\"WebSite\",\"@id\":\"https:\/\/www.hall32.fr\/ecole\/#website\",\"url\":\"https:\/\/www.hall32.fr\/ecole\/\",\"name\":\"Ecole\",\"description\":\"\",\"potentialAction\":[{\"@type\":\"SearchAction\",\"target\":{\"@type\":\"EntryPoint\",\"urlTemplate\":\"https:\/\/www.hall32.fr\/ecole\/?s={search_term_string}\"},\"query-input\":{\"@type\":\"PropertyValueSpecification\",\"valueRequired\":true,\"valueName\":\"search_term_string\"}}],\"inLanguage\":\"fr-FR\"}]}<\/script>\n<!-- \/ Yoast SEO plugin. -->","yoast_head_json":{"title":"Centre de formation des m\u00e9tiers de l'industrie Hall32","description":"Le centre de formation des m\u00e9tiers de l\u2019industrie Hall32 affirme sa raison d\u2019\u00eatre en mettant au service de tous (entreprises, formateurs et apprenants ), des outils innovants adapt\u00e9s aux diff\u00e9rents besoins.","robots":{"index":"index","follow":"follow","max-snippet":"max-snippet:-1","max-image-preview":"max-image-preview:large","max-video-preview":"max-video-preview:-1"},"canonical":"https:\/\/www.hall32.fr\/ecole\/a-propos\/lapproche\/","og_locale":"fr_FR","og_type":"article","og_title":"Centre de formation des m\u00e9tiers de l'industrie Hall32","og_description":"Le centre de formation des m\u00e9tiers de l\u2019industrie Hall32 affirme sa raison d\u2019\u00eatre en mettant au service de tous (entreprises, formateurs et apprenants ), des outils innovants adapt\u00e9s aux diff\u00e9rents besoins.","og_url":"https:\/\/www.hall32.fr\/ecole\/a-propos\/lapproche\/","og_site_name":"Ecole","article_modified_time":"2025-10-14T07:52:48+00:00","twitter_card":"summary_large_image","twitter_misc":{"Dur\u00e9e de lecture estim\u00e9e":"2 minutes"},"schema":{"@context":"https:\/\/schema.org","@graph":[{"@type":"WebPage","@id":"https:\/\/www.hall32.fr\/ecole\/a-propos\/lapproche\/","url":"https:\/\/www.hall32.fr\/ecole\/a-propos\/lapproche\/","name":"Centre de formation des m\u00e9tiers de l'industrie Hall32","isPartOf":{"@id":"https:\/\/www.hall32.fr\/ecole\/#website"},"datePublished":"2023-01-03T10:33:51+00:00","dateModified":"2025-10-14T07:52:48+00:00","description":"Le centre de formation des m\u00e9tiers de l\u2019industrie Hall32 affirme sa raison d\u2019\u00eatre en mettant au service de tous (entreprises, formateurs et apprenants ), des outils innovants adapt\u00e9s aux diff\u00e9rents besoins.","breadcrumb":{"@id":"https:\/\/www.hall32.fr\/ecole\/a-propos\/lapproche\/#breadcrumb"},"inLanguage":"fr-FR","potentialAction":[{"@type":"ReadAction","target":["https:\/\/www.hall32.fr\/ecole\/a-propos\/lapproche\/"]}]},{"@type":"BreadcrumbList","@id":"https:\/\/www.hall32.fr\/ecole\/a-propos\/lapproche\/#breadcrumb","itemListElement":[{"@type":"ListItem","position":1,"name":"Accueil","item":"https:\/\/www.hall32.fr\/ecole\/"},{"@type":"ListItem","position":2,"name":"A propos","item":"https:\/\/www.hall32.fr\/ecole\/a-propos\/"},{"@type":"ListItem","position":3,"name":"L&rsquo;approche"}]},{"@type":"WebSite","@id":"https:\/\/www.hall32.fr\/ecole\/#website","url":"https:\/\/www.hall32.fr\/ecole\/","name":"Ecole","description":"","potentialAction":[{"@type":"SearchAction","target":{"@type":"EntryPoint","urlTemplate":"https:\/\/www.hall32.fr\/ecole\/?s={search_term_string}"},"query-input":{"@type":"PropertyValueSpecification","valueRequired":true,"valueName":"search_term_string"}}],"inLanguage":"fr-FR"}]}},"_links":{"self":[{"href":"https:\/\/www.hall32.fr\/ecole\/wp-json\/wp\/v2\/pages\/154","targetHints":{"allow":["GET"]}}],"collection":[{"href":"https:\/\/www.hall32.fr\/ecole\/wp-json\/wp\/v2\/pages"}],"about":[{"href":"https:\/\/www.hall32.fr\/ecole\/wp-json\/wp\/v2\/types\/page"}],"author":[{"embeddable":true,"href":"https:\/\/www.hall32.fr\/ecole\/wp-json\/wp\/v2\/users\/1"}],"replies":[{"embeddable":true,"href":"https:\/\/www.hall32.fr\/ecole\/wp-json\/wp\/v2\/comments?post=154"}],"version-history":[{"count":3,"href":"https:\/\/www.hall32.fr\/ecole\/wp-json\/wp\/v2\/pages\/154\/revisions"}],"predecessor-version":[{"id":4258,"href":"https:\/\/www.hall32.fr\/ecole\/wp-json\/wp\/v2\/pages\/154\/revisions\/4258"}],"up":[{"embeddable":true,"href":"https:\/\/www.hall32.fr\/ecole\/wp-json\/wp\/v2\/pages\/620"}],"wp:attachment":[{"href":"https:\/\/www.hall32.fr\/ecole\/wp-json\/wp\/v2\/media?parent=154"}],"curies":[{"name":"wp","href":"https:\/\/api.w.org\/{rel}","templated":true}]}}