{"id":160,"date":"2023-01-03T11:34:55","date_gmt":"2023-01-03T10:34:55","guid":{"rendered":"https:\/\/www.hall32.fr\/ecole\/?page_id=160"},"modified":"2025-10-14T11:35:55","modified_gmt":"2025-10-14T09:35:55","slug":"demarche-qualiopi","status":"publish","type":"page","link":"https:\/\/www.hall32.fr\/ecole\/a-propos\/demarche-qualiopi\/","title":{"rendered":"Hall 32 est certifi\u00e9 Qualiopi"},"content":{"rendered":"<div class=\"espace \ud83d\ude80 mb-7 mb-lg-7 \" data-aos=\"fade-up\">\n        <div class=\"container\">\n<p><\/p>\n <\/div>\n        <\/div>\n\n<!-- START OF : Composant : block-periscope-theme-section-composant-two-columns.php -->\n<div class=\"espace \ud83d\ude80 mb-7 mb-lg-14\">\n\t<div class=\"container\">\n\t\t<div class=\"row\">\n\t\t\t<div class=\"col-lg-10 offset-lg-1\">\n\t\t\t\t<div class=\"two-columns row  overflow-hidden\">\n\t<div class=\"col-lg-6 order-last order-lg-first\" data-aos=\"fade-right\">\n\t\t\t\t<h2 class=\"h2 \">Hall 32 s\u2019engage<\/h2>\n\t\t\t\t\t\t<p>Faire le choix de Hall 32, c\u2019est bien s\u00fbr le choix de l\u2019excellence. Mais Hall 32, c\u2019est beaucoup plus que cela.\r\nNous souhaitons former des apprenant(e)s qui ont conscience de leur responsabilit\u00e9 sur l\u2019avenir commun et l\u2019avenir de l\u2019industrie.\r\nNous ne transigeons \u00e0 aucun moment sur les valeurs de respect, de solidarit\u00e9, de tol\u00e9rance et d\u2019inclusion, sur lesquelles notre espace si atypique a \u00e9t\u00e9 fond\u00e9.\r\nCe sont ces valeurs qui font la diff\u00e9rence dans la vie professionnelle comme dans la vie personnelle.\r\nParce que la r\u00e9ussite \u00e0 Hall 32 est encore plus belle lorsqu\u2019elle s\u2019accompagne de diversit\u00e9, notre ouverture (gratuit\u00e9, profils atypiques) permet chaque ann\u00e9e \u00e0 des jeunes filles et gar\u00e7ons de s\u2019\u00e9panouir dans les \u00e9tudes.\r\nM\u00eame si nous souhaitons augmenter le nombre de femmes dans nos formations, nous ne nous imposons pas une parit\u00e9 arbitraire\u00a0; C\u2019est pour nous un outil pour diversifier la fili\u00e8re car gar\u00e7ons et filles ont toute leur place au sein de Hall 32.\r\nNous rassemblons les jeunes, curieux, cr\u00e9atifs et avant tout motiv\u00e9s pour les mener \u00e0 l\u2019excellence industrielle.\r\n<\/p>\n\t\t\t\t\t<\/div>\n\t\t<div class=\"col-lg-6 mb-4 mb-lg-0\" data-aos=\"fade-left\">\n\t\t<picture class=\"d-block ratio ratio-1x1\">\n\t\t\t<img decoding=\"async\" src=\"https:\/\/www.hall32.fr\/ecole\/wp-content\/uploads\/sites\/2\/2025\/10\/5L3A0107.jpg\" width=\"443\" height=\"443\" alt=\"\" \/>\n\t\t<\/picture>\n\t\t<p class=\"pt-1 two-columns__legend image__legend\"><\/p>\n\t<\/div>\n\t<\/div>\t\t\t<\/div>\n\t\t<\/div>\n\t<\/div>\n<\/div>\n<!-- END OF : Composant : block-periscope-theme-section-composant-two-columns.php -->\n\n\n<!-- START OF : Composant : block-periscope-theme-section-composant-intertitre.php -->\n\n<div class=\"espace \ud83d\ude80\" data-aos=\"fade-up\">\n\t<div class=\"container\">\n\t\t<h3 class=\"h3 text-success\">Un organisme de formation reconnu<\/h3>\n\t<\/div>\n<\/div>\n<!-- END OF : Composant : block-periscope-theme-section-composant-intertitre.php -->\n\n\n<div class=\"espace \ud83d\ude80 mb-7 mb-lg-7 \" data-aos=\"fade-up\">\n        <div class=\"container\">\n<p>Les actions de formation par apprentissage propos\u00e9es par Hall 32 ont obtenu leur certification Qualiopi pour r\u00e9pondre aux exigences de la loi \u00ab Avenir professionnel \u00bb. Forte de cette certification qualit\u00e9 Qualiopi, Hall 32 propose \u00e0 ses apprenant(e)s des formations qui garantissent un cadre d\u2019\u00e9tudes favorisant leur employabilit\u00e9 future. <br>Cette certification Qualiopi, est une marque de garantie qualit\u00e9 des prestataires d\u2019actions concourant au d\u00e9veloppement des comp\u00e9tences.<\/p>\n <\/div>\n        <\/div>\n\n<!-- START OF : Composant : block-periscope-theme-section-composant-intertitre.php -->\n\n<div class=\"espace \ud83d\ude80\" data-aos=\"fade-up\">\n\t<div class=\"container\">\n\t\t<h3 class=\"h3 \">Etudier en situation de handicap \u00e0 hall 32<\/h3>\n\t<\/div>\n<\/div>\n<!-- END OF : Composant : block-periscope-theme-section-composant-intertitre.php -->\n\n\n<div class=\"espace \ud83d\ude80 mb-7 mb-lg-7 \" data-aos=\"fade-up\">\n        <div class=\"container\">\n<p>Vous \u00eates en situation de handicap et vous souhaitez participer \u00e0 l\u2019une de nos formations&nbsp;? Faites-le nous savoir, nous mettrons tout en \u0153uvre pour trouver une solution adapt\u00e9e.<br>N\u2019h\u00e9sitez pas \u00e0 contacter Fr\u00e9d\u00e9ric Lagente, notre r\u00e9f\u00e9rent handicap&nbsp;:&nbsp;<a href=\"mailto:handicap@hall32.fr\">handicap@hall32.fr<\/a><\/p>\n <\/div>\n        <\/div>\n\n<!-- START OF : Composant : block-periscope-theme-section-composant-bloc-cta.php -->\n<div class=\"overflow-hidden\">\n\t\t<div class=\"row g-0 \">\n\t\t\t\t<div class=\"col-sm-6\">\n\t\t\t<div class=\"carre-img h-100\">\n\t<picture>\n\t\t<img decoding=\"async\" src=\"https:\/\/www.hall32.fr\/ecole\/wp-content\/uploads\/sites\/2\/2024\/01\/Visu-site-100.jpg\" alt=\"Logo qualiopi\" width=\"443\" height=\"443\" alt=\"\" class=\"w-100 h-100 of-cover op-center\" loading=\"lazy\" \/>\n\t<\/picture>\n<\/div>\n\t\t<\/div>\n\t\t<div class=\"col-sm-6\">\n\t\t\t<div class=\"carre h-100 px-2 py-7 p-md-7 p-lg-14 h-100 text-start d-flex flex-column align-items-start justify-content-center bg-primary\">\n\t<div data-aos=\"fade-left\">\n\t\t<h3 class=\"h2\">Un engagement de tous au quotidien<\/h3>\n\t\t<p class=\"fs-18 fs-lg-20\"><\/p>\n\t\t\t\t<a href=\"https:\/\/www.hall32.fr\/ecole\/wp-content\/uploads\/sites\/2\/2024\/07\/certificat-2arami-hall-32-2024-2027pdf-1.pdf\" title=\"T\u00e9l\u00e9chargez notre certificat Qualiopi\" target=\"_blank\" class=\"btn btn-dark\" data-gtm=\"\" data-name=\"\">T\u00e9l\u00e9chargez notre certificat Qualiopi<\/a>\n\t\t\t<\/div>\n<\/div>\n\t\t<\/div>\n\t\t\t\t<\/div>\n<\/div>\n<!-- END OF : Composant : block-periscope-theme-section-composant-bloc-cta.php -->\n\n\n<!-- START OF : Composant : block-periscope-theme-section-composant-bloc-cta.php -->\n<div class=\"overflow-hidden\">\n\t\t<div class=\"row g-0 flex-row-reverse\">\n\t\t\t\t<div class=\"col-sm-6\">\n\t\t\t<div class=\"carre-img h-100\">\n\t<picture>\n\t\t<img decoding=\"async\" src=\"https:\/\/www.hall32.fr\/ecole\/wp-content\/uploads\/sites\/2\/2023\/07\/100DPI-Photos-site-719x639Plan-de-travail-32.jpg\" alt=\"Apprenant et son formateur lors d'un cours sur le plateau technique de hall 32 en bac pro MELEC\" width=\"443\" height=\"443\" alt=\"\" class=\"w-100 h-100 of-cover op-center\" loading=\"lazy\" \/>\n\t<\/picture>\n<\/div>\n\t\t<\/div>\n\t\t<div class=\"col-sm-6\">\n\t\t\t<div class=\"carre h-100 px-2 py-7 p-md-7 p-lg-14 h-100 text-start d-flex flex-column align-items-start justify-content-center bg-primary\">\n\t<div data-aos=\"fade-left\">\n\t\t<h3 class=\"h2\">Retrouvez nos indicateurs !<\/h3>\n\t\t<p class=\"fs-18 fs-lg-20\"><\/p>\n\t\t\t\t<a href=\"https:\/\/www.hall32.fr\/ecole\/article\/indicateurs-session-juin-2025\/\" title=\"D\u00e9couvrir les indicateurs 2025\" target=\"\" class=\"btn btn-dark\" data-gtm=\"\" data-name=\"\">D\u00e9couvrir les indicateurs 2025<\/a>\n\t\t\t<\/div>\n<\/div>\n\t\t<\/div>\n\t\t\t\t<\/div>\n<\/div>\n<!-- END OF : Composant : block-periscope-theme-section-composant-bloc-cta.php -->\n\n\n<div class=\"espace \ud83d\ude80 mb-7 mb-lg-7 \" data-aos=\"fade-up\">\n        <div class=\"container\">\n<p><\/p>\n <\/div>\n        <\/div>","protected":false},"excerpt":{"rendered":"<p>La certification qualit\u00e9 des organismes de formation<\/p>\n","protected":false},"author":1,"featured_media":0,"parent":620,"menu_order":4,"comment_status":"closed","ping_status":"closed","template":"","meta":{"_acf_changed":false,"footnotes":""},"class_list":["post-160","page","type-page","status-publish","hentry"],"acf":[],"yoast_head":"<!-- This site is optimized with the Yoast SEO plugin v25.9 - https:\/\/yoast.com\/wordpress\/plugins\/seo\/ -->\n<title>Formations aux m\u00e9tiers de l&#039;industrie certifi\u00e9es QUALIOPI | Hall32<\/title>\n<meta name=\"description\" content=\"Le centre des m\u00e9tiers de l&#039;industrie Hall32 vous propose un large panel de formations continues certifi\u00e9es QUALIOPI garantissant la qualit\u00e9 de ces formations.\" \/>\n<meta name=\"robots\" content=\"index, follow, max-snippet:-1, max-image-preview:large, max-video-preview:-1\" \/>\n<link rel=\"canonical\" href=\"https:\/\/www.hall32.fr\/ecole\/a-propos\/demarche-qualiopi\/\" \/>\n<meta property=\"og:locale\" content=\"fr_FR\" \/>\n<meta property=\"og:type\" content=\"article\" \/>\n<meta property=\"og:title\" content=\"Formations aux m\u00e9tiers de l&#039;industrie certifi\u00e9es QUALIOPI | Hall32\" \/>\n<meta property=\"og:description\" content=\"Le centre des m\u00e9tiers de l&#039;industrie Hall32 vous propose un large panel de formations continues certifi\u00e9es QUALIOPI garantissant la qualit\u00e9 de ces formations.\" \/>\n<meta property=\"og:url\" content=\"https:\/\/www.hall32.fr\/ecole\/a-propos\/demarche-qualiopi\/\" \/>\n<meta property=\"og:site_name\" content=\"Ecole\" \/>\n<meta property=\"article:modified_time\" content=\"2025-10-14T09:35:55+00:00\" \/>\n<meta name=\"twitter:card\" content=\"summary_large_image\" \/>\n<meta name=\"twitter:label1\" content=\"Dur\u00e9e de lecture estim\u00e9e\" \/>\n\t<meta name=\"twitter:data1\" content=\"1 minute\" \/>\n<script type=\"application\/ld+json\" class=\"yoast-schema-graph\">{\"@context\":\"https:\/\/schema.org\",\"@graph\":[{\"@type\":\"WebPage\",\"@id\":\"https:\/\/www.hall32.fr\/ecole\/a-propos\/demarche-qualiopi\/\",\"url\":\"https:\/\/www.hall32.fr\/ecole\/a-propos\/demarche-qualiopi\/\",\"name\":\"Formations aux m\u00e9tiers de l'industrie certifi\u00e9es QUALIOPI | Hall32\",\"isPartOf\":{\"@id\":\"https:\/\/www.hall32.fr\/ecole\/#website\"},\"datePublished\":\"2023-01-03T10:34:55+00:00\",\"dateModified\":\"2025-10-14T09:35:55+00:00\",\"description\":\"Le centre des m\u00e9tiers de l'industrie Hall32 vous propose un large panel de formations continues certifi\u00e9es QUALIOPI garantissant la qualit\u00e9 de ces formations.\",\"breadcrumb\":{\"@id\":\"https:\/\/www.hall32.fr\/ecole\/a-propos\/demarche-qualiopi\/#breadcrumb\"},\"inLanguage\":\"fr-FR\",\"potentialAction\":[{\"@type\":\"ReadAction\",\"target\":[\"https:\/\/www.hall32.fr\/ecole\/a-propos\/demarche-qualiopi\/\"]}]},{\"@type\":\"BreadcrumbList\",\"@id\":\"https:\/\/www.hall32.fr\/ecole\/a-propos\/demarche-qualiopi\/#breadcrumb\",\"itemListElement\":[{\"@type\":\"ListItem\",\"position\":1,\"name\":\"Accueil\",\"item\":\"https:\/\/www.hall32.fr\/ecole\/\"},{\"@type\":\"ListItem\",\"position\":2,\"name\":\"A propos\",\"item\":\"https:\/\/www.hall32.fr\/ecole\/a-propos\/\"},{\"@type\":\"ListItem\",\"position\":3,\"name\":\"Hall 32 est certifi\u00e9 Qualiopi\"}]},{\"@type\":\"WebSite\",\"@id\":\"https:\/\/www.hall32.fr\/ecole\/#website\",\"url\":\"https:\/\/www.hall32.fr\/ecole\/\",\"name\":\"Ecole\",\"description\":\"\",\"potentialAction\":[{\"@type\":\"SearchAction\",\"target\":{\"@type\":\"EntryPoint\",\"urlTemplate\":\"https:\/\/www.hall32.fr\/ecole\/?s={search_term_string}\"},\"query-input\":{\"@type\":\"PropertyValueSpecification\",\"valueRequired\":true,\"valueName\":\"search_term_string\"}}],\"inLanguage\":\"fr-FR\"}]}<\/script>\n<!-- \/ Yoast SEO plugin. -->","yoast_head_json":{"title":"Formations aux m\u00e9tiers de l'industrie certifi\u00e9es QUALIOPI | Hall32","description":"Le centre des m\u00e9tiers de l'industrie Hall32 vous propose un large panel de formations continues certifi\u00e9es QUALIOPI garantissant la qualit\u00e9 de ces formations.","robots":{"index":"index","follow":"follow","max-snippet":"max-snippet:-1","max-image-preview":"max-image-preview:large","max-video-preview":"max-video-preview:-1"},"canonical":"https:\/\/www.hall32.fr\/ecole\/a-propos\/demarche-qualiopi\/","og_locale":"fr_FR","og_type":"article","og_title":"Formations aux m\u00e9tiers de l'industrie certifi\u00e9es QUALIOPI | Hall32","og_description":"Le centre des m\u00e9tiers de l'industrie Hall32 vous propose un large panel de formations continues certifi\u00e9es QUALIOPI garantissant la qualit\u00e9 de ces formations.","og_url":"https:\/\/www.hall32.fr\/ecole\/a-propos\/demarche-qualiopi\/","og_site_name":"Ecole","article_modified_time":"2025-10-14T09:35:55+00:00","twitter_card":"summary_large_image","twitter_misc":{"Dur\u00e9e de lecture estim\u00e9e":"1 minute"},"schema":{"@context":"https:\/\/schema.org","@graph":[{"@type":"WebPage","@id":"https:\/\/www.hall32.fr\/ecole\/a-propos\/demarche-qualiopi\/","url":"https:\/\/www.hall32.fr\/ecole\/a-propos\/demarche-qualiopi\/","name":"Formations aux m\u00e9tiers de l'industrie certifi\u00e9es QUALIOPI | Hall32","isPartOf":{"@id":"https:\/\/www.hall32.fr\/ecole\/#website"},"datePublished":"2023-01-03T10:34:55+00:00","dateModified":"2025-10-14T09:35:55+00:00","description":"Le centre des m\u00e9tiers de l'industrie Hall32 vous propose un large panel de formations continues certifi\u00e9es QUALIOPI garantissant la qualit\u00e9 de ces formations.","breadcrumb":{"@id":"https:\/\/www.hall32.fr\/ecole\/a-propos\/demarche-qualiopi\/#breadcrumb"},"inLanguage":"fr-FR","potentialAction":[{"@type":"ReadAction","target":["https:\/\/www.hall32.fr\/ecole\/a-propos\/demarche-qualiopi\/"]}]},{"@type":"BreadcrumbList","@id":"https:\/\/www.hall32.fr\/ecole\/a-propos\/demarche-qualiopi\/#breadcrumb","itemListElement":[{"@type":"ListItem","position":1,"name":"Accueil","item":"https:\/\/www.hall32.fr\/ecole\/"},{"@type":"ListItem","position":2,"name":"A propos","item":"https:\/\/www.hall32.fr\/ecole\/a-propos\/"},{"@type":"ListItem","position":3,"name":"Hall 32 est certifi\u00e9 Qualiopi"}]},{"@type":"WebSite","@id":"https:\/\/www.hall32.fr\/ecole\/#website","url":"https:\/\/www.hall32.fr\/ecole\/","name":"Ecole","description":"","potentialAction":[{"@type":"SearchAction","target":{"@type":"EntryPoint","urlTemplate":"https:\/\/www.hall32.fr\/ecole\/?s={search_term_string}"},"query-input":{"@type":"PropertyValueSpecification","valueRequired":true,"valueName":"search_term_string"}}],"inLanguage":"fr-FR"}]}},"_links":{"self":[{"href":"https:\/\/www.hall32.fr\/ecole\/wp-json\/wp\/v2\/pages\/160","targetHints":{"allow":["GET"]}}],"collection":[{"href":"https:\/\/www.hall32.fr\/ecole\/wp-json\/wp\/v2\/pages"}],"about":[{"href":"https:\/\/www.hall32.fr\/ecole\/wp-json\/wp\/v2\/types\/page"}],"author":[{"embeddable":true,"href":"https:\/\/www.hall32.fr\/ecole\/wp-json\/wp\/v2\/users\/1"}],"replies":[{"embeddable":true,"href":"https:\/\/www.hall32.fr\/ecole\/wp-json\/wp\/v2\/comments?post=160"}],"version-history":[{"count":3,"href":"https:\/\/www.hall32.fr\/ecole\/wp-json\/wp\/v2\/pages\/160\/revisions"}],"predecessor-version":[{"id":4307,"href":"https:\/\/www.hall32.fr\/ecole\/wp-json\/wp\/v2\/pages\/160\/revisions\/4307"}],"up":[{"embeddable":true,"href":"https:\/\/www.hall32.fr\/ecole\/wp-json\/wp\/v2\/pages\/620"}],"wp:attachment":[{"href":"https:\/\/www.hall32.fr\/ecole\/wp-json\/wp\/v2\/media?parent=160"}],"curies":[{"name":"wp","href":"https:\/\/api.w.org\/{rel}","templated":true}]}}