{"id":17,"date":"2022-12-23T11:55:44","date_gmt":"2022-12-23T10:55:44","guid":{"rendered":"https:\/\/www.hall32.fr\/ecole\/?page_id=17"},"modified":"2025-11-13T15:49:16","modified_gmt":"2025-11-13T14:49:16","slug":"maintenance-des-systemes-de-production-msp","status":"publish","type":"page","link":"https:\/\/www.hall32.fr\/ecole\/formations\/nos-bts\/maintenance-des-systemes-de-production-msp\/","title":{"rendered":"Maintenance des syst\u00e8mes (MSP), option A syst\u00e8mes de production\u00a0"},"content":{"rendered":"<!-- START OF : Composant : block-periscope-theme-section-composant-intertitre.php -->\n\n<div class=\"espace \ud83d\ude80\" data-aos=\"fade-up\">\n\t<div class=\"\">\n\t\t<h2 class=\"h2 \">En r\u00e9sum\u00e9<\/h2>\n\t<\/div>\n<\/div>\n<!-- END OF : Composant : block-periscope-theme-section-composant-intertitre.php -->\n\n\n<div class=\"espace \ud83d\ude80 mb-7 mb-lg-7 \" data-aos=\"fade-up\">\n        <div class=\"\">\n<p>Le ou la technicien(ne) de maintenance veille au bon fonctionnement du syst\u00e8me de production dans une logique d\u2019optimisation. Eviter les pannes et les interruptions potentielles de la production en entretenant les machines et en les contr\u00f4lant. Son r\u00f4le est donc essentiel pour l\u2019entreprise industrielle. Lorsqu\u2019un dysfonctionnement intervient, il ou elle doit r\u00e9agir rapidement pour \u00e9tablir un diagnostic et r\u00e9aliser la maintenance de la machine.<\/p>\n <\/div>\n        <\/div>\n\n<!-- START OF : Composant : block-periscope-theme-section-composant-opportunite.php -->\n<div class=\"espace \ud83d\ude80 mb-7 mb-lg-8\">\n\t\t<div class=\"opportunite p-3 mb-3 mb-lg-4\">\n\t\t<h3 class=\"h3\">Pr\u00e9requis<\/h3>\n\t\tAvoir le BAC ou titre de niveau IV\n\t<\/div>\n\t\t<div class=\"opportunite p-3 mb-3 mb-lg-4\">\n\t\t<h3 class=\"h3\">M\u00e9tiers vis\u00e9s<\/h3>\n\t\t<ul>\n<li>Technicien de maintenance industrielle<\/li>\n<li>Technicien en automatismes<\/li>\n<\/ul>\n\t<\/div>\n\t\t<div class=\"opportunite p-3 mb-3 mb-lg-4\">\n\t\t<h3 class=\"h3\">Poursuite d\u2019\u00e9tudes<\/h3>\n\t\t<ul>\n<li>License pro Maintenance des Syst\u00e8mes Industriels (MSI)<\/li>\n<li>License pro Syst\u00e8mes Industriels Automatis\u00e9s et Maintenance (SIAM)<\/li>\n<li>Ecole d\u2019ing\u00e9nieurs<\/li>\n<li>Pour obtenir des informations sur les passerelles, contactez-nous \u00e0 l\u2019adresse suivante\u00a0: <a href=\"mailto:cfa@hall32.fr\">cfa@hall32.fr<\/a><\/li>\n<\/ul>\n\t<\/div>\n\t<\/div>\n<!-- END OF : Composant : block-periscope-theme-section-composant-opportunite.php -->\n\n\n<!-- START OF : Composant : block-periscope-theme-section-composant-programme.php -->\n<div class=\"espace \ud83d\ude80 mb-7 mb-lg-8\">\n\t\t<h2 class=\"h3\">Programme<\/h2>\n\t\t        <div class=\"accordeon-programme p-3 mb-3 mb-lg-4 fs-lg-17\">\n\t\t<h3 class=\"fs-16 fs-lg-18 mb-0\">\n\t\t<a class=\"accordeon-programme__title d-block fw-bold position-relative pe-7 text-decoration-none text-decoration-hover-underline\" data-bs-toggle=\"collapse\" href=\"#collapseExample1\" role=\"button\" aria-expanded=\"false\" aria-controls=\"collapseExample1\">R\u00e9aliser les interventions de maintenance<\/a>\n\t<\/h3>\n\t\t<div class=\"fs-16 fs-lg-18 collapse\" id=\"collapseExample1\">\n\t\t\t\t<ul>\n<li>Diagnostiquer, d\u00e9panner, r\u00e9aliser des travaux d\u2019am\u00e9lioration et identifier les risques pour les personnes et l\u2019environnement<\/li>\n<\/ul>\n\t\t\t<\/div>\n<\/div>\n                    <div class=\"accordeon-programme p-3 mb-3 mb-lg-4 fs-lg-17\">\n\t\t<h3 class=\"fs-16 fs-lg-18 mb-0\">\n\t\t<a class=\"accordeon-programme__title d-block fw-bold position-relative pe-7 text-decoration-none text-decoration-hover-underline\" data-bs-toggle=\"collapse\" href=\"#collapseExample2\" role=\"button\" aria-expanded=\"false\" aria-controls=\"collapseExample2\">Analyser le fonctionnement d\u2019un bien<\/a>\n\t<\/h3>\n\t\t<div class=\"fs-16 fs-lg-18 collapse\" id=\"collapseExample2\">\n\t\t\t\t<ul>\n<li>Analyser la fiabilit\u00e9, la maintenabilit\u00e9, la s\u00e9curit\u00e9 et l\u2019organisation fonctionnelle<\/li>\n<li>Identifier et caract\u00e9riser la cha\u00eene d\u2019\u00e9nergie et d\u2019information<\/li>\n<\/ul>\n\t\t\t<\/div>\n<\/div>\n                    <div class=\"accordeon-programme p-3 mb-3 mb-lg-4 fs-lg-17\">\n\t\t<h3 class=\"fs-16 fs-lg-18 mb-0\">\n\t\t<a class=\"accordeon-programme__title d-block fw-bold position-relative pe-7 text-decoration-none text-decoration-hover-underline\" data-bs-toggle=\"collapse\" href=\"#collapseExample3\" role=\"button\" aria-expanded=\"false\" aria-controls=\"collapseExample3\">Organiser l\u2019activit\u00e9 de maintenance<\/a>\n\t<\/h3>\n\t\t<div class=\"fs-16 fs-lg-18 collapse\" id=\"collapseExample3\">\n\t\t\t\t<ul>\n<li>Organiser la strat\u00e9gie et la logistique de la maintenance<\/li>\n<li>Pr\u00e9parer les interventions de la maintenance et les travaux d\u2019am\u00e9lioration ou d\u2019int\u00e9gration d\u2019un nouveau bien<\/li>\n<\/ul>\n\t\t\t<\/div>\n<\/div>\n                    <div class=\"accordeon-programme p-3 mb-3 mb-lg-4 fs-lg-17\">\n\t\t<h3 class=\"fs-16 fs-lg-18 mb-0\">\n\t\t<a class=\"accordeon-programme__title d-block fw-bold position-relative pe-7 text-decoration-none text-decoration-hover-underline\" data-bs-toggle=\"collapse\" href=\"#collapseExample4\" role=\"button\" aria-expanded=\"false\" aria-controls=\"collapseExample4\">Concevoir des solutions techniques<\/a>\n\t<\/h3>\n\t\t<div class=\"fs-16 fs-lg-18 collapse\" id=\"collapseExample4\">\n\t\t\t\t<ul>\n<li>Proposer et\/ou concevoir des solutions d\u2019am\u00e9lioration<\/li>\n<\/ul>\n\t\t\t<\/div>\n<\/div>\n                    <div class=\"accordeon-programme p-3 mb-3 mb-lg-4 fs-lg-17\">\n\t\t<h3 class=\"fs-16 fs-lg-18 mb-0\">\n\t\t<a class=\"accordeon-programme__title d-block fw-bold position-relative pe-7 text-decoration-none text-decoration-hover-underline\" data-bs-toggle=\"collapse\" href=\"#collapseExample5\" role=\"button\" aria-expanded=\"false\" aria-controls=\"collapseExample5\">Communiquer les informations techniques<\/a>\n\t<\/h3>\n\t\t<div class=\"fs-16 fs-lg-18 collapse\" id=\"collapseExample5\">\n\t\t\t\t<ul>\n<li>R\u00e9diger des comptes rendus et renseigner les outils de maintenance<\/li>\n<\/ul>\n\t\t\t<\/div>\n<\/div>\n                    <div class=\"accordeon-programme p-3 mb-3 mb-lg-4 fs-lg-17\">\n\t\t<h3 class=\"fs-16 fs-lg-18 mb-0\">\n\t\t<a class=\"accordeon-programme__title d-block fw-bold position-relative pe-7 text-decoration-none text-decoration-hover-underline\" data-bs-toggle=\"collapse\" href=\"#collapseExample6\" role=\"button\" aria-expanded=\"false\" aria-controls=\"collapseExample6\">Conduire un bien et optimiser son exploitation<\/a>\n\t<\/h3>\n\t\t<div class=\"fs-16 fs-lg-18 collapse\" id=\"collapseExample6\">\n\t\t\t\t<ul>\n<li>Assurer la mise en service, l\u2019arr\u00eat et r\u00e9aliser la conduite du bien<\/li>\n<\/ul>\n\t\t\t<\/div>\n<\/div>\n            <\/div>\n<!-- END OF : Composant : block-periscope-theme-section-composant-programme.php -->\n\n\n<!-- START OF : Composant : block-periscope-theme-section-composant-intertitre.php -->\n\n<div class=\"espace \ud83d\ude80\" data-aos=\"fade-up\">\n\t<div class=\"\">\n\t\t<h3 class=\"h3 \">Dur\u00e9e et rythme <\/h3>\n\t<\/div>\n<\/div>\n<!-- END OF : Composant : block-periscope-theme-section-composant-intertitre.php -->\n\n\n<div class=\"espace \ud83d\ude80 mb-7 mb-lg-7 \" data-aos=\"fade-up\">\n        <div class=\"\">\n<p>Le calendrier d\u2019alternance est pr\u00e9cis\u00e9 \u00e0 chaque rentr\u00e9e scolaire. Il alterne 2 semaines en entreprise et 2 semaines \u00e0 Hall 32.<\/p>\n <\/div>\n        <\/div>\n\n<!-- START OF : Composant : block-periscope-theme-section-composant-calendrier.php -->\n<div class=\"espace \ud83d\ude80 mb-7 mb-lg-8\">\n\t        <div class=\"duree-rythme d-flex justify-content-between border-bottom py-3 fs-lg-20\">\n\t\t<strong>Enseignements professionnels<\/strong>\n\t\t\t<strong class=\"text-success\">739 h<\/strong>\n\t<\/div>\n            <div class=\"duree-rythme d-flex justify-content-between border-bottom py-3 fs-lg-20\">\n\t\t<strong>Enseignements g\u00e9n\u00e9raux<\/strong>\n\t\t\t<strong class=\"text-success\">579 h<\/strong>\n\t<\/div>\n            <div class=\"duree-rythme d-flex justify-content-between border-bottom py-3 fs-lg-20\">\n\t\t<strong>Accompagnement individuel<\/strong>\n\t\t\t<strong class=\"text-success\">82 h<\/strong>\n\t<\/div>\n    <\/div>\n<!-- END OF : Composant : block-periscope-theme-section-composant-calendrier.php -->\n\n\n<!-- START OF : Composant : block-periscope-theme-section-composant-objectif.php -->\n<div class=\"espace \ud83d\ude80 mb-7 mb-lg-8\">\n\t<div class=\"objectif px-4 py-7\">\n\t\t<h2 class=\"h3 text-primary\">Objectifs de la formation<\/h2>\n\t\t<ul class=\"text-white\">\n<li>Assurer la maintenance des \u00e9quipements (pr\u00e9ventive, curative, pr\u00e9dictive, etc.)<\/li>\n<li>Optimiser les performances des \u00e9quipements (qualit\u00e9, s\u00e9curit\u00e9, productivit\u00e9, etc.)<\/li>\n<li>R\u00e9aliser et piloter des interventions de maintenance sur des syst\u00e8mes industriels complexes<\/li>\n<li>Am\u00e9liorer un bien et installer de nouveaux syst\u00e8mes<\/li>\n<li>Piloter la maintenance en utilisant les outils de la maintenance, GMAO<\/li>\n<\/ul>\n\t<\/div>\n<\/div>\n<!-- END OF : Composant : block-periscope-theme-section-composant-objectif.php -->\n\n\n<!-- START OF : Composant : block-periscope-theme-section-composant-image-pleine-largeur.php -->\n\t<div class=\"espace \ud83d\ude80 mb-7 mb-lg-8\">\n\t<img decoding=\"async\" src=\"https:\/\/www.hall32.fr\/ecole\/wp-content\/uploads\/sites\/2\/2025\/10\/5N5A2839.jpg\" alt=\"Apprenants en bts \u00e0 hall 32 avec un formateur en maintenance\">\n\t<p class=\"image__legend pt-1 text-center text-lg-end\"><\/p>\n<\/div>\n\t<!-- END OF : Composant : block-periscope-theme-section-composant-image-pleine-largeur.php -->\n\n\n<!-- START OF : Composant : block-periscope-theme-section-composant-intertitre.php -->\n\n<div class=\"espace \ud83d\ude80\" data-aos=\"fade-up\">\n\t<div class=\"\">\n\t\t<h3 class=\"h3 \">Aptitudes et comp\u00e9tences vis\u00e9es<\/h3>\n\t<\/div>\n<\/div>\n<!-- END OF : Composant : block-periscope-theme-section-composant-intertitre.php -->\n\n\n<div class=\"espace \ud83d\ude80 mb-7 mb-lg-7 \" data-aos=\"fade-up\">\n        <div class=\"\">\n<ul class=\"wp-block-list\">\n<li>Diagnostiquer des pannes<\/li>\n\n\n\n<li>R\u00e9parer, d\u00e9panner et remettre en service<\/li>\n\n\n\n<li>Identifier les risques pour les personnes ou l\u2019environnement, d\u00e9finir et respecter les mesures de pr\u00e9vention adapt\u00e9e<\/li>\n\n\n\n<li>Analyser la fiabilit\u00e9, la maintenabilit\u00e9 et la s\u00e9curit\u00e9<\/li>\n\n\n\n<li>Organiser la strat\u00e9gie et la logistique de maintenance<\/li>\n\n\n\n<li>Pr\u00e9parer les interventions de maintenance corrective et pr\u00e9ventive<\/li>\n\n\n\n<li>Assurer la mise en service et l\u2019arr\u00eat<\/li>\n\n\n\n<li>R\u00e9aliser la conduite du bien<\/li>\n\n\n\n<li>R\u00e9diger des comptes-rendus et renseigner les outils de maintenance<\/li>\n\n\n\n<li>Proposer et\/ou concevoir des solutions pluri techniques d\u2019am\u00e9lioration<\/li>\n\n\n\n<li>Pr\u00e9parer les travaux d\u2019am\u00e9lioration ou d\u2019int\u00e9gration d\u2019un nouveau bien<\/li>\n\n\n\n<li>R\u00e9aliser des travaux d\u2019am\u00e9lioration, r\u00e9ceptionner un nouveau bien<\/li>\n<\/ul>\n <\/div>\n        <\/div>\n\n<!-- START OF : Composant : block-periscope-theme-section-composant-modalite.php -->\n<div class=\"espace \ud83d\ude80 mb-7 mb-lg-8\">\n\t\t<h2 class=\"h3\">Modalit\u00e9s de validation et d\u2019\u00e9valuation de la formation<\/h2>\n\t\t<div class=\"modalites fs-20 d-lg-flex align-items-center flex-colmun flex-lg-row fw-bold text-center text-lg-start\">\n\t\t\t\t\t<div class=\"pb-3 pb-lg-0 pe-lg-5\">CCF<\/div>\n\t\t\t\t\t\t\t\t<div class=\"pb-3 pb-lg-0 pt-3 pt-lg-0 ps-lg-5 pe-lg-5\">Soutenance de rapport de stage<\/div>\n\t\t\t\t\t\t\t\t<div class=\"pb-3 pb-lg-0 pt-3 pt-lg-0 ps-lg-5 pe-lg-5\">\u00c9preuves ponctuelles<\/div>\n\t\t\t\t<\/div>\n<\/div>\n<!-- END OF : Composant : block-periscope-theme-section-composant-modalite.php -->\n\n\n<div class=\"espace \ud83d\ude80 mb-7 mb-lg-7 \" data-aos=\"fade-up\">\n        <div class=\"\">\n<p>Chaque unit\u00e9 constitutive du dipl\u00f4me \u00e9quivaut \u00e0 un bloc de comp\u00e9tences. Toutes les unit\u00e9s pour lesquelles un candidat a obtenu une note \u00e9gale ou sup\u00e9rieure \u00e0 10 sur 20 feront l\u2019objet d\u2019une attestation reconnaissant la maitrise des comp\u00e9tences li\u00e9es \u00e0 un bloc, ce qui lui permettra de poursuivre la formation.<\/p>\n <\/div>\n        <\/div>\n\n<!-- START OF : Composant : block-periscope-theme-section-composant-miseenavant.php -->\n<div class=\"espace \ud83d\ude80 mb-7 mb-lg-8\">\n\t<div class=\"bg-danger text-white p-3 px-lg-8 py-lg-7 mb-3 mb-lg-4\">\n\t\t\t\t<h3 class=\"h3 text-center text-white\">Moyens mat\u00e9riels<\/h3>\n\t\t\t\t<h4 class=\"h5 text-white\">Salle de formation<\/h4>\n<p>Vid\u00e9o Projecteur Interactif<br \/>\nAudio<br \/>\nTableau<\/p>\n<h4 class=\"h5 text-white\">Support informatique<\/h4>\n<p>PC et logiciels (Solidworks, Autocad, Autodesk, Factory IO, Robot Studio, Pack Office)<\/p>\n<h4 class=\"h5 text-white\">\u00c9quipe p\u00e9dagogique<\/h4>\n<p>Elle est constitu\u00e9e de formateurs d\u00e9di\u00e9s aux enseignements techniques et enseignements g\u00e9n\u00e9raux<\/p>\n\t\t\t<\/div>\n<\/div>\n<!-- END OF : Composant : block-periscope-theme-section-composant-miseenavant.php -->\n\n\n<!-- START OF : Composant : block-periscope-theme-section-composant-miseenavant.php -->\n<div class=\"espace \ud83d\ude80 mb-7 mb-lg-8\">\n\t<div class=\"bg-danger text-white p-3 px-lg-8 py-lg-7 mb-3 mb-lg-4\">\n\t\t\t\t<h3 class=\"h3 text-center text-white\">\u00c9quipement obligatoire<\/h3>\n\t\t\t\t<h4 class=\"h5 text-white\">EPI<\/h4>\n<p>Fournis par Hall32<\/p>\n<h4 class=\"h5 text-white\">PC portable<\/h4>\n<p>100% du prix d\u2019achat \u00e0 votre charge avec facilit\u00e9 de paiement<\/p>\n\t\t\t<\/div>\n<\/div>\n<!-- END OF : Composant : block-periscope-theme-section-composant-miseenavant.php -->\n\n\n<!-- START OF : Composant : block-periscope-theme-section-composant-etapes.php -->\n<div class=\"espace \ud83d\ude80 mb-7 mb-lg-8\">\n    <div class=\"container\">\n                <h2 class=\"h3\">Recrutement<\/h2>\n                <div class=\"row align-items-lg-center mb-4\">\n\t<div class=\"col col--recrutement\">\n\t\t<div class=\"h1 mb-0 text-success lh-1 pt-1 pt-lg-2\">01<\/div>\n\t<\/div>\n\t<div class=\"col border-start\">\n\t    \t\t<div class=\"fw-bold fs-20\">\u00c0 partir de f\u00e9vrier<\/div>\n\t    \t    \t\tDossier de candidature \/ Parcoursup\t    \t<\/div>\n<\/div>\n<div class=\"row align-items-lg-center mb-4\">\n\t<div class=\"col col--recrutement\">\n\t\t<div class=\"h1 mb-0 text-success lh-1 pt-1 pt-lg-2\">02<\/div>\n\t<\/div>\n\t<div class=\"col border-start\">\n\t    \t\t<div class=\"fw-bold fs-20\">D\u2019avril \u00e0 juin<\/div>\n\t    \t    \t\tEntretien de motivation\t    \t<\/div>\n<\/div>\n<div class=\"row align-items-lg-center mb-4\">\n\t<div class=\"col col--recrutement\">\n\t\t<div class=\"h1 mb-0 text-success lh-1 pt-1 pt-lg-2\">03<\/div>\n\t<\/div>\n\t<div class=\"col border-start\">\n\t    \t\t<div class=\"fw-bold fs-20\">De mai \u00e0 juin<\/div>\n\t    \t    \t\tD\u00e9cision d\u2019admissibilit\u00e9\t    \t<\/div>\n<\/div>\n<div class=\"row align-items-lg-center mb-4\">\n\t<div class=\"col col--recrutement\">\n\t\t<div class=\"h1 mb-0 text-success lh-1 pt-1 pt-lg-2\">04<\/div>\n\t<\/div>\n\t<div class=\"col border-start\">\n\t    \t\t<div class=\"fw-bold fs-20\">De mars \u00e0 septembre<\/div>\n\t    \t    \t\tRecherche d\u2019une entreprise\t    \t<\/div>\n<\/div>\n<div class=\"row align-items-lg-center mb-4\">\n\t<div class=\"col col--recrutement\">\n\t\t<div class=\"h1 mb-0 text-success lh-1 pt-1 pt-lg-2\">05<\/div>\n\t<\/div>\n\t<div class=\"col border-start\">\n\t    \t\t<div class=\"fw-bold fs-20\">De juillet \u00e0 septembre <\/div>\n\t    \t    \t\tSignature du contrat et de la convention de formation\t    \t<\/div>\n<\/div>\n    <\/div>\n<\/div>\n<!-- END OF : Composant : block-periscope-theme-section-composant-etapes.php -->\n\n\n<!-- START OF : Composant : block-periscope-theme-section-composant-miseenavant.php -->\n<div class=\"espace \ud83d\ude80 mb-7 mb-lg-8\">\n\t<div class=\"bg-success text-white p-3 px-lg-8 py-lg-7 mb-3 mb-lg-4\">\n\t\t\t\t<h3 class=\"h3 text-center text-white\">Financement<\/h3>\n\t\t\t\t<p>La formation est prise en charge par l\u2019employeur et subventionn\u00e9e par les OPCO. Elle est gratuite pour l\u2019apprenti.<\/p>\n<p>Tarification employeur : contacter l\u2019\u00e9quipe p\u00e9dagogique \u00e0 l\u2019adresse <a href=\"mailto:cfa@hall32.fr\">cfa@hall32.fr<\/a><\/p>\n\t\t\t<\/div>\n<\/div>\n<!-- END OF : Composant : block-periscope-theme-section-composant-miseenavant.php -->\n\n\n<!-- START OF : Composant : block-periscope-theme-section-composant-intertitre.php -->\n\n<div class=\"espace \ud83d\ude80\" data-aos=\"fade-up\">\n\t<div class=\"\">\n\t\t<h4 class=\"h4 \">Accessibilit\u00e9<\/h4>\n\t<\/div>\n<\/div>\n<!-- END OF : Composant : block-periscope-theme-section-composant-intertitre.php -->\n\n\n<div class=\"espace \ud83d\ude80 mb-7 mb-lg-7 \" data-aos=\"fade-up\">\n        <div class=\"\">\n<p>Vous \u00eates en situation de handicap et vous souhaitez participer \u00e0 l\u2019une de nos formations&nbsp;? Faites-le nous savoir, nous mettrons tout en \u0153uvre pour trouver une solution adapt\u00e9e.<br>N\u2019h\u00e9sitez pas \u00e0 contacter Fr\u00e9d\u00e9ric Lagente, notre r\u00e9f\u00e9rent handicap&nbsp;: <a href=\"mailto:handicap@hall32.fr\">handicap@hall32.fr<\/a><\/p>\n <\/div>\n        <\/div>\n\n<!-- START OF : Composant : block-periscope-theme-section-composant-intertitre.php -->\n\n<div class=\"espace \ud83d\ude80\" data-aos=\"fade-up\">\n\t<div class=\"\">\n\t\t<h4 class=\"h4 \">Identification<\/h4>\n\t<\/div>\n<\/div>\n<!-- END OF : Composant : block-periscope-theme-section-composant-intertitre.php -->\n\n\n<div class=\"espace \ud83d\ude80 mb-7 mb-lg-7 \" data-aos=\"fade-up\">\n        <div class=\"\">\n<p>RNCP MSP : 36968<br>Libell\u00e9 exacte de la certification : BTS Maintenance des Syst\u00e8mes option A syst\u00e8mes de production&nbsp;<br>Certificateur : Minist\u00e8re de l\u2019Enseignement Sup\u00e9rieur et de la Recherche<br>Date de publication : 19-10-2022<br>Date d&rsquo;\u00e9ch\u00e9ance de l&rsquo;enregistrement : 31-08-2027<\/p>\n <\/div>\n        <\/div>\n\n<div class=\"espace \ud83d\ude80 mb-7 mb-lg-7 \" data-aos=\"fade-up\">\n        <div class=\"\">\n<p>Derni\u00e8re mise \u00e0 jour : Novembre 2025<\/p>\n <\/div>\n        <\/div>","protected":false},"excerpt":{"rendered":"<p>On compte sur toi pour anticiper et r\u00e9parer les pannes. Le suivi des datas t\u2019aidera.<\/p>\n","protected":false},"author":1,"featured_media":0,"parent":1245,"menu_order":0,"comment_status":"closed","ping_status":"closed","template":"template-formation.php","meta":{"_acf_changed":false,"footnotes":""},"class_list":["post-17","page","type-page","status-publish","hentry"],"acf":[],"yoast_head":"<!-- This site is optimized with the Yoast SEO plugin v25.9 - https:\/\/yoast.com\/wordpress\/plugins\/seo\/ -->\n<title>Formation Maintenance des syst\u00e8mes (MSP), option A syst\u00e8mes de production\u00a0 - Ecole<\/title>\n<meta name=\"description\" content=\"Le ou la technicien(ne) de maintenance veille au bon fonctionnement du syst\u00e8me de production dans une logique d\u2019optimisation.\" \/>\n<meta name=\"robots\" content=\"index, follow, max-snippet:-1, max-image-preview:large, max-video-preview:-1\" \/>\n<link rel=\"canonical\" href=\"https:\/\/www.hall32.fr\/ecole\/formations\/nos-bts\/maintenance-des-systemes-de-production-msp\/\" \/>\n<meta property=\"og:locale\" content=\"fr_FR\" \/>\n<meta property=\"og:type\" content=\"article\" \/>\n<meta property=\"og:title\" content=\"Formation Maintenance des syst\u00e8mes (MSP), option A syst\u00e8mes de production\u00a0 - Ecole\" \/>\n<meta property=\"og:description\" content=\"Le ou la technicien(ne) de maintenance veille au bon fonctionnement du syst\u00e8me de production dans une logique d\u2019optimisation.\" \/>\n<meta property=\"og:url\" content=\"https:\/\/www.hall32.fr\/ecole\/formations\/nos-bts\/maintenance-des-systemes-de-production-msp\/\" \/>\n<meta property=\"og:site_name\" content=\"Ecole\" \/>\n<meta property=\"article:modified_time\" content=\"2025-11-13T14:49:16+00:00\" \/>\n<meta name=\"twitter:card\" content=\"summary_large_image\" \/>\n<meta name=\"twitter:label1\" content=\"Dur\u00e9e de lecture estim\u00e9e\" \/>\n\t<meta name=\"twitter:data1\" content=\"2 minutes\" \/>\n<script type=\"application\/ld+json\" class=\"yoast-schema-graph\">{\"@context\":\"https:\/\/schema.org\",\"@graph\":[{\"@type\":\"WebPage\",\"@id\":\"https:\/\/www.hall32.fr\/ecole\/formations\/nos-bts\/maintenance-des-systemes-de-production-msp\/\",\"url\":\"https:\/\/www.hall32.fr\/ecole\/formations\/nos-bts\/maintenance-des-systemes-de-production-msp\/\",\"name\":\"Formation Maintenance des syst\u00e8mes (MSP), option A syst\u00e8mes de production\u00a0 - Ecole\",\"isPartOf\":{\"@id\":\"https:\/\/www.hall32.fr\/ecole\/#website\"},\"datePublished\":\"2022-12-23T10:55:44+00:00\",\"dateModified\":\"2025-11-13T14:49:16+00:00\",\"description\":\"Le ou la technicien(ne) de maintenance veille au bon fonctionnement du syst\u00e8me de production dans une logique d\u2019optimisation.\",\"breadcrumb\":{\"@id\":\"https:\/\/www.hall32.fr\/ecole\/formations\/nos-bts\/maintenance-des-systemes-de-production-msp\/#breadcrumb\"},\"inLanguage\":\"fr-FR\",\"potentialAction\":[{\"@type\":\"ReadAction\",\"target\":[\"https:\/\/www.hall32.fr\/ecole\/formations\/nos-bts\/maintenance-des-systemes-de-production-msp\/\"]}]},{\"@type\":\"BreadcrumbList\",\"@id\":\"https:\/\/www.hall32.fr\/ecole\/formations\/nos-bts\/maintenance-des-systemes-de-production-msp\/#breadcrumb\",\"itemListElement\":[{\"@type\":\"ListItem\",\"position\":1,\"name\":\"Accueil\",\"item\":\"https:\/\/www.hall32.fr\/ecole\/\"},{\"@type\":\"ListItem\",\"position\":2,\"name\":\"Nos formations\",\"item\":\"https:\/\/www.hall32.fr\/ecole\/formations\/\"},{\"@type\":\"ListItem\",\"position\":3,\"name\":\"Nos BTS\",\"item\":\"https:\/\/www.hall32.fr\/ecole\/formations\/nos-bts\/\"},{\"@type\":\"ListItem\",\"position\":4,\"name\":\"Maintenance des syst\u00e8mes (MSP), option A syst\u00e8mes de production\u00a0\"}]},{\"@type\":\"WebSite\",\"@id\":\"https:\/\/www.hall32.fr\/ecole\/#website\",\"url\":\"https:\/\/www.hall32.fr\/ecole\/\",\"name\":\"Ecole\",\"description\":\"\",\"potentialAction\":[{\"@type\":\"SearchAction\",\"target\":{\"@type\":\"EntryPoint\",\"urlTemplate\":\"https:\/\/www.hall32.fr\/ecole\/?s={search_term_string}\"},\"query-input\":{\"@type\":\"PropertyValueSpecification\",\"valueRequired\":true,\"valueName\":\"search_term_string\"}}],\"inLanguage\":\"fr-FR\"}]}<\/script>\n<!-- \/ Yoast SEO plugin. -->","yoast_head_json":{"title":"Formation Maintenance des syst\u00e8mes (MSP), option A syst\u00e8mes de production\u00a0 - Ecole","description":"Le ou la technicien(ne) de maintenance veille au bon fonctionnement du syst\u00e8me de production dans une logique d\u2019optimisation.","robots":{"index":"index","follow":"follow","max-snippet":"max-snippet:-1","max-image-preview":"max-image-preview:large","max-video-preview":"max-video-preview:-1"},"canonical":"https:\/\/www.hall32.fr\/ecole\/formations\/nos-bts\/maintenance-des-systemes-de-production-msp\/","og_locale":"fr_FR","og_type":"article","og_title":"Formation Maintenance des syst\u00e8mes (MSP), option A syst\u00e8mes de production\u00a0 - Ecole","og_description":"Le ou la technicien(ne) de maintenance veille au bon fonctionnement du syst\u00e8me de production dans une logique d\u2019optimisation.","og_url":"https:\/\/www.hall32.fr\/ecole\/formations\/nos-bts\/maintenance-des-systemes-de-production-msp\/","og_site_name":"Ecole","article_modified_time":"2025-11-13T14:49:16+00:00","twitter_card":"summary_large_image","twitter_misc":{"Dur\u00e9e de lecture estim\u00e9e":"2 minutes"},"schema":{"@context":"https:\/\/schema.org","@graph":[{"@type":"WebPage","@id":"https:\/\/www.hall32.fr\/ecole\/formations\/nos-bts\/maintenance-des-systemes-de-production-msp\/","url":"https:\/\/www.hall32.fr\/ecole\/formations\/nos-bts\/maintenance-des-systemes-de-production-msp\/","name":"Formation Maintenance des syst\u00e8mes (MSP), option A syst\u00e8mes de production\u00a0 - Ecole","isPartOf":{"@id":"https:\/\/www.hall32.fr\/ecole\/#website"},"datePublished":"2022-12-23T10:55:44+00:00","dateModified":"2025-11-13T14:49:16+00:00","description":"Le ou la technicien(ne) de maintenance veille au bon fonctionnement du syst\u00e8me de production dans une logique d\u2019optimisation.","breadcrumb":{"@id":"https:\/\/www.hall32.fr\/ecole\/formations\/nos-bts\/maintenance-des-systemes-de-production-msp\/#breadcrumb"},"inLanguage":"fr-FR","potentialAction":[{"@type":"ReadAction","target":["https:\/\/www.hall32.fr\/ecole\/formations\/nos-bts\/maintenance-des-systemes-de-production-msp\/"]}]},{"@type":"BreadcrumbList","@id":"https:\/\/www.hall32.fr\/ecole\/formations\/nos-bts\/maintenance-des-systemes-de-production-msp\/#breadcrumb","itemListElement":[{"@type":"ListItem","position":1,"name":"Accueil","item":"https:\/\/www.hall32.fr\/ecole\/"},{"@type":"ListItem","position":2,"name":"Nos formations","item":"https:\/\/www.hall32.fr\/ecole\/formations\/"},{"@type":"ListItem","position":3,"name":"Nos BTS","item":"https:\/\/www.hall32.fr\/ecole\/formations\/nos-bts\/"},{"@type":"ListItem","position":4,"name":"Maintenance des syst\u00e8mes (MSP), option A syst\u00e8mes de production\u00a0"}]},{"@type":"WebSite","@id":"https:\/\/www.hall32.fr\/ecole\/#website","url":"https:\/\/www.hall32.fr\/ecole\/","name":"Ecole","description":"","potentialAction":[{"@type":"SearchAction","target":{"@type":"EntryPoint","urlTemplate":"https:\/\/www.hall32.fr\/ecole\/?s={search_term_string}"},"query-input":{"@type":"PropertyValueSpecification","valueRequired":true,"valueName":"search_term_string"}}],"inLanguage":"fr-FR"}]}},"_links":{"self":[{"href":"https:\/\/www.hall32.fr\/ecole\/wp-json\/wp\/v2\/pages\/17","targetHints":{"allow":["GET"]}}],"collection":[{"href":"https:\/\/www.hall32.fr\/ecole\/wp-json\/wp\/v2\/pages"}],"about":[{"href":"https:\/\/www.hall32.fr\/ecole\/wp-json\/wp\/v2\/types\/page"}],"author":[{"embeddable":true,"href":"https:\/\/www.hall32.fr\/ecole\/wp-json\/wp\/v2\/users\/1"}],"replies":[{"embeddable":true,"href":"https:\/\/www.hall32.fr\/ecole\/wp-json\/wp\/v2\/comments?post=17"}],"version-history":[{"count":3,"href":"https:\/\/www.hall32.fr\/ecole\/wp-json\/wp\/v2\/pages\/17\/revisions"}],"predecessor-version":[{"id":4342,"href":"https:\/\/www.hall32.fr\/ecole\/wp-json\/wp\/v2\/pages\/17\/revisions\/4342"}],"up":[{"embeddable":true,"href":"https:\/\/www.hall32.fr\/ecole\/wp-json\/wp\/v2\/pages\/1245"}],"wp:attachment":[{"href":"https:\/\/www.hall32.fr\/ecole\/wp-json\/wp\/v2\/media?parent=17"}],"curies":[{"name":"wp","href":"https:\/\/api.w.org\/{rel}","templated":true}]}}