{"id":2088,"date":"2023-01-25T15:32:50","date_gmt":"2023-01-25T14:32:50","guid":{"rendered":"https:\/\/www.hall32.fr\/ecole\/?page_id=2088"},"modified":"2023-01-25T15:32:51","modified_gmt":"2023-01-25T14:32:51","slug":"merci-de-nous-avoir-contactes","status":"publish","type":"page","link":"https:\/\/www.hall32.fr\/ecole\/nous-contacter\/obtenir-des-informations\/merci-de-nous-avoir-contactes\/","title":{"rendered":"Merci de nous avoir contact\u00e9s !"},"content":{"rendered":"<!-- START OF : Composant : block-periscope-theme-section-composant-espace.php -->\n<div class=\"espace \ud83d\ude80 mb-7 mb-lg-14\"><\/div>\n<!-- END OF : Composant : block-periscope-theme-section-composant-espace.php -->\n\n\n<div class=\"espace \ud83d\ude80 mb-7 mb-lg-7 \" data-aos=\"fade-up\">\n        <div class=\"container\">\n<p class=\"has-text-align-center\">Merci pour votre message !<br>Nous revenons vers vous prochainement.<\/p>\n <\/div>\n        <\/div>\n\n<div class=\"espace \ud83d\ude80 mb-7 mb-lg-7 \" data-aos=\"fade-up\">\n        <div class=\"container\">\n<p class=\"has-text-align-center\"><strong>L&rsquo;\u00e9quipe Hall 32<\/strong><br><\/p>\n <\/div>\n        <\/div>\n\n\n<blockquote class=\"wp-block-quote has-text-align-center is-layout-flow wp-block-quote-is-layout-flow\"><div class=\"espace \ud83d\ude80 mb-7 mb-lg-7 \" data-aos=\"fade-up\">\n        <div class=\"container\">\n<p><strong><a href=\"\/\">Retour \u00e0 la page d&rsquo;accueil<\/a><\/strong><\/p>\n <\/div>\n        <\/div><\/blockquote>\n\n\n\n<hr>\n\n\n<!-- START OF : Composant : block-periscope-theme-section-composant-espace.php -->\n<div class=\"espace \ud83d\ude80 mb-7 mb-lg-14\"><\/div>\n<!-- END OF : Composant : block-periscope-theme-section-composant-espace.php -->\n","protected":false},"excerpt":{"rendered":"<p>Merci pour votre message !Nous revenons vers vous prochainement. L&rsquo;\u00e9quipe Hall 32 Retour \u00e0 la page d&rsquo;accueil<\/p>\n","protected":false},"author":1,"featured_media":0,"parent":480,"menu_order":0,"comment_status":"closed","ping_status":"closed","template":"","meta":{"_acf_changed":false,"footnotes":""},"class_list":["post-2088","page","type-page","status-publish","hentry"],"acf":[],"yoast_head":"<!-- This site is optimized with the Yoast SEO plugin v25.9 - https:\/\/yoast.com\/wordpress\/plugins\/seo\/ -->\n<title>Merci de nous avoir contact\u00e9s ! - Ecole<\/title>\n<meta name=\"robots\" content=\"index, follow, max-snippet:-1, max-image-preview:large, max-video-preview:-1\" \/>\n<link rel=\"canonical\" href=\"https:\/\/www.hall32.fr\/ecole\/nous-contacter\/obtenir-des-informations\/merci-de-nous-avoir-contactes\/\" \/>\n<meta property=\"og:locale\" content=\"fr_FR\" \/>\n<meta property=\"og:type\" content=\"article\" \/>\n<meta property=\"og:title\" content=\"Merci de nous avoir contact\u00e9s ! - Ecole\" \/>\n<meta property=\"og:description\" content=\"Merci pour votre message !Nous revenons vers vous prochainement. L&rsquo;\u00e9quipe Hall 32 Retour \u00e0 la page d&rsquo;accueil\" \/>\n<meta property=\"og:url\" content=\"https:\/\/www.hall32.fr\/ecole\/nous-contacter\/obtenir-des-informations\/merci-de-nous-avoir-contactes\/\" \/>\n<meta property=\"og:site_name\" content=\"Ecole\" \/>\n<meta property=\"article:modified_time\" content=\"2023-01-25T14:32:51+00:00\" \/>\n<meta name=\"twitter:card\" content=\"summary_large_image\" \/>\n<meta name=\"twitter:label1\" content=\"Dur\u00e9e de lecture estim\u00e9e\" \/>\n\t<meta name=\"twitter:data1\" content=\"1 minute\" \/>\n<script type=\"application\/ld+json\" class=\"yoast-schema-graph\">{\"@context\":\"https:\/\/schema.org\",\"@graph\":[{\"@type\":\"WebPage\",\"@id\":\"https:\/\/www.hall32.fr\/ecole\/nous-contacter\/obtenir-des-informations\/merci-de-nous-avoir-contactes\/\",\"url\":\"https:\/\/www.hall32.fr\/ecole\/nous-contacter\/obtenir-des-informations\/merci-de-nous-avoir-contactes\/\",\"name\":\"Merci de nous avoir contact\u00e9s ! - Ecole\",\"isPartOf\":{\"@id\":\"https:\/\/www.hall32.fr\/ecole\/#website\"},\"datePublished\":\"2023-01-25T14:32:50+00:00\",\"dateModified\":\"2023-01-25T14:32:51+00:00\",\"breadcrumb\":{\"@id\":\"https:\/\/www.hall32.fr\/ecole\/nous-contacter\/obtenir-des-informations\/merci-de-nous-avoir-contactes\/#breadcrumb\"},\"inLanguage\":\"fr-FR\",\"potentialAction\":[{\"@type\":\"ReadAction\",\"target\":[\"https:\/\/www.hall32.fr\/ecole\/nous-contacter\/obtenir-des-informations\/merci-de-nous-avoir-contactes\/\"]}]},{\"@type\":\"BreadcrumbList\",\"@id\":\"https:\/\/www.hall32.fr\/ecole\/nous-contacter\/obtenir-des-informations\/merci-de-nous-avoir-contactes\/#breadcrumb\",\"itemListElement\":[{\"@type\":\"ListItem\",\"position\":1,\"name\":\"Accueil\",\"item\":\"https:\/\/www.hall32.fr\/ecole\/\"},{\"@type\":\"ListItem\",\"position\":2,\"name\":\"Nous contacter\",\"item\":\"https:\/\/www.hall32.fr\/ecole\/nous-contacter\/\"},{\"@type\":\"ListItem\",\"position\":3,\"name\":\"Obtenir des informations\",\"item\":\"https:\/\/www.hall32.fr\/ecole\/nous-contacter\/obtenir-des-informations\/\"},{\"@type\":\"ListItem\",\"position\":4,\"name\":\"Merci de nous avoir contact\u00e9s !\"}]},{\"@type\":\"WebSite\",\"@id\":\"https:\/\/www.hall32.fr\/ecole\/#website\",\"url\":\"https:\/\/www.hall32.fr\/ecole\/\",\"name\":\"Ecole\",\"description\":\"\",\"potentialAction\":[{\"@type\":\"SearchAction\",\"target\":{\"@type\":\"EntryPoint\",\"urlTemplate\":\"https:\/\/www.hall32.fr\/ecole\/?s={search_term_string}\"},\"query-input\":{\"@type\":\"PropertyValueSpecification\",\"valueRequired\":true,\"valueName\":\"search_term_string\"}}],\"inLanguage\":\"fr-FR\"}]}<\/script>\n<!-- \/ Yoast SEO plugin. -->","yoast_head_json":{"title":"Merci de nous avoir contact\u00e9s ! - Ecole","robots":{"index":"index","follow":"follow","max-snippet":"max-snippet:-1","max-image-preview":"max-image-preview:large","max-video-preview":"max-video-preview:-1"},"canonical":"https:\/\/www.hall32.fr\/ecole\/nous-contacter\/obtenir-des-informations\/merci-de-nous-avoir-contactes\/","og_locale":"fr_FR","og_type":"article","og_title":"Merci de nous avoir contact\u00e9s ! - Ecole","og_description":"Merci pour votre message !Nous revenons vers vous prochainement. L&rsquo;\u00e9quipe Hall 32 Retour \u00e0 la page d&rsquo;accueil","og_url":"https:\/\/www.hall32.fr\/ecole\/nous-contacter\/obtenir-des-informations\/merci-de-nous-avoir-contactes\/","og_site_name":"Ecole","article_modified_time":"2023-01-25T14:32:51+00:00","twitter_card":"summary_large_image","twitter_misc":{"Dur\u00e9e de lecture estim\u00e9e":"1 minute"},"schema":{"@context":"https:\/\/schema.org","@graph":[{"@type":"WebPage","@id":"https:\/\/www.hall32.fr\/ecole\/nous-contacter\/obtenir-des-informations\/merci-de-nous-avoir-contactes\/","url":"https:\/\/www.hall32.fr\/ecole\/nous-contacter\/obtenir-des-informations\/merci-de-nous-avoir-contactes\/","name":"Merci de nous avoir contact\u00e9s ! - Ecole","isPartOf":{"@id":"https:\/\/www.hall32.fr\/ecole\/#website"},"datePublished":"2023-01-25T14:32:50+00:00","dateModified":"2023-01-25T14:32:51+00:00","breadcrumb":{"@id":"https:\/\/www.hall32.fr\/ecole\/nous-contacter\/obtenir-des-informations\/merci-de-nous-avoir-contactes\/#breadcrumb"},"inLanguage":"fr-FR","potentialAction":[{"@type":"ReadAction","target":["https:\/\/www.hall32.fr\/ecole\/nous-contacter\/obtenir-des-informations\/merci-de-nous-avoir-contactes\/"]}]},{"@type":"BreadcrumbList","@id":"https:\/\/www.hall32.fr\/ecole\/nous-contacter\/obtenir-des-informations\/merci-de-nous-avoir-contactes\/#breadcrumb","itemListElement":[{"@type":"ListItem","position":1,"name":"Accueil","item":"https:\/\/www.hall32.fr\/ecole\/"},{"@type":"ListItem","position":2,"name":"Nous contacter","item":"https:\/\/www.hall32.fr\/ecole\/nous-contacter\/"},{"@type":"ListItem","position":3,"name":"Obtenir des informations","item":"https:\/\/www.hall32.fr\/ecole\/nous-contacter\/obtenir-des-informations\/"},{"@type":"ListItem","position":4,"name":"Merci de nous avoir contact\u00e9s !"}]},{"@type":"WebSite","@id":"https:\/\/www.hall32.fr\/ecole\/#website","url":"https:\/\/www.hall32.fr\/ecole\/","name":"Ecole","description":"","potentialAction":[{"@type":"SearchAction","target":{"@type":"EntryPoint","urlTemplate":"https:\/\/www.hall32.fr\/ecole\/?s={search_term_string}"},"query-input":{"@type":"PropertyValueSpecification","valueRequired":true,"valueName":"search_term_string"}}],"inLanguage":"fr-FR"}]}},"_links":{"self":[{"href":"https:\/\/www.hall32.fr\/ecole\/wp-json\/wp\/v2\/pages\/2088","targetHints":{"allow":["GET"]}}],"collection":[{"href":"https:\/\/www.hall32.fr\/ecole\/wp-json\/wp\/v2\/pages"}],"about":[{"href":"https:\/\/www.hall32.fr\/ecole\/wp-json\/wp\/v2\/types\/page"}],"author":[{"embeddable":true,"href":"https:\/\/www.hall32.fr\/ecole\/wp-json\/wp\/v2\/users\/1"}],"replies":[{"embeddable":true,"href":"https:\/\/www.hall32.fr\/ecole\/wp-json\/wp\/v2\/comments?post=2088"}],"version-history":[{"count":1,"href":"https:\/\/www.hall32.fr\/ecole\/wp-json\/wp\/v2\/pages\/2088\/revisions"}],"predecessor-version":[{"id":2089,"href":"https:\/\/www.hall32.fr\/ecole\/wp-json\/wp\/v2\/pages\/2088\/revisions\/2089"}],"up":[{"embeddable":true,"href":"https:\/\/www.hall32.fr\/ecole\/wp-json\/wp\/v2\/pages\/480"}],"wp:attachment":[{"href":"https:\/\/www.hall32.fr\/ecole\/wp-json\/wp\/v2\/media?parent=2088"}],"curies":[{"name":"wp","href":"https:\/\/api.w.org\/{rel}","templated":true}]}}