{"id":2311,"date":"2023-01-26T17:12:35","date_gmt":"2023-01-26T16:12:35","guid":{"rendered":"https:\/\/www.hall32.fr\/ecole\/?page_id=2311"},"modified":"2026-02-23T08:13:12","modified_gmt":"2026-02-23T07:13:12","slug":"recrutement","status":"publish","type":"page","link":"https:\/\/www.hall32.fr\/ecole\/recrutement\/","title":{"rendered":"Recrutement"},"content":{"rendered":"<!-- START OF : Composant : block-periscope-theme-section-composant-bloc-cta.php -->\n<div class=\"overflow-hidden\">\n\t\t<div class=\"row g-0 flex-row-reverse\">\n\t\t\t\t<div class=\"col-sm-6\">\n\t\t\t<div class=\"carre-img h-100\">\n\t<picture>\n\t\t<img decoding=\"async\" src=\"https:\/\/www.hall32.fr\/ecole\/wp-content\/uploads\/sites\/2\/2026\/01\/Box-069.jpg\" alt=\"P\u00f4le Industrie Hall 32 machine de fabrication additive prototypage rapide\" width=\"443\" height=\"443\" alt=\"\" class=\"w-100 h-100 of-cover op-center\" loading=\"lazy\" \/>\n\t<\/picture>\n<\/div>\n\t\t<\/div>\n\t\t<div class=\"col-sm-6\">\n\t\t\t<div class=\"carre h-100 px-2 py-7 p-md-7 p-lg-14 h-100 text-start d-flex flex-column align-items-start justify-content-center bg-primary\">\n\t<div data-aos=\"fade-left\">\n\t\t<h3 class=\"h2\">Responsable du P\u00f4le Industrie <\/h3>\n\t\t<p class=\"fs-18 fs-lg-20\">Sous contrat de travail 2ARAMI et sous la responsabilit\u00e9 du directeur de Hall 32, le responsable du P\u00f4le Industrie assure l\u2019ensemble de ses missions en \u00e9troite collaboration avec l\u2019\u00e9quipe de direction. Il devra construire et g\u00e9rer son \u00e9quipe.<br \/>\r\n<\/p>\n\t\t\t\t<a href=\"https:\/\/www.hall32.fr\/ecole\/recrutement\/responsable-du-pole-industrie-h-f\/\" title=\"Je postule\" target=\"\" class=\"btn btn-dark\" data-gtm=\"\" data-name=\"\">Je postule<\/a>\n\t\t\t<\/div>\n<\/div>\n\t\t<\/div>\n\t\t\t\t<\/div>\n<\/div>\n<!-- END OF : Composant : block-periscope-theme-section-composant-bloc-cta.php -->\n\n\n<!-- START OF : Composant : block-periscope-theme-section-composant-bloc-cta.php -->\n<div class=\"overflow-hidden\">\n\t\t<div class=\"row g-0 \">\n\t\t\t\t<div class=\"col-sm-6\">\n\t\t\t<div class=\"carre-img h-100\">\n\t<picture>\n\t\t<img decoding=\"async\" src=\"https:\/\/www.hall32.fr\/ecole\/wp-content\/uploads\/sites\/2\/2025\/10\/5L3A0081.jpg\" alt=\"Apprenants en pilotage de ligne sur le plateau technique de hall 32\" width=\"443\" height=\"443\" alt=\"\" class=\"w-100 h-100 of-cover op-center\" loading=\"lazy\" \/>\n\t<\/picture>\n<\/div>\n\t\t<\/div>\n\t\t<div class=\"col-sm-6\">\n\t\t\t<div class=\"carre h-100 px-2 py-7 p-md-7 p-lg-14 h-100 text-start d-flex flex-column align-items-start justify-content-center bg-light\">\n\t<div data-aos=\"fade-left\">\n\t\t<h3 class=\"h2\">Technicien en automatisme industriel en charge de la formation <\/h3>\n\t\t<p class=\"fs-18 fs-lg-20\">Sous la responsabilit\u00e9 du directeur du p\u00f4le formation, vous participez \u00e0 l\u2019animation des formations touchant aux champs de domaines dispens\u00e9s dans le centre de formation. Vous travaillez en \u00e9troite collaboration avec l\u2019ensemble des membre de l\u2019\u00e9quipe p\u00e9dagogique du Hall 32<\/p>\n\t\t\t\t<a href=\"https:\/\/www.hall32.fr\/ecole\/recrutement\/technicien-de-maintenance-en-charge-de-la-formation-h-f\/\" title=\"Je d\u00e9couvre\" target=\"\" class=\"btn btn-dark\" data-gtm=\"\" data-name=\"\">Je d\u00e9couvre<\/a>\n\t\t\t<\/div>\n<\/div>\n\t\t<\/div>\n\t\t\t\t<\/div>\n<\/div>\n<!-- END OF : Composant : block-periscope-theme-section-composant-bloc-cta.php -->\n\n\n<!-- START OF : Composant : block-periscope-theme-section-composant-bloc-cta.php -->\n<div class=\"overflow-hidden\">\n\t\t<div class=\"row g-0 flex-row-reverse\">\n\t\t\t\t<div class=\"col-sm-6\">\n\t\t\t<div class=\"carre-img h-100\">\n\t<picture>\n\t\t<img decoding=\"async\" src=\"https:\/\/www.hall32.fr\/ecole\/wp-content\/uploads\/sites\/2\/2024\/08\/5N5A2821.jpg\" alt=\"\" width=\"443\" height=\"443\" alt=\"\" class=\"w-100 h-100 of-cover op-center\" loading=\"lazy\" \/>\n\t<\/picture>\n<\/div>\n\t\t<\/div>\n\t\t<div class=\"col-sm-6\">\n\t\t\t<div class=\"carre h-100 px-2 py-7 p-md-7 p-lg-14 h-100 text-start d-flex flex-column align-items-start justify-content-center bg-light\">\n\t<div data-aos=\"fade-left\">\n\t\t<h3 class=\"h2\">Devenir m\u00e9c\u00e8ne<\/h3>\n\t\t<p class=\"fs-18 fs-lg-20\">V\u00e9ritable lien entre les monde industriel et \u00e9ducatif, le m\u00e9c\u00e8ne trouve sa place dans toutes les activit\u00e9s du centre. Le m\u00e9c\u00e8ne participe au renforcement des comp\u00e9tences p\u00e9dagogiques en apportant une expertise technique e des connaissances pratiques \u00e0 jour et en transmettant son savoir-faire.<\/p>\n\t\t\t\t<a href=\"https:\/\/www.hall32.fr\/ecole\/mecenat-et-dons\/\" title=\"Je d\u00e9couvre\" target=\"\" class=\"btn btn-dark\" data-gtm=\"\" data-name=\"\">Je d\u00e9couvre<\/a>\n\t\t\t<\/div>\n<\/div>\n\t\t<\/div>\n\t\t\t\t<\/div>\n<\/div>\n<!-- END OF : Composant : block-periscope-theme-section-composant-bloc-cta.php -->\n\n\n<!-- START OF : Composant : block-periscope-theme-section-composant-bloc-cta.php -->\n<div class=\"overflow-hidden\">\n\t\t<div class=\"row g-0 \">\n\t\t\t\t<div class=\"col-sm-6\">\n\t\t\t<div class=\"carre-img h-100\">\n\t<picture>\n\t\t<img decoding=\"async\" src=\"https:\/\/www.hall32.fr\/ecole\/wp-content\/uploads\/sites\/2\/2023\/03\/recrutement-candidature-spontanee.jpg\" alt=\"\" width=\"443\" height=\"443\" alt=\"\" class=\"w-100 h-100 of-cover op-center\" loading=\"lazy\" \/>\n\t<\/picture>\n<\/div>\n\t\t<\/div>\n\t\t<div class=\"col-sm-6\">\n\t\t\t<div class=\"carre h-100 px-2 py-7 p-md-7 p-lg-14 h-100 text-start d-flex flex-column align-items-start justify-content-center bg-light\">\n\t<div data-aos=\"fade-left\">\n\t\t<h3 class=\"h2\">Candidature spontan\u00e9e<\/h3>\n\t\t<p class=\"fs-18 fs-lg-20\">Vous avez aussi la possibilit\u00e9 de d\u00e9poser une candidature spontan\u00e9e.<\/p>\n\t\t\t\t<a href=\"https:\/\/www.hall32.fr\/ecole\/recrutement\/candidature-spontanee\/\" title=\"Je postule !\" target=\"\" class=\"btn btn-dark\" data-gtm=\"\" data-name=\"\">Je postule !<\/a>\n\t\t\t<\/div>\n<\/div>\n\t\t<\/div>\n\t\t\t\t<\/div>\n<\/div>\n<!-- END OF : Composant : block-periscope-theme-section-composant-bloc-cta.php -->\n\n\n<!-- START OF : Composant : block-periscope-theme-section-composant-espace.php -->\n<div class=\"espace \ud83d\ude80 mb-7 mb-lg-14\"><\/div>\n<!-- END OF : Composant : block-periscope-theme-section-composant-espace.php -->\n","protected":false},"excerpt":{"rendered":"","protected":false},"author":1,"featured_media":0,"parent":0,"menu_order":0,"comment_status":"closed","ping_status":"closed","template":"","meta":{"_acf_changed":false,"footnotes":""},"class_list":["post-2311","page","type-page","status-publish","hentry"],"acf":[],"yoast_head":"<!-- This site is optimized with the Yoast SEO plugin v25.9 - https:\/\/yoast.com\/wordpress\/plugins\/seo\/ -->\n<title>Recrutement - Ecole<\/title>\n<meta name=\"robots\" content=\"index, follow, max-snippet:-1, max-image-preview:large, max-video-preview:-1\" \/>\n<link rel=\"canonical\" href=\"https:\/\/www.hall32.fr\/ecole\/recrutement\/\" \/>\n<meta property=\"og:locale\" content=\"fr_FR\" \/>\n<meta property=\"og:type\" content=\"article\" \/>\n<meta property=\"og:title\" content=\"Recrutement - Ecole\" \/>\n<meta property=\"og:url\" content=\"https:\/\/www.hall32.fr\/ecole\/recrutement\/\" \/>\n<meta property=\"og:site_name\" content=\"Ecole\" \/>\n<meta property=\"article:modified_time\" content=\"2026-02-23T07:13:12+00:00\" \/>\n<meta name=\"twitter:card\" content=\"summary_large_image\" \/>\n<script type=\"application\/ld+json\" class=\"yoast-schema-graph\">{\"@context\":\"https:\/\/schema.org\",\"@graph\":[{\"@type\":\"WebPage\",\"@id\":\"https:\/\/www.hall32.fr\/ecole\/recrutement\/\",\"url\":\"https:\/\/www.hall32.fr\/ecole\/recrutement\/\",\"name\":\"Recrutement - Ecole\",\"isPartOf\":{\"@id\":\"https:\/\/www.hall32.fr\/ecole\/#website\"},\"datePublished\":\"2023-01-26T16:12:35+00:00\",\"dateModified\":\"2026-02-23T07:13:12+00:00\",\"breadcrumb\":{\"@id\":\"https:\/\/www.hall32.fr\/ecole\/recrutement\/#breadcrumb\"},\"inLanguage\":\"fr-FR\",\"potentialAction\":[{\"@type\":\"ReadAction\",\"target\":[\"https:\/\/www.hall32.fr\/ecole\/recrutement\/\"]}]},{\"@type\":\"BreadcrumbList\",\"@id\":\"https:\/\/www.hall32.fr\/ecole\/recrutement\/#breadcrumb\",\"itemListElement\":[{\"@type\":\"ListItem\",\"position\":1,\"name\":\"Accueil\",\"item\":\"https:\/\/www.hall32.fr\/ecole\/\"},{\"@type\":\"ListItem\",\"position\":2,\"name\":\"Recrutement\"}]},{\"@type\":\"WebSite\",\"@id\":\"https:\/\/www.hall32.fr\/ecole\/#website\",\"url\":\"https:\/\/www.hall32.fr\/ecole\/\",\"name\":\"Ecole\",\"description\":\"\",\"potentialAction\":[{\"@type\":\"SearchAction\",\"target\":{\"@type\":\"EntryPoint\",\"urlTemplate\":\"https:\/\/www.hall32.fr\/ecole\/?s={search_term_string}\"},\"query-input\":{\"@type\":\"PropertyValueSpecification\",\"valueRequired\":true,\"valueName\":\"search_term_string\"}}],\"inLanguage\":\"fr-FR\"}]}<\/script>\n<!-- \/ Yoast SEO plugin. -->","yoast_head_json":{"title":"Recrutement - Ecole","robots":{"index":"index","follow":"follow","max-snippet":"max-snippet:-1","max-image-preview":"max-image-preview:large","max-video-preview":"max-video-preview:-1"},"canonical":"https:\/\/www.hall32.fr\/ecole\/recrutement\/","og_locale":"fr_FR","og_type":"article","og_title":"Recrutement - Ecole","og_url":"https:\/\/www.hall32.fr\/ecole\/recrutement\/","og_site_name":"Ecole","article_modified_time":"2026-02-23T07:13:12+00:00","twitter_card":"summary_large_image","schema":{"@context":"https:\/\/schema.org","@graph":[{"@type":"WebPage","@id":"https:\/\/www.hall32.fr\/ecole\/recrutement\/","url":"https:\/\/www.hall32.fr\/ecole\/recrutement\/","name":"Recrutement - Ecole","isPartOf":{"@id":"https:\/\/www.hall32.fr\/ecole\/#website"},"datePublished":"2023-01-26T16:12:35+00:00","dateModified":"2026-02-23T07:13:12+00:00","breadcrumb":{"@id":"https:\/\/www.hall32.fr\/ecole\/recrutement\/#breadcrumb"},"inLanguage":"fr-FR","potentialAction":[{"@type":"ReadAction","target":["https:\/\/www.hall32.fr\/ecole\/recrutement\/"]}]},{"@type":"BreadcrumbList","@id":"https:\/\/www.hall32.fr\/ecole\/recrutement\/#breadcrumb","itemListElement":[{"@type":"ListItem","position":1,"name":"Accueil","item":"https:\/\/www.hall32.fr\/ecole\/"},{"@type":"ListItem","position":2,"name":"Recrutement"}]},{"@type":"WebSite","@id":"https:\/\/www.hall32.fr\/ecole\/#website","url":"https:\/\/www.hall32.fr\/ecole\/","name":"Ecole","description":"","potentialAction":[{"@type":"SearchAction","target":{"@type":"EntryPoint","urlTemplate":"https:\/\/www.hall32.fr\/ecole\/?s={search_term_string}"},"query-input":{"@type":"PropertyValueSpecification","valueRequired":true,"valueName":"search_term_string"}}],"inLanguage":"fr-FR"}]}},"_links":{"self":[{"href":"https:\/\/www.hall32.fr\/ecole\/wp-json\/wp\/v2\/pages\/2311","targetHints":{"allow":["GET"]}}],"collection":[{"href":"https:\/\/www.hall32.fr\/ecole\/wp-json\/wp\/v2\/pages"}],"about":[{"href":"https:\/\/www.hall32.fr\/ecole\/wp-json\/wp\/v2\/types\/page"}],"author":[{"embeddable":true,"href":"https:\/\/www.hall32.fr\/ecole\/wp-json\/wp\/v2\/users\/1"}],"replies":[{"embeddable":true,"href":"https:\/\/www.hall32.fr\/ecole\/wp-json\/wp\/v2\/comments?post=2311"}],"version-history":[{"count":2,"href":"https:\/\/www.hall32.fr\/ecole\/wp-json\/wp\/v2\/pages\/2311\/revisions"}],"predecessor-version":[{"id":4388,"href":"https:\/\/www.hall32.fr\/ecole\/wp-json\/wp\/v2\/pages\/2311\/revisions\/4388"}],"wp:attachment":[{"href":"https:\/\/www.hall32.fr\/ecole\/wp-json\/wp\/v2\/media?parent=2311"}],"curies":[{"name":"wp","href":"https:\/\/api.w.org\/{rel}","templated":true}]}}