{"id":2355,"date":"2023-01-26T21:02:00","date_gmt":"2023-01-26T20:02:00","guid":{"rendered":"https:\/\/www.hall32.fr\/ecole\/?page_id=2355"},"modified":"2023-01-26T21:12:30","modified_gmt":"2023-01-26T20:12:30","slug":"espace-presse","status":"publish","type":"page","link":"https:\/\/www.hall32.fr\/ecole\/espace-presse\/","title":{"rendered":"Espace Presse"},"content":{"rendered":"<!-- START OF : Composant : block-periscope-theme-section-composant-espace.php -->\n<div class=\"espace \ud83d\ude80 mb-7 mb-lg-14\"><\/div>\n<!-- END OF : Composant : block-periscope-theme-section-composant-espace.php -->\n\n\n<div class=\"espace \ud83d\ude80 mb-7 mb-lg-7 \" data-aos=\"fade-up\">\n        <div class=\"container\">\n<p>Vous souhaitez avoir plus d\u2019informations sur Hall 32 ou organiser une visite ?<br>L&rsquo;ensemble de notre \u00e9quipe se tient \u00e0 votre disposition !<\/p>\n <\/div>\n        <\/div>\n\n<div class=\"espace \ud83d\ude80 mb-7 mb-lg-7 \" data-aos=\"fade-up\">\n        <div class=\"container\">\n<p><strong>CONTACT : <br><\/strong>Marie-France MARTIN-TRIDON<br>Responsable Communication<br>marie-france.martin@hall32.fr<br>t\u00e9l. 04 15 81 00 30<\/p>\n <\/div>\n        <\/div>\n\n<!-- START OF : Composant : block-periscope-theme-section-composant-bloc-cta.php -->\n<div class=\"overflow-hidden\">\n\t\t<div class=\"row g-0 \">\n\t\t\t\t<div class=\"col-sm-6\">\n\t\t\t<div class=\"carre-img h-100\">\n\t<picture>\n\t\t<img decoding=\"async\" src=\"https:\/\/www.hall32.fr\/ecole\/wp-content\/uploads\/sites\/2\/2023\/01\/cropped-favicon.png\" alt=\"\" width=\"443\" height=\"443\" alt=\"\" class=\"w-100 h-100 of-cover op-center\" loading=\"lazy\" \/>\n\t<\/picture>\n<\/div>\n\t\t<\/div>\n\t\t<div class=\"col-sm-6\">\n\t\t\t<div class=\"carre h-100 px-2 py-7 p-md-7 p-lg-14 h-100 text-start d-flex flex-column align-items-start justify-content-center bg-primary\">\n\t<div data-aos=\"fade-left\">\n\t\t<h3 class=\"h2\">Ressources compl\u00e9mentaires<\/h3>\n\t\t<p class=\"fs-18 fs-lg-20\">Dans l&rsquo;attente de vous accueillir \u00e0 Hall 32, n&rsquo;h\u00e9sitez pas \u00e0 lire notre dernier communiqu\u00e9 de presse.<\/p>\n\t\t\t\t<a href=\"\/ecole\/wp-content\/uploads\/sites\/2\/2023\/01\/Dossier-de-presse.pdf\" title=\"T\u00e9l\u00e9charger\" target=\"\" class=\"btn btn-dark\" data-gtm=\"\" data-name=\"\">T\u00e9l\u00e9charger<\/a>\n\t\t\t<\/div>\n<\/div>\n\t\t<\/div>\n\t\t\t\t<\/div>\n<\/div>\n<!-- END OF : Composant : block-periscope-theme-section-composant-bloc-cta.php -->\n","protected":false},"excerpt":{"rendered":"<p>Vous souhaitez avoir plus d\u2019informations sur Hall 32 ou organiser une visite ?L&rsquo;ensemble de notre \u00e9quipe se tient \u00e0 votre disposition ! CONTACT : Marie-France MARTIN-TRIDONResponsable Communicationmarie-france.martin@hall32.frt\u00e9l. 04 15 81 00 30<\/p>\n","protected":false},"author":9,"featured_media":0,"parent":0,"menu_order":0,"comment_status":"closed","ping_status":"closed","template":"","meta":{"_acf_changed":false,"footnotes":""},"class_list":["post-2355","page","type-page","status-publish","hentry"],"acf":[],"yoast_head":"<!-- This site is optimized with the Yoast SEO plugin v25.9 - https:\/\/yoast.com\/wordpress\/plugins\/seo\/ -->\n<title>Espace Presse - Ecole<\/title>\n<meta name=\"robots\" content=\"index, follow, max-snippet:-1, max-image-preview:large, max-video-preview:-1\" \/>\n<link rel=\"canonical\" href=\"https:\/\/www.hall32.fr\/ecole\/espace-presse\/\" \/>\n<meta property=\"og:locale\" content=\"fr_FR\" \/>\n<meta property=\"og:type\" content=\"article\" \/>\n<meta property=\"og:title\" content=\"Espace Presse - Ecole\" \/>\n<meta property=\"og:description\" content=\"Vous souhaitez avoir plus d\u2019informations sur Hall 32 ou organiser une visite ?L&rsquo;ensemble de notre \u00e9quipe se tient \u00e0 votre disposition ! CONTACT : Marie-France MARTIN-TRIDONResponsable Communicationmarie-france.martin@hall32.frt\u00e9l. 04 15 81 00 30\" \/>\n<meta property=\"og:url\" content=\"https:\/\/www.hall32.fr\/ecole\/espace-presse\/\" \/>\n<meta property=\"og:site_name\" content=\"Ecole\" \/>\n<meta property=\"article:modified_time\" content=\"2023-01-26T20:12:30+00:00\" \/>\n<meta name=\"twitter:card\" content=\"summary_large_image\" \/>\n<meta name=\"twitter:label1\" content=\"Dur\u00e9e de lecture estim\u00e9e\" \/>\n\t<meta name=\"twitter:data1\" content=\"1 minute\" \/>\n<script type=\"application\/ld+json\" class=\"yoast-schema-graph\">{\"@context\":\"https:\/\/schema.org\",\"@graph\":[{\"@type\":\"WebPage\",\"@id\":\"https:\/\/www.hall32.fr\/ecole\/espace-presse\/\",\"url\":\"https:\/\/www.hall32.fr\/ecole\/espace-presse\/\",\"name\":\"Espace Presse - Ecole\",\"isPartOf\":{\"@id\":\"https:\/\/www.hall32.fr\/ecole\/#website\"},\"datePublished\":\"2023-01-26T20:02:00+00:00\",\"dateModified\":\"2023-01-26T20:12:30+00:00\",\"breadcrumb\":{\"@id\":\"https:\/\/www.hall32.fr\/ecole\/espace-presse\/#breadcrumb\"},\"inLanguage\":\"fr-FR\",\"potentialAction\":[{\"@type\":\"ReadAction\",\"target\":[\"https:\/\/www.hall32.fr\/ecole\/espace-presse\/\"]}]},{\"@type\":\"BreadcrumbList\",\"@id\":\"https:\/\/www.hall32.fr\/ecole\/espace-presse\/#breadcrumb\",\"itemListElement\":[{\"@type\":\"ListItem\",\"position\":1,\"name\":\"Accueil\",\"item\":\"https:\/\/www.hall32.fr\/ecole\/\"},{\"@type\":\"ListItem\",\"position\":2,\"name\":\"Espace Presse\"}]},{\"@type\":\"WebSite\",\"@id\":\"https:\/\/www.hall32.fr\/ecole\/#website\",\"url\":\"https:\/\/www.hall32.fr\/ecole\/\",\"name\":\"Ecole\",\"description\":\"\",\"potentialAction\":[{\"@type\":\"SearchAction\",\"target\":{\"@type\":\"EntryPoint\",\"urlTemplate\":\"https:\/\/www.hall32.fr\/ecole\/?s={search_term_string}\"},\"query-input\":{\"@type\":\"PropertyValueSpecification\",\"valueRequired\":true,\"valueName\":\"search_term_string\"}}],\"inLanguage\":\"fr-FR\"}]}<\/script>\n<!-- \/ Yoast SEO plugin. -->","yoast_head_json":{"title":"Espace Presse - Ecole","robots":{"index":"index","follow":"follow","max-snippet":"max-snippet:-1","max-image-preview":"max-image-preview:large","max-video-preview":"max-video-preview:-1"},"canonical":"https:\/\/www.hall32.fr\/ecole\/espace-presse\/","og_locale":"fr_FR","og_type":"article","og_title":"Espace Presse - Ecole","og_description":"Vous souhaitez avoir plus d\u2019informations sur Hall 32 ou organiser une visite ?L&rsquo;ensemble de notre \u00e9quipe se tient \u00e0 votre disposition ! CONTACT : Marie-France MARTIN-TRIDONResponsable Communicationmarie-france.martin@hall32.frt\u00e9l. 04 15 81 00 30","og_url":"https:\/\/www.hall32.fr\/ecole\/espace-presse\/","og_site_name":"Ecole","article_modified_time":"2023-01-26T20:12:30+00:00","twitter_card":"summary_large_image","twitter_misc":{"Dur\u00e9e de lecture estim\u00e9e":"1 minute"},"schema":{"@context":"https:\/\/schema.org","@graph":[{"@type":"WebPage","@id":"https:\/\/www.hall32.fr\/ecole\/espace-presse\/","url":"https:\/\/www.hall32.fr\/ecole\/espace-presse\/","name":"Espace Presse - Ecole","isPartOf":{"@id":"https:\/\/www.hall32.fr\/ecole\/#website"},"datePublished":"2023-01-26T20:02:00+00:00","dateModified":"2023-01-26T20:12:30+00:00","breadcrumb":{"@id":"https:\/\/www.hall32.fr\/ecole\/espace-presse\/#breadcrumb"},"inLanguage":"fr-FR","potentialAction":[{"@type":"ReadAction","target":["https:\/\/www.hall32.fr\/ecole\/espace-presse\/"]}]},{"@type":"BreadcrumbList","@id":"https:\/\/www.hall32.fr\/ecole\/espace-presse\/#breadcrumb","itemListElement":[{"@type":"ListItem","position":1,"name":"Accueil","item":"https:\/\/www.hall32.fr\/ecole\/"},{"@type":"ListItem","position":2,"name":"Espace Presse"}]},{"@type":"WebSite","@id":"https:\/\/www.hall32.fr\/ecole\/#website","url":"https:\/\/www.hall32.fr\/ecole\/","name":"Ecole","description":"","potentialAction":[{"@type":"SearchAction","target":{"@type":"EntryPoint","urlTemplate":"https:\/\/www.hall32.fr\/ecole\/?s={search_term_string}"},"query-input":{"@type":"PropertyValueSpecification","valueRequired":true,"valueName":"search_term_string"}}],"inLanguage":"fr-FR"}]}},"_links":{"self":[{"href":"https:\/\/www.hall32.fr\/ecole\/wp-json\/wp\/v2\/pages\/2355","targetHints":{"allow":["GET"]}}],"collection":[{"href":"https:\/\/www.hall32.fr\/ecole\/wp-json\/wp\/v2\/pages"}],"about":[{"href":"https:\/\/www.hall32.fr\/ecole\/wp-json\/wp\/v2\/types\/page"}],"author":[{"embeddable":true,"href":"https:\/\/www.hall32.fr\/ecole\/wp-json\/wp\/v2\/users\/9"}],"replies":[{"embeddable":true,"href":"https:\/\/www.hall32.fr\/ecole\/wp-json\/wp\/v2\/comments?post=2355"}],"version-history":[{"count":3,"href":"https:\/\/www.hall32.fr\/ecole\/wp-json\/wp\/v2\/pages\/2355\/revisions"}],"predecessor-version":[{"id":2373,"href":"https:\/\/www.hall32.fr\/ecole\/wp-json\/wp\/v2\/pages\/2355\/revisions\/2373"}],"wp:attachment":[{"href":"https:\/\/www.hall32.fr\/ecole\/wp-json\/wp\/v2\/media?parent=2355"}],"curies":[{"name":"wp","href":"https:\/\/api.w.org\/{rel}","templated":true}]}}