{"id":3413,"date":"2023-07-24T10:53:36","date_gmt":"2023-07-24T08:53:36","guid":{"rendered":"https:\/\/www.hall32.fr\/ecole\/?page_id=3413"},"modified":"2023-07-26T16:22:55","modified_gmt":"2023-07-26T14:22:55","slug":"metier-dautomaticien-etudes-formations-competences-salaire-hall32","status":"publish","type":"page","link":"https:\/\/www.hall32.fr\/ecole\/metier-dautomaticien-etudes-formations-competences-salaire-hall32\/","title":{"rendered":"M\u00e9tier d&rsquo;automaticien(ne) ou technicien(ne) d&rsquo;automatisme"},"content":{"rendered":"<!-- START OF : Composant : block-periscope-theme-section-composant-bloc-cta.php -->\n<div class=\"overflow-hidden\">\n\t\t<div class=\"row g-0 \">\n\t\t\t\t<div class=\"col-sm-6\">\n\t\t\t<div class=\"carre-img h-100\">\n\t<picture>\n\t\t<img decoding=\"async\" src=\"https:\/\/www.hall32.fr\/ecole\/wp-content\/uploads\/sites\/2\/2023\/07\/100DPI-Photos-site-719x639Plan-de-travail-44.jpg\" alt=\"Apprenant Bac Pro MSPC plateau technique hall 32\" width=\"443\" height=\"443\" alt=\"\" class=\"w-100 h-100 of-cover op-center\" loading=\"lazy\" \/>\n\t<\/picture>\n<\/div>\n\t\t<\/div>\n\t\t<div class=\"col-sm-6\">\n\t\t\t<div class=\"carre h-100 px-2 py-7 p-md-7 p-lg-14 h-100 text-start d-flex flex-column align-items-start justify-content-center bg-primary\">\n\t<div data-aos=\"fade-left\">\n\t\t<h3 class=\"h2\">Qu\u2019est-ce qu\u2019un(e) automaticien(ne) ?<\/h3>\n\t\t<p class=\"fs-18 fs-lg-20\">Une automaticienne ou un automaticien est un professionnel sp\u00e9cialis\u00e9 dans le domaine de l&rsquo;automatisme industriel. L&rsquo;automatisme industriel concerne la mise en place, le fonctionnement et la maintenance de syst\u00e8mes automatis\u00e9s dans le contexte de l&rsquo;industrie.<\/p>\n\t\t\t<\/div>\n<\/div>\n\t\t<\/div>\n\t\t\t\t<\/div>\n<\/div>\n<!-- END OF : Composant : block-periscope-theme-section-composant-bloc-cta.php -->\n\n\n<!-- START OF : Composant : block-periscope-theme-section-composant-espace.php -->\n<div class=\"espace \ud83d\ude80 mb-7 mb-lg-14\"><\/div>\n<!-- END OF : Composant : block-periscope-theme-section-composant-espace.php -->\n\n\n<!-- START OF : Composant : block-periscope-theme-section-composant-intertitre.php -->\n\n<div class=\"espace \ud83d\ude80\" data-aos=\"fade-up\">\n\t<div class=\"container\">\n\t\t<h2 class=\"h2 text-danger\">Les missions d\u2019un automaticien<\/h2>\n\t<\/div>\n<\/div>\n<!-- END OF : Composant : block-periscope-theme-section-composant-intertitre.php -->\n\n\n<div class=\"espace \ud83d\ude80 mb-7 mb-lg-7 \" data-aos=\"fade-up\">\n        <div class=\"container\">\n<p>Les <strong>missions d&rsquo;un automaticien<\/strong> comprennent la programmation, l&rsquo;installation et la maintenance de syst\u00e8mes automatis\u00e9s. Il est charg\u00e9 :<\/p>\n <\/div>\n        <\/div>\n\n<div class=\"espace \ud83d\ude80 mb-7 mb-lg-7 \" data-aos=\"fade-up\">\n        <div class=\"container\">\n<ul class=\"wp-block-list\">\n<li>d\u2019optimiser des programmes pour les automates et les interfaces homme-machine,<\/li>\n\n\n\n<li>de c\u00e2bler et d&rsquo;installer les \u00e9quipements,<\/li>\n\n\n\n<li>d&rsquo;effectuer des tests,<\/li>\n\n\n\n<li>et de mettre en service les syst\u00e8mes automatis\u00e9s.<\/li>\n<\/ul>\n <\/div>\n        <\/div>\n\n<!-- START OF : Composant : block-periscope-theme-section-composant-two-columns.php -->\n<div class=\"espace \ud83d\ude80 mb-7 mb-lg-14\">\n\t<div class=\"container\">\n\t\t<div class=\"row\">\n\t\t\t<div class=\"col-lg-10 offset-lg-1\">\n\t\t\t\t<div class=\"two-columns row  overflow-hidden\">\n\t<div class=\"col-lg-6 order-last order-lg-first\" data-aos=\"fade-right\">\n\t\t\t\t\t\t<p>Leur expertise en automatisation industrielle est tr\u00e8s recherch\u00e9e, ce qui engendre une tr\u00e8s forte employabilit\u00e9 de la profession.\r\n\r\n\r\n\r\nL&#039;automaticien surveille \u00e9galement le bon fonctionnement des syst\u00e8mes, diagnostique et r\u00e9pare les pannes \u00e9ventuelles, et participe \u00e0 l&#039;optimisation des performances des processus industriels.<\/p>\n\t\t\t\t\t<\/div>\n\t\t<div class=\"col-lg-6 mb-4 mb-lg-0\" data-aos=\"fade-left\">\n\t\t<picture class=\"d-block ratio ratio-1x1\">\n\t\t\t<img decoding=\"async\" src=\"https:\/\/www.hall32.fr\/ecole\/wp-content\/uploads\/sites\/2\/2023\/07\/100DPI-Photos-site-719x639Plan-de-travail-45.jpg\" width=\"443\" height=\"443\" alt=\"\" \/>\n\t\t<\/picture>\n\t\t<p class=\"pt-1 two-columns__legend image__legend\"><\/p>\n\t<\/div>\n\t<\/div>\t\t\t<\/div>\n\t\t<\/div>\n\t<\/div>\n<\/div>\n<!-- END OF : Composant : block-periscope-theme-section-composant-two-columns.php -->\n\n\n<!-- START OF : Composant : block-periscope-theme-section-composant-intertitre.php -->\n\n<div class=\"espace \ud83d\ude80\" data-aos=\"fade-up\">\n\t<div class=\"container\">\n\t\t<h2 class=\"h2 text-success\">Les comp\u00e9tences et les qualit\u00e9s n\u00e9cessaires pour \u00eatre automaticien<\/h2>\n\t<\/div>\n<\/div>\n<!-- END OF : Composant : block-periscope-theme-section-composant-intertitre.php -->\n\n\n<div class=\"espace \ud83d\ude80 mb-7 mb-lg-7 \" data-aos=\"fade-up\">\n        <div class=\"container\">\n<p>Les comp\u00e9tences requises pour \u00eatre un automaticien comprennent la connaissance des principes de l&rsquo;\u00e9lectricit\u00e9, en m\u00e9canique, en pneumatique, en hydraulique, de l&rsquo;\u00e9lectronique, de la programmation, des r\u00e9seaux de communication, des syst\u00e8mes de contr\u00f4le et des technologies sp\u00e9cifiques \u00e0 <strong>l&rsquo;automatisation industrielle<\/strong>.<\/p>\n <\/div>\n        <\/div>\n\n<div class=\"espace \ud83d\ude80 mb-7 mb-lg-7 \" data-aos=\"fade-up\">\n        <div class=\"container\">\n<p>L&rsquo;automaticien doit \u00eatre en mesure de :<\/p>\n <\/div>\n        <\/div>\n\n<div class=\"espace \ud83d\ude80 mb-7 mb-lg-7 \" data-aos=\"fade-up\">\n        <div class=\"container\">\n<ul class=\"wp-block-list\">\n<li>r\u00e9soudre des probl\u00e8mes techniques,<\/li>\n\n\n\n<li>diagnostiquer et r\u00e9parer les pannes,<\/li>\n\n\n\n<li>optimiser les performances des syst\u00e8mes automatis\u00e9s et de garantir leur bon fonctionnement.<\/li>\n<\/ul>\n <\/div>\n        <\/div>\n\n<div class=\"espace \ud83d\ude80 mb-7 mb-lg-7 \" data-aos=\"fade-up\">\n        <div class=\"container\">\n<p>Un automaticien doit \u00eatre curieux et pr\u00eat \u00e0 apprendre continuellement pour rester \u00e0 jour avec les avanc\u00e9es technologiques. Travaillant en \u00e9quipe, il doit \u00eatre capable de collaborer efficacement, faire preuve de rigueur dans son travail et g\u00e9rer le stress li\u00e9 aux pannes de syst\u00e8mes automatis\u00e9s.<\/p>\n <\/div>\n        <\/div>\n\n<!-- START OF : Composant : block-periscope-theme-section-composant-intertitre.php -->\n\n<div class=\"espace \ud83d\ude80\" data-aos=\"fade-up\">\n\t<div class=\"container\">\n\t\t<h2 class=\"h2 text-danger\">Comment devenir automaticien ?<\/h2>\n\t<\/div>\n<\/div>\n<!-- END OF : Composant : block-periscope-theme-section-composant-intertitre.php -->\n\n\n<div class=\"espace \ud83d\ude80 mb-7 mb-lg-7 \" data-aos=\"fade-up\">\n        <div class=\"container\">\n<p>Il est possible de faire une formation en apprentissage pour <strong>devenir technicien d\u2019automatisme<\/strong>. Nos formations <strong><a href=\"https:\/\/www.hall32.fr\/ecole\/formations\/nos-bac-pro\/maintenance-des-systemes-de-production-connectes-mspc\/\">Bac pro Maintenance des Syst\u00e8mes de Production Connect\u00e9s (Bac pro MSPC)<\/a><\/strong> et <strong><a href=\"https:\/\/www.hall32.fr\/ecole\/formations\/nos-bts\/maintenance-des-systemes-de-production-msp\/\">BTS Maintenance des Syst\u00e8mes de Production (BTS MSP)<\/a><\/strong> sont dispens\u00e9es par une \u00e9quipe de formateurs exp\u00e9riment\u00e9s qui ont de v\u00e9ritables comp\u00e9tences de terrain.<\/p>\n <\/div>\n        <\/div>\n\n<!-- START OF : Composant : block-periscope-theme-section-composant-bloc-cta.php -->\n<div class=\"overflow-hidden\">\n\t\t<div class=\"row g-0 \">\n\t\t\t\t<div class=\"col-sm-6\">\n\t\t\t\t\t<\/div>\n\t\t<div class=\"col-sm-6\">\n\t\t\t<div class=\"carre h-100 px-2 py-7 p-md-7 p-lg-14 h-100 text-start d-flex flex-column align-items-start justify-content-center bg-warning\">\n\t<div data-aos=\"fade-left\">\n\t\t<h3 class=\"h2\"><\/h3>\n\t\t<p class=\"fs-18 fs-lg-20\">Ces formations en alternance  permettent d\u2019allier pratique et th\u00e9orique gr\u00e2ce \u00e0 des programmes complets. Les \u00e9tudiants ont la possibilit\u00e9 de mettre en pratique leurs connaissances dans leur entreprise, sur des machines industrielles. L\u2019apprentissage en alternance est un vrai plus dans une formation, car cela permet d\u2019apprendre les r\u00e9alit\u00e9s de terrain, tout en ayant une r\u00e9mun\u00e9ration mensuelle non n\u00e9gligeable. <br \/>\r\n<br \/>\r\nCes formations sont aussi accessibles \u00e0 la suite d\u2019une formation Bac g\u00e9n\u00e9ral ou technologique pour une orientation ou une r\u00e9orientation. Il est possible de se r\u00e9orienter et donc de suivre des formations pour adulte sur l\u2019automatisme. M\u00eame si vous n\u2019avez pas de formation initiale en bac pro, il est possible de suivre une formation continue.<\/p>\n\t\t\t<\/div>\n<\/div>\n\t\t<\/div>\n\t\t\t\t<\/div>\n<\/div>\n<!-- END OF : Composant : block-periscope-theme-section-composant-bloc-cta.php -->\n\n\n<!-- START OF : Composant : block-periscope-theme-section-composant-espace.php -->\n<div class=\"espace \ud83d\ude80 mb-7 mb-lg-14\"><\/div>\n<!-- END OF : Composant : block-periscope-theme-section-composant-espace.php -->\n\n\n<!-- START OF : Composant : block-periscope-theme-section-composant-two-columns.php -->\n<div class=\"espace \ud83d\ude80 mb-7 mb-lg-14\">\n\t<div class=\"container\">\n\t\t<div class=\"row\">\n\t\t\t<div class=\"col-lg-10 offset-lg-1\">\n\t\t\t\t<div class=\"two-columns row  overflow-hidden\">\n\t<div class=\"col-lg-6 order-last order-lg-first\" data-aos=\"fade-right\">\n\t\t\t\t<h2 class=\"h2 text-info\">Quel est le salaire d\u2019un automaticien ?<\/h2>\n\t\t\t\t\t\t<p>Le salaire d\u2019un automaticien d\u00e9pend de l\u2019exp\u00e9rience et du niveau d\u2019\u00e9tude de la personne. Pour quelqu\u2019un ayant un Bac pro avec une alternance de 2 ans, le salaire d\u2019un automaticien est de 1800\u2009\u20ac brut. Plus l\u2019automaticien aura d\u2019exp\u00e9rience est plus son salaire augmentera.<\/p>\n\t\t\t\t\t<\/div>\n\t\t<div class=\"col-lg-6 mb-4 mb-lg-0\" data-aos=\"fade-left\">\n\t\t<picture class=\"d-block ratio ratio-1x1\">\n\t\t\t<img decoding=\"async\" src=\"https:\/\/www.hall32.fr\/ecole\/wp-content\/uploads\/sites\/2\/2023\/07\/100DPI-Photos-site-719x639Plan-de-travail-43.jpg\" width=\"443\" height=\"443\" alt=\"\" \/>\n\t\t<\/picture>\n\t\t<p class=\"pt-1 two-columns__legend image__legend\"><\/p>\n\t<\/div>\n\t<\/div>\t\t\t<\/div>\n\t\t<\/div>\n\t<\/div>\n<\/div>\n<!-- END OF : Composant : block-periscope-theme-section-composant-two-columns.php -->\n\n\n<!-- START OF : Composant : block-periscope-theme-section-composant-intertitre.php -->\n\n<div class=\"espace \ud83d\ude80\" data-aos=\"fade-up\">\n\t<div class=\"container\">\n\t\t<h2 class=\"h2 text-danger\">Secteur d&#039;activit\u00e9<\/h2>\n\t<\/div>\n<\/div>\n<!-- END OF : Composant : block-periscope-theme-section-composant-intertitre.php -->\n\n\n<div class=\"espace \ud83d\ude80 mb-7 mb-lg-7 \" data-aos=\"fade-up\">\n        <div class=\"container\">\n<p>Les automaticiens peuvent exercer dans tous les secteurs d&rsquo;activit\u00e9 tels que :<\/p>\n <\/div>\n        <\/div>\n\n<div class=\"espace \ud83d\ude80 mb-7 mb-lg-7 \" data-aos=\"fade-up\">\n        <div class=\"container\">\n<ul class=\"wp-block-list\">\n<li>l&rsquo;industrie manufacturi\u00e8re,<\/li>\n\n\n\n<li>l&rsquo;\u00e9nergie,<\/li>\n\n\n\n<li>l&rsquo;automobile,<\/li>\n\n\n\n<li>l&rsquo;a\u00e9rospatiale,<\/li>\n\n\n\n<li>la robotique,<\/li>\n\n\n\n<li>la domotique,<\/li>\n\n\n\n<li>les infrastructures de transport,<\/li>\n\n\n\n<li>la production pharmaceutique,<\/li>\n\n\n\n<li>l&rsquo;agroalimentaire et bien d&rsquo;autres.<\/li>\n<\/ul>\n <\/div>\n        <\/div>\n\n<div class=\"espace \ud83d\ude80 mb-7 mb-lg-7 \" data-aos=\"fade-up\">\n        <div class=\"container\">\n<p>Leur expertise en automatisation industrielle est tr\u00e8s recherch\u00e9e, ce qui engendre une tr\u00e8s forte employabilit\u00e9 de la profession.<\/p>\n <\/div>\n        <\/div>\n\n<!-- START OF : Composant : block-periscope-theme-section-composant-bloc-cta.php -->\n<div class=\"overflow-hidden\">\n\t\t<div class=\"row g-0 \">\n\t\t\t\t<div class=\"col-sm-6\">\n\t\t\t\t\t<\/div>\n\t\t<div class=\"col-sm-6\">\n\t\t\t<div class=\"carre h-100 px-2 py-7 p-md-7 p-lg-14 h-100 text-start d-flex flex-column align-items-start justify-content-center bg-warning\">\n\t<div data-aos=\"fade-left\">\n\t\t<h3 class=\"h2\">D\u00e9bouch\u00e9s et opportunit\u00e9s professionnelles<\/h3>\n\t\t<p class=\"fs-18 fs-lg-20\">Apr\u00e8s quelques ann\u00e9es d\u2019exp\u00e9rience, un automaticien peut se diriger vers un poste de chef d\u2019\u00e9quipe, de projet ou encore responsable de maintenance. Il peut int\u00e9grer un bureau d\u2019\u00e9tudes et s\u2019orienter dans la conception d\u2019automatismes. Puis, apr\u00e8s quelques formations compl\u00e9mentaires, l\u2019automaticien peut pr\u00e9tendre \u00e0 devenir ing\u00e9nieur en automatisme.<\/p>\n\t\t\t<\/div>\n<\/div>\n\t\t<\/div>\n\t\t\t\t<\/div>\n<\/div>\n<!-- END OF : Composant : block-periscope-theme-section-composant-bloc-cta.php -->\n\n\n<!-- START OF : Composant : block-periscope-theme-section-composant-espace.php -->\n<div class=\"espace \ud83d\ude80 mb-7 mb-lg-14\"><\/div>\n<!-- END OF : Composant : block-periscope-theme-section-composant-espace.php -->\n","protected":false},"excerpt":{"rendered":"<p>Les missions d&rsquo;un automaticien comprennent la programmation, l&rsquo;installation et la maintenance de syst\u00e8mes automatis\u00e9s. Il est charg\u00e9 : Les comp\u00e9tences requises pour \u00eatre un automaticien comprennent la connaissance des principes de l&rsquo;\u00e9lectricit\u00e9, en m\u00e9canique, en pneumatique, en hydraulique, de l&rsquo;\u00e9lectronique, de la programmation, des r\u00e9seaux de communication, des syst\u00e8mes de contr\u00f4le et des technologies sp\u00e9cifiques [&hellip;]<\/p>\n","protected":false},"author":11,"featured_media":0,"parent":0,"menu_order":0,"comment_status":"closed","ping_status":"closed","template":"","meta":{"_acf_changed":false,"footnotes":""},"class_list":["post-3413","page","type-page","status-publish","hentry"],"acf":[],"yoast_head":"<!-- This site is optimized with the Yoast SEO plugin v25.9 - https:\/\/yoast.com\/wordpress\/plugins\/seo\/ -->\n<title>M\u00e9tier d&#039;automaticien(ne) ou technicien(ne) d&#039;automatisme - Ecole<\/title>\n<meta name=\"description\" content=\"D\u00e9couvrez le m\u00e9tier d\u2019automaticien avec Hall 32. Apprenez-en plus sur les formations en automatisation industrielle, les missions, le salaire et les d\u00e9bouch\u00e9s possibles pour un automaticien.\" \/>\n<meta name=\"robots\" content=\"index, follow, max-snippet:-1, max-image-preview:large, max-video-preview:-1\" \/>\n<link rel=\"canonical\" href=\"https:\/\/www.hall32.fr\/ecole\/metier-dautomaticien-etudes-formations-competences-salaire-hall32\/\" \/>\n<meta property=\"og:locale\" content=\"fr_FR\" \/>\n<meta property=\"og:type\" content=\"article\" \/>\n<meta property=\"og:title\" content=\"M\u00e9tier d&#039;automaticien(ne) ou technicien(ne) d&#039;automatisme - Ecole\" \/>\n<meta property=\"og:description\" content=\"D\u00e9couvrez le m\u00e9tier d\u2019automaticien avec Hall 32. Apprenez-en plus sur les formations en automatisation industrielle, les missions, le salaire et les d\u00e9bouch\u00e9s possibles pour un automaticien.\" \/>\n<meta property=\"og:url\" content=\"https:\/\/www.hall32.fr\/ecole\/metier-dautomaticien-etudes-formations-competences-salaire-hall32\/\" \/>\n<meta property=\"og:site_name\" content=\"Ecole\" \/>\n<meta property=\"article:modified_time\" content=\"2023-07-26T14:22:55+00:00\" \/>\n<meta name=\"twitter:card\" content=\"summary_large_image\" \/>\n<meta name=\"twitter:label1\" content=\"Dur\u00e9e de lecture estim\u00e9e\" \/>\n\t<meta name=\"twitter:data1\" content=\"2 minutes\" \/>\n<script type=\"application\/ld+json\" class=\"yoast-schema-graph\">{\"@context\":\"https:\/\/schema.org\",\"@graph\":[{\"@type\":\"WebPage\",\"@id\":\"https:\/\/www.hall32.fr\/ecole\/metier-dautomaticien-etudes-formations-competences-salaire-hall32\/\",\"url\":\"https:\/\/www.hall32.fr\/ecole\/metier-dautomaticien-etudes-formations-competences-salaire-hall32\/\",\"name\":\"M\u00e9tier d'automaticien(ne) ou technicien(ne) d'automatisme - Ecole\",\"isPartOf\":{\"@id\":\"https:\/\/www.hall32.fr\/ecole\/#website\"},\"datePublished\":\"2023-07-24T08:53:36+00:00\",\"dateModified\":\"2023-07-26T14:22:55+00:00\",\"description\":\"D\u00e9couvrez le m\u00e9tier d\u2019automaticien avec Hall 32. Apprenez-en plus sur les formations en automatisation industrielle, les missions, le salaire et les d\u00e9bouch\u00e9s possibles pour un automaticien.\",\"breadcrumb\":{\"@id\":\"https:\/\/www.hall32.fr\/ecole\/metier-dautomaticien-etudes-formations-competences-salaire-hall32\/#breadcrumb\"},\"inLanguage\":\"fr-FR\",\"potentialAction\":[{\"@type\":\"ReadAction\",\"target\":[\"https:\/\/www.hall32.fr\/ecole\/metier-dautomaticien-etudes-formations-competences-salaire-hall32\/\"]}]},{\"@type\":\"BreadcrumbList\",\"@id\":\"https:\/\/www.hall32.fr\/ecole\/metier-dautomaticien-etudes-formations-competences-salaire-hall32\/#breadcrumb\",\"itemListElement\":[{\"@type\":\"ListItem\",\"position\":1,\"name\":\"Accueil\",\"item\":\"https:\/\/www.hall32.fr\/ecole\/\"},{\"@type\":\"ListItem\",\"position\":2,\"name\":\"M\u00e9tier d&#8217;automaticien(ne) ou technicien(ne) d&#8217;automatisme\"}]},{\"@type\":\"WebSite\",\"@id\":\"https:\/\/www.hall32.fr\/ecole\/#website\",\"url\":\"https:\/\/www.hall32.fr\/ecole\/\",\"name\":\"Ecole\",\"description\":\"\",\"potentialAction\":[{\"@type\":\"SearchAction\",\"target\":{\"@type\":\"EntryPoint\",\"urlTemplate\":\"https:\/\/www.hall32.fr\/ecole\/?s={search_term_string}\"},\"query-input\":{\"@type\":\"PropertyValueSpecification\",\"valueRequired\":true,\"valueName\":\"search_term_string\"}}],\"inLanguage\":\"fr-FR\"}]}<\/script>\n<!-- \/ Yoast SEO plugin. -->","yoast_head_json":{"title":"M\u00e9tier d'automaticien(ne) ou technicien(ne) d'automatisme - Ecole","description":"D\u00e9couvrez le m\u00e9tier d\u2019automaticien avec Hall 32. Apprenez-en plus sur les formations en automatisation industrielle, les missions, le salaire et les d\u00e9bouch\u00e9s possibles pour un automaticien.","robots":{"index":"index","follow":"follow","max-snippet":"max-snippet:-1","max-image-preview":"max-image-preview:large","max-video-preview":"max-video-preview:-1"},"canonical":"https:\/\/www.hall32.fr\/ecole\/metier-dautomaticien-etudes-formations-competences-salaire-hall32\/","og_locale":"fr_FR","og_type":"article","og_title":"M\u00e9tier d'automaticien(ne) ou technicien(ne) d'automatisme - Ecole","og_description":"D\u00e9couvrez le m\u00e9tier d\u2019automaticien avec Hall 32. Apprenez-en plus sur les formations en automatisation industrielle, les missions, le salaire et les d\u00e9bouch\u00e9s possibles pour un automaticien.","og_url":"https:\/\/www.hall32.fr\/ecole\/metier-dautomaticien-etudes-formations-competences-salaire-hall32\/","og_site_name":"Ecole","article_modified_time":"2023-07-26T14:22:55+00:00","twitter_card":"summary_large_image","twitter_misc":{"Dur\u00e9e de lecture estim\u00e9e":"2 minutes"},"schema":{"@context":"https:\/\/schema.org","@graph":[{"@type":"WebPage","@id":"https:\/\/www.hall32.fr\/ecole\/metier-dautomaticien-etudes-formations-competences-salaire-hall32\/","url":"https:\/\/www.hall32.fr\/ecole\/metier-dautomaticien-etudes-formations-competences-salaire-hall32\/","name":"M\u00e9tier d'automaticien(ne) ou technicien(ne) d'automatisme - Ecole","isPartOf":{"@id":"https:\/\/www.hall32.fr\/ecole\/#website"},"datePublished":"2023-07-24T08:53:36+00:00","dateModified":"2023-07-26T14:22:55+00:00","description":"D\u00e9couvrez le m\u00e9tier d\u2019automaticien avec Hall 32. Apprenez-en plus sur les formations en automatisation industrielle, les missions, le salaire et les d\u00e9bouch\u00e9s possibles pour un automaticien.","breadcrumb":{"@id":"https:\/\/www.hall32.fr\/ecole\/metier-dautomaticien-etudes-formations-competences-salaire-hall32\/#breadcrumb"},"inLanguage":"fr-FR","potentialAction":[{"@type":"ReadAction","target":["https:\/\/www.hall32.fr\/ecole\/metier-dautomaticien-etudes-formations-competences-salaire-hall32\/"]}]},{"@type":"BreadcrumbList","@id":"https:\/\/www.hall32.fr\/ecole\/metier-dautomaticien-etudes-formations-competences-salaire-hall32\/#breadcrumb","itemListElement":[{"@type":"ListItem","position":1,"name":"Accueil","item":"https:\/\/www.hall32.fr\/ecole\/"},{"@type":"ListItem","position":2,"name":"M\u00e9tier d&#8217;automaticien(ne) ou technicien(ne) d&#8217;automatisme"}]},{"@type":"WebSite","@id":"https:\/\/www.hall32.fr\/ecole\/#website","url":"https:\/\/www.hall32.fr\/ecole\/","name":"Ecole","description":"","potentialAction":[{"@type":"SearchAction","target":{"@type":"EntryPoint","urlTemplate":"https:\/\/www.hall32.fr\/ecole\/?s={search_term_string}"},"query-input":{"@type":"PropertyValueSpecification","valueRequired":true,"valueName":"search_term_string"}}],"inLanguage":"fr-FR"}]}},"_links":{"self":[{"href":"https:\/\/www.hall32.fr\/ecole\/wp-json\/wp\/v2\/pages\/3413","targetHints":{"allow":["GET"]}}],"collection":[{"href":"https:\/\/www.hall32.fr\/ecole\/wp-json\/wp\/v2\/pages"}],"about":[{"href":"https:\/\/www.hall32.fr\/ecole\/wp-json\/wp\/v2\/types\/page"}],"author":[{"embeddable":true,"href":"https:\/\/www.hall32.fr\/ecole\/wp-json\/wp\/v2\/users\/11"}],"replies":[{"embeddable":true,"href":"https:\/\/www.hall32.fr\/ecole\/wp-json\/wp\/v2\/comments?post=3413"}],"version-history":[{"count":3,"href":"https:\/\/www.hall32.fr\/ecole\/wp-json\/wp\/v2\/pages\/3413\/revisions"}],"predecessor-version":[{"id":3648,"href":"https:\/\/www.hall32.fr\/ecole\/wp-json\/wp\/v2\/pages\/3413\/revisions\/3648"}],"wp:attachment":[{"href":"https:\/\/www.hall32.fr\/ecole\/wp-json\/wp\/v2\/media?parent=3413"}],"curies":[{"name":"wp","href":"https:\/\/api.w.org\/{rel}","templated":true}]}}