{"id":3476,"date":"2023-07-24T13:47:40","date_gmt":"2023-07-24T11:47:40","guid":{"rendered":"https:\/\/www.hall32.fr\/ecole\/?page_id=3476"},"modified":"2025-10-14T10:02:21","modified_gmt":"2025-10-14T08:02:21","slug":"tout-savoir-sur-le-metier-dusineur","status":"publish","type":"page","link":"https:\/\/www.hall32.fr\/ecole\/tout-savoir-sur-le-metier-dusineur\/","title":{"rendered":"Tout savoir sur le m\u00e9tier d&rsquo;usineur"},"content":{"rendered":"<!-- START OF : Composant : block-periscope-theme-section-composant-bloc-cta.php -->\n<div class=\"overflow-hidden\">\n\t\t<div class=\"row g-0 \">\n\t\t\t\t<div class=\"col-sm-6\">\n\t\t\t<div class=\"carre-img h-100\">\n\t<picture>\n\t\t<img decoding=\"async\" src=\"https:\/\/www.hall32.fr\/ecole\/wp-content\/uploads\/sites\/2\/2025\/10\/5L3A0045.jpg\" alt=\"Apprenants en usinage sur le plateau technique de hall 32\" width=\"443\" height=\"443\" alt=\"\" class=\"w-100 h-100 of-cover op-center\" loading=\"lazy\" \/>\n\t<\/picture>\n<\/div>\n\t\t<\/div>\n\t\t<div class=\"col-sm-6\">\n\t\t\t<div class=\"carre h-100 px-2 py-7 p-md-7 p-lg-14 h-100 text-start d-flex flex-column align-items-start justify-content-center bg-primary\">\n\t<div data-aos=\"fade-left\">\n\t\t<h3 class=\"h2\">Qu\u2019est-ce qu\u2019un usineur ?<\/h3>\n\t\t<p class=\"fs-18 fs-lg-20\">Une usineuse ou un usineur est un professionnel sp\u00e9cialis\u00e9 dans la fabrication de pi\u00e8ces industrielles. L&rsquo;usineur est aussi appel\u00e9 op\u00e9rateur d\u2019usinage sur machine-outil conventionnelle ou \u00e0 commande num\u00e9rique. Ce m\u00e9tier est tr\u00e8s important dans le secteur industriel, car il permet la r\u00e9alisation de pi\u00e8ces techniques et pr\u00e9cises n\u00e9cessaires \u00e0 la production. <\/p>\n\t\t\t\t<a href=\"https:\/\/www.hall32.fr\/pole-industrie\/fabrication-industrielle-les-technologies-du-lab-hall32\/usinage-industriel-hall32\/\" title=\"D\u00e9couvrir l&#039;usinage\" target=\"\" class=\"btn btn-dark\" data-gtm=\"\" data-name=\"\">D\u00e9couvrir l&#039;usinage<\/a>\n\t\t\t<\/div>\n<\/div>\n\t\t<\/div>\n\t\t\t\t<\/div>\n<\/div>\n<!-- END OF : Composant : block-periscope-theme-section-composant-bloc-cta.php -->\n\n\n<!-- START OF : Composant : block-periscope-theme-section-composant-espace.php -->\n<div class=\"espace \ud83d\ude80 mb-7 mb-lg-14\"><\/div>\n<!-- END OF : Composant : block-periscope-theme-section-composant-espace.php -->\n\n\n<!-- START OF : Composant : block-periscope-theme-section-composant-intertitre.php -->\n\n<div class=\"espace \ud83d\ude80\" data-aos=\"fade-up\">\n\t<div class=\"container\">\n\t\t<h2 class=\"h2 text-danger\">Les missions d\u2019un usineur<\/h2>\n\t<\/div>\n<\/div>\n<!-- END OF : Composant : block-periscope-theme-section-composant-intertitre.php -->\n\n\n<div class=\"espace \ud83d\ude80 mb-7 mb-lg-7 \" data-aos=\"fade-up\">\n        <div class=\"container\">\n<p>Le <strong>travail de l&rsquo;usineur<\/strong> consiste \u00e0 utiliser diverses machines-outils pour <strong>usiner des pi\u00e8ces<\/strong> de mat\u00e9riaux multiples par enl\u00e8vement de mati\u00e8re. Il peut donc utiliser des machines conventionnelles telles que les fraiseuses, les tours conventionnels, les rectifieuses ou encore.<\/p>\n <\/div>\n        <\/div>\n\n<div class=\"espace \ud83d\ude80 mb-7 mb-lg-7 \" data-aos=\"fade-up\">\n        <div class=\"container\">\n<p>Aujourd\u2019hui, il est de plus en plus fr\u00e9quent que l&rsquo;usineur utilise des machines \u00e0 commande num\u00e9rique telles que les <strong>centres d&rsquo;usinage<\/strong>, les tours \u00e0 commande num\u00e9rique, ou encore les machines d&rsquo;\u00e9lectro\u00e9rosion. L&rsquo;usineur travaille en collaboration avec les \u00e9quipes techniques (Bureau d\u2019\u00e9tude et bureau des m\u00e9thodes) pour r\u00e9soudre les probl\u00e8mes et proposer des am\u00e9liorations. Il suit toutes les \u00e9tapes de la cha\u00eene de production, \u00e9tudie les projets et d\u00e9finit leur processus de fabrication, d\u00e9cide des outils et machines appropri\u00e9s, les r\u00e8gle afin de satisfaire la production.<\/p>\n <\/div>\n        <\/div>\n\n<div class=\"espace \ud83d\ude80 mb-7 mb-lg-7 \" data-aos=\"fade-up\">\n        <div class=\"container\">\n<p>Il veille aux suivis du rythme de production et il r\u00e9alise des tests. Pour cela, il sait :<\/p>\n <\/div>\n        <\/div>\n\n<div class=\"espace \ud83d\ude80 mb-7 mb-lg-7 \" data-aos=\"fade-up\">\n        <div class=\"container\">\n<ul class=\"wp-block-list\">\n<li>lire les plans techniques,<\/li>\n\n\n\n<li>pr\u00e9parer les pi\u00e8ces,<\/li>\n\n\n\n<li>effectuer l&rsquo;usinage des pi\u00e8ces selon les sp\u00e9cifications requises,<\/li>\n\n\n\n<li>contr\u00f4ler la qualit\u00e9 des pi\u00e8ces usin\u00e9es,<\/li>\n\n\n\n<li>et assurer la maintenance de base ou maintenance de premier niveau des machines-outils.<\/li>\n<\/ul>\n <\/div>\n        <\/div>\n\n<!-- START OF : Composant : block-periscope-theme-section-composant-image-pleine-largeur.php -->\n<!-- END OF : Composant : block-periscope-theme-section-composant-image-pleine-largeur.php -->\n\n\n<!-- START OF : Composant : block-periscope-theme-section-composant-two-columns.php -->\n<div class=\"espace \ud83d\ude80 mb-7 mb-lg-14\">\n\t<div class=\"container\">\n\t\t<div class=\"row\">\n\t\t\t<div class=\"col-lg-10 offset-lg-1\">\n\t\t\t\t<div class=\"two-columns row  overflow-hidden\">\n\t<div class=\"col-lg-6 order-last order-lg-first\" data-aos=\"fade-right\">\n\t\t\t\t\t\t<p>Il a un r\u00f4le majeur dans la production, il fait \u00e9galement le lien avec les fournisseurs de mati\u00e8re premi\u00e8re afin de savoir quels sont ces besoins pour la production des pi\u00e8ces.<\/p>\n\t\t\t\t\t<\/div>\n\t\t<div class=\"col-lg-6 mb-4 mb-lg-0\" data-aos=\"fade-left\">\n\t\t<picture class=\"d-block ratio ratio-1x1\">\n\t\t\t<img decoding=\"async\" src=\"https:\/\/www.hall32.fr\/ecole\/wp-content\/uploads\/sites\/2\/2025\/10\/5L3A0039.jpg\" width=\"443\" height=\"443\" alt=\"\" \/>\n\t\t<\/picture>\n\t\t<p class=\"pt-1 two-columns__legend image__legend\"><\/p>\n\t<\/div>\n\t<\/div>\t\t\t<\/div>\n\t\t<\/div>\n\t<\/div>\n<\/div>\n<!-- END OF : Composant : block-periscope-theme-section-composant-two-columns.php -->\n\n\n<!-- START OF : Composant : block-periscope-theme-section-composant-intertitre.php -->\n\n<div class=\"espace \ud83d\ude80\" data-aos=\"fade-up\">\n\t<div class=\"container\">\n\t\t<h2 class=\"h2 text-success\">Les comp\u00e9tences et les qualit\u00e9s d&#039;un usineur<\/h2>\n\t<\/div>\n<\/div>\n<!-- END OF : Composant : block-periscope-theme-section-composant-intertitre.php -->\n\n\n<div class=\"espace \ud83d\ude80 mb-7 mb-lg-7 \" data-aos=\"fade-up\">\n        <div class=\"container\">\n<p>L&rsquo;usineur doit \u00e9galement \u00eatre capable de travailler avec diff\u00e9rents mat\u00e9riaux tels que des m\u00e9taux, des mat\u00e9riaux composites ou sp\u00e9ciaux. Il doit poss\u00e9der une solide connaissance des outils de coupe et des techniques d&rsquo;usinage pour choisir le meilleur outil et la meilleure m\u00e9thode pour usiner chaque pi\u00e8ce dans les meilleures conditions.<\/p>\n <\/div>\n        <\/div>\n\n<div class=\"espace \ud83d\ude80 mb-7 mb-lg-7 \" data-aos=\"fade-up\">\n        <div class=\"container\">\n<p>Les usineurs doivent faire preuve d&rsquo;une grande habilet\u00e9 \u00e0 r\u00e9soudre des probl\u00e8mes li\u00e9s \u00e0 l&rsquo;usinage, comme le choix des outils, l&rsquo;optimisation des processus, la r\u00e9solution des probl\u00e8mes de qualit\u00e9. Ils doivent \u00eatre en mesure de diagnostiquer les probl\u00e8mes et d&rsquo;apporter des ajustements ou des corrections n\u00e9cessaires pour assurer la conformit\u00e9 des pi\u00e8ces produites. <\/p>\n <\/div>\n        <\/div>\n\n<div class=\"espace \ud83d\ude80 mb-7 mb-lg-7 \" data-aos=\"fade-up\">\n        <div class=\"container\">\n<p>Les<strong> qualit\u00e9s d\u2019un usineur<\/strong> sont multiples, il est habile de ses mains et pr\u00e9cis pour produire des pi\u00e8ces conformes aux attentes des clients. Il fait preuve de patience, de pers\u00e9v\u00e9rance, de rigueur et d\u2019esprit d\u2019analyse qui lui sera utile pour r\u00e9gler les probl\u00e8mes qu\u2019il pourrait rencontrer.<\/p>\n <\/div>\n        <\/div>\n\n<div class=\"espace \ud83d\ude80 mb-7 mb-lg-7 \" data-aos=\"fade-up\">\n        <div class=\"container\">\n<h2 class=\"wp-block-heading\">Usineur : un m\u00e9tier \u00e0 risques<\/h2>\n <\/div>\n        <\/div>\n\n<div class=\"espace \ud83d\ude80 mb-7 mb-lg-7 \" data-aos=\"fade-up\">\n        <div class=\"container\">\n<p>Il est important de respecter les r\u00e8gles de s\u00e9curit\u00e9 strictes ainsi que le port des EPI (Equipement protection individuel) pour \u00e9viter les accidents, les coupures ou les br\u00fblures qui peuvent survenir lors de la manipulation de ces machines-outils.<\/p>\n <\/div>\n        <\/div>\n\n<!-- START OF : Composant : block-periscope-theme-section-composant-intertitre.php -->\n\n<div class=\"espace \ud83d\ude80\" data-aos=\"fade-up\">\n\t<div class=\"container\">\n\t\t<h2 class=\"h2 text-danger\">Dipl\u00f4mes et formations pour devenir usineur <\/h2>\n\t<\/div>\n<\/div>\n<!-- END OF : Composant : block-periscope-theme-section-composant-intertitre.php -->\n\n\n<div class=\"espace \ud83d\ude80 mb-7 mb-lg-7 \" data-aos=\"fade-up\">\n        <div class=\"container\">\n<p>Si vous souhaitez <strong>devenir usineur<\/strong>, n&rsquo;attendez plus, venez vous former \u00e0 Hall 32. Nous proposons des formations professionnalisantes en Bac pro et BTS. Les formations en alternance sont forcement appr\u00e9ci\u00e9es par les recruteurs. C&rsquo;est pourquoi Hall 32 ne forme qu&rsquo;en alternance. <\/p>\n <\/div>\n        <\/div>\n\n<div class=\"espace \ud83d\ude80 mb-7 mb-lg-7 \" data-aos=\"fade-up\">\n        <div class=\"container\">\n<p>Notre <a href=\"https:\/\/www.hall32.fr\/ecole\/formations\/nos-bac-pro\/technicien-en-realisation-de-produits-mecaniques-trpm\/\">Bac pro Technicien en R\u00e9alisation de Produits M\u00e9caniques (Bac pro TRPM)<\/a> vous permettra de d\u00e9couvrir de nombreuses comp\u00e9tences, comme l\u2019\u00e9laboration de process, le lancement et le suivi d\u2019une production, la pr\u00e9paration de la fabrication et de la maintenance de premier niveau. Des contenus qui vous permettront d\u2019obtenir une forte connaissance du m\u00e9tier pour entamer votre vie professionnelle. \u00c0 la suite de ce dipl\u00f4me, vous pouvez vous former au <a href=\"https:\/\/www.hall32.fr\/ecole\/formations\/nos-bts\/conception-de-processus-de-realisation-de-produits-industriels-cprp\/\">BTS Conception de Processus de R\u00e9alisation de Produits Industriels (BTS CPRP)<\/a>. <\/p>\n <\/div>\n        <\/div>\n\n<div class=\"espace \ud83d\ude80 mb-7 mb-lg-7 \" data-aos=\"fade-up\">\n        <div class=\"container\">\n<p>Dans ce BTS CPRP, vous pourrez cr\u00e9er un processus de production, g\u00e9rer une production et contr\u00f4ler son environnement de travail. Autant de t\u00e2ches qui vous seront bien \u00e9videmment assign\u00e9es si vous devenez usineur.<\/p>\n <\/div>\n        <\/div>\n\n<div class=\"espace \ud83d\ude80 mb-7 mb-lg-7 \" data-aos=\"fade-up\">\n        <div class=\"container\">\n<p>Vous \u00eates sorti du syst\u00e8me scolaire, mais souhaitez-vous former au m\u00e9tier d\u2019usineur ?<br>C\u2019est tout \u00e0 fait possible avec notre formation certifiante : <a href=\"https:\/\/www.hall32.fr\/la-formation-professionnelle-et-continue\/catalogue-de-formations-continues\/certification-de-qualification-pro-operateur-regleur-sur-machine-outil-a-commande-numerique-cqp-ormonc\/\">CQP ORMOCN, le Certificat de Qualification Pro (CQP) Op\u00e9rateur R\u00e9gleur sur Machine-Outil \u00e0 Commande Num\u00e9rique.<\/a><\/p>\n <\/div>\n        <\/div>\n\n<!-- START OF : Composant : block-periscope-theme-section-composant-two-columns.php -->\n<div class=\"espace \ud83d\ude80 mb-7 mb-lg-14\">\n\t<div class=\"container\">\n\t\t<div class=\"row\">\n\t\t\t<div class=\"col-lg-10 offset-lg-1\">\n\t\t\t\t<div class=\"two-columns row  overflow-hidden\">\n\t<div class=\"col-lg-6 order-last order-lg-first\" data-aos=\"fade-right\">\n\t\t\t\t<h2 class=\"h2 text-info\">Quel est le salaire d\u2019un usineur ?<\/h2>\n\t\t\t\t\t\t<p>Le salaire d\u2019un usineur varie en fonction de ses dipl\u00f4mes et de son exp\u00e9rience. Un usineur qui commence sur le march\u00e9 du travail \u00e0 un salaire de 1800 euros brut, soit 21 600 \u20ac bruts par an.<\/p>\n\t\t\t\t\t<\/div>\n\t\t<div class=\"col-lg-6 mb-4 mb-lg-0\" data-aos=\"fade-left\">\n\t\t<picture class=\"d-block ratio ratio-1x1\">\n\t\t\t<img decoding=\"async\" src=\"https:\/\/www.hall32.fr\/ecole\/wp-content\/uploads\/sites\/2\/2025\/10\/5L3A0008.jpg\" width=\"443\" height=\"443\" alt=\"\" \/>\n\t\t<\/picture>\n\t\t<p class=\"pt-1 two-columns__legend image__legend\"><\/p>\n\t<\/div>\n\t<\/div>\t\t\t<\/div>\n\t\t<\/div>\n\t<\/div>\n<\/div>\n<!-- END OF : Composant : block-periscope-theme-section-composant-two-columns.php -->\n\n\n<!-- START OF : Composant : block-periscope-theme-section-composant-bloc-cta.php -->\n<div class=\"overflow-hidden\">\n\t\t<div class=\"row g-0 \">\n\t\t\n\t\t<div class=\"col-sm-6\">\n\t\t\t\t\t<div class=\"carre h-100 px-2 py-7 p-md-7 p-lg-14 h-100 text-start d-flex flex-column align-items-start justify-content-center bg-primary\">\n\t<div data-aos=\"fade-left\">\n\t\t<h3 class=\"h2\">Secteurs d&#039;activit\u00e9 pour un usineur<\/h3>\n\t\t<p class=\"fs-18 fs-lg-20\">L&rsquo;usineur peut travailler dans une grande vari\u00e9t\u00e9 de secteurs tels que l&rsquo;a\u00e9ronautique, automobile, industrie m\u00e9canique et nucl\u00e9aire. Dans le milieu industriel, des usineurs sont n\u00e9cessaires dans tous les secteurs.<\/p>\n\t\t\t<\/div>\n<\/div>\n\t\t<\/div>\n\t\t\t\t\t\n\t\t<div class=\"col-sm-6\">\n\t\t\t\t\t<div class=\"carre h-100 px-2 py-7 p-md-7 p-lg-14 h-100 text-start d-flex flex-column align-items-start justify-content-center bg-light\">\n\t<div data-aos=\"fade-left\">\n\t\t<h3 class=\"h2\">Situation actuelle du march\u00e9 du travail dans l\u2019usinage<\/h3>\n\t\t<p class=\"fs-18 fs-lg-20\">Pour ce qui est de l\u2019employabilit\u00e9 d&rsquo;un usineur, elle se porte tr\u00e8s bien. Les entreprises de tous secteurs d\u2019activit\u00e9 confondus cherchent \u00e0 employer des usineurs. Les perspectives d\u2019\u00e9volution professionnelle sont nombreuses m\u00eame pour les profils les moins dipl\u00f4m\u00e9s.<\/p>\n\t\t\t<\/div>\n<\/div>\n\t\t<\/div>\n\t\t\t\t\t\t\t\t<\/div>\n<\/div>\n<!-- END OF : Composant : block-periscope-theme-section-composant-bloc-cta.php -->\n\n\n<!-- START OF : Composant : block-periscope-theme-section-composant-bloc-cta.php -->\n<div class=\"overflow-hidden\">\n\t\t<div class=\"row g-0 \">\n\t\t\t\t<div class=\"col-sm-6\">\n\t\t\t<div class=\"carre-img h-100\">\n\t<picture>\n\t\t<img decoding=\"async\" src=\"https:\/\/www.hall32.fr\/ecole\/wp-content\/uploads\/sites\/2\/2023\/07\/100DPI-Photos-site-719x639Plan-de-travail-41.jpg\" alt=\"Pi\u00e8ce usin\u00e9e hall 32\" width=\"443\" height=\"443\" alt=\"\" class=\"w-100 h-100 of-cover op-center\" loading=\"lazy\" \/>\n\t<\/picture>\n<\/div>\n\t\t<\/div>\n\t\t<div class=\"col-sm-6\">\n\t\t\t<div class=\"carre h-100 px-2 py-7 p-md-7 p-lg-14 h-100 text-start d-flex flex-column align-items-start justify-content-center bg-warning\">\n\t<div data-aos=\"fade-left\">\n\t\t<h3 class=\"h2\">D\u00e9bouch\u00e9s et opportunit\u00e9s professionnelles d&#039;un usineur<\/h3>\n\t\t<p class=\"fs-18 fs-lg-20\">Un usineur peut \u00e9voluer vers des postes de : <br \/>\r\n<br \/>\r\n&#8211;\tr\u00e9gleur, <br \/>\r\n&#8211;\ttechnicien de qualit\u00e9, <br \/>\r\n&#8211;\tresponsable de production, <br \/>\r\n&#8211;\ttechnicien en bureau des m\u00e9thodes, <br \/>\r\n&#8211;\tchef d&rsquo;atelier, <br \/>\r\n&#8211;\tou encore chef d\u2019\u00e9quipe.<\/p>\n\t\t\t<\/div>\n<\/div>\n\t\t<\/div>\n\t\t\t\t<\/div>\n<\/div>\n<!-- END OF : Composant : block-periscope-theme-section-composant-bloc-cta.php -->\n\n\n<!-- START OF : Composant : block-periscope-theme-section-composant-espace.php -->\n<div class=\"espace \ud83d\ude80 mb-7 mb-lg-14\"><\/div>\n<!-- END OF : Composant : block-periscope-theme-section-composant-espace.php -->\n","protected":false},"excerpt":{"rendered":"<p>Le travail de l&rsquo;usineur consiste \u00e0 utiliser diverses machines-outils pour usiner des pi\u00e8ces de mat\u00e9riaux multiples par enl\u00e8vement de mati\u00e8re. Il peut donc utiliser des machines conventionnelles telles que les fraiseuses, les tours conventionnels, les rectifieuses ou encore. Aujourd\u2019hui, il est de plus en plus fr\u00e9quent que l&rsquo;usineur utilise des machines \u00e0 commande num\u00e9rique telles [&hellip;]<\/p>\n","protected":false},"author":10,"featured_media":0,"parent":0,"menu_order":0,"comment_status":"closed","ping_status":"closed","template":"","meta":{"_acf_changed":false,"footnotes":""},"class_list":["post-3476","page","type-page","status-publish","hentry"],"acf":[],"yoast_head":"<!-- This site is optimized with the Yoast SEO plugin v25.9 - https:\/\/yoast.com\/wordpress\/plugins\/seo\/ -->\n<title>Tout savoir sur le m\u00e9tier d&#039;usineur - Ecole<\/title>\n<meta name=\"description\" content=\"D\u00e9couvrez le m\u00e9tier d\u2019usineur avec Hall 32. Apprenez-en plus sur les formations en usinage industrielle, les missions, le salaire et les d\u00e9bouch\u00e9s possibles pour un op\u00e9rateur d\u2019usinage exp\u00e9riment\u00e9.\" \/>\n<meta name=\"robots\" content=\"index, follow, max-snippet:-1, max-image-preview:large, max-video-preview:-1\" \/>\n<link rel=\"canonical\" href=\"https:\/\/www.hall32.fr\/ecole\/tout-savoir-sur-le-metier-dusineur\/\" \/>\n<meta property=\"og:locale\" content=\"fr_FR\" \/>\n<meta property=\"og:type\" content=\"article\" \/>\n<meta property=\"og:title\" content=\"Tout savoir sur le m\u00e9tier d&#039;usineur - Ecole\" \/>\n<meta property=\"og:description\" content=\"D\u00e9couvrez le m\u00e9tier d\u2019usineur avec Hall 32. Apprenez-en plus sur les formations en usinage industrielle, les missions, le salaire et les d\u00e9bouch\u00e9s possibles pour un op\u00e9rateur d\u2019usinage exp\u00e9riment\u00e9.\" \/>\n<meta property=\"og:url\" content=\"https:\/\/www.hall32.fr\/ecole\/tout-savoir-sur-le-metier-dusineur\/\" \/>\n<meta property=\"og:site_name\" content=\"Ecole\" \/>\n<meta property=\"article:modified_time\" content=\"2025-10-14T08:02:21+00:00\" \/>\n<meta name=\"twitter:card\" content=\"summary_large_image\" \/>\n<meta name=\"twitter:label1\" content=\"Dur\u00e9e de lecture estim\u00e9e\" \/>\n\t<meta name=\"twitter:data1\" content=\"3 minutes\" \/>\n<script type=\"application\/ld+json\" class=\"yoast-schema-graph\">{\"@context\":\"https:\/\/schema.org\",\"@graph\":[{\"@type\":\"WebPage\",\"@id\":\"https:\/\/www.hall32.fr\/ecole\/tout-savoir-sur-le-metier-dusineur\/\",\"url\":\"https:\/\/www.hall32.fr\/ecole\/tout-savoir-sur-le-metier-dusineur\/\",\"name\":\"Tout savoir sur le m\u00e9tier d'usineur - Ecole\",\"isPartOf\":{\"@id\":\"https:\/\/www.hall32.fr\/ecole\/#website\"},\"datePublished\":\"2023-07-24T11:47:40+00:00\",\"dateModified\":\"2025-10-14T08:02:21+00:00\",\"description\":\"D\u00e9couvrez le m\u00e9tier d\u2019usineur avec Hall 32. Apprenez-en plus sur les formations en usinage industrielle, les missions, le salaire et les d\u00e9bouch\u00e9s possibles pour un op\u00e9rateur d\u2019usinage exp\u00e9riment\u00e9.\",\"breadcrumb\":{\"@id\":\"https:\/\/www.hall32.fr\/ecole\/tout-savoir-sur-le-metier-dusineur\/#breadcrumb\"},\"inLanguage\":\"fr-FR\",\"potentialAction\":[{\"@type\":\"ReadAction\",\"target\":[\"https:\/\/www.hall32.fr\/ecole\/tout-savoir-sur-le-metier-dusineur\/\"]}]},{\"@type\":\"BreadcrumbList\",\"@id\":\"https:\/\/www.hall32.fr\/ecole\/tout-savoir-sur-le-metier-dusineur\/#breadcrumb\",\"itemListElement\":[{\"@type\":\"ListItem\",\"position\":1,\"name\":\"Accueil\",\"item\":\"https:\/\/www.hall32.fr\/ecole\/\"},{\"@type\":\"ListItem\",\"position\":2,\"name\":\"Tout savoir sur le m\u00e9tier d&rsquo;usineur\"}]},{\"@type\":\"WebSite\",\"@id\":\"https:\/\/www.hall32.fr\/ecole\/#website\",\"url\":\"https:\/\/www.hall32.fr\/ecole\/\",\"name\":\"Ecole\",\"description\":\"\",\"potentialAction\":[{\"@type\":\"SearchAction\",\"target\":{\"@type\":\"EntryPoint\",\"urlTemplate\":\"https:\/\/www.hall32.fr\/ecole\/?s={search_term_string}\"},\"query-input\":{\"@type\":\"PropertyValueSpecification\",\"valueRequired\":true,\"valueName\":\"search_term_string\"}}],\"inLanguage\":\"fr-FR\"}]}<\/script>\n<!-- \/ Yoast SEO plugin. -->","yoast_head_json":{"title":"Tout savoir sur le m\u00e9tier d'usineur - Ecole","description":"D\u00e9couvrez le m\u00e9tier d\u2019usineur avec Hall 32. Apprenez-en plus sur les formations en usinage industrielle, les missions, le salaire et les d\u00e9bouch\u00e9s possibles pour un op\u00e9rateur d\u2019usinage exp\u00e9riment\u00e9.","robots":{"index":"index","follow":"follow","max-snippet":"max-snippet:-1","max-image-preview":"max-image-preview:large","max-video-preview":"max-video-preview:-1"},"canonical":"https:\/\/www.hall32.fr\/ecole\/tout-savoir-sur-le-metier-dusineur\/","og_locale":"fr_FR","og_type":"article","og_title":"Tout savoir sur le m\u00e9tier d'usineur - Ecole","og_description":"D\u00e9couvrez le m\u00e9tier d\u2019usineur avec Hall 32. Apprenez-en plus sur les formations en usinage industrielle, les missions, le salaire et les d\u00e9bouch\u00e9s possibles pour un op\u00e9rateur d\u2019usinage exp\u00e9riment\u00e9.","og_url":"https:\/\/www.hall32.fr\/ecole\/tout-savoir-sur-le-metier-dusineur\/","og_site_name":"Ecole","article_modified_time":"2025-10-14T08:02:21+00:00","twitter_card":"summary_large_image","twitter_misc":{"Dur\u00e9e de lecture estim\u00e9e":"3 minutes"},"schema":{"@context":"https:\/\/schema.org","@graph":[{"@type":"WebPage","@id":"https:\/\/www.hall32.fr\/ecole\/tout-savoir-sur-le-metier-dusineur\/","url":"https:\/\/www.hall32.fr\/ecole\/tout-savoir-sur-le-metier-dusineur\/","name":"Tout savoir sur le m\u00e9tier d'usineur - Ecole","isPartOf":{"@id":"https:\/\/www.hall32.fr\/ecole\/#website"},"datePublished":"2023-07-24T11:47:40+00:00","dateModified":"2025-10-14T08:02:21+00:00","description":"D\u00e9couvrez le m\u00e9tier d\u2019usineur avec Hall 32. Apprenez-en plus sur les formations en usinage industrielle, les missions, le salaire et les d\u00e9bouch\u00e9s possibles pour un op\u00e9rateur d\u2019usinage exp\u00e9riment\u00e9.","breadcrumb":{"@id":"https:\/\/www.hall32.fr\/ecole\/tout-savoir-sur-le-metier-dusineur\/#breadcrumb"},"inLanguage":"fr-FR","potentialAction":[{"@type":"ReadAction","target":["https:\/\/www.hall32.fr\/ecole\/tout-savoir-sur-le-metier-dusineur\/"]}]},{"@type":"BreadcrumbList","@id":"https:\/\/www.hall32.fr\/ecole\/tout-savoir-sur-le-metier-dusineur\/#breadcrumb","itemListElement":[{"@type":"ListItem","position":1,"name":"Accueil","item":"https:\/\/www.hall32.fr\/ecole\/"},{"@type":"ListItem","position":2,"name":"Tout savoir sur le m\u00e9tier d&rsquo;usineur"}]},{"@type":"WebSite","@id":"https:\/\/www.hall32.fr\/ecole\/#website","url":"https:\/\/www.hall32.fr\/ecole\/","name":"Ecole","description":"","potentialAction":[{"@type":"SearchAction","target":{"@type":"EntryPoint","urlTemplate":"https:\/\/www.hall32.fr\/ecole\/?s={search_term_string}"},"query-input":{"@type":"PropertyValueSpecification","valueRequired":true,"valueName":"search_term_string"}}],"inLanguage":"fr-FR"}]}},"_links":{"self":[{"href":"https:\/\/www.hall32.fr\/ecole\/wp-json\/wp\/v2\/pages\/3476","targetHints":{"allow":["GET"]}}],"collection":[{"href":"https:\/\/www.hall32.fr\/ecole\/wp-json\/wp\/v2\/pages"}],"about":[{"href":"https:\/\/www.hall32.fr\/ecole\/wp-json\/wp\/v2\/types\/page"}],"author":[{"embeddable":true,"href":"https:\/\/www.hall32.fr\/ecole\/wp-json\/wp\/v2\/users\/10"}],"replies":[{"embeddable":true,"href":"https:\/\/www.hall32.fr\/ecole\/wp-json\/wp\/v2\/comments?post=3476"}],"version-history":[{"count":3,"href":"https:\/\/www.hall32.fr\/ecole\/wp-json\/wp\/v2\/pages\/3476\/revisions"}],"predecessor-version":[{"id":4266,"href":"https:\/\/www.hall32.fr\/ecole\/wp-json\/wp\/v2\/pages\/3476\/revisions\/4266"}],"wp:attachment":[{"href":"https:\/\/www.hall32.fr\/ecole\/wp-json\/wp\/v2\/media?parent=3476"}],"curies":[{"name":"wp","href":"https:\/\/api.w.org\/{rel}","templated":true}]}}