{"id":3483,"date":"2023-07-24T15:25:16","date_gmt":"2023-07-24T13:25:16","guid":{"rendered":"https:\/\/www.hall32.fr\/ecole\/?page_id=3483"},"modified":"2025-10-14T10:04:58","modified_gmt":"2025-10-14T08:04:58","slug":"fiche-metier-de-conducteurtrice-de-ligne-de-production","status":"publish","type":"page","link":"https:\/\/www.hall32.fr\/ecole\/fiche-metier-de-conducteurtrice-de-ligne-de-production\/","title":{"rendered":"Fiche m\u00e9tier : conducteur(trice) de ligne de production"},"content":{"rendered":"<!-- START OF : Composant : block-periscope-theme-section-composant-bloc-cta.php -->\n<div class=\"overflow-hidden\">\n\t\t<div class=\"row g-0 \">\n\t\t\t\t<div class=\"col-sm-6\">\n\t\t\t<div class=\"carre-img h-100\">\n\t<picture>\n\t\t<img decoding=\"async\" src=\"https:\/\/www.hall32.fr\/ecole\/wp-content\/uploads\/sites\/2\/2025\/10\/5L3A0088.jpg\" alt=\"Apprenants en pilotage de ligne sur le plateau technique de hall 32\" width=\"443\" height=\"443\" alt=\"\" class=\"w-100 h-100 of-cover op-center\" loading=\"lazy\" \/>\n\t<\/picture>\n<\/div>\n\t\t<\/div>\n\t\t<div class=\"col-sm-6\">\n\t\t\t<div class=\"carre h-100 px-2 py-7 p-md-7 p-lg-14 h-100 text-start d-flex flex-column align-items-start justify-content-center bg-primary\">\n\t<div data-aos=\"fade-left\">\n\t\t<h3 class=\"h2\">Qu\u2019est-ce qu\u2019un conducteur de ligne ?<\/h3>\n\t\t<p class=\"fs-18 fs-lg-20\">Une conductrice de ligne ou un conducteur de ligne de production est un professionnel de l&rsquo;industrie qui a pour mission de surveiller et de piloter les lignes de production automatis\u00e9es. Il est responsable de la mise en route et du bon fonctionnement des machines automatis\u00e9es sur des lignes de production.<\/p>\n\t\t\t<\/div>\n<\/div>\n\t\t<\/div>\n\t\t\t\t<\/div>\n<\/div>\n<!-- END OF : Composant : block-periscope-theme-section-composant-bloc-cta.php -->\n\n\n<!-- START OF : Composant : block-periscope-theme-section-composant-espace.php -->\n<div class=\"espace \ud83d\ude80 mb-7 mb-lg-14\"><\/div>\n<!-- END OF : Composant : block-periscope-theme-section-composant-espace.php -->\n\n\n<!-- START OF : Composant : block-periscope-theme-section-composant-intertitre.php -->\n\n<div class=\"espace \ud83d\ude80\" data-aos=\"fade-up\">\n\t<div class=\"container\">\n\t\t<h2 class=\"h2 text-danger\">Les missions d\u2019un conducteur de ligne<\/h2>\n\t<\/div>\n<\/div>\n<!-- END OF : Composant : block-periscope-theme-section-composant-intertitre.php -->\n\n\n<!-- START OF : Composant : block-periscope-theme-section-composant-image-pleine-largeur.php -->\n<!-- END OF : Composant : block-periscope-theme-section-composant-image-pleine-largeur.php -->\n\n\n<!-- START OF : Composant : block-periscope-theme-section-composant-two-columns.php -->\n<div class=\"espace \ud83d\ude80 mb-7 mb-lg-14\">\n\t<div class=\"container\">\n\t\t<div class=\"row\">\n\t\t\t<div class=\"col-lg-10 offset-lg-1\">\n\t\t\t\t<div class=\"two-columns row  overflow-hidden\">\n\t<div class=\"col-lg-6 order-last order-lg-first\" data-aos=\"fade-right\">\n\t\t\t\t\t\t<p>Le conducteur de ligne de production doit \u00eatre capable de r\u00e9aliser des op\u00e9rations de maintenance pr\u00e9ventive de premier niveau pour \u00e9viter toute panne ou dysfonctionnement. En cas de panne, le conducteur de ligne doit \u00eatre en mesure de r\u00e9soudre rapidement le probl\u00e8me ou faire appel \u00e0 ses coll\u00e8gues sp\u00e9cialistes des op\u00e9rations de maintenance. Il doit \u00e9galement \u00eatre en mesure d&#039;approvisionner les machines en mati\u00e8res premi\u00e8res, contr\u00f4ler la tra\u00e7abilit\u00e9 des produits finis et des emballages\u2026<\/p>\n\t\t\t\t\t<\/div>\n\t\t<div class=\"col-lg-6 mb-4 mb-lg-0\" data-aos=\"fade-left\">\n\t\t<picture class=\"d-block ratio ratio-1x1\">\n\t\t\t<img decoding=\"async\" src=\"https:\/\/www.hall32.fr\/ecole\/wp-content\/uploads\/sites\/2\/2023\/07\/100DPI-Photos-site-719x639Plan-de-travail-46.jpg\" width=\"443\" height=\"443\" alt=\"\" \/>\n\t\t<\/picture>\n\t\t<p class=\"pt-1 two-columns__legend image__legend\"><\/p>\n\t<\/div>\n\t<\/div>\t\t\t<\/div>\n\t\t<\/div>\n\t<\/div>\n<\/div>\n<!-- END OF : Composant : block-periscope-theme-section-composant-two-columns.php -->\n\n\n<!-- START OF : Composant : block-periscope-theme-section-composant-intertitre.php -->\n\n<div class=\"espace \ud83d\ude80\" data-aos=\"fade-up\">\n\t<div class=\"container\">\n\t\t<h2 class=\"h2 text-success\">Comp\u00e9tences et qualit\u00e9s du conducteur de ligne de production<\/h2>\n\t<\/div>\n<\/div>\n<!-- END OF : Composant : block-periscope-theme-section-composant-intertitre.php -->\n\n\n<div class=\"espace \ud83d\ude80 mb-7 mb-lg-7 \" data-aos=\"fade-up\">\n        <div class=\"container\">\n<p>Le conducteur de ligne de production doit \u00eatre capable de travailler en \u00e9quipe, avoir l\u2019esprit d\u2019\u00e9quipe, de r\u00e9aliser des op\u00e9rations de manutention et de respecter les r\u00e8gles strictes en mati\u00e8re de qualit\u00e9 et de s\u00e9curit\u00e9.<\/p>\n <\/div>\n        <\/div>\n\n<div class=\"espace \ud83d\ude80 mb-7 mb-lg-7 \" data-aos=\"fade-up\">\n        <div class=\"container\">\n<p>Il doit \u00eatre polyvalent et rigoureux, car il s\u2019occupe de diff\u00e9rentes t\u00e2ches pr\u00e9cises qui s\u2019articulent autour de son m\u00e9tier. Le conducteur de ligne r\u00e9alise des op\u00e9rations de maintenance pr\u00e9ventive et doit \u00eatre attentif et r\u00e9actif au moindre probl\u00e8me auquel il fera face.<\/p>\n <\/div>\n        <\/div>\n\n<!-- START OF : Composant : block-periscope-theme-section-composant-intertitre.php -->\n\n<div class=\"espace \ud83d\ude80\" data-aos=\"fade-up\">\n\t<div class=\"container\">\n\t\t<h2 class=\"h2 text-danger\">Dipl\u00f4mes et formations pour devenir conducteur de ligne <\/h2>\n\t<\/div>\n<\/div>\n<!-- END OF : Composant : block-periscope-theme-section-composant-intertitre.php -->\n\n\n<div class=\"espace \ud83d\ude80 mb-7 mb-lg-7 \" data-aos=\"fade-up\">\n        <div class=\"container\">\n<p>Il est possible de faire une formation en apprentissage pour <strong>devenir conducteur de ligne de production<\/strong>. Notre formation en <a href=\"https:\/\/www.hall32.fr\/ecole\/formations\/nos-bac-pro\/pilote-de-ligne-de-production-plp\/\">Bac pro Pilote de Ligne de Production (Bac pro PLP)<\/a> en apprentissage est id\u00e9ale pour apprendre ce m\u00e9tier de fa\u00e7on th\u00e9orique et pratique. Les premi\u00e8res exp\u00e9riences professionnelles \u00e9tant fortement appr\u00e9ci\u00e9es par les recruteurs de <strong>pilote de ligne de production<\/strong>, l\u2019aspect professionnalisant de la formation sera un plus.<\/p>\n <\/div>\n        <\/div>\n\n<div class=\"espace \ud83d\ude80 mb-7 mb-lg-7 \" data-aos=\"fade-up\">\n        <div class=\"container\">\n<p>Le <a href=\"https:\/\/www.hall32.fr\/ecole\/formations\/nos-bts\/maintenance-des-systemes-de-production-msp\/\">BTS Maintenance des Syst\u00e8mes de Production (BTS MSP)<\/a> est \u00e9galement une porte d\u2019entr\u00e9e pour devenir pilote de ligne, mais aussi <strong>responsable de production<\/strong>. Ce BTS permet d\u2019allier pratique et th\u00e9orie avec les cours dispens\u00e9s au sein de Hall 32. Il permet aussi de pratiquer en entreprise sur des machines industrielle.<\/p>\n <\/div>\n        <\/div>\n\n<div class=\"espace \ud83d\ude80 mb-7 mb-lg-7 \" data-aos=\"fade-up\">\n        <div class=\"container\">\n<p>L\u2019apprentissage en alternance est un vrai plus dans une formation, car l\u2019\u00e9tudiant peut apprendre les r\u00e9alit\u00e9s du terrain, tout en b\u00e9n\u00e9ficiant d\u2019une r\u00e9mun\u00e9ration mensuelle non n\u00e9gligeable.<\/p>\n <\/div>\n        <\/div>\n\n<div class=\"espace \ud83d\ude80 mb-7 mb-lg-7 \" data-aos=\"fade-up\">\n        <div class=\"container\">\n<p>Il est possible de se former en formation continue gr\u00e2ce \u00e0 une certification de qualification professionnelle. Il existe diff\u00e9rents CQP (Certificat de Qualification Professionnelle) conducteur de ligne, suivant le secteur industriel qui vous int\u00e9resse.<\/p>\n <\/div>\n        <\/div>\n\n<!-- START OF : Composant : block-periscope-theme-section-composant-bloc-cta.php -->\n<div class=\"overflow-hidden\">\n\t\t<div class=\"row g-0 \">\n\t\t\t\t<div class=\"col-sm-6\">\n\t\t\t<div class=\"carre-img h-100\">\n\t<picture>\n\t\t<img decoding=\"async\" src=\"https:\/\/www.hall32.fr\/ecole\/wp-content\/uploads\/sites\/2\/2023\/07\/100DPI-Photos-site-719x639Plan-de-travail-47.jpg\" alt=\"Formation adultes pilotage de ligne de production plateau technique hall 32\" width=\"443\" height=\"443\" alt=\"\" class=\"w-100 h-100 of-cover op-center\" loading=\"lazy\" \/>\n\t<\/picture>\n<\/div>\n\t\t<\/div>\n\t\t<div class=\"col-sm-6\">\n\t\t\t<div class=\"carre h-100 px-2 py-7 p-md-7 p-lg-14 h-100 text-start d-flex flex-column align-items-start justify-content-center bg-warning\">\n\t<div data-aos=\"fade-left\">\n\t\t<h3 class=\"h2\"><\/h3>\n\t\t<p class=\"fs-18 fs-lg-20\">De plus, les conducteurs de ligne peuvent se former tout au long de leur carri\u00e8re via d&rsquo;autres formations. Si des personnes d\u00e9j\u00e0 en poste ont besoin d\u2019approfondir leurs connaissances sur des techniques pr\u00e9cises, Hall 32 propose des formations en techniques industrielles, en hydraulique, et en maintenance afin de les aider \u00e0 progresser. <\/p>\n\t\t\t<\/div>\n<\/div>\n\t\t<\/div>\n\t\t\t\t<\/div>\n<\/div>\n<!-- END OF : Composant : block-periscope-theme-section-composant-bloc-cta.php -->\n\n\n<!-- START OF : Composant : block-periscope-theme-section-composant-espace.php -->\n<div class=\"espace \ud83d\ude80 mb-7 mb-lg-14\"><\/div>\n<!-- END OF : Composant : block-periscope-theme-section-composant-espace.php -->\n\n\n<!-- START OF : Composant : block-periscope-theme-section-composant-two-columns.php -->\n<div class=\"espace \ud83d\ude80 mb-7 mb-lg-14\">\n\t<div class=\"container\">\n\t\t<div class=\"row\">\n\t\t\t<div class=\"col-lg-10 offset-lg-1\">\n\t\t\t\t<div class=\"two-columns row  overflow-hidden\">\n\t<div class=\"col-lg-6 order-last order-lg-first\" data-aos=\"fade-right\">\n\t\t\t\t<h2 class=\"h2 text-info\">Quel est le salaire d\u2019un conducteur de ligne ?<\/h2>\n\t\t\t\t\t\t<p>Le salaire d\u00e9pend de l\u2019exp\u00e9rience et du niveau d\u2019\u00e9tude de la personne. Pour un sortant de Bac Pro PLP ayant fait au moins deux ans d\u2019alternance, le salaire d\u2019un conducteur de ligne est de 1 800\u20ac brut. Ce salaire augmentera avec l\u2019exp\u00e9rience.<\/p>\n\t\t\t\t\t<\/div>\n\t\t<div class=\"col-lg-6 mb-4 mb-lg-0\" data-aos=\"fade-left\">\n\t\t<picture class=\"d-block ratio ratio-1x1\">\n\t\t\t<img decoding=\"async\" src=\"https:\/\/www.hall32.fr\/ecole\/wp-content\/uploads\/sites\/2\/2025\/10\/5L3A0081.jpg\" width=\"443\" height=\"443\" alt=\"\" \/>\n\t\t<\/picture>\n\t\t<p class=\"pt-1 two-columns__legend image__legend\"><\/p>\n\t<\/div>\n\t<\/div>\t\t\t<\/div>\n\t\t<\/div>\n\t<\/div>\n<\/div>\n<!-- END OF : Composant : block-periscope-theme-section-composant-two-columns.php -->\n\n\n<!-- START OF : Composant : block-periscope-theme-section-composant-bloc-cta.php -->\n<div class=\"overflow-hidden\">\n\t\t<div class=\"row g-0 \">\n\t\t\n\t\t<div class=\"col-sm-6\">\n\t\t\t\t\t<div class=\"carre h-100 px-2 py-7 p-md-7 p-lg-14 h-100 text-start d-flex flex-column align-items-start justify-content-center bg-primary\">\n\t<div data-aos=\"fade-left\">\n\t\t<h3 class=\"h2\">Secteurs d&#039;activit\u00e9<\/h3>\n\t\t<p class=\"fs-18 fs-lg-20\">Le travail de conducteur de ligne est pr\u00e9sent dans de tr\u00e8s nombreuses industries, dont : <br \/>\r\n&#8211;\tl&rsquo;agroalimentaire, <br \/>\r\n&#8211;\tl\u2019\u00e9nergie, <br \/>\r\n&#8211;\tla robotique, <br \/>\r\n&#8211;\tla chimie, <br \/>\r\n&#8211;\tla bio-industrie, <\/p>\n\t\t\t<\/div>\n<\/div>\n\t\t<\/div>\n\t\t\t\t\t\n\t\t<div class=\"col-sm-6\">\n\t\t\t\t\t<div class=\"carre h-100 px-2 py-7 p-md-7 p-lg-14 h-100 text-start d-flex flex-column align-items-start justify-content-center bg-light\">\n\t<div data-aos=\"fade-left\">\n\t\t<h3 class=\"h2\"><\/h3>\n\t\t<p class=\"fs-18 fs-lg-20\">&#8211;\tl\u2019automobile, <br \/>\r\n&#8211;\tla m\u00e9tallurgie, <br \/>\r\n&#8211;\tle textile, <br \/>\r\n&#8211;\tla pharmaceutique, <br \/>\r\n&#8211;\tou encore les industries de transformation (mati\u00e8res premi\u00e8res, produits agricoles, produits interm\u00e9diaires, alimentaire\u2026).<\/p>\n\t\t\t<\/div>\n<\/div>\n\t\t<\/div>\n\t\t\t\t\t\t\t\t<\/div>\n<\/div>\n<!-- END OF : Composant : block-periscope-theme-section-composant-bloc-cta.php -->\n\n\n<!-- START OF : Composant : block-periscope-theme-section-composant-espace.php -->\n<div class=\"espace \ud83d\ude80 mb-7 mb-lg-14\"><\/div>\n<!-- END OF : Composant : block-periscope-theme-section-composant-espace.php -->\n\n\n<!-- START OF : Composant : block-periscope-theme-section-composant-intertitre.php -->\n\n<div class=\"espace \ud83d\ude80\" data-aos=\"fade-up\">\n\t<div class=\"container\">\n\t\t<h2 class=\"h2 text-danger\">Situation actuelle du march\u00e9 du travail<\/h2>\n\t<\/div>\n<\/div>\n<!-- END OF : Composant : block-periscope-theme-section-composant-intertitre.php -->\n\n\n<div class=\"espace \ud83d\ude80 mb-7 mb-lg-7 \" data-aos=\"fade-up\">\n        <div class=\"container\">\n<p>Le <strong>m\u00e9tier de conducteur de ligne de production<\/strong> est actuellement tr\u00e8s recherch\u00e9 par les entreprises fran\u00e7aises. Des offres d&#8217;emploi sont mises en ligne r\u00e9guli\u00e8rement et le manque de candidat pour ce poste est un r\u00e9el probl\u00e8me pour les services de recrutement.<\/p>\n <\/div>\n        <\/div>\n\n<!-- START OF : Composant : block-periscope-theme-section-composant-bloc-cta.php -->\n<div class=\"overflow-hidden\">\n\t\t<div class=\"row g-0 \">\n\t\t\t\t<div class=\"col-sm-6\">\n\t\t\t<div class=\"carre-img h-100\">\n\t<picture>\n\t\t<img decoding=\"async\" src=\"https:\/\/www.hall32.fr\/ecole\/wp-content\/uploads\/sites\/2\/2023\/07\/100DPI-Photos-site-719x639Plan-de-travail-48.jpg\" alt=\"Formation adultes pilotage de ligne de production plateau technique hall 32\" width=\"443\" height=\"443\" alt=\"\" class=\"w-100 h-100 of-cover op-center\" loading=\"lazy\" \/>\n\t<\/picture>\n<\/div>\n\t\t<\/div>\n\t\t<div class=\"col-sm-6\">\n\t\t\t<div class=\"carre h-100 px-2 py-7 p-md-7 p-lg-14 h-100 text-start d-flex flex-column align-items-start justify-content-center bg-warning\">\n\t<div data-aos=\"fade-left\">\n\t\t<h3 class=\"h2\">D\u00e9bouch\u00e9s et opportunit\u00e9s professionnelles du conducteur de ligne<\/h3>\n\t\t<p class=\"fs-18 fs-lg-20\">Le poste de conducteur de ligne peut aboutir \u00e0 une \u00e9volution de carri\u00e8re et la personne peut s\u2019orienter vers d\u2019autres m\u00e9tiers comme responsable de production, chef d&rsquo;atelier ou pilote de ligne de production. <br \/>\r\n<br \/>\r\nLe conducteur de ligne de production peut \u00e9galement se sp\u00e9cialiser dans un domaine pr\u00e9cis de son secteur d&rsquo;activit\u00e9, comme la maintenance des syst\u00e8mes automatis\u00e9s ou la qualit\u00e9 des produits finis.<\/p>\n\t\t\t<\/div>\n<\/div>\n\t\t<\/div>\n\t\t\t\t<\/div>\n<\/div>\n<!-- END OF : Composant : block-periscope-theme-section-composant-bloc-cta.php -->\n\n\n<!-- START OF : Composant : block-periscope-theme-section-composant-espace.php -->\n<div class=\"espace \ud83d\ude80 mb-7 mb-lg-14\"><\/div>\n<!-- END OF : Composant : block-periscope-theme-section-composant-espace.php -->\n\n\n<!-- START OF : Composant : block-periscope-theme-section-composant-video.php -->\n<div class=\"espace \ud83d\ude80 mb-7 mb-lg-14\" data-aos=\"fade-up\">\n\t<div class=\"container\">\n        <p class=\"cookieconsent-optout-marketing\">\n            Veuillez \n            <a href=\"javascript:Cookiebot.renew()\">\n            accepter les cookies Marketing<\/a> pour voir cette vid\u00e9o.\t\t\t\n        <\/p>\n        <div class=\"ratio ratio-16x9\">\n            <div class=\"container\"><iframe width=\"100%\" height=\"100%\" data-src=\"https:\/\/www.youtube-nocookie.com\/embed\/VJAb4hiT6fA?controls=0\" title=\"YouTube video player\" data-cookieconsent=\"marketing\" frameborder=\"0\" allow=\"accelerometer; autoplay; clipboard-write; encrypted-media; gyroscope; picture-in-picture\" allowfullscreen><\/iframe><\/div>\n        <\/div>\n            <\/div>\n<\/div>\n<!-- END OF : Composant : block-periscope-theme-section-composant-video.php -->\n","protected":false},"excerpt":{"rendered":"<p>Le conducteur de ligne de production doit \u00eatre capable de travailler en \u00e9quipe, avoir l\u2019esprit d\u2019\u00e9quipe, de r\u00e9aliser des op\u00e9rations de manutention et de respecter les r\u00e8gles strictes en mati\u00e8re de qualit\u00e9 et de s\u00e9curit\u00e9. Il doit \u00eatre polyvalent et rigoureux, car il s\u2019occupe de diff\u00e9rentes t\u00e2ches pr\u00e9cises qui s\u2019articulent autour de son m\u00e9tier. Le [&hellip;]<\/p>\n","protected":false},"author":10,"featured_media":0,"parent":0,"menu_order":0,"comment_status":"closed","ping_status":"closed","template":"","meta":{"_acf_changed":false,"footnotes":""},"class_list":["post-3483","page","type-page","status-publish","hentry"],"acf":[],"yoast_head":"<!-- This site is optimized with the Yoast SEO plugin v25.9 - https:\/\/yoast.com\/wordpress\/plugins\/seo\/ -->\n<title>Fiche m\u00e9tier : conducteur(trice) de ligne de production - Ecole<\/title>\n<meta name=\"description\" content=\"D\u00e9couvrez le m\u00e9tier de conducteur de ligne avec Hall 32. Apprenez-en plus sur les formations en ligne de production, les missions, le salaire et les d\u00e9bouch\u00e9s possibles pour un conducteur de ligne de production.\" \/>\n<meta name=\"robots\" content=\"index, follow, max-snippet:-1, max-image-preview:large, max-video-preview:-1\" \/>\n<link rel=\"canonical\" href=\"https:\/\/www.hall32.fr\/ecole\/fiche-metier-de-conducteurtrice-de-ligne-de-production\/\" \/>\n<meta property=\"og:locale\" content=\"fr_FR\" \/>\n<meta property=\"og:type\" content=\"article\" \/>\n<meta property=\"og:title\" content=\"Fiche m\u00e9tier : conducteur(trice) de ligne de production - Ecole\" \/>\n<meta property=\"og:description\" content=\"D\u00e9couvrez le m\u00e9tier de conducteur de ligne avec Hall 32. Apprenez-en plus sur les formations en ligne de production, les missions, le salaire et les d\u00e9bouch\u00e9s possibles pour un conducteur de ligne de production.\" \/>\n<meta property=\"og:url\" content=\"https:\/\/www.hall32.fr\/ecole\/fiche-metier-de-conducteurtrice-de-ligne-de-production\/\" \/>\n<meta property=\"og:site_name\" content=\"Ecole\" \/>\n<meta property=\"article:modified_time\" content=\"2025-10-14T08:04:58+00:00\" \/>\n<meta name=\"twitter:card\" content=\"summary_large_image\" \/>\n<meta name=\"twitter:label1\" content=\"Dur\u00e9e de lecture estim\u00e9e\" \/>\n\t<meta name=\"twitter:data1\" content=\"2 minutes\" \/>\n<script type=\"application\/ld+json\" class=\"yoast-schema-graph\">{\"@context\":\"https:\/\/schema.org\",\"@graph\":[{\"@type\":\"WebPage\",\"@id\":\"https:\/\/www.hall32.fr\/ecole\/fiche-metier-de-conducteurtrice-de-ligne-de-production\/\",\"url\":\"https:\/\/www.hall32.fr\/ecole\/fiche-metier-de-conducteurtrice-de-ligne-de-production\/\",\"name\":\"Fiche m\u00e9tier : conducteur(trice) de ligne de production - Ecole\",\"isPartOf\":{\"@id\":\"https:\/\/www.hall32.fr\/ecole\/#website\"},\"datePublished\":\"2023-07-24T13:25:16+00:00\",\"dateModified\":\"2025-10-14T08:04:58+00:00\",\"description\":\"D\u00e9couvrez le m\u00e9tier de conducteur de ligne avec Hall 32. Apprenez-en plus sur les formations en ligne de production, les missions, le salaire et les d\u00e9bouch\u00e9s possibles pour un conducteur de ligne de production.\",\"breadcrumb\":{\"@id\":\"https:\/\/www.hall32.fr\/ecole\/fiche-metier-de-conducteurtrice-de-ligne-de-production\/#breadcrumb\"},\"inLanguage\":\"fr-FR\",\"potentialAction\":[{\"@type\":\"ReadAction\",\"target\":[\"https:\/\/www.hall32.fr\/ecole\/fiche-metier-de-conducteurtrice-de-ligne-de-production\/\"]}]},{\"@type\":\"BreadcrumbList\",\"@id\":\"https:\/\/www.hall32.fr\/ecole\/fiche-metier-de-conducteurtrice-de-ligne-de-production\/#breadcrumb\",\"itemListElement\":[{\"@type\":\"ListItem\",\"position\":1,\"name\":\"Accueil\",\"item\":\"https:\/\/www.hall32.fr\/ecole\/\"},{\"@type\":\"ListItem\",\"position\":2,\"name\":\"Fiche m\u00e9tier : conducteur(trice) de ligne de production\"}]},{\"@type\":\"WebSite\",\"@id\":\"https:\/\/www.hall32.fr\/ecole\/#website\",\"url\":\"https:\/\/www.hall32.fr\/ecole\/\",\"name\":\"Ecole\",\"description\":\"\",\"potentialAction\":[{\"@type\":\"SearchAction\",\"target\":{\"@type\":\"EntryPoint\",\"urlTemplate\":\"https:\/\/www.hall32.fr\/ecole\/?s={search_term_string}\"},\"query-input\":{\"@type\":\"PropertyValueSpecification\",\"valueRequired\":true,\"valueName\":\"search_term_string\"}}],\"inLanguage\":\"fr-FR\"}]}<\/script>\n<!-- \/ Yoast SEO plugin. -->","yoast_head_json":{"title":"Fiche m\u00e9tier : conducteur(trice) de ligne de production - Ecole","description":"D\u00e9couvrez le m\u00e9tier de conducteur de ligne avec Hall 32. Apprenez-en plus sur les formations en ligne de production, les missions, le salaire et les d\u00e9bouch\u00e9s possibles pour un conducteur de ligne de production.","robots":{"index":"index","follow":"follow","max-snippet":"max-snippet:-1","max-image-preview":"max-image-preview:large","max-video-preview":"max-video-preview:-1"},"canonical":"https:\/\/www.hall32.fr\/ecole\/fiche-metier-de-conducteurtrice-de-ligne-de-production\/","og_locale":"fr_FR","og_type":"article","og_title":"Fiche m\u00e9tier : conducteur(trice) de ligne de production - Ecole","og_description":"D\u00e9couvrez le m\u00e9tier de conducteur de ligne avec Hall 32. Apprenez-en plus sur les formations en ligne de production, les missions, le salaire et les d\u00e9bouch\u00e9s possibles pour un conducteur de ligne de production.","og_url":"https:\/\/www.hall32.fr\/ecole\/fiche-metier-de-conducteurtrice-de-ligne-de-production\/","og_site_name":"Ecole","article_modified_time":"2025-10-14T08:04:58+00:00","twitter_card":"summary_large_image","twitter_misc":{"Dur\u00e9e de lecture estim\u00e9e":"2 minutes"},"schema":{"@context":"https:\/\/schema.org","@graph":[{"@type":"WebPage","@id":"https:\/\/www.hall32.fr\/ecole\/fiche-metier-de-conducteurtrice-de-ligne-de-production\/","url":"https:\/\/www.hall32.fr\/ecole\/fiche-metier-de-conducteurtrice-de-ligne-de-production\/","name":"Fiche m\u00e9tier : conducteur(trice) de ligne de production - Ecole","isPartOf":{"@id":"https:\/\/www.hall32.fr\/ecole\/#website"},"datePublished":"2023-07-24T13:25:16+00:00","dateModified":"2025-10-14T08:04:58+00:00","description":"D\u00e9couvrez le m\u00e9tier de conducteur de ligne avec Hall 32. Apprenez-en plus sur les formations en ligne de production, les missions, le salaire et les d\u00e9bouch\u00e9s possibles pour un conducteur de ligne de production.","breadcrumb":{"@id":"https:\/\/www.hall32.fr\/ecole\/fiche-metier-de-conducteurtrice-de-ligne-de-production\/#breadcrumb"},"inLanguage":"fr-FR","potentialAction":[{"@type":"ReadAction","target":["https:\/\/www.hall32.fr\/ecole\/fiche-metier-de-conducteurtrice-de-ligne-de-production\/"]}]},{"@type":"BreadcrumbList","@id":"https:\/\/www.hall32.fr\/ecole\/fiche-metier-de-conducteurtrice-de-ligne-de-production\/#breadcrumb","itemListElement":[{"@type":"ListItem","position":1,"name":"Accueil","item":"https:\/\/www.hall32.fr\/ecole\/"},{"@type":"ListItem","position":2,"name":"Fiche m\u00e9tier : conducteur(trice) de ligne de production"}]},{"@type":"WebSite","@id":"https:\/\/www.hall32.fr\/ecole\/#website","url":"https:\/\/www.hall32.fr\/ecole\/","name":"Ecole","description":"","potentialAction":[{"@type":"SearchAction","target":{"@type":"EntryPoint","urlTemplate":"https:\/\/www.hall32.fr\/ecole\/?s={search_term_string}"},"query-input":{"@type":"PropertyValueSpecification","valueRequired":true,"valueName":"search_term_string"}}],"inLanguage":"fr-FR"}]}},"_links":{"self":[{"href":"https:\/\/www.hall32.fr\/ecole\/wp-json\/wp\/v2\/pages\/3483","targetHints":{"allow":["GET"]}}],"collection":[{"href":"https:\/\/www.hall32.fr\/ecole\/wp-json\/wp\/v2\/pages"}],"about":[{"href":"https:\/\/www.hall32.fr\/ecole\/wp-json\/wp\/v2\/types\/page"}],"author":[{"embeddable":true,"href":"https:\/\/www.hall32.fr\/ecole\/wp-json\/wp\/v2\/users\/10"}],"replies":[{"embeddable":true,"href":"https:\/\/www.hall32.fr\/ecole\/wp-json\/wp\/v2\/comments?post=3483"}],"version-history":[{"count":3,"href":"https:\/\/www.hall32.fr\/ecole\/wp-json\/wp\/v2\/pages\/3483\/revisions"}],"predecessor-version":[{"id":4269,"href":"https:\/\/www.hall32.fr\/ecole\/wp-json\/wp\/v2\/pages\/3483\/revisions\/4269"}],"wp:attachment":[{"href":"https:\/\/www.hall32.fr\/ecole\/wp-json\/wp\/v2\/media?parent=3483"}],"curies":[{"name":"wp","href":"https:\/\/api.w.org\/{rel}","templated":true}]}}