{"id":3490,"date":"2023-07-24T16:40:19","date_gmt":"2023-07-24T14:40:19","guid":{"rendered":"https:\/\/www.hall32.fr\/ecole\/?page_id=3490"},"modified":"2025-10-14T10:08:31","modified_gmt":"2025-10-14T08:08:31","slug":"metier-de-technicien-de-maintenance-etudes-formations-competences-salaires-hall32","status":"publish","type":"page","link":"https:\/\/www.hall32.fr\/ecole\/metier-de-technicien-de-maintenance-etudes-formations-competences-salaires-hall32\/","title":{"rendered":"Le (ou la) Technicien(ne) de maintenance industrielle"},"content":{"rendered":"<!-- START OF : Composant : block-periscope-theme-section-composant-bloc-cta.php -->\n<div class=\"overflow-hidden\">\n\t\t<div class=\"row g-0 \">\n\t\t\t\t<div class=\"col-sm-6\">\n\t\t\t<div class=\"carre-img h-100\">\n\t<picture>\n\t\t<img decoding=\"async\" src=\"https:\/\/www.hall32.fr\/ecole\/wp-content\/uploads\/sites\/2\/2025\/10\/5L3A9971.jpg\" alt=\"Apprenants en maintenance sur le plateau technique de hall 32\" width=\"443\" height=\"443\" alt=\"\" class=\"w-100 h-100 of-cover op-center\" loading=\"lazy\" \/>\n\t<\/picture>\n<\/div>\n\t\t<\/div>\n\t\t<div class=\"col-sm-6\">\n\t\t\t<div class=\"carre h-100 px-2 py-7 p-md-7 p-lg-14 h-100 text-start d-flex flex-column align-items-start justify-content-center bg-primary\">\n\t<div data-aos=\"fade-left\">\n\t\t<h3 class=\"h2\">Qu\u2019est-ce qu\u2019un technicien de maintenance industrielle ?<\/h3>\n\t\t<p class=\"fs-18 fs-lg-20\">La maintenance industrielle consiste \u00e0 garantir le fonctionnement optimal de l\u2019\u00e9quipement de toute l&rsquo;entreprise. Le technicien de maintenance industrielle est un professionnel charg\u00e9 d\u2019\u00e9viter les pannes et d\u2019assurer un contr\u00f4le r\u00e9gulier des machines de production. Il permet le bon fonctionnement et la maintenance des \u00e9quipements. Son r\u00f4le est essentiel dans le processus industriel et demande une grande polyvalence.<\/p>\n\t\t\t<\/div>\n<\/div>\n\t\t<\/div>\n\t\t\t\t<\/div>\n<\/div>\n<!-- END OF : Composant : block-periscope-theme-section-composant-bloc-cta.php -->\n\n\n<!-- START OF : Composant : block-periscope-theme-section-composant-espace.php -->\n<div class=\"espace \ud83d\ude80 mb-7 mb-lg-14\"><\/div>\n<!-- END OF : Composant : block-periscope-theme-section-composant-espace.php -->\n\n\n<!-- START OF : Composant : block-periscope-theme-section-composant-intertitre.php -->\n\n<div class=\"espace \ud83d\ude80\" data-aos=\"fade-up\">\n\t<div class=\"container\">\n\t\t<h2 class=\"h2 text-danger\">Les missions du technicien de maintenance <\/h2>\n\t<\/div>\n<\/div>\n<!-- END OF : Composant : block-periscope-theme-section-composant-intertitre.php -->\n\n\n<div class=\"espace \ud83d\ude80 mb-7 mb-lg-7 \" data-aos=\"fade-up\">\n        <div class=\"container\">\n<p>Les<strong> missions du technicien de maintenance industrielle<\/strong> comprennent l\u2019anticipation des pannes (maintenance pr\u00e9dictive), l\u2019organisation des interventions de maintenance et l\u2019optimisation de l\u2019outil de production. <\/p>\n <\/div>\n        <\/div>\n\n<!-- START OF : Composant : block-periscope-theme-section-composant-image-pleine-largeur.php -->\n<!-- END OF : Composant : block-periscope-theme-section-composant-image-pleine-largeur.php -->\n\n\n<!-- START OF : Composant : block-periscope-theme-section-composant-two-columns.php -->\n<div class=\"espace \ud83d\ude80 mb-7 mb-lg-14\">\n\t<div class=\"container\">\n\t\t<div class=\"row\">\n\t\t\t<div class=\"col-lg-10 offset-lg-1\">\n\t\t\t\t<div class=\"two-columns row  overflow-hidden\">\n\t<div class=\"col-lg-6 order-last order-lg-first\" data-aos=\"fade-right\">\n\t\t\t\t\t\t<p>Le travail du technicien consiste \u00e0 \u00e9viter les pannes des machines et l\u2019interruption de la production. Si une panne survient, le technicien de maintenance industrielle doit pouvoir rapidement en proposer un diagnostic et effectuer une intervention de maintenance. Il contribue \u00e9galement \u00e0 l\u2019am\u00e9lioration des performances du mat\u00e9riel en se tenant inform\u00e9 des \u00e9volutions technologiques dans l\u2019optique de r\u00e9duire les co\u00fbts de l\u2019entreprise.<\/p>\n\t\t\t\t\t<\/div>\n\t\t<div class=\"col-lg-6 mb-4 mb-lg-0\" data-aos=\"fade-left\">\n\t\t<picture class=\"d-block ratio ratio-1x1\">\n\t\t\t<img decoding=\"async\" src=\"https:\/\/www.hall32.fr\/ecole\/wp-content\/uploads\/sites\/2\/2023\/07\/100DPI-Photos-site-719x639Plan-de-travail-50.jpg\" width=\"443\" height=\"443\" alt=\"\" \/>\n\t\t<\/picture>\n\t\t<p class=\"pt-1 two-columns__legend image__legend\"><\/p>\n\t<\/div>\n\t<\/div>\t\t\t<\/div>\n\t\t<\/div>\n\t<\/div>\n<\/div>\n<!-- END OF : Composant : block-periscope-theme-section-composant-two-columns.php -->\n\n\n<!-- START OF : Composant : block-periscope-theme-section-composant-intertitre.php -->\n\n<div class=\"espace \ud83d\ude80\" data-aos=\"fade-up\">\n\t<div class=\"container\">\n\t\t<h2 class=\"h2 text-success\">Les comp\u00e9tences et qualit\u00e9s n\u00e9cessaires<\/h2>\n\t<\/div>\n<\/div>\n<!-- END OF : Composant : block-periscope-theme-section-composant-intertitre.php -->\n\n\n<div class=\"espace \ud83d\ude80 mb-7 mb-lg-7 \" data-aos=\"fade-up\">\n        <div class=\"container\">\n<p>Le technicien de maintenance industrielle doit disposer de connaissances techniques tr\u00e8s pointues pour intervenir au plus vite en cas de dysfonctionnement d\u2019une machine. Il est important pour lui de savoir analyser et synth\u00e9tiser pour \u00eatre capable de s\u2019adapter, aussi bien aux nouvelles machines qu\u2019aux diff\u00e9rentes pannes.<\/p>\n <\/div>\n        <\/div>\n\n<div class=\"espace \ud83d\ude80 mb-7 mb-lg-7 \" data-aos=\"fade-up\">\n        <div class=\"container\">\n<p>\u00catre capable de dialoguer, d\u2019informer et de convaincre sont des atouts essentiels pour le technicien de maintenance qui est souvent amen\u00e9 \u00e0 travailler en \u00e9quipe. Il doit faire preuve de curiosit\u00e9 pour apprendre de nouvelles m\u00e9thodes et rester \u00e0 la pointe des derni\u00e8res \u00e9volutions techniques. Enfin, le technicien de maintenance industrielle doit \u00eatre habile, manuel et avoir un attrait pour l&rsquo;informatique.<\/p>\n <\/div>\n        <\/div>\n\n<!-- START OF : Composant : block-periscope-theme-section-composant-intertitre.php -->\n\n<div class=\"espace \ud83d\ude80\" data-aos=\"fade-up\">\n\t<div class=\"container\">\n\t\t<h2 class=\"h2 text-danger\">Dipl\u00f4mes et formations pour devenir technicien de maintenance<\/h2>\n\t<\/div>\n<\/div>\n<!-- END OF : Composant : block-periscope-theme-section-composant-intertitre.php -->\n\n\n<div class=\"espace \ud83d\ude80 mb-7 mb-lg-7 \" data-aos=\"fade-up\">\n        <div class=\"container\">\n<p>Il existe de nombreuses <strong>formations pour devenir technicien de maintenance<\/strong>. Hall 32 propose des formations en maintenance pour pr\u00e9parer le m\u00e9tier de technicien de maintenance industrielle tel que le <a href=\"https:\/\/www.hall32.fr\/ecole\/formations\/nos-bac-pro\/maintenance-des-systemes-de-production-connectes-mspc\/\">Bac pro Maintenance des Syst\u00e8mes de Production Connect\u00e9s (Bac pro MSPC)<\/a>. Apr\u00e8s le bac, il est possible de poursuivre les \u00e9tudes sup\u00e9rieures en BTS, DUT, licence professionnelle ou dipl\u00f4me d\u2019ing\u00e9nieur. <\/p>\n <\/div>\n        <\/div>\n\n<div class=\"espace \ud83d\ude80 mb-7 mb-lg-7 \" data-aos=\"fade-up\">\n        <div class=\"container\">\n<p>Pour cela, Hall 32 met en place le <a href=\"https:\/\/www.hall32.fr\/ecole\/formations\/nos-bts\/maintenance-des-systemes-de-production-msp\/\">BTS Maintenance des Syst\u00e8mes de Production (BTS MSP)<\/a> qui permet d&rsquo;acqu\u00e9rir des comp\u00e9tences plus pr\u00e9cises sur le m\u00e9tier de technicien de maintenance industrielle. <\/p>\n <\/div>\n        <\/div>\n\n<!-- START OF : Composant : block-periscope-theme-section-composant-bloc-cta.php -->\n<div class=\"overflow-hidden\">\n\t\t<div class=\"row g-0 \">\n\t\t\t\t<div class=\"col-sm-6\">\n\t\t\t<div class=\"carre-img h-100\">\n\t<picture>\n\t\t<img decoding=\"async\" src=\"https:\/\/www.hall32.fr\/ecole\/wp-content\/uploads\/sites\/2\/2025\/10\/5L3A9970.jpg\" alt=\"Apprenants en bac pro \u00e0 hall 32 avec un formateur en m\u00e9canique\" width=\"443\" height=\"443\" alt=\"\" class=\"w-100 h-100 of-cover op-center\" loading=\"lazy\" \/>\n\t<\/picture>\n<\/div>\n\t\t<\/div>\n\t\t<div class=\"col-sm-6\">\n\t\t\t<div class=\"carre h-100 px-2 py-7 p-md-7 p-lg-14 h-100 text-start d-flex flex-column align-items-start justify-content-center bg-warning\">\n\t<div data-aos=\"fade-left\">\n\t\t<h3 class=\"h2\"><\/h3>\n\t\t<p class=\"fs-18 fs-lg-20\">Ces formations sont dispens\u00e9es en alternance \u00e0 Hall 32 afin que les apprenants puissent allier th\u00e9orie et pratique et ainsi gagner en comp\u00e9tences.<br \/>\r\n<br \/>\r\nLes professionnels d\u00e9j\u00e0 en exercice peuvent accro\u00eetre leurs comp\u00e9tences gr\u00e2ce aux formations continues propos\u00e9es \u00e0 Hall 32. <br \/>\r\nLes formations continues telles que : <br \/>\r\n&#8211;\tmontage et maintenance m\u00e9canique, <br \/>\r\n&#8211;\tinitiation et perfectionnement pneumatique, <br \/>\r\n&#8211;\tformation au d\u00e9pannage,<br \/>\r\n&#8211;\tou encore programmation tia portal,<br \/>\r\nont \u00e9t\u00e9 cr\u00e9\u00e9es par des industriels \u00e0 destination des techniciens de maintenance.<\/p>\n\t\t\t<\/div>\n<\/div>\n\t\t<\/div>\n\t\t\t\t<\/div>\n<\/div>\n<!-- END OF : Composant : block-periscope-theme-section-composant-bloc-cta.php -->\n\n\n<!-- START OF : Composant : block-periscope-theme-section-composant-espace.php -->\n<div class=\"espace \ud83d\ude80 mb-7 mb-lg-14\"><\/div>\n<!-- END OF : Composant : block-periscope-theme-section-composant-espace.php -->\n\n\n<!-- START OF : Composant : block-periscope-theme-section-composant-two-columns.php -->\n<div class=\"espace \ud83d\ude80 mb-7 mb-lg-14\">\n\t<div class=\"container\">\n\t\t<div class=\"row\">\n\t\t\t<div class=\"col-lg-10 offset-lg-1\">\n\t\t\t\t<div class=\"two-columns row  overflow-hidden\">\n\t<div class=\"col-lg-6 order-last order-lg-first\" data-aos=\"fade-right\">\n\t\t\t\t<h2 class=\"h2 text-info\">Quel est le salaire d\u2019un technicien de maintenance industrielle ?<\/h2>\n\t\t\t\t\t\t<p>Le salaire d\u2019un technicien de maintenance industrielle \u00e9volue en fonction du niveau d\u2019\u00e9tude et de l\u2019exp\u00e9rience. Le salaire moyen est de 1 900\u20ac brut par mois avec un niveau Bac+2.<\/p>\n\t\t\t\t\t<\/div>\n\t\t<div class=\"col-lg-6 mb-4 mb-lg-0\" data-aos=\"fade-left\">\n\t\t<picture class=\"d-block ratio ratio-1x1\">\n\t\t\t<img decoding=\"async\" src=\"https:\/\/www.hall32.fr\/ecole\/wp-content\/uploads\/sites\/2\/2025\/10\/5L3A9985.jpg\" width=\"443\" height=\"443\" alt=\"\" \/>\n\t\t<\/picture>\n\t\t<p class=\"pt-1 two-columns__legend image__legend\"><\/p>\n\t<\/div>\n\t<\/div>\t\t\t<\/div>\n\t\t<\/div>\n\t<\/div>\n<\/div>\n<!-- END OF : Composant : block-periscope-theme-section-composant-two-columns.php -->\n\n\n<!-- START OF : Composant : block-periscope-theme-section-composant-intertitre.php -->\n\n<div class=\"espace \ud83d\ude80\" data-aos=\"fade-up\">\n\t<div class=\"container\">\n\t\t<h2 class=\"h2 text-success\">Le secteur d&#039;activit\u00e9 d&#039;un technicien de maintenance industrielle ? <\/h2>\n\t<\/div>\n<\/div>\n<!-- END OF : Composant : block-periscope-theme-section-composant-intertitre.php -->\n\n\n<div class=\"espace \ud83d\ude80 mb-7 mb-lg-7 \" data-aos=\"fade-up\">\n        <div class=\"container\">\n<p>Les techniciens de maintenance industrielle sont demand\u00e9s dans divers domaines d\u2019activit\u00e9 tels que :<\/p>\n <\/div>\n        <\/div>\n\n<div class=\"espace \ud83d\ude80 mb-7 mb-lg-7 \" data-aos=\"fade-up\">\n        <div class=\"container\">\n<ul class=\"wp-block-list\">\n<li>l\u2019automobile,<\/li>\n\n\n\n<li>la construction a\u00e9ronautique,<\/li>\n\n\n\n<li>l\u2019\u00e9lectronique,<\/li>\n\n\n\n<li>l\u2019industrie\u2026<\/li>\n<\/ul>\n <\/div>\n        <\/div>\n\n<div class=\"espace \ud83d\ude80 mb-7 mb-lg-7 \" data-aos=\"fade-up\">\n        <div class=\"container\">\n<ul class=\"wp-block-list\">\n<li><\/li>\n<\/ul>\n <\/div>\n        <\/div>\n\n<div class=\"espace \ud83d\ude80 mb-7 mb-lg-7 \" data-aos=\"fade-up\">\n        <div class=\"container\">\n<p>Il est garant du bon fonctionnement d\u2019une entreprise, ce qui en fait un poste fortement recherch\u00e9 avec un volume d&rsquo;offre d&#8217;emploi fort.<\/p>\n <\/div>\n        <\/div>\n\n<!-- START OF : Composant : block-periscope-theme-section-composant-bloc-cta.php -->\n<div class=\"overflow-hidden\">\n\t\t<div class=\"row g-0 \">\n\t\t\t\t<div class=\"col-sm-6\">\n\t\t\t<div class=\"carre-img h-100\">\n\t<picture>\n\t\t<img decoding=\"async\" src=\"https:\/\/www.hall32.fr\/ecole\/wp-content\/uploads\/sites\/2\/2025\/10\/5L3A9994.jpg\" alt=\"Apprenants en maintenance sur le plateau technique de hall 32\" width=\"443\" height=\"443\" alt=\"\" class=\"w-100 h-100 of-cover op-center\" loading=\"lazy\" \/>\n\t<\/picture>\n<\/div>\n\t\t<\/div>\n\t\t<div class=\"col-sm-6\">\n\t\t\t<div class=\"carre h-100 px-2 py-7 p-md-7 p-lg-14 h-100 text-start d-flex flex-column align-items-start justify-content-center bg-warning\">\n\t<div data-aos=\"fade-left\">\n\t\t<h3 class=\"h2\">D\u00e9bouch\u00e9s et opportunit\u00e9s professionnelles<\/h3>\n\t\t<p class=\"fs-18 fs-lg-20\">Avec un dipl\u00f4me appropri\u00e9 et en acqu\u00e9rant de l\u2019exp\u00e9rience, le technicien de maintenance industriel gagne en responsabilit\u00e9s et en comp\u00e9tences. Il peut alors \u00e9voluer au niveau hi\u00e9rarchique pour devenir chef d\u2019\u00e9quipe puis responsable de maintenance. La formation tout au long de son parcours est un atout pour pouvoir \u00e9voluer.<\/p>\n\t\t\t<\/div>\n<\/div>\n\t\t<\/div>\n\t\t\t\t<\/div>\n<\/div>\n<!-- END OF : Composant : block-periscope-theme-section-composant-bloc-cta.php -->\n\n\n<!-- START OF : Composant : block-periscope-theme-section-composant-espace.php -->\n<div class=\"espace \ud83d\ude80 mb-7 mb-lg-14\"><\/div>\n<!-- END OF : Composant : block-periscope-theme-section-composant-espace.php -->\n","protected":false},"excerpt":{"rendered":"<p>Les missions du technicien de maintenance industrielle comprennent l\u2019anticipation des pannes (maintenance pr\u00e9dictive), l\u2019organisation des interventions de maintenance et l\u2019optimisation de l\u2019outil de production. Le technicien de maintenance industrielle doit disposer de connaissances techniques tr\u00e8s pointues pour intervenir au plus vite en cas de dysfonctionnement d\u2019une machine. Il est important pour lui de savoir analyser [&hellip;]<\/p>\n","protected":false},"author":10,"featured_media":0,"parent":0,"menu_order":0,"comment_status":"closed","ping_status":"closed","template":"","meta":{"_acf_changed":false,"footnotes":""},"class_list":["post-3490","page","type-page","status-publish","hentry"],"acf":[],"yoast_head":"<!-- This site is optimized with the Yoast SEO plugin v25.9 - https:\/\/yoast.com\/wordpress\/plugins\/seo\/ -->\n<title>Le (ou la) Technicien(ne) de maintenance industrielle - Ecole<\/title>\n<meta name=\"description\" content=\"D\u00e9couvrez le m\u00e9tier de technicien de maintenance avec Hall 32. Apprenez-en plus sur les formations en maintenance, les missions, le salaire et les d\u00e9bouch\u00e9s possibles pour un technicien de maintenance industrielle.\" \/>\n<meta name=\"robots\" content=\"index, follow, max-snippet:-1, max-image-preview:large, max-video-preview:-1\" \/>\n<link rel=\"canonical\" href=\"https:\/\/www.hall32.fr\/ecole\/metier-de-technicien-de-maintenance-etudes-formations-competences-salaires-hall32\/\" \/>\n<meta property=\"og:locale\" content=\"fr_FR\" \/>\n<meta property=\"og:type\" content=\"article\" \/>\n<meta property=\"og:title\" content=\"Le (ou la) Technicien(ne) de maintenance industrielle - Ecole\" \/>\n<meta property=\"og:description\" content=\"D\u00e9couvrez le m\u00e9tier de technicien de maintenance avec Hall 32. Apprenez-en plus sur les formations en maintenance, les missions, le salaire et les d\u00e9bouch\u00e9s possibles pour un technicien de maintenance industrielle.\" \/>\n<meta property=\"og:url\" content=\"https:\/\/www.hall32.fr\/ecole\/metier-de-technicien-de-maintenance-etudes-formations-competences-salaires-hall32\/\" \/>\n<meta property=\"og:site_name\" content=\"Ecole\" \/>\n<meta property=\"article:modified_time\" content=\"2025-10-14T08:08:31+00:00\" \/>\n<meta name=\"twitter:card\" content=\"summary_large_image\" \/>\n<meta name=\"twitter:label1\" content=\"Dur\u00e9e de lecture estim\u00e9e\" \/>\n\t<meta name=\"twitter:data1\" content=\"2 minutes\" \/>\n<script type=\"application\/ld+json\" class=\"yoast-schema-graph\">{\"@context\":\"https:\/\/schema.org\",\"@graph\":[{\"@type\":\"WebPage\",\"@id\":\"https:\/\/www.hall32.fr\/ecole\/metier-de-technicien-de-maintenance-etudes-formations-competences-salaires-hall32\/\",\"url\":\"https:\/\/www.hall32.fr\/ecole\/metier-de-technicien-de-maintenance-etudes-formations-competences-salaires-hall32\/\",\"name\":\"Le (ou la) Technicien(ne) de maintenance industrielle - Ecole\",\"isPartOf\":{\"@id\":\"https:\/\/www.hall32.fr\/ecole\/#website\"},\"datePublished\":\"2023-07-24T14:40:19+00:00\",\"dateModified\":\"2025-10-14T08:08:31+00:00\",\"description\":\"D\u00e9couvrez le m\u00e9tier de technicien de maintenance avec Hall 32. Apprenez-en plus sur les formations en maintenance, les missions, le salaire et les d\u00e9bouch\u00e9s possibles pour un technicien de maintenance industrielle.\",\"breadcrumb\":{\"@id\":\"https:\/\/www.hall32.fr\/ecole\/metier-de-technicien-de-maintenance-etudes-formations-competences-salaires-hall32\/#breadcrumb\"},\"inLanguage\":\"fr-FR\",\"potentialAction\":[{\"@type\":\"ReadAction\",\"target\":[\"https:\/\/www.hall32.fr\/ecole\/metier-de-technicien-de-maintenance-etudes-formations-competences-salaires-hall32\/\"]}]},{\"@type\":\"BreadcrumbList\",\"@id\":\"https:\/\/www.hall32.fr\/ecole\/metier-de-technicien-de-maintenance-etudes-formations-competences-salaires-hall32\/#breadcrumb\",\"itemListElement\":[{\"@type\":\"ListItem\",\"position\":1,\"name\":\"Accueil\",\"item\":\"https:\/\/www.hall32.fr\/ecole\/\"},{\"@type\":\"ListItem\",\"position\":2,\"name\":\"Le (ou la) Technicien(ne) de maintenance industrielle\"}]},{\"@type\":\"WebSite\",\"@id\":\"https:\/\/www.hall32.fr\/ecole\/#website\",\"url\":\"https:\/\/www.hall32.fr\/ecole\/\",\"name\":\"Ecole\",\"description\":\"\",\"potentialAction\":[{\"@type\":\"SearchAction\",\"target\":{\"@type\":\"EntryPoint\",\"urlTemplate\":\"https:\/\/www.hall32.fr\/ecole\/?s={search_term_string}\"},\"query-input\":{\"@type\":\"PropertyValueSpecification\",\"valueRequired\":true,\"valueName\":\"search_term_string\"}}],\"inLanguage\":\"fr-FR\"}]}<\/script>\n<!-- \/ Yoast SEO plugin. -->","yoast_head_json":{"title":"Le (ou la) Technicien(ne) de maintenance industrielle - Ecole","description":"D\u00e9couvrez le m\u00e9tier de technicien de maintenance avec Hall 32. Apprenez-en plus sur les formations en maintenance, les missions, le salaire et les d\u00e9bouch\u00e9s possibles pour un technicien de maintenance industrielle.","robots":{"index":"index","follow":"follow","max-snippet":"max-snippet:-1","max-image-preview":"max-image-preview:large","max-video-preview":"max-video-preview:-1"},"canonical":"https:\/\/www.hall32.fr\/ecole\/metier-de-technicien-de-maintenance-etudes-formations-competences-salaires-hall32\/","og_locale":"fr_FR","og_type":"article","og_title":"Le (ou la) Technicien(ne) de maintenance industrielle - Ecole","og_description":"D\u00e9couvrez le m\u00e9tier de technicien de maintenance avec Hall 32. Apprenez-en plus sur les formations en maintenance, les missions, le salaire et les d\u00e9bouch\u00e9s possibles pour un technicien de maintenance industrielle.","og_url":"https:\/\/www.hall32.fr\/ecole\/metier-de-technicien-de-maintenance-etudes-formations-competences-salaires-hall32\/","og_site_name":"Ecole","article_modified_time":"2025-10-14T08:08:31+00:00","twitter_card":"summary_large_image","twitter_misc":{"Dur\u00e9e de lecture estim\u00e9e":"2 minutes"},"schema":{"@context":"https:\/\/schema.org","@graph":[{"@type":"WebPage","@id":"https:\/\/www.hall32.fr\/ecole\/metier-de-technicien-de-maintenance-etudes-formations-competences-salaires-hall32\/","url":"https:\/\/www.hall32.fr\/ecole\/metier-de-technicien-de-maintenance-etudes-formations-competences-salaires-hall32\/","name":"Le (ou la) Technicien(ne) de maintenance industrielle - Ecole","isPartOf":{"@id":"https:\/\/www.hall32.fr\/ecole\/#website"},"datePublished":"2023-07-24T14:40:19+00:00","dateModified":"2025-10-14T08:08:31+00:00","description":"D\u00e9couvrez le m\u00e9tier de technicien de maintenance avec Hall 32. Apprenez-en plus sur les formations en maintenance, les missions, le salaire et les d\u00e9bouch\u00e9s possibles pour un technicien de maintenance industrielle.","breadcrumb":{"@id":"https:\/\/www.hall32.fr\/ecole\/metier-de-technicien-de-maintenance-etudes-formations-competences-salaires-hall32\/#breadcrumb"},"inLanguage":"fr-FR","potentialAction":[{"@type":"ReadAction","target":["https:\/\/www.hall32.fr\/ecole\/metier-de-technicien-de-maintenance-etudes-formations-competences-salaires-hall32\/"]}]},{"@type":"BreadcrumbList","@id":"https:\/\/www.hall32.fr\/ecole\/metier-de-technicien-de-maintenance-etudes-formations-competences-salaires-hall32\/#breadcrumb","itemListElement":[{"@type":"ListItem","position":1,"name":"Accueil","item":"https:\/\/www.hall32.fr\/ecole\/"},{"@type":"ListItem","position":2,"name":"Le (ou la) Technicien(ne) de maintenance industrielle"}]},{"@type":"WebSite","@id":"https:\/\/www.hall32.fr\/ecole\/#website","url":"https:\/\/www.hall32.fr\/ecole\/","name":"Ecole","description":"","potentialAction":[{"@type":"SearchAction","target":{"@type":"EntryPoint","urlTemplate":"https:\/\/www.hall32.fr\/ecole\/?s={search_term_string}"},"query-input":{"@type":"PropertyValueSpecification","valueRequired":true,"valueName":"search_term_string"}}],"inLanguage":"fr-FR"}]}},"_links":{"self":[{"href":"https:\/\/www.hall32.fr\/ecole\/wp-json\/wp\/v2\/pages\/3490","targetHints":{"allow":["GET"]}}],"collection":[{"href":"https:\/\/www.hall32.fr\/ecole\/wp-json\/wp\/v2\/pages"}],"about":[{"href":"https:\/\/www.hall32.fr\/ecole\/wp-json\/wp\/v2\/types\/page"}],"author":[{"embeddable":true,"href":"https:\/\/www.hall32.fr\/ecole\/wp-json\/wp\/v2\/users\/10"}],"replies":[{"embeddable":true,"href":"https:\/\/www.hall32.fr\/ecole\/wp-json\/wp\/v2\/comments?post=3490"}],"version-history":[{"count":3,"href":"https:\/\/www.hall32.fr\/ecole\/wp-json\/wp\/v2\/pages\/3490\/revisions"}],"predecessor-version":[{"id":4273,"href":"https:\/\/www.hall32.fr\/ecole\/wp-json\/wp\/v2\/pages\/3490\/revisions\/4273"}],"wp:attachment":[{"href":"https:\/\/www.hall32.fr\/ecole\/wp-json\/wp\/v2\/media?parent=3490"}],"curies":[{"name":"wp","href":"https:\/\/api.w.org\/{rel}","templated":true}]}}