{"id":3959,"date":"2024-08-27T11:13:53","date_gmt":"2024-08-27T09:13:53","guid":{"rendered":"https:\/\/www.hall32.fr\/ecole\/?page_id=3959"},"modified":"2024-08-27T11:13:53","modified_gmt":"2024-08-27T09:13:53","slug":"mecenat-et-dons","status":"publish","type":"page","link":"https:\/\/www.hall32.fr\/ecole\/mecenat-et-dons\/","title":{"rendered":"M\u00e9c\u00e9nat et dons"},"content":{"rendered":"<!-- START OF : Composant : block-periscope-theme-section-composant-espace.php -->\n<div class=\"espace \ud83d\ude80 mb-7 mb-lg-14\"><\/div>\n<!-- END OF : Composant : block-periscope-theme-section-composant-espace.php -->\n\n\n<!-- START OF : Composant : block-periscope-theme-section-composant-intertitre.php -->\n\n<div class=\"espace \ud83d\ude80\" data-aos=\"fade-up\">\n\t<div class=\"container\">\n\t\t<h2 class=\"h2 text-success\">De quoi s\u2019agit-il ?<\/h2>\n\t<\/div>\n<\/div>\n<!-- END OF : Composant : block-periscope-theme-section-composant-intertitre.php -->\n\n\n<!-- START OF : Composant : block-periscope-theme-section-composant-intertitre.php -->\n\n<div class=\"espace \ud83d\ude80\" data-aos=\"fade-up\">\n\t<div class=\"container\">\n\t\t<h3 class=\"h3 \">Le m\u00e9c\u00e9nat de comp\u00e9tences<\/h3>\n\t<\/div>\n<\/div>\n<!-- END OF : Composant : block-periscope-theme-section-composant-intertitre.php -->\n\n\n<div class=\"espace \ud83d\ude80 mb-7 mb-lg-7 \" data-aos=\"fade-up\">\n        <div class=\"container\">\n<p>Le m\u00e9c\u00e9nat de comp\u00e9tences est un don en nature. Une entreprise met \u00e0 la disposition d\u2019une association les comp\u00e9tences et le savoir-faire de ses salari\u00e9s. Ce type de m\u00e9c\u00e9nat permet aux associations de b\u00e9n\u00e9ficier de l\u2019expertise professionnelle de salari\u00e9s, sans co\u00fbt financier direct, tout en permettant aux employ\u00e9s de s\u2019impliquer dans des causes qui leur tiennent \u00e0 c\u0153ur.<\/p>\n <\/div>\n        <\/div>\n\n<!-- START OF : Composant : block-periscope-theme-section-composant-intertitre.php -->\n\n<div class=\"espace \ud83d\ude80\" data-aos=\"fade-up\">\n\t<div class=\"container\">\n\t\t<h3 class=\"h3 \">Le don<\/h3>\n\t<\/div>\n<\/div>\n<!-- END OF : Composant : block-periscope-theme-section-composant-intertitre.php -->\n\n\n<div class=\"espace \ud83d\ude80 mb-7 mb-lg-7 \" data-aos=\"fade-up\">\n        <div class=\"container\">\n<p>Le don consiste \u00e0 transmettre quelque chose au profit d\u2019une personne sans contrepartie. Il existe plusieurs types de dons&nbsp;: les dons en nature ou les dons financier. Un don en nature consiste en une contribution non-financi\u00e8re sous la forme d\u2019un bien ou d\u2019un service. Le don financier consiste \u00e0 donner une somme d\u2019argent au b\u00e9n\u00e9ficiaire.<\/p>\n <\/div>\n        <\/div>\n\n<div class=\"espace \ud83d\ude80 mb-7 mb-lg-7 \" data-aos=\"fade-up\">\n        <div class=\"container\">\n<p>Le don en nature peut \u00eatre effectu\u00e9 par un particulier ou par une entreprise.<\/p>\n <\/div>\n        <\/div>\n\n<!-- START OF : Composant : block-periscope-theme-section-composant-bloc-cta.php -->\n<div class=\"overflow-hidden\">\n\t\t<div class=\"row g-0 flex-row-reverse\">\n\t\t\t\t<div class=\"col-sm-6\">\n\t\t\t<div class=\"carre-img h-100\">\n\t<picture>\n\t\t<img decoding=\"async\" src=\"https:\/\/www.hall32.fr\/ecole\/wp-content\/uploads\/sites\/2\/2024\/08\/5N5A2901.jpg\" alt=\"\" width=\"443\" height=\"443\" alt=\"\" class=\"w-100 h-100 of-cover op-center\" loading=\"lazy\" \/>\n\t<\/picture>\n<\/div>\n\t\t<\/div>\n\t\t<div class=\"col-sm-6\">\n\t\t\t<div class=\"carre h-100 px-2 py-7 p-md-7 p-lg-14 h-100 text-start d-flex flex-column align-items-start justify-content-center bg-primary\">\n\t<div data-aos=\"fade-left\">\n\t\t<h3 class=\"h2\">Pourquoi devenir m\u00e9c\u00e8ne ?<\/h3>\n\t\t<p class=\"fs-18 fs-lg-20\">Devenir entreprise m\u00e9c\u00e8ne permet de r\u00e9inventer la notion de carri\u00e8re, de renforcer l\u2019attractivit\u00e9 de l\u2019entreprise et de consolider la marque employeur.<br \/>\r\nEn tant que collaborateur, devenir m\u00e9c\u00e8ne en faveur de Hall 32 offre \u00e9galement de nombreux avantages. C\u2019est une opportunit\u00e9 de sortir de la routine quotidienne tout en mettant \u00e0 profit ses comp\u00e9tences pour une cause qui compte. Le m\u00e9c\u00e9nat de comp\u00e9tences permet aux collaborateurs de travailler avec des professionnels de divers secteurs et m\u00e9tier et ainsi enrichir leur parcours professionnel en acqu\u00e9rant de nouvelles comp\u00e9tences. <\/p>\n\t\t\t<\/div>\n<\/div>\n\t\t<\/div>\n\t\t\t\t<\/div>\n<\/div>\n<!-- END OF : Composant : block-periscope-theme-section-composant-bloc-cta.php -->\n\n\n<!-- START OF : Composant : block-periscope-theme-section-composant-espace.php -->\n<div class=\"espace \ud83d\ude80 mb-7 mb-lg-14\"><\/div>\n<!-- END OF : Composant : block-periscope-theme-section-composant-espace.php -->\n\n\n<!-- START OF : Composant : block-periscope-theme-section-composant-two-columns.php -->\n<div class=\"espace \ud83d\ude80 mb-7 mb-lg-14\">\n\t<div class=\"container\">\n\t\t<div class=\"row\">\n\t\t\t<div class=\"col-lg-10 offset-lg-1\">\n\t\t\t\t<div class=\"two-columns row flex-row-reverse overflow-hidden\">\n\t<div class=\"col-lg-6 order-last order-lg-first\" data-aos=\"fade-right\">\n\t\t\t\t<h2 class=\"h2 text-info\">Les avantages pour Hall 32<\/h2>\n\t\t\t\t\t\t<p>Avec le m\u00e9c\u00e9nat de comp\u00e9tences, notre structure b\u00e9n\u00e9ficie du transfert de connaissances et de savoir-faire des professionnels issus de diverses entreprises. Les apprenants ont l\u2019occasion de c\u00f4toyer des formateurs issus du monde professionnel et de b\u00e9n\u00e9ficier de leur expertise. \r\nLe m\u00e9c\u00e9nat nous permet de nous ouvrir \u00e0 davantage \u00e0 notre \u00e9cosyst\u00e8me. Les interactions avec les professionnels contribuent \u00e0 la dynamisation de notre structure et \u00e0 renforcer notre ancrage local ainsi que notre image. <\/p>\n\t\t\t\t\t<\/div>\n\t\t<div class=\"col-lg-6 mb-4 mb-lg-0\" data-aos=\"fade-left\">\n\t\t<picture class=\"d-block ratio ratio-1x1\">\n\t\t\t<img decoding=\"async\" src=\"https:\/\/www.hall32.fr\/ecole\/wp-content\/uploads\/sites\/2\/2024\/08\/5N5A2821.jpg\" width=\"443\" height=\"443\" alt=\"\" \/>\n\t\t<\/picture>\n\t\t<p class=\"pt-1 two-columns__legend image__legend\"><\/p>\n\t<\/div>\n\t<\/div>\t\t\t<\/div>\n\t\t<\/div>\n\t<\/div>\n<\/div>\n<!-- END OF : Composant : block-periscope-theme-section-composant-two-columns.php -->\n\n\n<!-- START OF : Composant : block-periscope-theme-section-composant-bloc-cta.php -->\n<div class=\"overflow-hidden\">\n\t\t<div class=\"row g-0 \">\n\t\t\n\t\t<div class=\"col-sm-6\">\n\t\t\t\t\t<div class=\"carre h-100 px-2 py-7 p-md-7 p-lg-14 h-100 text-start d-flex flex-column align-items-start justify-content-center bg-light\">\n\t<div data-aos=\"fade-left\">\n\t\t<h3 class=\"h2\">Les apports du m\u00e9c\u00e8ne<\/h3>\n\t\t<p class=\"fs-18 fs-lg-20\">V\u00e9ritable lien entre les monde industriel et \u00e9ducatif, le m\u00e9c\u00e8ne trouve sa place dans toutes les activit\u00e9s du centre. Le m\u00e9c\u00e8ne participe au renforcement des comp\u00e9tences p\u00e9dagogiques en apportant une expertise technique e des connaissances pratiques \u00e0 jour et en transmettant son savoir-faire.<\/p>\n\t\t\t<\/div>\n<\/div>\n\t\t<\/div>\n\t\t\t\t\t\n\t\t<div class=\"col-sm-6\">\n\t\t\t\t\t<div class=\"carre h-100 px-2 py-7 p-md-7 p-lg-14 h-100 text-start d-flex flex-column align-items-start justify-content-center bg-primary\">\n\t<div data-aos=\"fade-left\">\n\t\t<h3 class=\"h2\">Devenir m\u00e9c\u00e8ne \u00e0 Hall 32<\/h3>\n\t\t<p class=\"fs-18 fs-lg-20\">A Hall 32, le m\u00e9c\u00e8ne est un acteur majeur de la formation. En plus de transmettre ses comp\u00e9tences \u00e0 nos apprentis, il peut acqu\u00e9rir des comp\u00e9tences en communication, gestion de projet ou encore travail d\u2019\u00e9quipe. <br \/>\r\n<br \/>\r\nEn bref, le m\u00e9c\u00e9nat \u00e0 Hall 32 c\u2019est un levier de d\u00e9veloppement des comp\u00e9tences.<\/p>\n\t\t\t<\/div>\n<\/div>\n\t\t<\/div>\n\t\t\t\t\t\t\t\t<\/div>\n<\/div>\n<!-- END OF : Composant : block-periscope-theme-section-composant-bloc-cta.php -->\n\n\n<!-- START OF : Composant : block-periscope-theme-section-composant-espace.php -->\n<div class=\"espace \ud83d\ude80 mb-7 mb-lg-14\"><\/div>\n<!-- END OF : Composant : block-periscope-theme-section-composant-espace.php -->\n\n\n<!-- START OF : Composant : block-periscope-theme-section-composant-etapes.php -->\n<div class=\"espace \ud83d\ude80 mb-7 mb-lg-8\">\n    <div class=\"container\">\n                <h2 class=\"h3\">Comment devenir m\u00e9c\u00e8ne \u00e0 Hall 32 ?<\/h2>\n                <div class=\"row align-items-lg-center mb-4\">\n\t<div class=\"col col--recrutement\">\n\t\t<div class=\"h1 mb-0 text-success lh-1 pt-1 pt-lg-2\">01<\/div>\n\t<\/div>\n\t<div class=\"col border-start\">\n\t    \t\t<div class=\"fw-bold fs-20\">Identifiez les besoins<\/div>\n\t    \t    \t<\/div>\n<\/div>\n<div class=\"row align-items-lg-center mb-4\">\n\t<div class=\"col col--recrutement\">\n\t\t<div class=\"h1 mb-0 text-success lh-1 pt-1 pt-lg-2\">02<\/div>\n\t<\/div>\n\t<div class=\"col border-start\">\n\t    \t\t<div class=\"fw-bold fs-20\">Recherchez des opportunit\u00e9s<\/div>\n\t    \t    \t<\/div>\n<\/div>\n<div class=\"row align-items-lg-center mb-4\">\n\t<div class=\"col col--recrutement\">\n\t\t<div class=\"h1 mb-0 text-success lh-1 pt-1 pt-lg-2\">03<\/div>\n\t<\/div>\n\t<div class=\"col border-start\">\n\t    \t\t<div class=\"fw-bold fs-20\">Proposez les comp\u00e9tences de vos employ\u00e9s<\/div>\n\t    \t    \t<\/div>\n<\/div>\n<div class=\"row align-items-lg-center mb-4\">\n\t<div class=\"col col--recrutement\">\n\t\t<div class=\"h1 mb-0 text-success lh-1 pt-1 pt-lg-2\">04<\/div>\n\t<\/div>\n\t<div class=\"col border-start\">\n\t    \t\t<div class=\"fw-bold fs-20\">Rencontrez-nous<\/div>\n\t    \t    \t<\/div>\n<\/div>\n<div class=\"row align-items-lg-center mb-4\">\n\t<div class=\"col col--recrutement\">\n\t\t<div class=\"h1 mb-0 text-success lh-1 pt-1 pt-lg-2\">05<\/div>\n\t<\/div>\n\t<div class=\"col border-start\">\n\t    \t\t<div class=\"fw-bold fs-20\">D\u00e9finissons les modalit\u00e9s<\/div>\n\t    \t    \t<\/div>\n<\/div>\n<div class=\"row align-items-lg-center mb-4\">\n\t<div class=\"col col--recrutement\">\n\t\t<div class=\"h1 mb-0 text-success lh-1 pt-1 pt-lg-2\">06<\/div>\n\t<\/div>\n\t<div class=\"col border-start\">\n\t    \t\t<div class=\"fw-bold fs-20\">Formalisons l\u2019accord<\/div>\n\t    \t    \t<\/div>\n<\/div>\n<div class=\"row align-items-lg-center mb-4\">\n\t<div class=\"col col--recrutement\">\n\t\t<div class=\"h1 mb-0 text-success lh-1 pt-1 pt-lg-2\">07<\/div>\n\t<\/div>\n\t<div class=\"col border-start\">\n\t    \t\t<div class=\"fw-bold fs-20\">Commencez le travail <\/div>\n\t    \t    \t<\/div>\n<\/div>\n    <\/div>\n<\/div>\n<!-- END OF : Composant : block-periscope-theme-section-composant-etapes.php -->\n\n\n<!-- START OF : Composant : block-periscope-theme-section-composant-text-highlight.php -->\n<div class=\"bg-info\" data-aos=\"fade-up\">\n    <div class=\"container\">\n        <div class=\"text-highlight pt-7 pb-7 pt-lg-12 pb-lg-12 fs-18 fs-lg-20\">\n            <div class=\"row\">\n                <div class=\"col-lg-1 mb-3 mb-lg-0\">\n                    <div class=\"text-highlight__hachure\"><\/div>\n                <\/div>\n                <div class=\"col-lg-10\">\n                    <p>Si vous avez des questions concernant le m\u00e9c\u00e9nat \u00e0 Hall 32, contactez relationentreprises@hall32.fr<\/p>\n                <\/div>\n            <\/div>\n        <\/div>\n    <\/div>\n<\/div>\n<!-- END OF : Composant : block-periscope-theme-section-composant-text-highlight.php -->\n\n\n<!-- START OF : Composant : block-periscope-theme-section-composant-espace.php -->\n<div class=\"espace \ud83d\ude80 mb-7 mb-lg-14\"><\/div>\n<!-- END OF : Composant : block-periscope-theme-section-composant-espace.php -->\n","protected":false},"excerpt":{"rendered":"<p>Le m\u00e9c\u00e9nat de comp\u00e9tences est un don en nature. Une entreprise met \u00e0 la disposition d\u2019une association les comp\u00e9tences et le savoir-faire de ses salari\u00e9s. Ce type de m\u00e9c\u00e9nat permet aux associations de b\u00e9n\u00e9ficier de l\u2019expertise professionnelle de salari\u00e9s, sans co\u00fbt financier direct, tout en permettant aux employ\u00e9s de s\u2019impliquer dans des causes qui leur [&hellip;]<\/p>\n","protected":false},"author":11,"featured_media":0,"parent":0,"menu_order":0,"comment_status":"closed","ping_status":"closed","template":"","meta":{"_acf_changed":false,"footnotes":""},"class_list":["post-3959","page","type-page","status-publish","hentry"],"acf":[],"yoast_head":"<!-- This site is optimized with the Yoast SEO plugin v25.9 - https:\/\/yoast.com\/wordpress\/plugins\/seo\/ -->\n<title>M\u00e9c\u00e9nat et dons - Ecole<\/title>\n<meta name=\"robots\" content=\"index, follow, max-snippet:-1, max-image-preview:large, max-video-preview:-1\" \/>\n<link rel=\"canonical\" href=\"https:\/\/www.hall32.fr\/ecole\/mecenat-et-dons\/\" \/>\n<meta property=\"og:locale\" content=\"fr_FR\" \/>\n<meta property=\"og:type\" content=\"article\" \/>\n<meta property=\"og:title\" content=\"M\u00e9c\u00e9nat et dons - Ecole\" \/>\n<meta property=\"og:description\" content=\"Le m\u00e9c\u00e9nat de comp\u00e9tences est un don en nature. Une entreprise met \u00e0 la disposition d\u2019une association les comp\u00e9tences et le savoir-faire de ses salari\u00e9s. Ce type de m\u00e9c\u00e9nat permet aux associations de b\u00e9n\u00e9ficier de l\u2019expertise professionnelle de salari\u00e9s, sans co\u00fbt financier direct, tout en permettant aux employ\u00e9s de s\u2019impliquer dans des causes qui leur [&hellip;]\" \/>\n<meta property=\"og:url\" content=\"https:\/\/www.hall32.fr\/ecole\/mecenat-et-dons\/\" \/>\n<meta property=\"og:site_name\" content=\"Ecole\" \/>\n<meta name=\"twitter:card\" content=\"summary_large_image\" \/>\n<meta name=\"twitter:label1\" content=\"Dur\u00e9e de lecture estim\u00e9e\" \/>\n\t<meta name=\"twitter:data1\" content=\"1 minute\" \/>\n<script type=\"application\/ld+json\" class=\"yoast-schema-graph\">{\"@context\":\"https:\/\/schema.org\",\"@graph\":[{\"@type\":\"WebPage\",\"@id\":\"https:\/\/www.hall32.fr\/ecole\/mecenat-et-dons\/\",\"url\":\"https:\/\/www.hall32.fr\/ecole\/mecenat-et-dons\/\",\"name\":\"M\u00e9c\u00e9nat et dons - Ecole\",\"isPartOf\":{\"@id\":\"https:\/\/www.hall32.fr\/ecole\/#website\"},\"datePublished\":\"2024-08-27T09:13:53+00:00\",\"breadcrumb\":{\"@id\":\"https:\/\/www.hall32.fr\/ecole\/mecenat-et-dons\/#breadcrumb\"},\"inLanguage\":\"fr-FR\",\"potentialAction\":[{\"@type\":\"ReadAction\",\"target\":[\"https:\/\/www.hall32.fr\/ecole\/mecenat-et-dons\/\"]}]},{\"@type\":\"BreadcrumbList\",\"@id\":\"https:\/\/www.hall32.fr\/ecole\/mecenat-et-dons\/#breadcrumb\",\"itemListElement\":[{\"@type\":\"ListItem\",\"position\":1,\"name\":\"Accueil\",\"item\":\"https:\/\/www.hall32.fr\/ecole\/\"},{\"@type\":\"ListItem\",\"position\":2,\"name\":\"M\u00e9c\u00e9nat et dons\"}]},{\"@type\":\"WebSite\",\"@id\":\"https:\/\/www.hall32.fr\/ecole\/#website\",\"url\":\"https:\/\/www.hall32.fr\/ecole\/\",\"name\":\"Ecole\",\"description\":\"\",\"potentialAction\":[{\"@type\":\"SearchAction\",\"target\":{\"@type\":\"EntryPoint\",\"urlTemplate\":\"https:\/\/www.hall32.fr\/ecole\/?s={search_term_string}\"},\"query-input\":{\"@type\":\"PropertyValueSpecification\",\"valueRequired\":true,\"valueName\":\"search_term_string\"}}],\"inLanguage\":\"fr-FR\"}]}<\/script>\n<!-- \/ Yoast SEO plugin. -->","yoast_head_json":{"title":"M\u00e9c\u00e9nat et dons - Ecole","robots":{"index":"index","follow":"follow","max-snippet":"max-snippet:-1","max-image-preview":"max-image-preview:large","max-video-preview":"max-video-preview:-1"},"canonical":"https:\/\/www.hall32.fr\/ecole\/mecenat-et-dons\/","og_locale":"fr_FR","og_type":"article","og_title":"M\u00e9c\u00e9nat et dons - Ecole","og_description":"Le m\u00e9c\u00e9nat de comp\u00e9tences est un don en nature. Une entreprise met \u00e0 la disposition d\u2019une association les comp\u00e9tences et le savoir-faire de ses salari\u00e9s. Ce type de m\u00e9c\u00e9nat permet aux associations de b\u00e9n\u00e9ficier de l\u2019expertise professionnelle de salari\u00e9s, sans co\u00fbt financier direct, tout en permettant aux employ\u00e9s de s\u2019impliquer dans des causes qui leur [&hellip;]","og_url":"https:\/\/www.hall32.fr\/ecole\/mecenat-et-dons\/","og_site_name":"Ecole","twitter_card":"summary_large_image","twitter_misc":{"Dur\u00e9e de lecture estim\u00e9e":"1 minute"},"schema":{"@context":"https:\/\/schema.org","@graph":[{"@type":"WebPage","@id":"https:\/\/www.hall32.fr\/ecole\/mecenat-et-dons\/","url":"https:\/\/www.hall32.fr\/ecole\/mecenat-et-dons\/","name":"M\u00e9c\u00e9nat et dons - Ecole","isPartOf":{"@id":"https:\/\/www.hall32.fr\/ecole\/#website"},"datePublished":"2024-08-27T09:13:53+00:00","breadcrumb":{"@id":"https:\/\/www.hall32.fr\/ecole\/mecenat-et-dons\/#breadcrumb"},"inLanguage":"fr-FR","potentialAction":[{"@type":"ReadAction","target":["https:\/\/www.hall32.fr\/ecole\/mecenat-et-dons\/"]}]},{"@type":"BreadcrumbList","@id":"https:\/\/www.hall32.fr\/ecole\/mecenat-et-dons\/#breadcrumb","itemListElement":[{"@type":"ListItem","position":1,"name":"Accueil","item":"https:\/\/www.hall32.fr\/ecole\/"},{"@type":"ListItem","position":2,"name":"M\u00e9c\u00e9nat et dons"}]},{"@type":"WebSite","@id":"https:\/\/www.hall32.fr\/ecole\/#website","url":"https:\/\/www.hall32.fr\/ecole\/","name":"Ecole","description":"","potentialAction":[{"@type":"SearchAction","target":{"@type":"EntryPoint","urlTemplate":"https:\/\/www.hall32.fr\/ecole\/?s={search_term_string}"},"query-input":{"@type":"PropertyValueSpecification","valueRequired":true,"valueName":"search_term_string"}}],"inLanguage":"fr-FR"}]}},"_links":{"self":[{"href":"https:\/\/www.hall32.fr\/ecole\/wp-json\/wp\/v2\/pages\/3959","targetHints":{"allow":["GET"]}}],"collection":[{"href":"https:\/\/www.hall32.fr\/ecole\/wp-json\/wp\/v2\/pages"}],"about":[{"href":"https:\/\/www.hall32.fr\/ecole\/wp-json\/wp\/v2\/types\/page"}],"author":[{"embeddable":true,"href":"https:\/\/www.hall32.fr\/ecole\/wp-json\/wp\/v2\/users\/11"}],"replies":[{"embeddable":true,"href":"https:\/\/www.hall32.fr\/ecole\/wp-json\/wp\/v2\/comments?post=3959"}],"version-history":[{"count":3,"href":"https:\/\/www.hall32.fr\/ecole\/wp-json\/wp\/v2\/pages\/3959\/revisions"}],"predecessor-version":[{"id":3976,"href":"https:\/\/www.hall32.fr\/ecole\/wp-json\/wp\/v2\/pages\/3959\/revisions\/3976"}],"wp:attachment":[{"href":"https:\/\/www.hall32.fr\/ecole\/wp-json\/wp\/v2\/media?parent=3959"}],"curies":[{"name":"wp","href":"https:\/\/api.w.org\/{rel}","templated":true}]}}