{"id":396,"date":"2023-01-09T17:08:26","date_gmt":"2023-01-09T16:08:26","guid":{"rendered":"https:\/\/www.hall32.fr\/ecole\/?page_id=396"},"modified":"2025-11-13T15:45:07","modified_gmt":"2025-11-13T14:45:07","slug":"metiers-de-lelectricite-et-de-ses-environnements-connectes-melec","status":"publish","type":"page","link":"https:\/\/www.hall32.fr\/ecole\/formations\/nos-bac-pro\/metiers-de-lelectricite-et-de-ses-environnements-connectes-melec\/","title":{"rendered":"M\u00e9tiers de l&rsquo;Electricit\u00e9 et de ses Environnements Connect\u00e9s (MELEC)"},"content":{"rendered":"<!-- START OF : Composant : block-periscope-theme-section-composant-intertitre.php -->\n\n<div class=\"espace \ud83d\ude80\" data-aos=\"fade-up\">\n\t<div class=\"\">\n\t\t<h2 class=\"h2 \">En r\u00e9sum\u00e9<\/h2>\n\t<\/div>\n<\/div>\n<!-- END OF : Composant : block-periscope-theme-section-composant-intertitre.php -->\n\n\n<div class=\"espace \ud83d\ude80 mb-7 mb-lg-7 \" data-aos=\"fade-up\">\n        <div class=\"\">\n<p>Le ou la technicienne a un r\u00f4le fondamental. Il ou elle contribue \u00e0 la performance \u00e9nerg\u00e9tique des b\u00e2timents et des installations. Il r\u00e9alise les installations \u00e9lectriques dans le respect des normes, de la r\u00e9glementation. Il est \u00e9galement en charge de la relation clients\/fournisseurs. V\u00e9ritable m\u00e9tier polyvalent, c&rsquo;est le mix parfait entre travail terrain, expertise et relation commerciale.<\/p>\n <\/div>\n        <\/div>\n\n<!-- START OF : Composant : block-periscope-theme-section-composant-opportunite.php -->\n<div class=\"espace \ud83d\ude80 mb-7 mb-lg-8\">\n\t\t<div class=\"opportunite p-3 mb-3 mb-lg-4\">\n\t\t<h3 class=\"h3\">Pr\u00e9requis<\/h3>\n\t\tAvoir le niveau troisie\u0300me\n\t<\/div>\n\t\t<div class=\"opportunite p-3 mb-3 mb-lg-4\">\n\t\t<h3 class=\"h3\">M\u00e9tiers vis\u00e9s<\/h3>\n\t\t<ul>\n<li>Chef de chantier en installations e\u0301lectriques<\/li>\n<li>E\u0301lectricien installateur<\/li>\n<li>E\u0301lectrome\u0301canicien<\/li>\n<li>Installateur en te\u0301le\u0301coms<\/li>\n<\/ul>\n\t<\/div>\n\t\t<div class=\"opportunite p-3 mb-3 mb-lg-4\">\n\t\t<h3 class=\"h3\">Poursuite d\u2019\u00e9tudes et passerelles<\/h3>\n\t\t<ul>\n<li>BTS Maintenance des Syste\u0300mes de Production (MSP)<\/li>\n<li>BTS Conception et Re\u0301alisation de Syste\u0300mes Automatiques (CRSA)<\/li>\n<li>BTS Assistance Technique d\u2019Inge\u0301nieur (ATI)<\/li>\n<li>Pour obtenir des informations sur les passerelles, contactez-nous \u00e0 l\u2019adresse suivante\u00a0: <a href=\"mailto:cfa@hall32.fr\">cfa@hall32.fr<\/a><\/li>\n<\/ul>\n\t<\/div>\n\t<\/div>\n<!-- END OF : Composant : block-periscope-theme-section-composant-opportunite.php -->\n\n\n<!-- START OF : Composant : block-periscope-theme-section-composant-programme.php -->\n<div class=\"espace \ud83d\ude80 mb-7 mb-lg-8\">\n\t\t<h2 class=\"h3\">Programme<\/h2>\n\t\t        <div class=\"accordeon-programme p-3 mb-3 mb-lg-4 fs-lg-17\">\n\t\t<h3 class=\"fs-16 fs-lg-18 mb-0\">\n\t\t<a class=\"accordeon-programme__title d-block fw-bold position-relative pe-7 text-decoration-none text-decoration-hover-underline\" data-bs-toggle=\"collapse\" href=\"#collapseExample1\" role=\"button\" aria-expanded=\"false\" aria-controls=\"collapseExample1\">Pr\u00e9paration des op\u00e9rations de r\u00e9alisation, de mise en service, de maintenance<\/a>\n\t<\/h3>\n\t\t<div class=\"fs-16 fs-lg-18 collapse\" id=\"collapseExample1\">\n\t\t\t\t<ul>\n<li>Les essais et r\u00e9glages n\u00e9cessaires au fonctionnement d\u2019une installation<\/li>\n<li>L\u2019\u00e9laboration des sch\u00e9mas \u00e9lectriques d\u2019une installation<\/li>\n<li>La programmation et le param\u00e9trage d\u2019appareillages \u00e9lectriques<\/li>\n<\/ul>\n\t\t\t<\/div>\n<\/div>\n                    <div class=\"accordeon-programme p-3 mb-3 mb-lg-4 fs-lg-17\">\n\t\t<h3 class=\"fs-16 fs-lg-18 mb-0\">\n\t\t<a class=\"accordeon-programme__title d-block fw-bold position-relative pe-7 text-decoration-none text-decoration-hover-underline\" data-bs-toggle=\"collapse\" href=\"#collapseExample2\" role=\"button\" aria-expanded=\"false\" aria-controls=\"collapseExample2\">R\u00e9alisation<\/a>\n\t<\/h3>\n\t\t<div class=\"fs-16 fs-lg-18 collapse\" id=\"collapseExample2\">\n\t\t\t\t<ul>\n<li>L\u2019implantation du mat\u00e9riel ainsi que son raccordement dans une armoire \u00e9lectrique selon le sch\u00e9ma d\u2019installation<\/li>\n<li>Le montage des diff\u00e9rents constituants sur chantier<\/li>\n<li>Le respect des r\u00e8gles de s\u00e9curit\u00e9\u0301 afin d\u2019assurer la protection des biens et des personnes<\/li>\n<\/ul>\n\t\t\t<\/div>\n<\/div>\n                    <div class=\"accordeon-programme p-3 mb-3 mb-lg-4 fs-lg-17\">\n\t\t<h3 class=\"fs-16 fs-lg-18 mb-0\">\n\t\t<a class=\"accordeon-programme__title d-block fw-bold position-relative pe-7 text-decoration-none text-decoration-hover-underline\" data-bs-toggle=\"collapse\" href=\"#collapseExample3\" role=\"button\" aria-expanded=\"false\" aria-controls=\"collapseExample3\">Maintenance<\/a>\n\t<\/h3>\n\t\t<div class=\"fs-16 fs-lg-18 collapse\" id=\"collapseExample3\">\n\t\t\t\t<ul>\n<li>L\u2019intervention en cas de panne<\/li>\n<li>Des domaines d\u2019application concrets : domotique, e\u0301co-quartiers connect\u00e9s, etc&#8230;<\/li>\n<\/ul>\n\t\t\t<\/div>\n<\/div>\n            <\/div>\n<!-- END OF : Composant : block-periscope-theme-section-composant-programme.php -->\n\n\n<!-- START OF : Composant : block-periscope-theme-section-composant-intertitre.php -->\n\n<div class=\"espace \ud83d\ude80\" data-aos=\"fade-up\">\n\t<div class=\"\">\n\t\t<h3 class=\"h3 \">Dur\u00e9e et rythme<\/h3>\n\t<\/div>\n<\/div>\n<!-- END OF : Composant : block-periscope-theme-section-composant-intertitre.php -->\n\n\n<div class=\"espace \ud83d\ude80 mb-7 mb-lg-7 \" data-aos=\"fade-up\">\n        <div class=\"\">\n<p>Le calendrier d\u2019alternance est pr\u00e9cis\u00e9 \u00e0 chaque rentr\u00e9e scolaire. Il alterne 2 semaines en entreprise et 2 semaines \u00e0 Hall 32.<\/p>\n <\/div>\n        <\/div>\n\n<!-- START OF : Composant : block-periscope-theme-section-composant-calendrier.php -->\n<div class=\"espace \ud83d\ude80 mb-7 mb-lg-8\">\n\t        <div class=\"duree-rythme d-flex justify-content-between border-bottom py-3 fs-lg-20\">\n\t\t<strong>Enseignements professionnels<\/strong>\n\t\t\t<strong class=\"text-success\">892 h<\/strong>\n\t<\/div>\n            <div class=\"duree-rythme d-flex justify-content-between border-bottom py-3 fs-lg-20\">\n\t\t<strong>Enseignements g\u00e9n\u00e9raux<\/strong>\n\t\t\t<strong class=\"text-success\">1 044 h<\/strong>\n\t<\/div>\n            <div class=\"duree-rythme d-flex justify-content-between border-bottom py-3 fs-lg-20\">\n\t\t<strong>Accompagnement individuel<\/strong>\n\t\t\t<strong class=\"text-success\">94 h <\/strong>\n\t<\/div>\n    <\/div>\n<!-- END OF : Composant : block-periscope-theme-section-composant-calendrier.php -->\n\n\n<!-- START OF : Composant : block-periscope-theme-section-composant-objectif.php -->\n<div class=\"espace \ud83d\ude80 mb-7 mb-lg-8\">\n\t<div class=\"objectif px-4 py-7\">\n\t\t<h2 class=\"h3 text-primary\">Objectifs de la formation<\/h2>\n\t\t<ul class=\"text-white\">\n<li>R\u00e9aliser une installation \u00e9lectrique<\/li>\n<li>Param\u00e9trer cette installation<\/li>\n<li>V\u00e9rifier son bon fonctionnement<\/li>\n<li>Diagnostiquer un dysfonctionnement<\/li>\n<li>Savoir utiliser les outils num\u00e9riques dans le contexte professionnel<\/li>\n<\/ul>\n\t<\/div>\n<\/div>\n<!-- END OF : Composant : block-periscope-theme-section-composant-objectif.php -->\n\n\n<!-- START OF : Composant : block-periscope-theme-section-composant-image-pleine-largeur.php -->\n\t<div class=\"espace \ud83d\ude80 mb-7 mb-lg-8\">\n\t<img decoding=\"async\" src=\"https:\/\/www.hall32.fr\/ecole\/wp-content\/uploads\/sites\/2\/2025\/10\/5L3A0060.jpg\" alt=\"Apprenants en bac pro \u00e0 hall 32 avec un formateur en \u00e9lectricit\u00e9\">\n\t<p class=\"image__legend pt-1 text-center text-lg-end\"><\/p>\n<\/div>\n\t<!-- END OF : Composant : block-periscope-theme-section-composant-image-pleine-largeur.php -->\n\n\n<!-- START OF : Composant : block-periscope-theme-section-composant-intertitre.php -->\n\n<div class=\"espace \ud83d\ude80\" data-aos=\"fade-up\">\n\t<div class=\"\">\n\t\t<h3 class=\"h3 \">Aptitudes et comp\u00e9tences vis\u00e9es<\/h3>\n\t<\/div>\n<\/div>\n<!-- END OF : Composant : block-periscope-theme-section-composant-intertitre.php -->\n\n\n<div class=\"espace \ud83d\ude80 mb-7 mb-lg-7 \" data-aos=\"fade-up\">\n        <div class=\"\">\n<ul class=\"wp-block-list\">\n<li>Savoir mettre en place une installation \u00e9lectrique<\/li>\n\n\n\n<li>Conna\u00eetre les diff\u00e9rents composants \u00e9lectriques<\/li>\n\n\n\n<li>\u00catre capable d\u2019assurer l\u2019entretien de l\u2019installation<\/li>\n\n\n\n<li>Effectuer les r\u00e9glages n\u00e9cessaires<\/li>\n<\/ul>\n <\/div>\n        <\/div>\n\n<!-- START OF : Composant : block-periscope-theme-section-composant-modalite.php -->\n<div class=\"espace \ud83d\ude80 mb-7 mb-lg-8\">\n\t\t<h2 class=\"h3\">Modalit\u00e9s de validation et d\u2019\u00e9valuation de la formation<\/h2>\n\t\t<div class=\"modalites fs-20 d-lg-flex align-items-center flex-colmun flex-lg-row fw-bold text-center text-lg-start\">\n\t\t\t\t\t<div class=\"pb-3 pb-lg-0 pe-lg-5\">CCF<\/div>\n\t\t\t\t\t\t\t\t<div class=\"pb-3 pb-lg-0 pt-3 pt-lg-0 ps-lg-5 pe-lg-5\">Soutenance de rapport de stage <\/div>\n\t\t\t\t\t\t\t\t<div class=\"pb-3 pb-lg-0 pt-3 pt-lg-0 ps-lg-5 pe-lg-5\">Epreuves ponctuelles<\/div>\n\t\t\t\t<\/div>\n<\/div>\n<!-- END OF : Composant : block-periscope-theme-section-composant-modalite.php -->\n\n\n<div class=\"espace \ud83d\ude80 mb-7 mb-lg-7 \" data-aos=\"fade-up\">\n        <div class=\"\">\n<p>Chaque unit\u00e9 constitutive du dipl\u00f4me \u00e9quivaut \u00e0 un bloc de comp\u00e9tences. Toutes les unit\u00e9s pour lesquelles un candidat a obtenu une note \u00e9gale ou sup\u00e9rieure \u00e0 10 sur 20 feront l\u2019objet d\u2019une attestation reconnaissant la maitrise des comp\u00e9tences li\u00e9es \u00e0 un bloc, ce qui lui permettra de poursuivre la formation.<\/p>\n <\/div>\n        <\/div>\n\n<!-- START OF : Composant : block-periscope-theme-section-composant-miseenavant.php -->\n<div class=\"espace \ud83d\ude80 mb-7 mb-lg-8\">\n\t<div class=\"bg-danger text-white p-3 px-lg-8 py-lg-7 mb-3 mb-lg-4\">\n\t\t\t\t<h3 class=\"h3 text-center text-white\">Moyens mat\u00e9riels<\/h3>\n\t\t\t\t<p><strong>Salle de formation<br \/>\n<\/strong>Vid\u00e9o Projecteur interactif<br \/>\nAudio<br \/>\nTableau<\/p>\n<p><strong>Support informatique<br \/>\n<\/strong>PC et logiciels\u00a0: Solidworks, Autocad, Autodesk, Factory IO, Robot Studio, Pack Office<\/p>\n<p><strong>Equipe p\u00e9dagogique<br \/>\n<\/strong>Elle est constitu\u00e9e de formateurs d\u00e9di\u00e9s aux enseignements techniques et enseignements g\u00e9n\u00e9raux.<\/p>\n\t\t\t<\/div>\n<\/div>\n<!-- END OF : Composant : block-periscope-theme-section-composant-miseenavant.php -->\n\n\n<!-- START OF : Composant : block-periscope-theme-section-composant-miseenavant.php -->\n<div class=\"espace \ud83d\ude80 mb-7 mb-lg-8\">\n\t<div class=\"bg-danger text-white p-3 px-lg-8 py-lg-7 mb-3 mb-lg-4\">\n\t\t\t\t<h3 class=\"h3 text-center text-white\">Equipements obligatoires<\/h3>\n\t\t\t\t<p><strong>EPI<\/strong><br \/>\nFournis par Hall 32<\/p>\n<p><strong>PC portable\u00a0<\/strong><br \/>\n100% du prix d&rsquo;achat \u00e0 votre charge avec facilit\u00e9 de paiement<\/p>\n\t\t\t<\/div>\n<\/div>\n<!-- END OF : Composant : block-periscope-theme-section-composant-miseenavant.php -->\n\n\n<!-- START OF : Composant : block-periscope-theme-section-composant-etapes.php -->\n<div class=\"espace \ud83d\ude80 mb-7 mb-lg-8\">\n    <div class=\"container\">\n                <h2 class=\"h3\">Recrutement<\/h2>\n                <div class=\"row align-items-lg-center mb-4\">\n\t<div class=\"col col--recrutement\">\n\t\t<div class=\"h1 mb-0 text-success lh-1 pt-1 pt-lg-2\">01<\/div>\n\t<\/div>\n\t<div class=\"col border-start\">\n\t    \t\t<div class=\"fw-bold fs-20\">A partir de f\u00e9vrier <\/div>\n\t    \t    \t\tDossier de candidature \t    \t<\/div>\n<\/div>\n<div class=\"row align-items-lg-center mb-4\">\n\t<div class=\"col col--recrutement\">\n\t\t<div class=\"h1 mb-0 text-success lh-1 pt-1 pt-lg-2\">02<\/div>\n\t<\/div>\n\t<div class=\"col border-start\">\n\t    \t\t<div class=\"fw-bold fs-20\">D\u2019avril \u00e0 juin<\/div>\n\t    \t    \t\tEntretien de motivation\t    \t<\/div>\n<\/div>\n<div class=\"row align-items-lg-center mb-4\">\n\t<div class=\"col col--recrutement\">\n\t\t<div class=\"h1 mb-0 text-success lh-1 pt-1 pt-lg-2\">03<\/div>\n\t<\/div>\n\t<div class=\"col border-start\">\n\t    \t\t<div class=\"fw-bold fs-20\">De mai \u00e0 juin<\/div>\n\t    \t    \t\tD\u00e9cision d\u2019admissibilit\u00e9\t    \t<\/div>\n<\/div>\n<div class=\"row align-items-lg-center mb-4\">\n\t<div class=\"col col--recrutement\">\n\t\t<div class=\"h1 mb-0 text-success lh-1 pt-1 pt-lg-2\">04<\/div>\n\t<\/div>\n\t<div class=\"col border-start\">\n\t    \t\t<div class=\"fw-bold fs-20\">De mars \u00e0 septembre<\/div>\n\t    \t    \t\tRecherche d\u2019une entreprise\t    \t<\/div>\n<\/div>\n<div class=\"row align-items-lg-center mb-4\">\n\t<div class=\"col col--recrutement\">\n\t\t<div class=\"h1 mb-0 text-success lh-1 pt-1 pt-lg-2\">05<\/div>\n\t<\/div>\n\t<div class=\"col border-start\">\n\t    \t\t<div class=\"fw-bold fs-20\">De juillet \u00e0 septembre <\/div>\n\t    \t    \t\tSignature du contrat et de la convention de formation\t    \t<\/div>\n<\/div>\n    <\/div>\n<\/div>\n<!-- END OF : Composant : block-periscope-theme-section-composant-etapes.php -->\n\n\n<!-- START OF : Composant : block-periscope-theme-section-composant-miseenavant.php -->\n<div class=\"espace \ud83d\ude80 mb-7 mb-lg-8\">\n\t<div class=\"bg-success text-white p-3 px-lg-8 py-lg-7 mb-3 mb-lg-4\">\n\t\t\t\t<h3 class=\"h3 text-center text-white\">Financement<\/h3>\n\t\t\t\t<p>La formation est prise en charge par l\u2019employeur et subventionn\u00e9e par les OPCO. Elle est gratuite pour l\u2019apprenti.<\/p>\n<p>Tarification employeur\u00a0: contacter l\u2019\u00e9quipe p\u00e9dagogique \u00e0 l\u2019adresse <a href=\"mailto:cfa@hall32.fr\">cfa@hall32.fr<\/a><\/p>\n\t\t\t<\/div>\n<\/div>\n<!-- END OF : Composant : block-periscope-theme-section-composant-miseenavant.php -->\n\n\n<!-- START OF : Composant : block-periscope-theme-section-composant-intertitre.php -->\n\n<div class=\"espace \ud83d\ude80\" data-aos=\"fade-up\">\n\t<div class=\"\">\n\t\t<h3 class=\"h3 \">Accessibilit\u00e9<\/h3>\n\t<\/div>\n<\/div>\n<!-- END OF : Composant : block-periscope-theme-section-composant-intertitre.php -->\n\n\n<div class=\"espace \ud83d\ude80 mb-7 mb-lg-7 \" data-aos=\"fade-up\">\n        <div class=\"\">\n<p>Vous \u00eates en situation de handicap et vous souhaitez participer \u00e0 l\u2019une de nos formations&nbsp;? Faites-le nous savoir, nous mettrons tout en \u0153uvre pour trouver une solution adapt\u00e9e.<br>N\u2019h\u00e9sitez pas \u00e0 contacter Fr\u00e9d\u00e9ric Lagente, notre r\u00e9f\u00e9rent handicap&nbsp;: <a href=\"mailto:handicap@hall32.fr\">handicap@hall32.fr<\/a><\/p>\n <\/div>\n        <\/div>\n\n<!-- START OF : Composant : block-periscope-theme-section-composant-intertitre.php -->\n\n<div class=\"espace \ud83d\ude80\" data-aos=\"fade-up\">\n\t<div class=\"\">\n\t\t<h3 class=\"h3 \">Identification<\/h3>\n\t<\/div>\n<\/div>\n<!-- END OF : Composant : block-periscope-theme-section-composant-intertitre.php -->\n\n\n<div class=\"espace \ud83d\ude80 mb-7 mb-lg-7 \" data-aos=\"fade-up\">\n        <div class=\"\">\n<p>RNCP MELEC : 38878<br>Libell\u00e9 exacte de la certification : M\u00e9tiers de l\u2019Electricit\u00e9 et de ses Environnements Connect\u00e9s<br>Certificateur : Minist\u00e8re de l&rsquo;Education Nationale et de la Jeunesse<br>Date de publication : 22-04-2024<br>Date d&rsquo;\u00e9ch\u00e9ance de l&rsquo;enregistrement : 31-08-2029<\/p>\n <\/div>\n        <\/div>\n\n<div class=\"espace \ud83d\ude80 mb-7 mb-lg-7 \" data-aos=\"fade-up\">\n        <div class=\"\">\n<p>Derni\u00e8re mise \u00e0 jour : Novembre 2025<\/p>\n <\/div>\n        <\/div>","protected":false},"excerpt":{"rendered":"<p>Polyvalent et expert en \u00e9lectricit\u00e9, veille \u00e0 la conformit\u00e9 et \u00e0 la s\u00e9curit\u00e9 des installations \u00e9lectriques industrielles !<\/p>\n","protected":false},"author":1,"featured_media":0,"parent":418,"menu_order":0,"comment_status":"closed","ping_status":"closed","template":"template-formation.php","meta":{"_acf_changed":false,"footnotes":""},"class_list":["post-396","page","type-page","status-publish","hentry"],"acf":[],"yoast_head":"<!-- This site is optimized with the Yoast SEO plugin v25.9 - https:\/\/yoast.com\/wordpress\/plugins\/seo\/ -->\n<title>Formation M\u00e9tiers de l&#039;Electricit\u00e9 et de ses Environnements Connect\u00e9s (MELEC) - Ecole<\/title>\n<meta name=\"description\" content=\"Polyvalent et expert en \u00e9lectricit\u00e9, veille \u00e0 la conformit\u00e9 et \u00e0 la s\u00e9curit\u00e9 des installations \u00e9lectriques industrielles !\" \/>\n<meta name=\"robots\" content=\"index, follow, max-snippet:-1, max-image-preview:large, max-video-preview:-1\" \/>\n<link rel=\"canonical\" href=\"https:\/\/www.hall32.fr\/ecole\/formations\/nos-bac-pro\/metiers-de-lelectricite-et-de-ses-environnements-connectes-melec\/\" \/>\n<meta property=\"og:locale\" content=\"fr_FR\" \/>\n<meta property=\"og:type\" content=\"article\" \/>\n<meta property=\"og:title\" content=\"Formation M\u00e9tiers de l&#039;Electricit\u00e9 et de ses Environnements Connect\u00e9s (MELEC) - Ecole\" \/>\n<meta property=\"og:description\" content=\"Polyvalent et expert en \u00e9lectricit\u00e9, veille \u00e0 la conformit\u00e9 et \u00e0 la s\u00e9curit\u00e9 des installations \u00e9lectriques industrielles !\" \/>\n<meta property=\"og:url\" content=\"https:\/\/www.hall32.fr\/ecole\/formations\/nos-bac-pro\/metiers-de-lelectricite-et-de-ses-environnements-connectes-melec\/\" \/>\n<meta property=\"og:site_name\" content=\"Ecole\" \/>\n<meta property=\"article:modified_time\" content=\"2025-11-13T14:45:07+00:00\" \/>\n<meta name=\"twitter:card\" content=\"summary_large_image\" \/>\n<meta name=\"twitter:label1\" content=\"Dur\u00e9e de lecture estim\u00e9e\" \/>\n\t<meta name=\"twitter:data1\" content=\"2 minutes\" \/>\n<script type=\"application\/ld+json\" class=\"yoast-schema-graph\">{\"@context\":\"https:\/\/schema.org\",\"@graph\":[{\"@type\":\"WebPage\",\"@id\":\"https:\/\/www.hall32.fr\/ecole\/formations\/nos-bac-pro\/metiers-de-lelectricite-et-de-ses-environnements-connectes-melec\/\",\"url\":\"https:\/\/www.hall32.fr\/ecole\/formations\/nos-bac-pro\/metiers-de-lelectricite-et-de-ses-environnements-connectes-melec\/\",\"name\":\"Formation M\u00e9tiers de l'Electricit\u00e9 et de ses Environnements Connect\u00e9s (MELEC) - Ecole\",\"isPartOf\":{\"@id\":\"https:\/\/www.hall32.fr\/ecole\/#website\"},\"datePublished\":\"2023-01-09T16:08:26+00:00\",\"dateModified\":\"2025-11-13T14:45:07+00:00\",\"description\":\"Polyvalent et expert en \u00e9lectricit\u00e9, veille \u00e0 la conformit\u00e9 et \u00e0 la s\u00e9curit\u00e9 des installations \u00e9lectriques industrielles !\",\"breadcrumb\":{\"@id\":\"https:\/\/www.hall32.fr\/ecole\/formations\/nos-bac-pro\/metiers-de-lelectricite-et-de-ses-environnements-connectes-melec\/#breadcrumb\"},\"inLanguage\":\"fr-FR\",\"potentialAction\":[{\"@type\":\"ReadAction\",\"target\":[\"https:\/\/www.hall32.fr\/ecole\/formations\/nos-bac-pro\/metiers-de-lelectricite-et-de-ses-environnements-connectes-melec\/\"]}]},{\"@type\":\"BreadcrumbList\",\"@id\":\"https:\/\/www.hall32.fr\/ecole\/formations\/nos-bac-pro\/metiers-de-lelectricite-et-de-ses-environnements-connectes-melec\/#breadcrumb\",\"itemListElement\":[{\"@type\":\"ListItem\",\"position\":1,\"name\":\"Accueil\",\"item\":\"https:\/\/www.hall32.fr\/ecole\/\"},{\"@type\":\"ListItem\",\"position\":2,\"name\":\"Nos formations\",\"item\":\"https:\/\/www.hall32.fr\/ecole\/formations\/\"},{\"@type\":\"ListItem\",\"position\":3,\"name\":\"Nos Bacs Pro\",\"item\":\"https:\/\/www.hall32.fr\/ecole\/formations\/nos-bac-pro\/\"},{\"@type\":\"ListItem\",\"position\":4,\"name\":\"M\u00e9tiers de l&rsquo;Electricit\u00e9 et de ses Environnements Connect\u00e9s (MELEC)\"}]},{\"@type\":\"WebSite\",\"@id\":\"https:\/\/www.hall32.fr\/ecole\/#website\",\"url\":\"https:\/\/www.hall32.fr\/ecole\/\",\"name\":\"Ecole\",\"description\":\"\",\"potentialAction\":[{\"@type\":\"SearchAction\",\"target\":{\"@type\":\"EntryPoint\",\"urlTemplate\":\"https:\/\/www.hall32.fr\/ecole\/?s={search_term_string}\"},\"query-input\":{\"@type\":\"PropertyValueSpecification\",\"valueRequired\":true,\"valueName\":\"search_term_string\"}}],\"inLanguage\":\"fr-FR\"}]}<\/script>\n<!-- \/ Yoast SEO plugin. -->","yoast_head_json":{"title":"Formation M\u00e9tiers de l'Electricit\u00e9 et de ses Environnements Connect\u00e9s (MELEC) - Ecole","description":"Polyvalent et expert en \u00e9lectricit\u00e9, veille \u00e0 la conformit\u00e9 et \u00e0 la s\u00e9curit\u00e9 des installations \u00e9lectriques industrielles !","robots":{"index":"index","follow":"follow","max-snippet":"max-snippet:-1","max-image-preview":"max-image-preview:large","max-video-preview":"max-video-preview:-1"},"canonical":"https:\/\/www.hall32.fr\/ecole\/formations\/nos-bac-pro\/metiers-de-lelectricite-et-de-ses-environnements-connectes-melec\/","og_locale":"fr_FR","og_type":"article","og_title":"Formation M\u00e9tiers de l'Electricit\u00e9 et de ses Environnements Connect\u00e9s (MELEC) - Ecole","og_description":"Polyvalent et expert en \u00e9lectricit\u00e9, veille \u00e0 la conformit\u00e9 et \u00e0 la s\u00e9curit\u00e9 des installations \u00e9lectriques industrielles !","og_url":"https:\/\/www.hall32.fr\/ecole\/formations\/nos-bac-pro\/metiers-de-lelectricite-et-de-ses-environnements-connectes-melec\/","og_site_name":"Ecole","article_modified_time":"2025-11-13T14:45:07+00:00","twitter_card":"summary_large_image","twitter_misc":{"Dur\u00e9e de lecture estim\u00e9e":"2 minutes"},"schema":{"@context":"https:\/\/schema.org","@graph":[{"@type":"WebPage","@id":"https:\/\/www.hall32.fr\/ecole\/formations\/nos-bac-pro\/metiers-de-lelectricite-et-de-ses-environnements-connectes-melec\/","url":"https:\/\/www.hall32.fr\/ecole\/formations\/nos-bac-pro\/metiers-de-lelectricite-et-de-ses-environnements-connectes-melec\/","name":"Formation M\u00e9tiers de l'Electricit\u00e9 et de ses Environnements Connect\u00e9s (MELEC) - Ecole","isPartOf":{"@id":"https:\/\/www.hall32.fr\/ecole\/#website"},"datePublished":"2023-01-09T16:08:26+00:00","dateModified":"2025-11-13T14:45:07+00:00","description":"Polyvalent et expert en \u00e9lectricit\u00e9, veille \u00e0 la conformit\u00e9 et \u00e0 la s\u00e9curit\u00e9 des installations \u00e9lectriques industrielles !","breadcrumb":{"@id":"https:\/\/www.hall32.fr\/ecole\/formations\/nos-bac-pro\/metiers-de-lelectricite-et-de-ses-environnements-connectes-melec\/#breadcrumb"},"inLanguage":"fr-FR","potentialAction":[{"@type":"ReadAction","target":["https:\/\/www.hall32.fr\/ecole\/formations\/nos-bac-pro\/metiers-de-lelectricite-et-de-ses-environnements-connectes-melec\/"]}]},{"@type":"BreadcrumbList","@id":"https:\/\/www.hall32.fr\/ecole\/formations\/nos-bac-pro\/metiers-de-lelectricite-et-de-ses-environnements-connectes-melec\/#breadcrumb","itemListElement":[{"@type":"ListItem","position":1,"name":"Accueil","item":"https:\/\/www.hall32.fr\/ecole\/"},{"@type":"ListItem","position":2,"name":"Nos formations","item":"https:\/\/www.hall32.fr\/ecole\/formations\/"},{"@type":"ListItem","position":3,"name":"Nos Bacs Pro","item":"https:\/\/www.hall32.fr\/ecole\/formations\/nos-bac-pro\/"},{"@type":"ListItem","position":4,"name":"M\u00e9tiers de l&rsquo;Electricit\u00e9 et de ses Environnements Connect\u00e9s (MELEC)"}]},{"@type":"WebSite","@id":"https:\/\/www.hall32.fr\/ecole\/#website","url":"https:\/\/www.hall32.fr\/ecole\/","name":"Ecole","description":"","potentialAction":[{"@type":"SearchAction","target":{"@type":"EntryPoint","urlTemplate":"https:\/\/www.hall32.fr\/ecole\/?s={search_term_string}"},"query-input":{"@type":"PropertyValueSpecification","valueRequired":true,"valueName":"search_term_string"}}],"inLanguage":"fr-FR"}]}},"_links":{"self":[{"href":"https:\/\/www.hall32.fr\/ecole\/wp-json\/wp\/v2\/pages\/396","targetHints":{"allow":["GET"]}}],"collection":[{"href":"https:\/\/www.hall32.fr\/ecole\/wp-json\/wp\/v2\/pages"}],"about":[{"href":"https:\/\/www.hall32.fr\/ecole\/wp-json\/wp\/v2\/types\/page"}],"author":[{"embeddable":true,"href":"https:\/\/www.hall32.fr\/ecole\/wp-json\/wp\/v2\/users\/1"}],"replies":[{"embeddable":true,"href":"https:\/\/www.hall32.fr\/ecole\/wp-json\/wp\/v2\/comments?post=396"}],"version-history":[{"count":3,"href":"https:\/\/www.hall32.fr\/ecole\/wp-json\/wp\/v2\/pages\/396\/revisions"}],"predecessor-version":[{"id":4336,"href":"https:\/\/www.hall32.fr\/ecole\/wp-json\/wp\/v2\/pages\/396\/revisions\/4336"}],"up":[{"embeddable":true,"href":"https:\/\/www.hall32.fr\/ecole\/wp-json\/wp\/v2\/pages\/418"}],"wp:attachment":[{"href":"https:\/\/www.hall32.fr\/ecole\/wp-json\/wp\/v2\/media?parent=396"}],"curies":[{"name":"wp","href":"https:\/\/api.w.org\/{rel}","templated":true}]}}