{"id":461,"date":"2023-01-10T15:20:22","date_gmt":"2023-01-10T14:20:22","guid":{"rendered":"https:\/\/www.hall32.fr\/ecole\/?page_id=461"},"modified":"2025-11-13T15:49:02","modified_gmt":"2025-11-13T14:49:02","slug":"conception-de-produits-industriels-cpi","status":"publish","type":"page","link":"https:\/\/www.hall32.fr\/ecole\/formations\/nos-bts\/conception-de-produits-industriels-cpi\/","title":{"rendered":"Conception de produits industriels (CPI)"},"content":{"rendered":"<!-- START OF : Composant : block-periscope-theme-section-composant-intertitre.php -->\n\n<div class=\"espace \ud83d\ude80\" data-aos=\"fade-up\">\n\t<div class=\"\">\n\t\t<h2 class=\"h2 \">En r\u00e9sum\u00e9<\/h2>\n\t<\/div>\n<\/div>\n<!-- END OF : Composant : block-periscope-theme-section-composant-intertitre.php -->\n\n\n<div class=\"espace \ud83d\ude80 mb-7 mb-lg-7 \" data-aos=\"fade-up\">\n        <div class=\"\">\n<p>Le ou la dessinatrice industrielle travaille au sein d&rsquo;un bureau d&rsquo;\u00e9tudes, dans des secteurs vari\u00e9s : construction m\u00e9canique, chaudronnerie, b\u00e2timent, automobile, a\u00e9ronautique. Il ou elle participe \u00e0 la conception et \u00e0 la d\u00e9finition de nouveaux produits. Mod\u00e9lisation 3D, \u00e9dition de plans, le livrable de son travail est le point de d\u00e9part de toute la fabrication.<\/p>\n <\/div>\n        <\/div>\n\n<!-- START OF : Composant : block-periscope-theme-section-composant-opportunite.php -->\n<div class=\"espace \ud83d\ude80 mb-7 mb-lg-8\">\n\t\t<div class=\"opportunite p-3 mb-3 mb-lg-4\">\n\t\t<h3 class=\"h3\">Pr\u00e9requis<\/h3>\n\t\tAvoir le BAC ou titre de niveau IV\n\t<\/div>\n\t\t<div class=\"opportunite p-3 mb-3 mb-lg-4\">\n\t\t<h3 class=\"h3\">M\u00e9tiers vis\u00e9s<\/h3>\n\t\t<ul>\n<li>Designer industriel<\/li>\n<li>Technicien prototypiste<\/li>\n<li>Dessinateur en construction m\u00e9canique<\/li>\n<\/ul>\n\t<\/div>\n\t\t<div class=\"opportunite p-3 mb-3 mb-lg-4\">\n\t\t<h3 class=\"h3\">Poursuite d\u2019\u00e9tudes et passerelles<\/h3>\n\t\t<ul>\n<li>License pro Maintenance des Syst\u00e8mes Industriels (MSI)<\/li>\n<li>License pro Syst\u00e8mes Industriels Automatis\u00e9s et Maintenance (SIAM)<\/li>\n<li>Classe pr\u00e9paratoire ATS ing\u00e9nierie<\/li>\n<li>Pour obtenir des informations sur les passerelles, contactez-nous \u00e0 l\u2019adresse suivante\u00a0: <a href=\"mailto:cfa@hall32.fr\">cfa@hall32.fr<\/a><\/li>\n<\/ul>\n\t<\/div>\n\t<\/div>\n<!-- END OF : Composant : block-periscope-theme-section-composant-opportunite.php -->\n\n\n<!-- START OF : Composant : block-periscope-theme-section-composant-programme.php -->\n<div class=\"espace \ud83d\ude80 mb-7 mb-lg-8\">\n\t\t<h2 class=\"h3\">Programme<\/h2>\n\t\t        <div class=\"accordeon-programme p-3 mb-3 mb-lg-4 fs-lg-17\">\n\t\t<h3 class=\"fs-16 fs-lg-18 mb-0\">\n\t\t<a class=\"accordeon-programme__title d-block fw-bold position-relative pe-7 text-decoration-none text-decoration-hover-underline\" data-bs-toggle=\"collapse\" href=\"#collapseExample1\" role=\"button\" aria-expanded=\"false\" aria-controls=\"collapseExample1\">Enseignements pratiques<\/a>\n\t<\/h3>\n\t\t<div class=\"fs-16 fs-lg-18 collapse\" id=\"collapseExample1\">\n\t\t\t\t<ul>\n<li>Travaux Dirig\u00e9s (TD)<\/li>\n<li>Travaux Pratiques (TP)<\/li>\n<\/ul>\n\t\t\t<\/div>\n<\/div>\n                    <div class=\"accordeon-programme p-3 mb-3 mb-lg-4 fs-lg-17\">\n\t\t<h3 class=\"fs-16 fs-lg-18 mb-0\">\n\t\t<a class=\"accordeon-programme__title d-block fw-bold position-relative pe-7 text-decoration-none text-decoration-hover-underline\" data-bs-toggle=\"collapse\" href=\"#collapseExample2\" role=\"button\" aria-expanded=\"false\" aria-controls=\"collapseExample2\">Enseignements g\u00e9n\u00e9raux<\/a>\n\t<\/h3>\n\t\t<div class=\"fs-16 fs-lg-18 collapse\" id=\"collapseExample2\">\n\t\t\t\t<ul>\n<li>Fran\u00e7ais, math\u00e9matiques, anglais, physique appliqu\u00e9e<\/li>\n<li>\u00c9lectrotechnique, comportement des syst\u00e8mes techniques, construction m\u00e9canique, industrialisation des produits<\/li>\n<\/ul>\n\t\t\t<\/div>\n<\/div>\n            <\/div>\n<!-- END OF : Composant : block-periscope-theme-section-composant-programme.php -->\n\n\n<!-- START OF : Composant : block-periscope-theme-section-composant-intertitre.php -->\n\n<div class=\"espace \ud83d\ude80\" data-aos=\"fade-up\">\n\t<div class=\"\">\n\t\t<h3 class=\"h3 \">Dur\u00e9e et rythme<\/h3>\n\t<\/div>\n<\/div>\n<!-- END OF : Composant : block-periscope-theme-section-composant-intertitre.php -->\n\n\n<div class=\"espace \ud83d\ude80 mb-7 mb-lg-7 \" data-aos=\"fade-up\">\n        <div class=\"\">\n<p>Le calendrier d\u2019alternance est pr\u00e9cis\u00e9 \u00e0 chaque rentr\u00e9e scolaire. Il alterne 2 semaines en entreprise et 2 semaines \u00e0 Hall 32.<\/p>\n <\/div>\n        <\/div>\n\n<!-- START OF : Composant : block-periscope-theme-section-composant-calendrier.php -->\n<div class=\"espace \ud83d\ude80 mb-7 mb-lg-8\">\n\t        <div class=\"duree-rythme d-flex justify-content-between border-bottom py-3 fs-lg-20\">\n\t\t<strong>Enseignements professionnels<\/strong>\n\t\t\t<strong class=\"text-success\">741 h<\/strong>\n\t<\/div>\n            <div class=\"duree-rythme d-flex justify-content-between border-bottom py-3 fs-lg-20\">\n\t\t<strong>Enseignements g\u00e9n\u00e9raux<\/strong>\n\t\t\t<strong class=\"text-success\">468 h<\/strong>\n\t<\/div>\n            <div class=\"duree-rythme d-flex justify-content-between border-bottom py-3 fs-lg-20\">\n\t\t<strong>Accompagnement individuel<\/strong>\n\t\t\t<strong class=\"text-success\">191 h <\/strong>\n\t<\/div>\n    <\/div>\n<!-- END OF : Composant : block-periscope-theme-section-composant-calendrier.php -->\n\n\n<!-- START OF : Composant : block-periscope-theme-section-composant-objectif.php -->\n<div class=\"espace \ud83d\ude80 mb-7 mb-lg-8\">\n\t<div class=\"objectif px-4 py-7\">\n\t\t<h2 class=\"h3 text-primary\">Objectifs de la formation<\/h2>\n\t\t<ul class=\"text-white\">\n<li>Analyser un besoin<\/li>\n<li>D\u00e9terminer un cahier des charges<\/li>\n<li>Proposer des solutions adapt\u00e9es et innovantes<\/li>\n<li>Mettre en forme la solution retenue (Conception Assist\u00e9e par Ordinateur \u2013 CAO)<\/li>\n<\/ul>\n\t<\/div>\n<\/div>\n<!-- END OF : Composant : block-periscope-theme-section-composant-objectif.php -->\n\n\n<!-- START OF : Composant : block-periscope-theme-section-composant-image-pleine-largeur.php -->\n\t<div class=\"espace \ud83d\ude80 mb-7 mb-lg-8\">\n\t<img decoding=\"async\" src=\"https:\/\/www.hall32.fr\/ecole\/wp-content\/uploads\/sites\/2\/2025\/10\/5N5A3156.jpg\" alt=\"pi\u00e8ce usin\u00e9e par des bac pro \u00e0 hall 32\">\n\t<p class=\"image__legend pt-1 text-center text-lg-end\"><\/p>\n<\/div>\n\t<!-- END OF : Composant : block-periscope-theme-section-composant-image-pleine-largeur.php -->\n\n\n<!-- START OF : Composant : block-periscope-theme-section-composant-intertitre.php -->\n\n<div class=\"espace \ud83d\ude80\" data-aos=\"fade-up\">\n\t<div class=\"\">\n\t\t<h3 class=\"h3 \">Aptitudes et comp\u00e9tences vis\u00e9es<\/h3>\n\t<\/div>\n<\/div>\n<!-- END OF : Composant : block-periscope-theme-section-composant-intertitre.php -->\n\n\n<div class=\"espace \ud83d\ude80 mb-7 mb-lg-7 \" data-aos=\"fade-up\">\n        <div class=\"\">\n<ul class=\"wp-block-list\">\n<li>S\u2019int\u00e9grer dans un environnement professionnel, assurer une veille technologique<\/li>\n\n\n\n<li>Rechercher une information dans une documentation technique, dans un r\u00e9seau local ou \u00e0 distance<\/li>\n\n\n\n<li>Formuler et transmettre des informations, communiquer sous forme \u00e9crite et orale y compris en anglais<\/li>\n\n\n\n<li>S\u2019impliquer dans un groupe projet et argumenter des choix techniques<\/li>\n\n\n\n<li>Elaborer ou participer \u00e0 l\u2019\u00e9laboration d\u2019un cahier des charges fonctionnel<\/li>\n\n\n\n<li>Recenser et sp\u00e9cifier des technologies et des moyens de r\u00e9alisation<\/li>\n\n\n\n<li>Concevoir et d\u00e9finir, \u00e0 l\u2019aide d\u2019un logiciel de CAO et des outils de simulation associ\u00e9s, un syst\u00e8me, un outillage ou des pi\u00e8ces m\u00e9caniques satisfaisant au cahier des charges fonctionnel<\/li>\n\n\n\n<li>Imaginer et proposer des solutions techniques en r\u00e9ponse \u00e0 un cahier des charges<\/li>\n\n\n\n<li>Dimensionner tout ou partie d\u2019une cha\u00eene d\u2019\u00e9nergie en autonomie et\/ou en collaboration avec un sp\u00e9cialiste<\/li>\n\n\n\n<li>Participer \u00e0 un processus collaboratif de conception et de r\u00e9alisation de produit<\/li>\n\n\n\n<li>Int\u00e9grer l\u2019\u00e9co-conception dans la conception d\u2019un produit<\/li>\n\n\n\n<li>Int\u00e9grer le prototypage dans la conception et la r\u00e9alisation d\u2019un produit<\/li>\n\n\n\n<li>\u00c9laborer le dossier de d\u00e9finition d\u2019un produit m\u00e9canique<\/li>\n<\/ul>\n <\/div>\n        <\/div>\n\n<!-- START OF : Composant : block-periscope-theme-section-composant-modalite.php -->\n<div class=\"espace \ud83d\ude80 mb-7 mb-lg-8\">\n\t\t<h2 class=\"h3\">Modalit\u00e9s de validation et d\u2019\u00e9valuation de la formation<\/h2>\n\t\t<div class=\"modalites fs-20 d-lg-flex align-items-center flex-colmun flex-lg-row fw-bold text-center text-lg-start\">\n\t\t\t\t\t<div class=\"pb-3 pb-lg-0 pe-lg-5\">CCF<\/div>\n\t\t\t\t\t\t\t\t<div class=\"pb-3 pb-lg-0 pt-3 pt-lg-0 ps-lg-5 pe-lg-5\">Soutenance de rapport de stage <\/div>\n\t\t\t\t\t\t\t\t<div class=\"pb-3 pb-lg-0 pt-3 pt-lg-0 ps-lg-5 pe-lg-5\">Epreuves ponctuelles<\/div>\n\t\t\t\t<\/div>\n<\/div>\n<!-- END OF : Composant : block-periscope-theme-section-composant-modalite.php -->\n\n\n<div class=\"espace \ud83d\ude80 mb-7 mb-lg-7 \" data-aos=\"fade-up\">\n        <div class=\"\">\n<p>Chaque unit\u00e9 constitutive du dipl\u00f4me \u00e9quivaut \u00e0 un bloc de comp\u00e9tences. Toutes les unit\u00e9s pour lesquelles un candidat a obtenu une note \u00e9gale ou sup\u00e9rieure \u00e0 10 sur 20 feront l\u2019objet d\u2019une attestation reconnaissant la maitrise des comp\u00e9tences li\u00e9es \u00e0 un bloc, ce qui lui permettra de poursuivre la formation.<\/p>\n <\/div>\n        <\/div>\n\n<!-- START OF : Composant : block-periscope-theme-section-composant-miseenavant.php -->\n<div class=\"espace \ud83d\ude80 mb-7 mb-lg-8\">\n\t<div class=\"bg-danger text-white p-3 px-lg-8 py-lg-7 mb-3 mb-lg-4\">\n\t\t\t\t<h3 class=\"h3 text-center text-white\">Moyens mat\u00e9riels<\/h3>\n\t\t\t\t<p><strong>Salle de formation<br \/>\n<\/strong>Vid\u00e9o Projecteur interactif<br \/>\nAudio<br \/>\nTableau<\/p>\n<p><strong>Support informatique<br \/>\n<\/strong>PC et logiciels\u00a0: Solidworks, Autocad, Autodesk, Factory IO, Robot Studio, Pack Office<\/p>\n<p><strong>Equipe p\u00e9dagogique<br \/>\n<\/strong>Elle est constitu\u00e9e de formateurs d\u00e9di\u00e9s aux enseignements techniques et enseignements g\u00e9n\u00e9raux.<\/p>\n\t\t\t<\/div>\n<\/div>\n<!-- END OF : Composant : block-periscope-theme-section-composant-miseenavant.php -->\n\n\n<!-- START OF : Composant : block-periscope-theme-section-composant-miseenavant.php -->\n<div class=\"espace \ud83d\ude80 mb-7 mb-lg-8\">\n\t<div class=\"bg-danger text-white p-3 px-lg-8 py-lg-7 mb-3 mb-lg-4\">\n\t\t\t\t<h3 class=\"h3 text-center text-white\">Equipements obligatoires<\/h3>\n\t\t\t\t<p><strong>EPI<\/strong><br \/>\nFournis par Hall 32<\/p>\n<p><strong>PC portable\u00a0<\/strong><br \/>\n100% du prix d&rsquo;achat \u00e0 votre charge avec facilit\u00e9 de paiement<\/p>\n\t\t\t<\/div>\n<\/div>\n<!-- END OF : Composant : block-periscope-theme-section-composant-miseenavant.php -->\n\n\n<!-- START OF : Composant : block-periscope-theme-section-composant-etapes.php -->\n<div class=\"espace \ud83d\ude80 mb-7 mb-lg-8\">\n    <div class=\"container\">\n                <h2 class=\"h3\">Recrutement<\/h2>\n                <div class=\"row align-items-lg-center mb-4\">\n\t<div class=\"col col--recrutement\">\n\t\t<div class=\"h1 mb-0 text-success lh-1 pt-1 pt-lg-2\">01<\/div>\n\t<\/div>\n\t<div class=\"col border-start\">\n\t    \t\t<div class=\"fw-bold fs-20\">A partir de f\u00e9vrier <\/div>\n\t    \t    \t\tDossier de candidature \/ Parcoursup\t    \t<\/div>\n<\/div>\n<div class=\"row align-items-lg-center mb-4\">\n\t<div class=\"col col--recrutement\">\n\t\t<div class=\"h1 mb-0 text-success lh-1 pt-1 pt-lg-2\">02<\/div>\n\t<\/div>\n\t<div class=\"col border-start\">\n\t    \t\t<div class=\"fw-bold fs-20\">D\u2019avril \u00e0 juin<\/div>\n\t    \t    \t\tEntretien de motivation\t    \t<\/div>\n<\/div>\n<div class=\"row align-items-lg-center mb-4\">\n\t<div class=\"col col--recrutement\">\n\t\t<div class=\"h1 mb-0 text-success lh-1 pt-1 pt-lg-2\">03<\/div>\n\t<\/div>\n\t<div class=\"col border-start\">\n\t    \t\t<div class=\"fw-bold fs-20\">De mai \u00e0 juin<\/div>\n\t    \t    \t\tD\u00e9cision d\u2019admissibilit\u00e9\t    \t<\/div>\n<\/div>\n<div class=\"row align-items-lg-center mb-4\">\n\t<div class=\"col col--recrutement\">\n\t\t<div class=\"h1 mb-0 text-success lh-1 pt-1 pt-lg-2\">04<\/div>\n\t<\/div>\n\t<div class=\"col border-start\">\n\t    \t\t<div class=\"fw-bold fs-20\">De mars \u00e0 septembre<\/div>\n\t    \t    \t\tRecherche d\u2019une entreprise\t    \t<\/div>\n<\/div>\n<div class=\"row align-items-lg-center mb-4\">\n\t<div class=\"col col--recrutement\">\n\t\t<div class=\"h1 mb-0 text-success lh-1 pt-1 pt-lg-2\">05<\/div>\n\t<\/div>\n\t<div class=\"col border-start\">\n\t    \t\t<div class=\"fw-bold fs-20\">De juillet \u00e0 septembre <\/div>\n\t    \t    \t\tSignature du contrat et de la convention de formation\t    \t<\/div>\n<\/div>\n    <\/div>\n<\/div>\n<!-- END OF : Composant : block-periscope-theme-section-composant-etapes.php -->\n\n\n<!-- START OF : Composant : block-periscope-theme-section-composant-miseenavant.php -->\n<div class=\"espace \ud83d\ude80 mb-7 mb-lg-8\">\n\t<div class=\"bg-success text-white p-3 px-lg-8 py-lg-7 mb-3 mb-lg-4\">\n\t\t\t\t<h3 class=\"h3 text-center text-white\">Financement<\/h3>\n\t\t\t\t<p>La formation est prise en charge par l\u2019employeur et subventionn\u00e9e par les OPCO. Elle est gratuite pour l\u2019apprenti.<\/p>\n<p>Tarification employeur\u00a0: contacter l\u2019\u00e9quipe p\u00e9dagogique \u00e0 l\u2019adresse <a href=\"mailto:cfa@hall32.fr\">cfa@hall32.fr<\/a><\/p>\n\t\t\t<\/div>\n<\/div>\n<!-- END OF : Composant : block-periscope-theme-section-composant-miseenavant.php -->\n\n\n<!-- START OF : Composant : block-periscope-theme-section-composant-intertitre.php -->\n\n<div class=\"espace \ud83d\ude80\" data-aos=\"fade-up\">\n\t<div class=\"\">\n\t\t<h3 class=\"h3 \">Accessibilit\u00e9<\/h3>\n\t<\/div>\n<\/div>\n<!-- END OF : Composant : block-periscope-theme-section-composant-intertitre.php -->\n\n\n<div class=\"espace \ud83d\ude80 mb-7 mb-lg-7 \" data-aos=\"fade-up\">\n        <div class=\"\">\n<p>Vous \u00eates en situation de handicap et vous souhaitez participer \u00e0 l\u2019une de nos formations&nbsp;? Faites-le nous savoir, nous mettrons tout en \u0153uvre pour trouver une solution adapt\u00e9e.<br>N\u2019h\u00e9sitez pas \u00e0 contacter Fr\u00e9d\u00e9ric Lagente, notre r\u00e9f\u00e9rent handicap&nbsp;: <a href=\"mailto:handicap@hall32.fr\">handicap@hall32.fr<\/a><\/p>\n <\/div>\n        <\/div>\n\n<!-- START OF : Composant : block-periscope-theme-section-composant-intertitre.php -->\n\n<div class=\"espace \ud83d\ude80\" data-aos=\"fade-up\">\n\t<div class=\"\">\n\t\t<h3 class=\"h3 \">Identification<\/h3>\n\t<\/div>\n<\/div>\n<!-- END OF : Composant : block-periscope-theme-section-composant-intertitre.php -->\n\n\n<div class=\"espace \ud83d\ude80 mb-7 mb-lg-7 \" data-aos=\"fade-up\">\n        <div class=\"\">\n<p>RNCP CPI : <strong>37374<\/strong><br>Libell\u00e9 exacte de la certification : Conception de Produits Industriels&nbsp;<br>Certificateur : Minist\u00e8re de l\u2019Enseignement Sup\u00e9rieur et de la Recherche<br>Date de publication : 27-02-2023<br>Date d&rsquo;\u00e9ch\u00e9ance de l&rsquo;enregistrement : 31-08-2028<\/p>\n <\/div>\n        <\/div>\n\n<div class=\"espace \ud83d\ude80 mb-7 mb-lg-7 \" data-aos=\"fade-up\">\n        <div class=\"\">\n<p>Derni\u00e8re mise \u00e0 jour : Novembre 2025<\/p>\n <\/div>\n        <\/div>\n\n<div class=\"espace \ud83d\ude80 mb-7 mb-lg-7 \" data-aos=\"fade-up\">\n        <div class=\"\">\n<p><\/p>\n <\/div>\n        <\/div>","protected":false},"excerpt":{"rendered":"<p>Mets \u00e0 l\u2019\u00e9preuve ta rigueur et ta cr\u00e9ativit\u00e9. R\u00e9alise la conception ou la cr\u00e9ation de produits industriels.<\/p>\n","protected":false},"author":1,"featured_media":0,"parent":1245,"menu_order":0,"comment_status":"closed","ping_status":"closed","template":"template-formation.php","meta":{"_acf_changed":false,"footnotes":""},"class_list":["post-461","page","type-page","status-publish","hentry"],"acf":[],"yoast_head":"<!-- This site is optimized with the Yoast SEO plugin v25.9 - https:\/\/yoast.com\/wordpress\/plugins\/seo\/ -->\n<title>Formation Conception de produits industriels (CPI) - Ecole<\/title>\n<meta name=\"description\" content=\"Le ou la dessinatrice industrielle travaille au sein d\u2019un bureau d\u2019\u00e9tudes, dans des secteurs vari\u00e9s : construction m\u00e9canique, chaudronnerie, b\u00e2timent, automobile, a\u00e9ronautique.\" \/>\n<meta name=\"robots\" content=\"index, follow, max-snippet:-1, max-image-preview:large, max-video-preview:-1\" \/>\n<link rel=\"canonical\" href=\"https:\/\/www.hall32.fr\/ecole\/formations\/nos-bts\/conception-de-produits-industriels-cpi\/\" \/>\n<meta property=\"og:locale\" content=\"fr_FR\" \/>\n<meta property=\"og:type\" content=\"article\" \/>\n<meta property=\"og:title\" content=\"Formation Conception de produits industriels (CPI) - Ecole\" \/>\n<meta property=\"og:description\" content=\"Le ou la dessinatrice industrielle travaille au sein d\u2019un bureau d\u2019\u00e9tudes, dans des secteurs vari\u00e9s : construction m\u00e9canique, chaudronnerie, b\u00e2timent, automobile, a\u00e9ronautique.\" \/>\n<meta property=\"og:url\" content=\"https:\/\/www.hall32.fr\/ecole\/formations\/nos-bts\/conception-de-produits-industriels-cpi\/\" \/>\n<meta property=\"og:site_name\" content=\"Ecole\" \/>\n<meta property=\"article:modified_time\" content=\"2025-11-13T14:49:02+00:00\" \/>\n<meta name=\"twitter:card\" content=\"summary_large_image\" \/>\n<meta name=\"twitter:label1\" content=\"Dur\u00e9e de lecture estim\u00e9e\" \/>\n\t<meta name=\"twitter:data1\" content=\"2 minutes\" \/>\n<script type=\"application\/ld+json\" class=\"yoast-schema-graph\">{\"@context\":\"https:\/\/schema.org\",\"@graph\":[{\"@type\":\"WebPage\",\"@id\":\"https:\/\/www.hall32.fr\/ecole\/formations\/nos-bts\/conception-de-produits-industriels-cpi\/\",\"url\":\"https:\/\/www.hall32.fr\/ecole\/formations\/nos-bts\/conception-de-produits-industriels-cpi\/\",\"name\":\"Formation Conception de produits industriels (CPI) - Ecole\",\"isPartOf\":{\"@id\":\"https:\/\/www.hall32.fr\/ecole\/#website\"},\"datePublished\":\"2023-01-10T14:20:22+00:00\",\"dateModified\":\"2025-11-13T14:49:02+00:00\",\"description\":\"Le ou la dessinatrice industrielle travaille au sein d\u2019un bureau d\u2019\u00e9tudes, dans des secteurs vari\u00e9s : construction m\u00e9canique, chaudronnerie, b\u00e2timent, automobile, a\u00e9ronautique.\",\"breadcrumb\":{\"@id\":\"https:\/\/www.hall32.fr\/ecole\/formations\/nos-bts\/conception-de-produits-industriels-cpi\/#breadcrumb\"},\"inLanguage\":\"fr-FR\",\"potentialAction\":[{\"@type\":\"ReadAction\",\"target\":[\"https:\/\/www.hall32.fr\/ecole\/formations\/nos-bts\/conception-de-produits-industriels-cpi\/\"]}]},{\"@type\":\"BreadcrumbList\",\"@id\":\"https:\/\/www.hall32.fr\/ecole\/formations\/nos-bts\/conception-de-produits-industriels-cpi\/#breadcrumb\",\"itemListElement\":[{\"@type\":\"ListItem\",\"position\":1,\"name\":\"Accueil\",\"item\":\"https:\/\/www.hall32.fr\/ecole\/\"},{\"@type\":\"ListItem\",\"position\":2,\"name\":\"Nos formations\",\"item\":\"https:\/\/www.hall32.fr\/ecole\/formations\/\"},{\"@type\":\"ListItem\",\"position\":3,\"name\":\"Nos BTS\",\"item\":\"https:\/\/www.hall32.fr\/ecole\/formations\/nos-bts\/\"},{\"@type\":\"ListItem\",\"position\":4,\"name\":\"Conception de produits industriels (CPI)\"}]},{\"@type\":\"WebSite\",\"@id\":\"https:\/\/www.hall32.fr\/ecole\/#website\",\"url\":\"https:\/\/www.hall32.fr\/ecole\/\",\"name\":\"Ecole\",\"description\":\"\",\"potentialAction\":[{\"@type\":\"SearchAction\",\"target\":{\"@type\":\"EntryPoint\",\"urlTemplate\":\"https:\/\/www.hall32.fr\/ecole\/?s={search_term_string}\"},\"query-input\":{\"@type\":\"PropertyValueSpecification\",\"valueRequired\":true,\"valueName\":\"search_term_string\"}}],\"inLanguage\":\"fr-FR\"}]}<\/script>\n<!-- \/ Yoast SEO plugin. -->","yoast_head_json":{"title":"Formation Conception de produits industriels (CPI) - Ecole","description":"Le ou la dessinatrice industrielle travaille au sein d\u2019un bureau d\u2019\u00e9tudes, dans des secteurs vari\u00e9s : construction m\u00e9canique, chaudronnerie, b\u00e2timent, automobile, a\u00e9ronautique.","robots":{"index":"index","follow":"follow","max-snippet":"max-snippet:-1","max-image-preview":"max-image-preview:large","max-video-preview":"max-video-preview:-1"},"canonical":"https:\/\/www.hall32.fr\/ecole\/formations\/nos-bts\/conception-de-produits-industriels-cpi\/","og_locale":"fr_FR","og_type":"article","og_title":"Formation Conception de produits industriels (CPI) - Ecole","og_description":"Le ou la dessinatrice industrielle travaille au sein d\u2019un bureau d\u2019\u00e9tudes, dans des secteurs vari\u00e9s : construction m\u00e9canique, chaudronnerie, b\u00e2timent, automobile, a\u00e9ronautique.","og_url":"https:\/\/www.hall32.fr\/ecole\/formations\/nos-bts\/conception-de-produits-industriels-cpi\/","og_site_name":"Ecole","article_modified_time":"2025-11-13T14:49:02+00:00","twitter_card":"summary_large_image","twitter_misc":{"Dur\u00e9e de lecture estim\u00e9e":"2 minutes"},"schema":{"@context":"https:\/\/schema.org","@graph":[{"@type":"WebPage","@id":"https:\/\/www.hall32.fr\/ecole\/formations\/nos-bts\/conception-de-produits-industriels-cpi\/","url":"https:\/\/www.hall32.fr\/ecole\/formations\/nos-bts\/conception-de-produits-industriels-cpi\/","name":"Formation Conception de produits industriels (CPI) - Ecole","isPartOf":{"@id":"https:\/\/www.hall32.fr\/ecole\/#website"},"datePublished":"2023-01-10T14:20:22+00:00","dateModified":"2025-11-13T14:49:02+00:00","description":"Le ou la dessinatrice industrielle travaille au sein d\u2019un bureau d\u2019\u00e9tudes, dans des secteurs vari\u00e9s : construction m\u00e9canique, chaudronnerie, b\u00e2timent, automobile, a\u00e9ronautique.","breadcrumb":{"@id":"https:\/\/www.hall32.fr\/ecole\/formations\/nos-bts\/conception-de-produits-industriels-cpi\/#breadcrumb"},"inLanguage":"fr-FR","potentialAction":[{"@type":"ReadAction","target":["https:\/\/www.hall32.fr\/ecole\/formations\/nos-bts\/conception-de-produits-industriels-cpi\/"]}]},{"@type":"BreadcrumbList","@id":"https:\/\/www.hall32.fr\/ecole\/formations\/nos-bts\/conception-de-produits-industriels-cpi\/#breadcrumb","itemListElement":[{"@type":"ListItem","position":1,"name":"Accueil","item":"https:\/\/www.hall32.fr\/ecole\/"},{"@type":"ListItem","position":2,"name":"Nos formations","item":"https:\/\/www.hall32.fr\/ecole\/formations\/"},{"@type":"ListItem","position":3,"name":"Nos BTS","item":"https:\/\/www.hall32.fr\/ecole\/formations\/nos-bts\/"},{"@type":"ListItem","position":4,"name":"Conception de produits industriels (CPI)"}]},{"@type":"WebSite","@id":"https:\/\/www.hall32.fr\/ecole\/#website","url":"https:\/\/www.hall32.fr\/ecole\/","name":"Ecole","description":"","potentialAction":[{"@type":"SearchAction","target":{"@type":"EntryPoint","urlTemplate":"https:\/\/www.hall32.fr\/ecole\/?s={search_term_string}"},"query-input":{"@type":"PropertyValueSpecification","valueRequired":true,"valueName":"search_term_string"}}],"inLanguage":"fr-FR"}]}},"_links":{"self":[{"href":"https:\/\/www.hall32.fr\/ecole\/wp-json\/wp\/v2\/pages\/461","targetHints":{"allow":["GET"]}}],"collection":[{"href":"https:\/\/www.hall32.fr\/ecole\/wp-json\/wp\/v2\/pages"}],"about":[{"href":"https:\/\/www.hall32.fr\/ecole\/wp-json\/wp\/v2\/types\/page"}],"author":[{"embeddable":true,"href":"https:\/\/www.hall32.fr\/ecole\/wp-json\/wp\/v2\/users\/1"}],"replies":[{"embeddable":true,"href":"https:\/\/www.hall32.fr\/ecole\/wp-json\/wp\/v2\/comments?post=461"}],"version-history":[{"count":3,"href":"https:\/\/www.hall32.fr\/ecole\/wp-json\/wp\/v2\/pages\/461\/revisions"}],"predecessor-version":[{"id":4341,"href":"https:\/\/www.hall32.fr\/ecole\/wp-json\/wp\/v2\/pages\/461\/revisions\/4341"}],"up":[{"embeddable":true,"href":"https:\/\/www.hall32.fr\/ecole\/wp-json\/wp\/v2\/pages\/1245"}],"wp:attachment":[{"href":"https:\/\/www.hall32.fr\/ecole\/wp-json\/wp\/v2\/media?parent=461"}],"curies":[{"name":"wp","href":"https:\/\/api.w.org\/{rel}","templated":true}]}}