{"id":468,"date":"2023-01-10T16:11:28","date_gmt":"2023-01-10T15:11:28","guid":{"rendered":"https:\/\/www.hall32.fr\/ecole\/?page_id=468"},"modified":"2023-06-01T12:25:50","modified_gmt":"2023-06-01T10:25:50","slug":"actus-et-agenda","status":"publish","type":"page","link":"https:\/\/www.hall32.fr\/ecole\/actus-et-agenda\/","title":{"rendered":"Actus et agenda"},"content":{"rendered":"<!-- START OF : Composant : block-periscope-theme-section-composant-bloc-cta.php -->\n<div class=\"overflow-hidden\">\n\t\t<div class=\"row g-0 \">\n\t\t\t\t<div class=\"col-sm-6\">\n\t\t\t\t\t<\/div>\n\t\t<div class=\"col-sm-6\">\n\t\t\t<div class=\"carre h-100 px-2 py-7 p-md-7 p-lg-14 h-100 text-start d-flex flex-column align-items-start justify-content-center bg-primary\">\n\t<div data-aos=\"fade-left\">\n\t\t<h3 class=\"h2\">Enseignants, bienvenue \u00e0 Hall 32<\/h3>\n\t\t<p class=\"fs-18 fs-lg-20\">Oui l&rsquo;industrie n&rsquo;est pas que pour les hommes ! Oui l&rsquo;industrie est multi-sectorielle ! Oui les parcours sont riches de comp\u00e9tences acquises ! Nous ouvrons nos portes \u00e0 tous les enseignants qui souhaitent d\u00e9couvrir ou souhaitent faire d\u00e9couvrir les m\u00e9tiers de l&rsquo;industrie aux plus jeunes. <br \/>\r\nLes visites sont gratuites et se d\u00e9roulent toute l&rsquo;ann\u00e9e. Venez exp\u00e9rimentez l&rsquo;industrie grandeur nature !<\/p>\n\t\t\t\t<a href=\"\/ecole\/nous-contacter\/demande-de-visite-scolaire\/\" title=\"J&#039;organise une visite\" target=\"\" class=\"btn btn-dark\" data-gtm=\"\" data-name=\"\">J&#039;organise une visite<\/a>\n\t\t\t<\/div>\n<\/div>\n\t\t<\/div>\n\t\t\t\t<\/div>\n<\/div>\n<!-- END OF : Composant : block-periscope-theme-section-composant-bloc-cta.php -->\n\n\n<!-- START OF : Composant : block-periscope-theme-section-composant-espace.php -->\n<div class=\"espace \ud83d\ude80 mb-7 mb-lg-14\"><\/div>\n<!-- END OF : Composant : block-periscope-theme-section-composant-espace.php -->\n","protected":false},"excerpt":{"rendered":"","protected":false},"author":1,"featured_media":0,"parent":0,"menu_order":0,"comment_status":"closed","ping_status":"closed","template":"template-carrefour-actu.php","meta":{"_acf_changed":false,"footnotes":""},"class_list":["post-468","page","type-page","status-publish","hentry"],"acf":[],"yoast_head":"<!-- This site is optimized with the Yoast SEO plugin v25.9 - https:\/\/yoast.com\/wordpress\/plugins\/seo\/ -->\n<title>Actualit\u00e9s et agenda Hall32<\/title>\n<meta name=\"description\" content=\"Retrouvez toutes les actualit\u00e9s du Centre de promotion des m\u00e9tiers de l&#039;industrie Hall32.\" \/>\n<meta name=\"robots\" content=\"index, follow, max-snippet:-1, max-image-preview:large, max-video-preview:-1\" \/>\n<link rel=\"canonical\" href=\"https:\/\/www.hall32.fr\/ecole\/actus-et-agenda\/\" \/>\n<meta property=\"og:locale\" content=\"fr_FR\" \/>\n<meta property=\"og:type\" content=\"article\" \/>\n<meta property=\"og:title\" content=\"Actualit\u00e9s et agenda Hall32\" \/>\n<meta property=\"og:description\" content=\"Retrouvez toutes les actualit\u00e9s du Centre de promotion des m\u00e9tiers de l&#039;industrie Hall32.\" \/>\n<meta property=\"og:url\" content=\"https:\/\/www.hall32.fr\/ecole\/actus-et-agenda\/\" \/>\n<meta property=\"og:site_name\" content=\"Ecole\" \/>\n<meta property=\"article:modified_time\" content=\"2023-06-01T10:25:50+00:00\" \/>\n<meta name=\"twitter:card\" content=\"summary_large_image\" \/>\n<script type=\"application\/ld+json\" class=\"yoast-schema-graph\">{\"@context\":\"https:\/\/schema.org\",\"@graph\":[{\"@type\":\"WebPage\",\"@id\":\"https:\/\/www.hall32.fr\/ecole\/actus-et-agenda\/\",\"url\":\"https:\/\/www.hall32.fr\/ecole\/actus-et-agenda\/\",\"name\":\"Actualit\u00e9s et agenda Hall32\",\"isPartOf\":{\"@id\":\"https:\/\/www.hall32.fr\/ecole\/#website\"},\"datePublished\":\"2023-01-10T15:11:28+00:00\",\"dateModified\":\"2023-06-01T10:25:50+00:00\",\"description\":\"Retrouvez toutes les actualit\u00e9s du Centre de promotion des m\u00e9tiers de l'industrie Hall32.\",\"breadcrumb\":{\"@id\":\"https:\/\/www.hall32.fr\/ecole\/actus-et-agenda\/#breadcrumb\"},\"inLanguage\":\"fr-FR\",\"potentialAction\":[{\"@type\":\"ReadAction\",\"target\":[\"https:\/\/www.hall32.fr\/ecole\/actus-et-agenda\/\"]}]},{\"@type\":\"BreadcrumbList\",\"@id\":\"https:\/\/www.hall32.fr\/ecole\/actus-et-agenda\/#breadcrumb\",\"itemListElement\":[{\"@type\":\"ListItem\",\"position\":1,\"name\":\"Accueil\",\"item\":\"https:\/\/www.hall32.fr\/ecole\/\"},{\"@type\":\"ListItem\",\"position\":2,\"name\":\"Actus et agenda\"}]},{\"@type\":\"WebSite\",\"@id\":\"https:\/\/www.hall32.fr\/ecole\/#website\",\"url\":\"https:\/\/www.hall32.fr\/ecole\/\",\"name\":\"Ecole\",\"description\":\"\",\"potentialAction\":[{\"@type\":\"SearchAction\",\"target\":{\"@type\":\"EntryPoint\",\"urlTemplate\":\"https:\/\/www.hall32.fr\/ecole\/?s={search_term_string}\"},\"query-input\":{\"@type\":\"PropertyValueSpecification\",\"valueRequired\":true,\"valueName\":\"search_term_string\"}}],\"inLanguage\":\"fr-FR\"}]}<\/script>\n<!-- \/ Yoast SEO plugin. -->","yoast_head_json":{"title":"Actualit\u00e9s et agenda Hall32","description":"Retrouvez toutes les actualit\u00e9s du Centre de promotion des m\u00e9tiers de l'industrie Hall32.","robots":{"index":"index","follow":"follow","max-snippet":"max-snippet:-1","max-image-preview":"max-image-preview:large","max-video-preview":"max-video-preview:-1"},"canonical":"https:\/\/www.hall32.fr\/ecole\/actus-et-agenda\/","og_locale":"fr_FR","og_type":"article","og_title":"Actualit\u00e9s et agenda Hall32","og_description":"Retrouvez toutes les actualit\u00e9s du Centre de promotion des m\u00e9tiers de l'industrie Hall32.","og_url":"https:\/\/www.hall32.fr\/ecole\/actus-et-agenda\/","og_site_name":"Ecole","article_modified_time":"2023-06-01T10:25:50+00:00","twitter_card":"summary_large_image","schema":{"@context":"https:\/\/schema.org","@graph":[{"@type":"WebPage","@id":"https:\/\/www.hall32.fr\/ecole\/actus-et-agenda\/","url":"https:\/\/www.hall32.fr\/ecole\/actus-et-agenda\/","name":"Actualit\u00e9s et agenda Hall32","isPartOf":{"@id":"https:\/\/www.hall32.fr\/ecole\/#website"},"datePublished":"2023-01-10T15:11:28+00:00","dateModified":"2023-06-01T10:25:50+00:00","description":"Retrouvez toutes les actualit\u00e9s du Centre de promotion des m\u00e9tiers de l'industrie Hall32.","breadcrumb":{"@id":"https:\/\/www.hall32.fr\/ecole\/actus-et-agenda\/#breadcrumb"},"inLanguage":"fr-FR","potentialAction":[{"@type":"ReadAction","target":["https:\/\/www.hall32.fr\/ecole\/actus-et-agenda\/"]}]},{"@type":"BreadcrumbList","@id":"https:\/\/www.hall32.fr\/ecole\/actus-et-agenda\/#breadcrumb","itemListElement":[{"@type":"ListItem","position":1,"name":"Accueil","item":"https:\/\/www.hall32.fr\/ecole\/"},{"@type":"ListItem","position":2,"name":"Actus et agenda"}]},{"@type":"WebSite","@id":"https:\/\/www.hall32.fr\/ecole\/#website","url":"https:\/\/www.hall32.fr\/ecole\/","name":"Ecole","description":"","potentialAction":[{"@type":"SearchAction","target":{"@type":"EntryPoint","urlTemplate":"https:\/\/www.hall32.fr\/ecole\/?s={search_term_string}"},"query-input":{"@type":"PropertyValueSpecification","valueRequired":true,"valueName":"search_term_string"}}],"inLanguage":"fr-FR"}]}},"_links":{"self":[{"href":"https:\/\/www.hall32.fr\/ecole\/wp-json\/wp\/v2\/pages\/468","targetHints":{"allow":["GET"]}}],"collection":[{"href":"https:\/\/www.hall32.fr\/ecole\/wp-json\/wp\/v2\/pages"}],"about":[{"href":"https:\/\/www.hall32.fr\/ecole\/wp-json\/wp\/v2\/types\/page"}],"author":[{"embeddable":true,"href":"https:\/\/www.hall32.fr\/ecole\/wp-json\/wp\/v2\/users\/1"}],"replies":[{"embeddable":true,"href":"https:\/\/www.hall32.fr\/ecole\/wp-json\/wp\/v2\/comments?post=468"}],"version-history":[{"count":4,"href":"https:\/\/www.hall32.fr\/ecole\/wp-json\/wp\/v2\/pages\/468\/revisions"}],"predecessor-version":[{"id":3258,"href":"https:\/\/www.hall32.fr\/ecole\/wp-json\/wp\/v2\/pages\/468\/revisions\/3258"}],"wp:attachment":[{"href":"https:\/\/www.hall32.fr\/ecole\/wp-json\/wp\/v2\/media?parent=468"}],"curies":[{"name":"wp","href":"https:\/\/api.w.org\/{rel}","templated":true}]}}