{"id":620,"date":"2023-01-12T16:58:19","date_gmt":"2023-01-12T15:58:19","guid":{"rendered":"https:\/\/www.hall32.fr\/ecole\/?page_id=620"},"modified":"2025-10-14T09:32:44","modified_gmt":"2025-10-14T07:32:44","slug":"a-propos","status":"publish","type":"page","link":"https:\/\/www.hall32.fr\/ecole\/a-propos\/","title":{"rendered":"A propos"},"content":{"rendered":"<!-- START OF : Composant : block-periscope-theme-section-composant-espace.php -->\n<div class=\"espace \ud83d\ude80 mb-7 mb-lg-14\"><\/div>\n<!-- END OF : Composant : block-periscope-theme-section-composant-espace.php -->\n\n\n<!-- START OF : Composant : block-periscope-theme-section-composant-introduction.php -->\n<div class=\"espace \ud83d\ude80 mb-7 mb-lg-14 introduction\" data-aos=\"fade-up\">\n\t<div class=\"container\">\n\t\t\t\t<h2 class=\"h2 text-center\">Qui sommes-nous ?<\/h2>\n\t\t\t\t\t\t<p class=\"lead text-center\">Lieu totem de l\u2019industrie en mouvement, notre \u00e9cole 100% gratuite forme les jeunes aux m\u00e9tiers fondamentaux et nouveaux m\u00e9tiers industriels.<br \/>\r\nNotre p\u00e9dagogie se veut innovante et concr\u00e8te gr\u00e2ce \u00e0 l\u2019alternance. Elle offre \u00e0 chacun et chacune, filles et gar\u00e7ons motiv\u00e9s, de trouver leur place dans ce secteur qui recrute gr\u00e2ce \u00e0 des formations industrielles innovantes.<br \/>\r\n<\/p>\n\t\t\t<\/div>\n<\/div>\n<!-- END OF : Composant : block-periscope-theme-section-composant-introduction.php -->\n\n\n<!-- START OF : Composant : block-periscope-theme-section-composant-slider-info-cles.php -->\n<div>\n    <div class=\"slider-infoscles splide text-center text-lg-start\" role=\"group\">\n\t<div class=\"splide__track\">\n\t\t<div class=\"splide__list\">\n\t\t\t\t\t\t<div class=\"splide__slide py-7 py-lg-0 bg-info text-white\">\n\t\t\t\t<div class=\"container h-100\">\n\t\t\t\t\t<div class=\"row align-items-center h-100\">\n\t\t\t\t\t\t\t\t\t\t\t\t<div class=\"col-lg-5 offset-lg-1\">\n                            <div class=\"h1 text-white slider-infoscles__title text-center\">Pourquoi <br \/>Hall 32 ?<\/div>\n                        <\/div>\n\t\t\t\t\t\t\t\t\t\t\t\t\t\t\t\t\t\t<div class=\"col-lg-6 slider-infoscles__text\">Hall 32 est l\u2019association d\u2019un mot et d\u2019un nombre. Le mot Hall fait r\u00e9f\u00e9rence \u00e0 un lieu de rencontres, de transfert de savoirs et de comp\u00e9tences par lequel on acc\u00e8de \u00e0 un m\u00e9tier dans l\u2019industrie et qui r\u00e9unit les jeunes et les entreprises. \u00ab 32 \u00bb est simplement le num\u00e9ro de la rue auquel vous pourrez venir vous former.<\/div>\n\t\t\t\t\t\t\t\t\t\t\t<\/div>\n\t\t\t\t<\/div>\n\t\t\t<\/div>\n\t\t\t\t\t<\/div>\n\t<\/div>\n<\/div>\n\n<\/div>\n<!-- END OF : Composant : block-periscope-theme-section-composant-slider-info-cles.php -->\n\n\n<!-- START OF : Composant : block-periscope-theme-section-composant-bloc-cta.php -->\n<div class=\"overflow-hidden\">\n\t\t<div class=\"row g-0 flex-row-reverse\">\n\t\t\t\t<div class=\"col-sm-6\">\n\t\t\t<div class=\"carre-img h-100\">\n\t<picture>\n\t\t<img decoding=\"async\" src=\"https:\/\/www.hall32.fr\/ecole\/wp-content\/uploads\/sites\/2\/2023\/02\/une-initiative-unique-en-france.jpg\" alt=\"Machine de production industrielle sur un plateau technique, avec des jeunes apprentis mixtes en BTS et Bac Pro alternance et leurs formateurs en arri\u00e8re plan\" width=\"443\" height=\"443\" alt=\"\" class=\"w-100 h-100 of-cover op-center\" loading=\"lazy\" \/>\n\t<\/picture>\n<\/div>\n\t\t<\/div>\n\t\t<div class=\"col-sm-6\">\n\t\t\t<div class=\"carre h-100 px-2 py-7 p-md-7 p-lg-14 h-100 text-start d-flex flex-column align-items-start justify-content-center bg-light\">\n\t<div data-aos=\"fade-left\">\n\t\t<h3 class=\"h2\">Une initiative unique en France<\/h3>\n\t\t<p class=\"fs-18 fs-lg-20\">Hall 32 est une initiative de plusieurs acteurs publiques et priv\u00e9s : Michelin, Limagrain, La Banque de France, Akto, Cimes, le Rectorat de l\u2019Acad\u00e9mie de Clermont-Ferrand et la R\u00e9gion AURA. Ils se sont rassembl\u00e9s dans le cadre de leur engagement en faveur de la formation et de l\u2019emploi des jeunes. Hall 32 est impuls\u00e9 par 2ARAMI, association de loi 1901, qui a vocation \u00e0 retisser les liens entre la soci\u00e9t\u00e9 et l\u2019industrie et \u00e0 favoriser l\u2019\u00e9galit\u00e9 des chances.<\/p>\n\t\t\t<\/div>\n<\/div>\n\t\t<\/div>\n\t\t\t\t<\/div>\n<\/div>\n<!-- END OF : Composant : block-periscope-theme-section-composant-bloc-cta.php -->\n\n\n<!-- START OF : Composant : block-periscope-theme-section-composant-slider-info-cles.php -->\n<div>\n    <div class=\"slider-infoscles splide text-center text-lg-start\" role=\"group\">\n\t<div class=\"splide__track\">\n\t\t<div class=\"splide__list\">\n\t\t\t\t\t\t<div class=\"splide__slide py-7 py-lg-0 bg-info text-white\">\n\t\t\t\t<div class=\"container h-100\">\n\t\t\t\t\t<div class=\"row align-items-center h-100\">\n\t\t\t\t\t\t\t\t\t\t\t\t<div class=\"col-lg-5 offset-lg-1\">\n                            <div class=\"h1 text-white slider-infoscles__title text-center\">Nos <br> missions<\/div>\n                        <\/div>\n\t\t\t\t\t\t\t\t\t\t\t\t\t\t\t\t\t\t<div class=\"col-lg-6 slider-infoscles__text\">Nous accueillons tous les jeunes, et cela gratuitement, pour les former aux m\u00e9tiers industriels et leur proposons des solutions compl\u00e9mentaires \u00e0 notre offre de formation comme la restauration, l&#039;accompagnement \u00e0 la recherche d\u2019un logement ou encore \u00e0 une solution de mobilit\u00e9.\r\nNous assurons la promotion des comp\u00e9tences et des m\u00e9tiers au travers d\u2019\u00e9v\u00e9nements, et nous engageons pour la f\u00e9d\u00e9ration des acteurs publics et priv\u00e9s concern\u00e9s par l\u2019employabilit\u00e9 des jeunes dans l\u2019industrie.<\/div>\n\t\t\t\t\t\t\t\t\t\t\t<\/div>\n\t\t\t\t<\/div>\n\t\t\t<\/div>\n\t\t\t\t\t<\/div>\n\t<\/div>\n<\/div>\n\n<\/div>\n<!-- END OF : Composant : block-periscope-theme-section-composant-slider-info-cles.php -->\n\n\n<!-- START OF : Composant : block-periscope-theme-section-composant-bloc-cta.php -->\n<div class=\"overflow-hidden\">\n\t\t<div class=\"row g-0 \">\n\t\t\t\t<div class=\"col-sm-6\">\n\t\t\t<div class=\"carre-img h-100\">\n\t<picture>\n\t\t<img decoding=\"async\" src=\"https:\/\/www.hall32.fr\/ecole\/wp-content\/uploads\/sites\/2\/2025\/10\/5L3A0060.jpg\" alt=\"Apprenants en bac pro \u00e0 hall 32 avec un formateur en \u00e9lectricit\u00e9\" width=\"443\" height=\"443\" alt=\"\" class=\"w-100 h-100 of-cover op-center\" loading=\"lazy\" \/>\n\t<\/picture>\n<\/div>\n\t\t<\/div>\n\t\t<div class=\"col-sm-6\">\n\t\t\t<div class=\"carre h-100 px-2 py-7 p-md-7 p-lg-14 h-100 text-start d-flex flex-column align-items-start justify-content-center bg-light\">\n\t<div data-aos=\"fade-left\">\n\t\t<h3 class=\"h2\">Une r\u00e9ponse sur-mesure<\/h3>\n\t\t<p class=\"fs-18 fs-lg-20\">Aujourd\u2019hui en France, 20% des jeunes sortent du syst\u00e8me scolaire, parce qu\u2019ils n\u2019y trouvent pas leur voie ou la formation qui leur convient. Pourtant l\u2019industrie fran\u00e7aise recrute et offre des carri\u00e8res solides et \u00e9panouissantes.<br \/>\r\nEn 2021, ce n&rsquo;\u00e9tait pas moins de 220 000 postes qui restaient en attente de candidats. L\u2019industrie est un des moteurs du d\u00e9veloppement de l\u2019\u00e9conomie et de l\u2019emploi. Elle est partout sur le territoire et pour 1 emploi cr\u00e9\u00e9, 4 emplois sont induits. C\u2019est pourquoi Hall 32 est une r\u00e9ponse sur-mesure pour aider les jeunes \u00e0 b\u00e2tir leur projet professionnel dans l\u2019industrie. Gr\u00e2ce \u00e0 Hall 32, 200 jeunes chaque ann\u00e9e depuis 2019 sont sur la route de l\u2019emploi.<\/p>\n\t\t\t<\/div>\n<\/div>\n\t\t<\/div>\n\t\t\t\t<\/div>\n<\/div>\n<!-- END OF : Composant : block-periscope-theme-section-composant-bloc-cta.php -->\n\n\n<!-- START OF : Composant : block-periscope-theme-section-composant-bloc-cta.php -->\n<div class=\"overflow-hidden\">\n\t\t<div class=\"row g-0 flex-row-reverse\">\n\t\t\t\t<div class=\"col-sm-6\">\n\t\t\t<div class=\"carre-img h-100\">\n\t<picture>\n\t\t<img decoding=\"async\" src=\"https:\/\/www.hall32.fr\/ecole\/wp-content\/uploads\/sites\/2\/2025\/10\/5L3A0018.jpg\" alt=\"Apprenants en bac pro \u00e0 hall 32 avec un formateur en usinage\" width=\"443\" height=\"443\" alt=\"\" class=\"w-100 h-100 of-cover op-center\" loading=\"lazy\" \/>\n\t<\/picture>\n<\/div>\n\t\t<\/div>\n\t\t<div class=\"col-sm-6\">\n\t\t\t<div class=\"carre h-100 px-2 py-7 p-md-7 p-lg-14 h-100 text-start d-flex flex-column align-items-start justify-content-center bg-primary\">\n\t<div data-aos=\"fade-left\">\n\t\t<h3 class=\"h2\">Quelle est la place des femmes dans l\u2019industrie ?<\/h3>\n\t\t<p class=\"fs-18 fs-lg-20\">En 2021, seulement 30 % de femmes travaillaient dans l&rsquo;industrie. Nous nous mobilisons en faveur de la mixit\u00e9 pour convaincre les filles de rejoindre l\u2019industrie. Ce sont les st\u00e9r\u00e9otypes qu\u2019il faut briser et les codes qu&rsquo;il faut casser. Nous allons ainsi \u00e0 la rencontre des jeunes et des jeunes filles : interventions dans les coll\u00e8ges, stages d\u2019immersion\u2026 Nous les aidons \u00e0 d\u00e9couvrir la vari\u00e9t\u00e9 des m\u00e9tiers. Nous souhaitons accueillir et former autant de filles que de gar\u00e7ons.<br \/>\r\n<\/p>\n\t\t\t<\/div>\n<\/div>\n\t\t<\/div>\n\t\t\t\t<\/div>\n<\/div>\n<!-- END OF : Composant : block-periscope-theme-section-composant-bloc-cta.php -->\n\n\n<!-- START OF : Composant : block-periscope-theme-section-composant-espace.php -->\n<div class=\"espace \ud83d\ude80 mb-7 mb-lg-14\"><\/div>\n<!-- END OF : Composant : block-periscope-theme-section-composant-espace.php -->\n","protected":false},"excerpt":{"rendered":"<p>13 500 m\u00b2 pour exprimer la richesse et la modernit\u00e9 de l\u2019industrie<\/p>\n","protected":false},"author":1,"featured_media":4252,"parent":0,"menu_order":0,"comment_status":"closed","ping_status":"closed","template":"template-carrefour-niv1.php","meta":{"_acf_changed":false,"footnotes":""},"class_list":["post-620","page","type-page","status-publish","has-post-thumbnail","hentry"],"acf":[],"yoast_head":"<!-- This site is optimized with the Yoast SEO plugin v25.9 - https:\/\/yoast.com\/wordpress\/plugins\/seo\/ -->\n<title>Ecole de formation en alternance aux m\u00e9tiers de l&#039;industrie \u00e0 Clermont-Ferrand | Hall32<\/title>\n<meta name=\"description\" content=\"Lanc\u00e9 en 2016, le centre de promotion des m\u00e9tiers de l&#039;Industrie Hall 32 est un espace de formation continue industrielle \u00e0 Clermont-Ferrand\" \/>\n<meta name=\"robots\" content=\"index, follow, max-snippet:-1, max-image-preview:large, max-video-preview:-1\" \/>\n<link rel=\"canonical\" href=\"https:\/\/www.hall32.fr\/ecole\/a-propos\/\" \/>\n<meta property=\"og:locale\" content=\"fr_FR\" \/>\n<meta property=\"og:type\" content=\"article\" \/>\n<meta property=\"og:title\" content=\"Ecole de formation en alternance aux m\u00e9tiers de l&#039;industrie \u00e0 Clermont-Ferrand | Hall32\" \/>\n<meta property=\"og:description\" content=\"Lanc\u00e9 en 2016, le centre de promotion des m\u00e9tiers de l&#039;Industrie Hall 32 est un espace de formation continue industrielle \u00e0 Clermont-Ferrand\" \/>\n<meta property=\"og:url\" content=\"https:\/\/www.hall32.fr\/ecole\/a-propos\/\" \/>\n<meta property=\"og:site_name\" content=\"Ecole\" \/>\n<meta property=\"article:modified_time\" content=\"2025-10-14T07:32:44+00:00\" \/>\n<meta property=\"og:image\" content=\"https:\/\/www.hall32.fr\/ecole\/wp-content\/uploads\/sites\/2\/2025\/10\/DSCF6228-100.jpg\" \/>\n\t<meta property=\"og:image:width\" content=\"1619\" \/>\n\t<meta property=\"og:image:height\" content=\"911\" \/>\n\t<meta property=\"og:image:type\" content=\"image\/jpeg\" \/>\n<meta name=\"twitter:card\" content=\"summary_large_image\" \/>\n<meta name=\"twitter:label1\" content=\"Dur\u00e9e de lecture estim\u00e9e\" \/>\n\t<meta name=\"twitter:data1\" content=\"1 minute\" \/>\n<script type=\"application\/ld+json\" class=\"yoast-schema-graph\">{\"@context\":\"https:\/\/schema.org\",\"@graph\":[{\"@type\":\"WebPage\",\"@id\":\"https:\/\/www.hall32.fr\/ecole\/a-propos\/\",\"url\":\"https:\/\/www.hall32.fr\/ecole\/a-propos\/\",\"name\":\"Ecole de formation en alternance aux m\u00e9tiers de l'industrie \u00e0 Clermont-Ferrand | Hall32\",\"isPartOf\":{\"@id\":\"https:\/\/www.hall32.fr\/ecole\/#website\"},\"primaryImageOfPage\":{\"@id\":\"https:\/\/www.hall32.fr\/ecole\/a-propos\/#primaryimage\"},\"image\":{\"@id\":\"https:\/\/www.hall32.fr\/ecole\/a-propos\/#primaryimage\"},\"thumbnailUrl\":\"https:\/\/www.hall32.fr\/ecole\/wp-content\/uploads\/sites\/2\/2025\/10\/DSCF6228-100.jpg\",\"datePublished\":\"2023-01-12T15:58:19+00:00\",\"dateModified\":\"2025-10-14T07:32:44+00:00\",\"description\":\"Lanc\u00e9 en 2016, le centre de promotion des m\u00e9tiers de l'Industrie Hall 32 est un espace de formation continue industrielle \u00e0 Clermont-Ferrand\",\"breadcrumb\":{\"@id\":\"https:\/\/www.hall32.fr\/ecole\/a-propos\/#breadcrumb\"},\"inLanguage\":\"fr-FR\",\"potentialAction\":[{\"@type\":\"ReadAction\",\"target\":[\"https:\/\/www.hall32.fr\/ecole\/a-propos\/\"]}]},{\"@type\":\"ImageObject\",\"inLanguage\":\"fr-FR\",\"@id\":\"https:\/\/www.hall32.fr\/ecole\/a-propos\/#primaryimage\",\"url\":\"https:\/\/www.hall32.fr\/ecole\/wp-content\/uploads\/sites\/2\/2025\/10\/DSCF6228-100.jpg\",\"contentUrl\":\"https:\/\/www.hall32.fr\/ecole\/wp-content\/uploads\/sites\/2\/2025\/10\/DSCF6228-100.jpg\",\"width\":1619,\"height\":911,\"caption\":\"photo de hall 32 depuis l'ext\u00e9rieur\"},{\"@type\":\"BreadcrumbList\",\"@id\":\"https:\/\/www.hall32.fr\/ecole\/a-propos\/#breadcrumb\",\"itemListElement\":[{\"@type\":\"ListItem\",\"position\":1,\"name\":\"Accueil\",\"item\":\"https:\/\/www.hall32.fr\/ecole\/\"},{\"@type\":\"ListItem\",\"position\":2,\"name\":\"A propos\"}]},{\"@type\":\"WebSite\",\"@id\":\"https:\/\/www.hall32.fr\/ecole\/#website\",\"url\":\"https:\/\/www.hall32.fr\/ecole\/\",\"name\":\"Ecole\",\"description\":\"\",\"potentialAction\":[{\"@type\":\"SearchAction\",\"target\":{\"@type\":\"EntryPoint\",\"urlTemplate\":\"https:\/\/www.hall32.fr\/ecole\/?s={search_term_string}\"},\"query-input\":{\"@type\":\"PropertyValueSpecification\",\"valueRequired\":true,\"valueName\":\"search_term_string\"}}],\"inLanguage\":\"fr-FR\"}]}<\/script>\n<!-- \/ Yoast SEO plugin. -->","yoast_head_json":{"title":"Ecole de formation en alternance aux m\u00e9tiers de l'industrie \u00e0 Clermont-Ferrand | Hall32","description":"Lanc\u00e9 en 2016, le centre de promotion des m\u00e9tiers de l'Industrie Hall 32 est un espace de formation continue industrielle \u00e0 Clermont-Ferrand","robots":{"index":"index","follow":"follow","max-snippet":"max-snippet:-1","max-image-preview":"max-image-preview:large","max-video-preview":"max-video-preview:-1"},"canonical":"https:\/\/www.hall32.fr\/ecole\/a-propos\/","og_locale":"fr_FR","og_type":"article","og_title":"Ecole de formation en alternance aux m\u00e9tiers de l'industrie \u00e0 Clermont-Ferrand | Hall32","og_description":"Lanc\u00e9 en 2016, le centre de promotion des m\u00e9tiers de l'Industrie Hall 32 est un espace de formation continue industrielle \u00e0 Clermont-Ferrand","og_url":"https:\/\/www.hall32.fr\/ecole\/a-propos\/","og_site_name":"Ecole","article_modified_time":"2025-10-14T07:32:44+00:00","og_image":[{"width":1619,"height":911,"url":"https:\/\/www.hall32.fr\/ecole\/wp-content\/uploads\/sites\/2\/2025\/10\/DSCF6228-100.jpg","type":"image\/jpeg"}],"twitter_card":"summary_large_image","twitter_misc":{"Dur\u00e9e de lecture estim\u00e9e":"1 minute"},"schema":{"@context":"https:\/\/schema.org","@graph":[{"@type":"WebPage","@id":"https:\/\/www.hall32.fr\/ecole\/a-propos\/","url":"https:\/\/www.hall32.fr\/ecole\/a-propos\/","name":"Ecole de formation en alternance aux m\u00e9tiers de l'industrie \u00e0 Clermont-Ferrand | Hall32","isPartOf":{"@id":"https:\/\/www.hall32.fr\/ecole\/#website"},"primaryImageOfPage":{"@id":"https:\/\/www.hall32.fr\/ecole\/a-propos\/#primaryimage"},"image":{"@id":"https:\/\/www.hall32.fr\/ecole\/a-propos\/#primaryimage"},"thumbnailUrl":"https:\/\/www.hall32.fr\/ecole\/wp-content\/uploads\/sites\/2\/2025\/10\/DSCF6228-100.jpg","datePublished":"2023-01-12T15:58:19+00:00","dateModified":"2025-10-14T07:32:44+00:00","description":"Lanc\u00e9 en 2016, le centre de promotion des m\u00e9tiers de l'Industrie Hall 32 est un espace de formation continue industrielle \u00e0 Clermont-Ferrand","breadcrumb":{"@id":"https:\/\/www.hall32.fr\/ecole\/a-propos\/#breadcrumb"},"inLanguage":"fr-FR","potentialAction":[{"@type":"ReadAction","target":["https:\/\/www.hall32.fr\/ecole\/a-propos\/"]}]},{"@type":"ImageObject","inLanguage":"fr-FR","@id":"https:\/\/www.hall32.fr\/ecole\/a-propos\/#primaryimage","url":"https:\/\/www.hall32.fr\/ecole\/wp-content\/uploads\/sites\/2\/2025\/10\/DSCF6228-100.jpg","contentUrl":"https:\/\/www.hall32.fr\/ecole\/wp-content\/uploads\/sites\/2\/2025\/10\/DSCF6228-100.jpg","width":1619,"height":911,"caption":"photo de hall 32 depuis l'ext\u00e9rieur"},{"@type":"BreadcrumbList","@id":"https:\/\/www.hall32.fr\/ecole\/a-propos\/#breadcrumb","itemListElement":[{"@type":"ListItem","position":1,"name":"Accueil","item":"https:\/\/www.hall32.fr\/ecole\/"},{"@type":"ListItem","position":2,"name":"A propos"}]},{"@type":"WebSite","@id":"https:\/\/www.hall32.fr\/ecole\/#website","url":"https:\/\/www.hall32.fr\/ecole\/","name":"Ecole","description":"","potentialAction":[{"@type":"SearchAction","target":{"@type":"EntryPoint","urlTemplate":"https:\/\/www.hall32.fr\/ecole\/?s={search_term_string}"},"query-input":{"@type":"PropertyValueSpecification","valueRequired":true,"valueName":"search_term_string"}}],"inLanguage":"fr-FR"}]}},"_links":{"self":[{"href":"https:\/\/www.hall32.fr\/ecole\/wp-json\/wp\/v2\/pages\/620","targetHints":{"allow":["GET"]}}],"collection":[{"href":"https:\/\/www.hall32.fr\/ecole\/wp-json\/wp\/v2\/pages"}],"about":[{"href":"https:\/\/www.hall32.fr\/ecole\/wp-json\/wp\/v2\/types\/page"}],"author":[{"embeddable":true,"href":"https:\/\/www.hall32.fr\/ecole\/wp-json\/wp\/v2\/users\/1"}],"replies":[{"embeddable":true,"href":"https:\/\/www.hall32.fr\/ecole\/wp-json\/wp\/v2\/comments?post=620"}],"version-history":[{"count":3,"href":"https:\/\/www.hall32.fr\/ecole\/wp-json\/wp\/v2\/pages\/620\/revisions"}],"predecessor-version":[{"id":4251,"href":"https:\/\/www.hall32.fr\/ecole\/wp-json\/wp\/v2\/pages\/620\/revisions\/4251"}],"wp:featuredmedia":[{"embeddable":true,"href":"https:\/\/www.hall32.fr\/ecole\/wp-json\/wp\/v2\/media\/4252"}],"wp:attachment":[{"href":"https:\/\/www.hall32.fr\/ecole\/wp-json\/wp\/v2\/media?parent=620"}],"curies":[{"name":"wp","href":"https:\/\/api.w.org\/{rel}","templated":true}]}}